{"id":994,"date":"2024-02-29T15:12:40","date_gmt":"2024-02-29T21:12:40","guid":{"rendered":"https:\/\/www.ucc.edu.ni\/boletininformativo\/?page_id=994"},"modified":"2024-02-29T15:12:40","modified_gmt":"2024-02-29T21:12:40","slug":"enero-2024-2","status":"publish","type":"page","link":"https:\/\/www.ucc.edu.ni\/boletininformativo\/enero-2024-2\/","title":{"rendered":"ENERO 2024"},"content":{"rendered":"<ul class=\"wp-block-latest-posts__list is-grid columns-3 wp-block-latest-posts\"><li><div class=\"wp-block-latest-posts__featured-image\"><img loading=\"lazy\" decoding=\"async\" width=\"150\" height=\"150\" src=\"https:\/\/www.ucc.edu.ni\/boletininformativo\/php_assets\/uploads\/2024\/02\/Curso-de-Culminacion-de-Estudios-150x150.jpeg\" class=\"attachment-thumbnail size-thumbnail wp-post-image\" alt=\"\" style=\"\" \/><\/div><a class=\"wp-block-latest-posts__post-title\" href=\"https:\/\/www.ucc.edu.ni\/boletininformativo\/docencia\/inicia-curso-de-culminacion-de-estudios\/\">Inicia Curso de Culminaci\u00f3n de Estudios<\/a><div class=\"wp-block-latest-posts__post-excerpt\">Egresados de las diferentes carreras, de la Universidad de Ciencias Comerciales UCC, Sede Central Managua, Campus Le\u00f3n y Matagalpa, iniciaron el domingo, el Curso de Culminaci\u00f3n de Estudios, Proyecto de&hellip; <\/div><\/li>\n<li><div class=\"wp-block-latest-posts__featured-image\"><img loading=\"lazy\" decoding=\"async\" width=\"150\" height=\"150\" src=\"https:\/\/www.ucc.edu.ni\/boletininformativo\/php_assets\/uploads\/2024\/02\/Gira-de-Medios-150x150.jpeg\" class=\"attachment-thumbnail size-thumbnail wp-post-image\" alt=\"\" style=\"\" \/><\/div><a class=\"wp-block-latest-posts__post-title\" href=\"https:\/\/www.ucc.edu.ni\/boletininformativo\/gestion-institucional\/concluye-gira-de-medios-de-comunicacion\/\">Concluye gira de Medios de Comunicaci\u00f3n<\/a><div class=\"wp-block-latest-posts__post-excerpt\">La Coordinaci\u00f3n de Comunicaci\u00f3n Institucional, de la Universidad de Ciencias Comerciales UCC, concluy\u00f3 de forma exitosa la gira de medios de comunicaci\u00f3n. El prop\u00f3sito de la visita a medios televisivos&hellip; <\/div><\/li>\n<li><div class=\"wp-block-latest-posts__featured-image\"><img loading=\"lazy\" decoding=\"async\" width=\"150\" height=\"150\" src=\"https:\/\/www.ucc.edu.ni\/boletininformativo\/php_assets\/uploads\/2024\/02\/Vinculos-Institucionales-150x150.jpeg\" class=\"attachment-thumbnail size-thumbnail wp-post-image\" alt=\"\" style=\"\" \/><\/div><a class=\"wp-block-latest-posts__post-title\" href=\"https:\/\/www.ucc.edu.ni\/boletininformativo\/proyeccion-social\/ucc-fortalece-vinculos-institucionales-2\/\">UCC fortalece v\u00ednculos Institucionales<\/a><div class=\"wp-block-latest-posts__post-excerpt\">Como provechosa y productiva fue catalogada la reuni\u00f3n sostenida este martes entre el Coordinador de la carrera de Administraci\u00f3n de Empresas Tur\u00edsticas y Hoteleras, de la Universidad de Ciencias Comerciales&hellip; <\/div><\/li>\n<li><div class=\"wp-block-latest-posts__featured-image\"><img loading=\"lazy\" decoding=\"async\" width=\"150\" height=\"150\" src=\"https:\/\/www.ucc.edu.ni\/boletininformativo\/php_assets\/uploads\/2024\/02\/Maestria-MBA-150x150.jpeg\" class=\"attachment-thumbnail size-thumbnail wp-post-image\" alt=\"\" style=\"\" \/><\/div><a class=\"wp-block-latest-posts__post-title\" href=\"https:\/\/www.ucc.edu.ni\/boletininformativo\/gestion-institucional\/todo-listo-para-maestria-mba\/\">Todo listo para Maestr\u00eda MBA<\/a><div class=\"wp-block-latest-posts__post-excerpt\">Se desarroll\u00f3 una importante reuni\u00f3n de planificaci\u00f3n y organizaci\u00f3n de la Maestr\u00eda MBA, (Master of Business Administration), de la Universidad de Ciencias Comerciales UCC. Los participantes de la maestr\u00eda ser\u00e1n&hellip; <\/div><\/li>\n<li><div class=\"wp-block-latest-posts__featured-image\"><img loading=\"lazy\" decoding=\"async\" width=\"150\" height=\"150\" src=\"https:\/\/www.ucc.edu.ni\/boletininformativo\/php_assets\/uploads\/2024\/02\/Bienvenida-Estudiantes-Dominical-150x150.jpeg\" class=\"attachment-thumbnail size-thumbnail wp-post-image\" alt=\"\" style=\"\" \/><\/div><a class=\"wp-block-latest-posts__post-title\" href=\"https:\/\/www.ucc.edu.ni\/boletininformativo\/docencia\/bienvenida-a-estudiantes-del-turno-dominical\/\">Bienvenida a Estudiantes del turno Dominical<\/a><div class=\"wp-block-latest-posts__post-excerpt\">Con mucha satisfacci\u00f3n, la Universidad de Ciencias Comerciales UCC, Sede Central Managua, recibi\u00f3 este domingo a los estudiantes de nuevo ingreso del turno Dominical, que, como parte de la bienvenida,&hellip; <\/div><\/li>\n<li><div class=\"wp-block-latest-posts__featured-image\"><img loading=\"lazy\" decoding=\"async\" width=\"150\" height=\"150\" src=\"https:\/\/www.ucc.edu.ni\/boletininformativo\/php_assets\/uploads\/2024\/01\/Bienvenida-Estudiantes-del-Sabatino-150x150.jpeg\" class=\"attachment-thumbnail size-thumbnail wp-post-image\" alt=\"\" style=\"\" \/><\/div><a class=\"wp-block-latest-posts__post-title\" href=\"https:\/\/www.ucc.edu.ni\/boletininformativo\/docencia\/bienvenida-a-estudiantes-del-turno-sabatino\/\">Bienvenida a Estudiantes del turno Sabatino<\/a><div class=\"wp-block-latest-posts__post-excerpt\">Estudiantes de nuevo ingreso del turno Sabatino, de la Universidad de Ciencias Comerciales UCC, Sede Central Managua, recibieron de parte de las autoridades acad\u00e9micas y administrativas, la m\u00e1s cordial bienvenida&hellip; <\/div><\/li>\n<li><div class=\"wp-block-latest-posts__featured-image\"><img loading=\"lazy\" decoding=\"async\" width=\"150\" height=\"150\" src=\"https:\/\/www.ucc.edu.ni\/boletininformativo\/php_assets\/uploads\/2024\/02\/Capacitacion-Docente-150x150.jpeg\" class=\"attachment-thumbnail size-thumbnail wp-post-image\" alt=\"\" style=\"\" \/><\/div><a class=\"wp-block-latest-posts__post-title\" href=\"https:\/\/www.ucc.edu.ni\/boletininformativo\/docencia\/capacitacion-docente-2\/\">Capacitaci\u00f3n Docente<\/a><div class=\"wp-block-latest-posts__post-excerpt\">Docentes del turno sabatino y dominical, de la Universidad de Ciencias Comerciales UCC, Sede Central Managua, Campus Le\u00f3n y Matagalpa, participaron en la primera capacitaci\u00f3n docente 2024. El objetivo fue&hellip; <\/div><\/li>\n<li><div class=\"wp-block-latest-posts__featured-image\"><img loading=\"lazy\" decoding=\"async\" width=\"150\" height=\"150\" src=\"https:\/\/www.ucc.edu.ni\/boletininformativo\/php_assets\/uploads\/2024\/01\/Curso-Gestion-Industrial-150x150.jpeg\" class=\"attachment-thumbnail size-thumbnail wp-post-image\" alt=\"\" style=\"\" \/><\/div><a class=\"wp-block-latest-posts__post-title\" href=\"https:\/\/www.ucc.edu.ni\/boletininformativo\/docencia\/imparten-curso-de-gestion-del-mantenimiento-industrial\/\">Imparten Curso de Gesti\u00f3n del Mantenimiento Industrial<\/a><div class=\"wp-block-latest-posts__post-excerpt\">La Universidad de Ciencias Comerciales UCC, Campus Le\u00f3n, a trav\u00e9s de la Coordinaci\u00f3n de Postgrado y Educaci\u00f3n Continua, inici\u00f3 el Curso de Gesti\u00f3n del Mantenimiento Industrial. El curso es impartido&hellip; <\/div><\/li>\n<li><div class=\"wp-block-latest-posts__featured-image\"><img loading=\"lazy\" decoding=\"async\" width=\"150\" height=\"150\" src=\"https:\/\/www.ucc.edu.ni\/boletininformativo\/php_assets\/uploads\/2024\/01\/Gestiones-Deporte-150x150.jpg\" class=\"attachment-thumbnail size-thumbnail wp-post-image\" alt=\"\" style=\"\" \/><\/div><a class=\"wp-block-latest-posts__post-title\" href=\"https:\/\/www.ucc.edu.ni\/boletininformativo\/proyeccion-social\/gestiones-para-fortalecer-el-deporte\/\">Gestiones para fortalecer el Deporte<\/a><div class=\"wp-block-latest-posts__post-excerpt\">Fortalecer las disciplinas deportivas en la comunidad universitaria, fue el objetivo de la primera reuni\u00f3n sostenida entre la Direcci\u00f3n de Deportes de la Alcald\u00eda de Managua y las autoridades de&hellip; <\/div><\/li>\n<li><div class=\"wp-block-latest-posts__featured-image\"><img loading=\"lazy\" decoding=\"async\" width=\"150\" height=\"150\" src=\"https:\/\/www.ucc.edu.ni\/boletininformativo\/php_assets\/uploads\/2024\/01\/Rediseno-Curricular-150x150.jpeg\" class=\"attachment-thumbnail size-thumbnail wp-post-image\" alt=\"\" style=\"\" \/><\/div><a class=\"wp-block-latest-posts__post-title\" href=\"https:\/\/www.ucc.edu.ni\/boletininformativo\/docencia\/reunion-de-rediseno-curricular\/\">Reuni\u00f3n de Redise\u00f1o Curricular<\/a><div class=\"wp-block-latest-posts__post-excerpt\">La Universidad de Ciencias Comerciales UCC, Campus Le\u00f3n, a trav\u00e9s del \u00e1rea de Direcci\u00f3n Acad\u00e9mica, Coordinaciones de Ciencias Econ\u00f3micas y Empresariales y carrera de Administraci\u00f3n de Empresas Tur\u00edsticas y Hoteleras,&hellip; <\/div><\/li>\n<li><div class=\"wp-block-latest-posts__featured-image\"><img loading=\"lazy\" decoding=\"async\" width=\"150\" height=\"150\" src=\"https:\/\/www.ucc.edu.ni\/boletininformativo\/php_assets\/uploads\/2024\/01\/Curso-SER-San-Antonio-150x150.jpeg\" class=\"attachment-thumbnail size-thumbnail wp-post-image\" alt=\"\" style=\"\" \/><\/div><a class=\"wp-block-latest-posts__post-title\" href=\"https:\/\/www.ucc.edu.ni\/boletininformativo\/proyeccion-social\/colaboradores-de-ser-san-antonio-reciben-curso-de-ucc\/\">Colaboradores de SER San Antonio reciben Curso de UCC<\/a><div class=\"wp-block-latest-posts__post-excerpt\">Colaboradores de la empresa SER San Antonio, en el municipio de Chichigalpa, iniciaron el curso de Metodolog\u00eda BIM aplicado a Proyectos Industriales, de la Universidad de Ciencias Comerciales UCC Campus&hellip; <\/div><\/li>\n<li><div class=\"wp-block-latest-posts__featured-image\"><img loading=\"lazy\" decoding=\"async\" width=\"150\" height=\"150\" src=\"https:\/\/www.ucc.edu.ni\/boletininformativo\/php_assets\/uploads\/2024\/01\/Rector-UPF-150x150.jpeg\" class=\"attachment-thumbnail size-thumbnail wp-post-image\" alt=\"\" style=\"\" \/><\/div><a class=\"wp-block-latest-posts__post-title\" href=\"https:\/\/www.ucc.edu.ni\/boletininformativo\/gestion-institucional\/rector-de-ucc-aboga-por-una-cultura-de-paz-duradera\/\">Rector de UCC aboga por una Cultura de Paz duradera<\/a><div class=\"wp-block-latest-posts__post-excerpt\">\u201cAcciones para construir una cultura de paz desde la universidad\u201d, fue el tema de la conferencia dictada por el Rector de la Universidad de Ciencias Comerciales UCC, MSc. Eddy Baltodano,&hellip; <\/div><\/li>\n<li><div class=\"wp-block-latest-posts__featured-image\"><img loading=\"lazy\" decoding=\"async\" width=\"150\" height=\"150\" src=\"https:\/\/www.ucc.edu.ni\/boletininformativo\/php_assets\/uploads\/2024\/01\/Adaptacion-Manual-CNU-150x150.jpeg\" class=\"attachment-thumbnail size-thumbnail wp-post-image\" alt=\"\" style=\"\" \/><\/div><a class=\"wp-block-latest-posts__post-title\" href=\"https:\/\/www.ucc.edu.ni\/boletininformativo\/gestion-institucional\/comision-curricular-de-posgrado-inicia-proceso-de-adaptacion-segun-manual-cnu\/\">Comisi\u00f3n Curricular de Posgrado inicia proceso de adaptaci\u00f3n seg\u00fan Manual CNU<\/a><div class=\"wp-block-latest-posts__post-excerpt\">Como parte del cumplimiento de las disposiciones superiores del CNU, la Comisi\u00f3n Curricular de Posgrado, de la Universidad de Ciencias Comerciales UCC, inici\u00f3 el proceso de adaptaci\u00f3n para la planificaci\u00f3n&hellip; <\/div><\/li>\n<li><div class=\"wp-block-latest-posts__featured-image\"><img loading=\"lazy\" decoding=\"async\" width=\"150\" height=\"150\" src=\"https:\/\/www.ucc.edu.ni\/boletininformativo\/php_assets\/uploads\/2024\/01\/Curso-de-Excel-Avanzado-150x150.jpeg\" class=\"attachment-thumbnail size-thumbnail wp-post-image\" alt=\"\" style=\"\" \/><\/div><a class=\"wp-block-latest-posts__post-title\" href=\"https:\/\/www.ucc.edu.ni\/boletininformativo\/docencia\/inicia-curso-de-excel-avanzado-para-ingenieros\/\">Inicia Curso de Excel Avanzado para Ingenieros<\/a><div class=\"wp-block-latest-posts__post-excerpt\">20 estudiantes iniciaron el domingo, el curso de Excel Avanzado para Ingenieros, desarrollado por la Coordinaci\u00f3n de Ingenier\u00eda, de la Universidad de Ciencias Comerciales UCC, Sede Central Managua. \u201cEl saber&hellip; <\/div><\/li>\n<li><div class=\"wp-block-latest-posts__featured-image\"><img loading=\"lazy\" decoding=\"async\" width=\"150\" height=\"150\" src=\"https:\/\/www.ucc.edu.ni\/boletininformativo\/php_assets\/uploads\/2024\/01\/Focus-Group-150x150.jpeg\" class=\"attachment-thumbnail size-thumbnail wp-post-image\" alt=\"\" style=\"\" \/><\/div><a class=\"wp-block-latest-posts__post-title\" href=\"https:\/\/www.ucc.edu.ni\/boletininformativo\/docencia\/desarrollan-focus-group\/\">Desarrollan Focus Group<\/a><div class=\"wp-block-latest-posts__post-excerpt\">Con la participaci\u00f3n de Comunicadoras Sociales de reconocida trayectoria, se realiz\u00f3 un Focus Group con el objetivo de aportar nuevas propuestas de asignaturas para la carrera de Comunicaci\u00f3n Empresarial y&hellip; <\/div><\/li>\n<li><div class=\"wp-block-latest-posts__featured-image\"><img loading=\"lazy\" decoding=\"async\" width=\"150\" height=\"150\" src=\"https:\/\/www.ucc.edu.ni\/boletininformativo\/php_assets\/uploads\/2024\/01\/Arquitectos-aprenden-Topografia-150x150.jpg\" class=\"attachment-thumbnail size-thumbnail wp-post-image\" alt=\"\" style=\"\" \/><\/div><a class=\"wp-block-latest-posts__post-title\" href=\"https:\/\/www.ucc.edu.ni\/boletininformativo\/docencia\/futuros-arquitectos-aprenden-de-topografia\/\">Futuros Arquitectos aprenden de Topograf\u00eda<\/a><div class=\"wp-block-latest-posts__post-excerpt\">Se desarroll\u00f3 el Taller de Topograf\u00eda, en la Universidad de Ciencias Comerciales UCC, Campus Le\u00f3n, a trav\u00e9s del \u00e1rea de Postgrado y Educaci\u00f3n Continua. \u201cEl objetivo del curso es facilitar&hellip; <\/div><\/li>\n<li><div class=\"wp-block-latest-posts__featured-image\"><img loading=\"lazy\" decoding=\"async\" width=\"150\" height=\"150\" src=\"https:\/\/www.ucc.edu.ni\/boletininformativo\/php_assets\/uploads\/2024\/01\/Curso-Ambientacion-Universitaria-150x150.jpg\" class=\"attachment-thumbnail size-thumbnail wp-post-image\" alt=\"\" style=\"\" \/><\/div><a class=\"wp-block-latest-posts__post-title\" href=\"https:\/\/www.ucc.edu.ni\/boletininformativo\/destacadas\/ucc-inicia-curso-de-ambientacion-universitaria\/\">UCC inicia Curso de Ambientaci\u00f3n Universitaria<\/a><div class=\"wp-block-latest-posts__post-excerpt\">Con mucho entusiasmo, los estudiantes de nuevo ingreso del turno Diurno, de la Universidad de Ciencias Comerciales UCC iniciaron el Curso de Ambientaci\u00f3n a la Vida Universitaria. En el acto&hellip; <\/div><\/li>\n<li><div class=\"wp-block-latest-posts__featured-image\"><img loading=\"lazy\" decoding=\"async\" width=\"150\" height=\"150\" src=\"https:\/\/www.ucc.edu.ni\/boletininformativo\/php_assets\/uploads\/2024\/01\/Conocimiento-Digitales-150x150.jpeg\" class=\"attachment-thumbnail size-thumbnail wp-post-image\" alt=\"\" style=\"\" \/><\/div><a class=\"wp-block-latest-posts__post-title\" href=\"https:\/\/www.ucc.edu.ni\/boletininformativo\/destacadas\/estudiantes-fortalecen-conocimientos-digitales\/\">Estudiantes fortalecen conocimientos Digitales<\/a><div class=\"wp-block-latest-posts__post-excerpt\">\u201cHerramientas digitales imprescindibles para el \u00e9xito acad\u00e9mico&#8221;, fue el segundo tema, correspondiente al m\u00f3dulo Competencia y habilidades digitales, que imparte TIGO, en el Curso de Ambientaci\u00f3n Universitaria, de la Universidad&hellip; <\/div><\/li>\n<li><div class=\"wp-block-latest-posts__featured-image\"><img loading=\"lazy\" decoding=\"async\" width=\"150\" height=\"150\" src=\"https:\/\/www.ucc.edu.ni\/boletininformativo\/php_assets\/uploads\/2024\/01\/Graduacion-Mat-2024-150x150.jpg\" class=\"attachment-thumbnail size-thumbnail wp-post-image\" alt=\"\" style=\"\" \/><\/div><a class=\"wp-block-latest-posts__post-title\" href=\"https:\/\/www.ucc.edu.ni\/boletininformativo\/enero-2024\/campus-matagalpa-celebra-xiii-ceremonia-de-graduacion\/\">Campus Matagalpa celebra XIII Ceremonia de Graduaci\u00f3n<\/a><div class=\"wp-block-latest-posts__post-excerpt\">La Universidad de Ciencias Comerciales UCC, Campus Matagalpa, se visti\u00f3 de gala para la celebraci\u00f3n de la XIII Ceremonia de Graduaci\u00f3n 2024, de Licenciaturas e Ingenier\u00edas, donde 31 nuevos profesionales,&hellip; <\/div><\/li>\n<li><div class=\"wp-block-latest-posts__featured-image\"><img loading=\"lazy\" decoding=\"async\" width=\"150\" height=\"150\" src=\"https:\/\/www.ucc.edu.ni\/boletininformativo\/php_assets\/uploads\/2024\/01\/Practicas-Brasil-150x150.jpeg\" class=\"attachment-thumbnail size-thumbnail wp-post-image\" alt=\"\" style=\"\" \/><\/div><a class=\"wp-block-latest-posts__post-title\" href=\"https:\/\/www.ucc.edu.ni\/boletininformativo\/enero-2024\/estudiante-de-ucc-realiza-practicas-en-brasil\/\">Estudiante de UCC realiza pr\u00e1cticas en Brasil<\/a><div class=\"wp-block-latest-posts__post-excerpt\">Como parte de las alianzas de la Universidad de Ciencias Comerciales UCC, con instituciones internacionales, el estudiante de la carrera de Medicina Veterinaria y Zootecnia, Luis Aguirre, viaj\u00f3 recientemente a&hellip; <\/div><\/li>\n<\/ul>","protected":false},"excerpt":{"rendered":"","protected":false},"author":1,"featured_media":0,"parent":0,"menu_order":0,"comment_status":"closed","ping_status":"closed","template":"","meta":{"footnotes":""},"class_list":["post-994","page","type-page","status-publish","hentry"],"_links":{"self":[{"href":"https:\/\/www.ucc.edu.ni\/boletininformativo\/wp-json\/wp\/v2\/pages\/994","targetHints":{"allow":["GET"]}}],"collection":[{"href":"https:\/\/www.ucc.edu.ni\/boletininformativo\/wp-json\/wp\/v2\/pages"}],"about":[{"href":"https:\/\/www.ucc.edu.ni\/boletininformativo\/wp-json\/wp\/v2\/types\/page"}],"author":[{"embeddable":true,"href":"https:\/\/www.ucc.edu.ni\/boletininformativo\/wp-json\/wp\/v2\/users\/1"}],"replies":[{"embeddable":true,"href":"https:\/\/www.ucc.edu.ni\/boletininformativo\/wp-json\/wp\/v2\/comments?post=994"}],"version-history":[{"count":1,"href":"https:\/\/www.ucc.edu.ni\/boletininformativo\/wp-json\/wp\/v2\/pages\/994\/revisions"}],"predecessor-version":[{"id":995,"href":"https:\/\/www.ucc.edu.ni\/boletininformativo\/wp-json\/wp\/v2\/pages\/994\/revisions\/995"}],"wp:attachment":[{"href":"https:\/\/www.ucc.edu.ni\/boletininformativo\/wp-json\/wp\/v2\/media?parent=994"}],"curies":[{"name":"wp","href":"https:\/\/api.w.org\/{rel}","templated":true}]}}