{"id":893,"date":"2024-02-27T15:34:54","date_gmt":"2024-02-27T21:34:54","guid":{"rendered":"https:\/\/www.ucc.edu.ni\/boletininformativo\/?page_id=893"},"modified":"2024-02-27T15:53:18","modified_gmt":"2024-02-27T21:53:18","slug":"diciembre-2023-2","status":"publish","type":"page","link":"https:\/\/www.ucc.edu.ni\/boletininformativo\/diciembre-2023-2\/","title":{"rendered":"DICIEMBRE 2023"},"content":{"rendered":"<ul class=\"wp-block-latest-posts__list is-grid columns-3 wp-block-latest-posts\"><li><div class=\"wp-block-latest-posts__featured-image\"><img loading=\"lazy\" decoding=\"async\" width=\"150\" height=\"150\" src=\"https:\/\/www.ucc.edu.ni\/boletininformativo\/php_assets\/uploads\/2023\/12\/Desayuno-Navideno-150x150.jpeg\" class=\"attachment-thumbnail size-thumbnail wp-post-image\" alt=\"\" style=\"\" \/><\/div><a class=\"wp-block-latest-posts__post-title\" href=\"https:\/\/www.ucc.edu.ni\/boletininformativo\/gestion-institucional\/desayuno-navideno\/\">Desayuno Navide\u00f1o<\/a><div class=\"wp-block-latest-posts__post-excerpt\">Fue una ma\u00f1ana especial. El personal de la Universidad de Ciencias Comerciales UCC, Sede Central Managua, particip\u00f3 la ma\u00f1ana de este jueves en un desayuno navide\u00f1o y en el intercambio&hellip; <\/div><\/li>\n<li><div class=\"wp-block-latest-posts__featured-image\"><img loading=\"lazy\" decoding=\"async\" width=\"150\" height=\"150\" src=\"https:\/\/www.ucc.edu.ni\/boletininformativo\/php_assets\/uploads\/2023\/12\/Feria-Navidena-150x150.jpeg\" class=\"attachment-thumbnail size-thumbnail wp-post-image\" alt=\"\" style=\"\" \/><\/div><a class=\"wp-block-latest-posts__post-title\" href=\"https:\/\/www.ucc.edu.ni\/boletininformativo\/docencia\/feria-navidena-de-la-gente-que-triunfa-2023\/\">Feria Navide\u00f1a de la Gente que triunfa 2023<\/a><div class=\"wp-block-latest-posts__post-excerpt\">Estudiantes de las carreras de Ciencias Econ\u00f3micas e Ingenier\u00edas, turno diurno, de la Universidad de Ciencias Comerciales UCC Campus Matagalpa, participaron en la feria navide\u00f1a estudiantil de la gente que&hellip; <\/div><\/li>\n<li><div class=\"wp-block-latest-posts__featured-image\"><img loading=\"lazy\" decoding=\"async\" width=\"150\" height=\"150\" src=\"https:\/\/www.ucc.edu.ni\/boletininformativo\/php_assets\/uploads\/2023\/12\/Regalando-Sonrisas-150x150.jpeg\" class=\"attachment-thumbnail size-thumbnail wp-post-image\" alt=\"\" style=\"\" \/><\/div><a class=\"wp-block-latest-posts__post-title\" href=\"https:\/\/www.ucc.edu.ni\/boletininformativo\/gestion-institucional\/regalando-sonrisas-esta-navidad\/\">Regalando Sonrisas esta Navidad<\/a><div class=\"wp-block-latest-posts__post-excerpt\">Navidad es una \u00e9poca para compartir, para estar en familia y disfrutar de estos d\u00edas que permiten despedir un a\u00f1o m\u00e1s. La Universidad de Ciencias Comerciales UCC, Campus Le\u00f3n asume&hellip; <\/div><\/li>\n<li><div class=\"wp-block-latest-posts__featured-image\"><img loading=\"lazy\" decoding=\"async\" width=\"150\" height=\"150\" src=\"https:\/\/www.ucc.edu.ni\/boletininformativo\/php_assets\/uploads\/2023\/12\/Apoyo-Comunitario-150x150.jpeg\" class=\"attachment-thumbnail size-thumbnail wp-post-image\" alt=\"\" style=\"\" \/><\/div><a class=\"wp-block-latest-posts__post-title\" href=\"https:\/\/www.ucc.edu.ni\/boletininformativo\/docencia\/apoyo-comunitario\/\">Apoyo Comunitario<\/a><div class=\"wp-block-latest-posts__post-excerpt\">En un esfuerzo continuo por fortalecer los lazos comunitarios y brindar apoyo a quienes m\u00e1s lo necesitan, estudiantes de tercer a\u00f1o de la carrera de Marketing y Publicidad, de la&hellip; <\/div><\/li>\n<li><div class=\"wp-block-latest-posts__featured-image\"><img loading=\"lazy\" decoding=\"async\" width=\"150\" height=\"150\" src=\"https:\/\/www.ucc.edu.ni\/boletininformativo\/php_assets\/uploads\/2023\/12\/Premian-Investigaciones-JUDI-150x150.jpeg\" class=\"attachment-thumbnail size-thumbnail wp-post-image\" alt=\"\" style=\"\" \/><\/div><a class=\"wp-block-latest-posts__post-title\" href=\"https:\/\/www.ucc.edu.ni\/boletininformativo\/docencia\/premian-investigaciones-de-judi\/\">Premian Investigaciones de JUDI<\/a><div class=\"wp-block-latest-posts__post-excerpt\">La Universidad de Ciencias Comerciales UCC, Sede Central Managua, entreg\u00f3 reconocimientos a estudiantes y docentes, cuyos trabajos sobresalieron en la Jornada Universitaria de Desarrollo Estudiantil e Investigaci\u00f3n, JUDI 2023. En&hellip; <\/div><\/li>\n<li><div class=\"wp-block-latest-posts__featured-image\"><img loading=\"lazy\" decoding=\"async\" width=\"150\" height=\"150\" src=\"https:\/\/www.ucc.edu.ni\/boletininformativo\/php_assets\/uploads\/2023\/12\/Apertura-JUDI-2023-150x150.jpeg\" class=\"attachment-thumbnail size-thumbnail wp-post-image\" alt=\"\" style=\"\" \/><\/div><a class=\"wp-block-latest-posts__post-title\" href=\"https:\/\/www.ucc.edu.ni\/boletininformativo\/docencia\/ucc-apertura-judi-2023\/\">UCC apertura JUDI 2023<\/a><div class=\"wp-block-latest-posts__post-excerpt\">La Universidad de Ciencias Comerciales UCC, apertura la Jornada Universitaria de Desarrollo Estudiantil e Investigaci\u00f3n, JUDI 2023. En la actividad organizada por la Vicerrector\u00eda Acad\u00e9mica y la Coordinaci\u00f3n de Investigaci\u00f3n&hellip; <\/div><\/li>\n<li><div class=\"wp-block-latest-posts__featured-image\"><img loading=\"lazy\" decoding=\"async\" width=\"150\" height=\"150\" src=\"https:\/\/www.ucc.edu.ni\/boletininformativo\/php_assets\/uploads\/2023\/12\/Defensa-Proyectos-de-Graduacion-150x150.jpeg\" class=\"attachment-thumbnail size-thumbnail wp-post-image\" alt=\"\" style=\"\" \/><\/div><a class=\"wp-block-latest-posts__post-title\" href=\"https:\/\/www.ucc.edu.ni\/boletininformativo\/docencia\/defensa-final-de-proyectos-de-graduacion-en-campus-matagalpa\/\">Defensa final de Proyectos de Graduaci\u00f3n en Campus Matagalpa<\/a><div class=\"wp-block-latest-posts__post-excerpt\">Un total de 12 proyectos fueron defendidos por egresados de la Coordinaci\u00f3n de Ingenier\u00edas y Ciencias Econ\u00f3micas, de la Universidad de Ciencias Comerciales UCC, Campus Matagalpa, para optar a t\u00edtulos&hellip; <\/div><\/li>\n<li><div class=\"wp-block-latest-posts__featured-image\"><img loading=\"lazy\" decoding=\"async\" width=\"150\" height=\"150\" src=\"https:\/\/www.ucc.edu.ni\/boletininformativo\/php_assets\/uploads\/2023\/12\/Jornada-Veterinaria-150x150.jpg\" class=\"attachment-thumbnail size-thumbnail wp-post-image\" alt=\"\" style=\"\" \/><\/div><a class=\"wp-block-latest-posts__post-title\" href=\"https:\/\/www.ucc.edu.ni\/boletininformativo\/docencia\/jornada-veterinaria-fortalece-habilidades-de-estudiantes\/\">Jornada Veterinaria fortalece habilidades de Estudiantes<\/a><div class=\"wp-block-latest-posts__post-excerpt\">Como parte de las excelentes relaciones con las diversas instituciones, la Coordinaci\u00f3n de Medicina Veterinaria y Zootecnia, de la Universidad de Ciencias Comerciales UCC, particip\u00f3 en la Jornada Veterinaria organizada&hellip; <\/div><\/li>\n<li><div class=\"wp-block-latest-posts__featured-image\"><img loading=\"lazy\" decoding=\"async\" width=\"150\" height=\"150\" src=\"https:\/\/www.ucc.edu.ni\/boletininformativo\/php_assets\/uploads\/2023\/12\/JUDI-Campus-Leon-150x150.jpeg\" class=\"attachment-thumbnail size-thumbnail wp-post-image\" alt=\"\" style=\"\" \/><\/div><a class=\"wp-block-latest-posts__post-title\" href=\"https:\/\/www.ucc.edu.ni\/boletininformativo\/docencia\/judi-en-campus-leon\/\">JUDI en Campus Le\u00f3n<\/a><div class=\"wp-block-latest-posts__post-excerpt\">Los estudiantes de diferentes carreras de la Universidad de Ciencias Comerciales UCC, Campus Le\u00f3n, participaron en la Jornada Universitaria de Desarrollo Cient\u00edfico e Investigaci\u00f3n (JUDI) a cargo de la Coordinaci\u00f3n&hellip; <\/div><\/li>\n<li><div class=\"wp-block-latest-posts__featured-image\"><img loading=\"lazy\" decoding=\"async\" width=\"150\" height=\"150\" src=\"https:\/\/www.ucc.edu.ni\/boletininformativo\/php_assets\/uploads\/2023\/12\/Practicas-Ingenieria-Industrial-150x150.jpeg\" class=\"attachment-thumbnail size-thumbnail wp-post-image\" alt=\"\" style=\"\" \/><\/div><a class=\"wp-block-latest-posts__post-title\" href=\"https:\/\/www.ucc.edu.ni\/boletininformativo\/docencia\/practicas-de-ingenieria-industrial\/\">Pr\u00e1cticas de Ingenier\u00eda Industrial<\/a><div class=\"wp-block-latest-posts__post-excerpt\">Estudiantes de cuarto a\u00f1o de la carrera de Ingenier\u00eda Industrial, de la Universidad de Ciencias Comerciales UCC, Sede Central Managua, como parte de sus pr\u00e1cticas, realizan levantamiento de maquetas de&hellip; <\/div><\/li>\n<li><div class=\"wp-block-latest-posts__featured-image\"><img loading=\"lazy\" decoding=\"async\" width=\"150\" height=\"150\" src=\"https:\/\/www.ucc.edu.ni\/boletininformativo\/php_assets\/uploads\/2023\/12\/Conferencia-UPF-150x150.jpeg\" class=\"attachment-thumbnail size-thumbnail wp-post-image\" alt=\"\" style=\"\" \/><\/div><a class=\"wp-block-latest-posts__post-title\" href=\"https:\/\/www.ucc.edu.ni\/boletininformativo\/docencia\/conferencia-de-upf-se-enfoca-en-la-educacion-integral-y-de-valores\/\">Conferencia de UPF se enfoca en la Educaci\u00f3n Integral y de Valores<\/a><div class=\"wp-block-latest-posts__post-excerpt\">Estudiantes del turno Diurno, de la Universidad de Ciencias Comerciales UCC, asistieron a la \u00faltima conferencia, \u201cProfesionales eficaces y comprometidos con la paz, necesitan familias fuertes\u201d, ofrecido por el Presidente&hellip; <\/div><\/li>\n<li><div class=\"wp-block-latest-posts__featured-image\"><img loading=\"lazy\" decoding=\"async\" width=\"150\" height=\"150\" src=\"https:\/\/www.ucc.edu.ni\/boletininformativo\/php_assets\/uploads\/2023\/12\/Convenio-UCC-y-PMI-150x150.jpeg\" class=\"attachment-thumbnail size-thumbnail wp-post-image\" alt=\"\" style=\"\" \/><\/div><a class=\"wp-block-latest-posts__post-title\" href=\"https:\/\/www.ucc.edu.ni\/boletininformativo\/gestion-institucional\/tigo-se-une-a-curso-de-ambientacion-universitaria\/\">Firma de convenio UCC y PMI<\/a><div class=\"wp-block-latest-posts__post-excerpt\">Con el objetivo de implementar acciones conjuntas que promuevan las buenas pr\u00e1cticas de la gerencia de proyectos por medio de la investigaci\u00f3n y la innovaci\u00f3n, la Universidad de Ciencias Comerciales&hellip; <\/div><\/li>\n<li><div class=\"wp-block-latest-posts__featured-image\"><img loading=\"lazy\" decoding=\"async\" width=\"150\" height=\"150\" src=\"https:\/\/www.ucc.edu.ni\/boletininformativo\/php_assets\/uploads\/2023\/12\/Habilidades-Emprendedoras-150x150.jpg\" class=\"attachment-thumbnail size-thumbnail wp-post-image\" alt=\"\" style=\"\" \/><\/div><a class=\"wp-block-latest-posts__post-title\" href=\"https:\/\/www.ucc.edu.ni\/boletininformativo\/gestion-institucional\/campus-leon-finaliza-cursos-de-habilidades-emprendedoras\/\">Campus Le\u00f3n finaliza Cursos de Habilidades Emprendedoras<\/a><div class=\"wp-block-latest-posts__post-excerpt\">La Coordinaci\u00f3n de Ciencias Econ\u00f3micas y Empresariales, de la Universidad de Ciencias Comerciales UCC, Campus Le\u00f3n concluy\u00f3 los cursos de habilidades emprendedoras en el Instituto Jos\u00e9 de la Cruz Mena&hellip; <\/div><\/li>\n<li><div class=\"wp-block-latest-posts__featured-image\"><img loading=\"lazy\" decoding=\"async\" width=\"150\" height=\"150\" src=\"https:\/\/www.ucc.edu.ni\/boletininformativo\/php_assets\/uploads\/2023\/12\/IICA-150x150.jpeg\" class=\"attachment-thumbnail size-thumbnail wp-post-image\" alt=\"\" style=\"\" \/><\/div><a class=\"wp-block-latest-posts__post-title\" href=\"https:\/\/www.ucc.edu.ni\/boletininformativo\/proyeccion-social\/ucc-fortalece-vinculos-institucionales\/\">UCC fortalece v\u00ednculos Institucionales<\/a><div class=\"wp-block-latest-posts__post-excerpt\">El Rector de la Universidad de Ciencias Comerciales UCC, Eddy Baltodano y el Coordinador de la carrera de Medicina Veterinaria y Zootecnia, Jos\u00e9 Lara, participaron en la Presentaci\u00f3n de los&hellip; <\/div><\/li>\n<li><div class=\"wp-block-latest-posts__featured-image\"><img loading=\"lazy\" decoding=\"async\" width=\"150\" height=\"150\" src=\"https:\/\/www.ucc.edu.ni\/boletininformativo\/php_assets\/uploads\/2023\/12\/Ceremonia-Leon-2023-150x150.jpg\" class=\"attachment-thumbnail size-thumbnail wp-post-image\" alt=\"\" style=\"\" \/><\/div><a class=\"wp-block-latest-posts__post-title\" href=\"https:\/\/www.ucc.edu.ni\/boletininformativo\/docencia\/ceremonia-de-graduacion-xxxiv-en-campus-leon\/\">Ceremonia de Graduaci\u00f3n XXXIV en Campus Le\u00f3n<\/a><div class=\"wp-block-latest-posts__post-excerpt\">La Universidad de Ciencias Comerciales UCC, Campus Le\u00f3n, celebr\u00f3 la Ceremonia de Graduaci\u00f3n XXXIV 2023, de Licenciaturas, Ingenier\u00edas y Arquitectura. Un total de 100 estudiantes se convirtieron en profesionales el&hellip; <\/div><\/li>\n<li><div class=\"wp-block-latest-posts__featured-image\"><img loading=\"lazy\" decoding=\"async\" width=\"150\" height=\"150\" src=\"https:\/\/www.ucc.edu.ni\/boletininformativo\/php_assets\/uploads\/2023\/12\/Expo-Food-2023-150x150.jpeg\" class=\"attachment-thumbnail size-thumbnail wp-post-image\" alt=\"\" style=\"\" \/><\/div><a class=\"wp-block-latest-posts__post-title\" href=\"https:\/\/www.ucc.edu.ni\/boletininformativo\/docencia\/expo-food-2023\/\">Expo-Food 2023<\/a><div class=\"wp-block-latest-posts__post-excerpt\">La Coordinaci\u00f3n del T\u00e9cnico Superior en Ciencia y Tecnolog\u00eda de los Alimentos, de la Universidad de Ciencias Comerciales UCC, desarroll\u00f3 la primera edici\u00f3n de Expo-Food 2023. En la actividad, los&hellip; <\/div><\/li>\n<li><div class=\"wp-block-latest-posts__featured-image\"><img loading=\"lazy\" decoding=\"async\" width=\"150\" height=\"150\" src=\"https:\/\/www.ucc.edu.ni\/boletininformativo\/php_assets\/uploads\/2023\/12\/Firma-de-Convenio-150x150.jpeg\" class=\"attachment-thumbnail size-thumbnail wp-post-image\" alt=\"\" style=\"\" \/><\/div><a class=\"wp-block-latest-posts__post-title\" href=\"https:\/\/www.ucc.edu.ni\/boletininformativo\/destacadas\/firma-de-convenio-ucc-y-bdo\/\">Firma de Convenio UCC y BDO<\/a><div class=\"wp-block-latest-posts__post-excerpt\">Implementar acciones conjuntas para el desarrollo de actividades en beneficio de la comunidad educativa, es el objetivo del Convenio Marco de Colaboraci\u00f3n entre la Universidad de Ciencias Comerciales UCC y&hellip; <\/div><\/li>\n<li><div class=\"wp-block-latest-posts__featured-image\"><img loading=\"lazy\" decoding=\"async\" width=\"150\" height=\"150\" src=\"https:\/\/www.ucc.edu.ni\/boletininformativo\/php_assets\/uploads\/2023\/12\/Entrega-de-Juguetes-150x150.jpeg\" class=\"attachment-thumbnail size-thumbnail wp-post-image\" alt=\"\" style=\"\" \/><\/div><a class=\"wp-block-latest-posts__post-title\" href=\"https:\/\/www.ucc.edu.ni\/boletininformativo\/destacadas\/ucc-comparte-alegria-con-ninos-de-managua\/\">UCC comparte alegr\u00eda con ni\u00f1os de Managua<\/a><div class=\"wp-block-latest-posts__post-excerpt\">Una tarde de mucha alegr\u00eda se vivi\u00f3 en la Universidad de Ciencias Comerciales UCC, Sede Central Managua, la tarde del mi\u00e9rcoles, durante una actividad navide\u00f1a organizada por la Coordinaci\u00f3n de&hellip; <\/div><\/li>\n<li><div class=\"wp-block-latest-posts__featured-image\"><img loading=\"lazy\" decoding=\"async\" width=\"150\" height=\"150\" src=\"https:\/\/www.ucc.edu.ni\/boletininformativo\/php_assets\/uploads\/2023\/12\/Ceremonia-LXXI-150x150.jpg\" class=\"attachment-thumbnail size-thumbnail wp-post-image\" alt=\"\" style=\"\" \/><\/div><a class=\"wp-block-latest-posts__post-title\" href=\"https:\/\/www.ucc.edu.ni\/boletininformativo\/diciembre-2023\/ucc-celebra-lxxi-ceremonia-de-graduacion\/\">UCC celebra LXXI Ceremonia de Graduaci\u00f3n<\/a><div class=\"wp-block-latest-posts__post-excerpt\">La Universidad de Ciencias Comerciales UCC, se visti\u00f3 de gala el domingo 10 de diciembre, durante la LXXI Ceremonia de Graduaci\u00f3n 2023, de Licenciaturas, Ingenier\u00edas y Arquitectura. Con sus rostros&hellip; <\/div><\/li>\n<li><div class=\"wp-block-latest-posts__featured-image\"><img loading=\"lazy\" decoding=\"async\" width=\"150\" height=\"150\" src=\"https:\/\/www.ucc.edu.ni\/boletininformativo\/php_assets\/uploads\/2023\/12\/JUDI-2023-150x150.jpeg\" class=\"attachment-thumbnail size-thumbnail wp-post-image\" alt=\"\" style=\"\" \/><\/div><a class=\"wp-block-latest-posts__post-title\" href=\"https:\/\/www.ucc.edu.ni\/boletininformativo\/diciembre-2023\/estudiantes-demuestran-destrezas-en-judi-2023\/\">Estudiantes demuestran destrezas en JUDI 2023<\/a><div class=\"wp-block-latest-posts__post-excerpt\">La Universidad de Ciencias Comerciales UCC, Sede Central Managua, desarroll\u00f3 de forma exitosa la Jornada Universitaria de Desarrollo Estudiantil e Investigaci\u00f3n JUDI 2023. Los estudiantes de las diferentes carreras, luego&hellip; <\/div><\/li>\n<\/ul>","protected":false},"excerpt":{"rendered":"","protected":false},"author":1,"featured_media":0,"parent":0,"menu_order":0,"comment_status":"closed","ping_status":"closed","template":"","meta":{"footnotes":""},"class_list":["post-893","page","type-page","status-publish","hentry"],"_links":{"self":[{"href":"https:\/\/www.ucc.edu.ni\/boletininformativo\/wp-json\/wp\/v2\/pages\/893","targetHints":{"allow":["GET"]}}],"collection":[{"href":"https:\/\/www.ucc.edu.ni\/boletininformativo\/wp-json\/wp\/v2\/pages"}],"about":[{"href":"https:\/\/www.ucc.edu.ni\/boletininformativo\/wp-json\/wp\/v2\/types\/page"}],"author":[{"embeddable":true,"href":"https:\/\/www.ucc.edu.ni\/boletininformativo\/wp-json\/wp\/v2\/users\/1"}],"replies":[{"embeddable":true,"href":"https:\/\/www.ucc.edu.ni\/boletininformativo\/wp-json\/wp\/v2\/comments?post=893"}],"version-history":[{"count":15,"href":"https:\/\/www.ucc.edu.ni\/boletininformativo\/wp-json\/wp\/v2\/pages\/893\/revisions"}],"predecessor-version":[{"id":913,"href":"https:\/\/www.ucc.edu.ni\/boletininformativo\/wp-json\/wp\/v2\/pages\/893\/revisions\/913"}],"wp:attachment":[{"href":"https:\/\/www.ucc.edu.ni\/boletininformativo\/wp-json\/wp\/v2\/media?parent=893"}],"curies":[{"name":"wp","href":"https:\/\/api.w.org\/{rel}","templated":true}]}}