{"id":818,"date":"2023-12-29T01:17:30","date_gmt":"2023-12-29T07:17:30","guid":{"rendered":"https:\/\/www.ucc.edu.ni\/boletininformativo\/?page_id=818"},"modified":"2023-12-29T01:17:31","modified_gmt":"2023-12-29T07:17:31","slug":"noviembre-2023-2","status":"publish","type":"page","link":"https:\/\/www.ucc.edu.ni\/boletininformativo\/noviembre-2023-2\/","title":{"rendered":"NOVIEMBRE 2023"},"content":{"rendered":"<ul class=\"wp-block-latest-posts__list is-grid columns-3 wp-block-latest-posts\"><li><div class=\"wp-block-latest-posts__featured-image\"><img loading=\"lazy\" decoding=\"async\" width=\"150\" height=\"150\" src=\"https:\/\/www.ucc.edu.ni\/boletininformativo\/php_assets\/uploads\/2023\/12\/Minjuve-150x150.jpeg\" class=\"attachment-thumbnail size-thumbnail wp-post-image\" alt=\"\" style=\"\" \/><\/div><a class=\"wp-block-latest-posts__post-title\" href=\"https:\/\/www.ucc.edu.ni\/boletininformativo\/proyeccion-social\/estudiantes-fortaleceran-habilidades-en-actividades-de-minjuve\/\">Estudiantes fortalecer\u00e1n Habilidades en Actividades de Minjuve<\/a><div class=\"wp-block-latest-posts__post-excerpt\">Como parte de las alianzas de vinculaci\u00f3n estrat\u00e9gica, la Universidad de Ciencias Comerciales UCC, a trav\u00e9s de la Coordinaci\u00f3n de&hellip; <\/div><\/li>\n<li><div class=\"wp-block-latest-posts__featured-image\"><img loading=\"lazy\" decoding=\"async\" width=\"150\" height=\"150\" src=\"https:\/\/www.ucc.edu.ni\/boletininformativo\/php_assets\/uploads\/2023\/12\/Encuentro-de-Bibliotecarios-150x150.jpeg\" class=\"attachment-thumbnail size-thumbnail wp-post-image\" alt=\"\" style=\"\" \/><\/div><a class=\"wp-block-latest-posts__post-title\" href=\"https:\/\/www.ucc.edu.ni\/boletininformativo\/docencia\/ucc-participa-en-encuentro-de-bibliotecarios\/\">UCC participa en Encuentro de Bibliotecarios<\/a><div class=\"wp-block-latest-posts__post-excerpt\">En el marco de la celebraci\u00f3n del D\u00eda Nacional del Bibliotecario, la Universidad de Ciencias Comerciales UCC, a trav\u00e9s de&hellip; <\/div><\/li>\n<li><div class=\"wp-block-latest-posts__featured-image\"><img loading=\"lazy\" decoding=\"async\" width=\"150\" height=\"150\" src=\"https:\/\/www.ucc.edu.ni\/boletininformativo\/php_assets\/uploads\/2023\/12\/Conferencia-Aprendizaje-y-Educacion-150x150.jpeg\" class=\"attachment-thumbnail size-thumbnail wp-post-image\" alt=\"\" style=\"\" \/><\/div><a class=\"wp-block-latest-posts__post-title\" href=\"https:\/\/www.ucc.edu.ni\/boletininformativo\/docencia\/imparten-conferencia-sobre-aprendizaje-y-educacion\/\">Imparten Conferencia sobre Aprendizaje y Educaci\u00f3n<\/a><div class=\"wp-block-latest-posts__post-excerpt\">Estudiantes del turno Diurno, de la Universidad de Ciencias Comerciales UCC, asistieron la ma\u00f1ana de este jueves, a la conferencia,&hellip; <\/div><\/li>\n<li><div class=\"wp-block-latest-posts__featured-image\"><img loading=\"lazy\" decoding=\"async\" width=\"150\" height=\"150\" src=\"https:\/\/www.ucc.edu.ni\/boletininformativo\/php_assets\/uploads\/2023\/12\/Mundo-Laboral-150x150.jpeg\" class=\"attachment-thumbnail size-thumbnail wp-post-image\" alt=\"\" style=\"\" \/><\/div><a class=\"wp-block-latest-posts__post-title\" href=\"https:\/\/www.ucc.edu.ni\/boletininformativo\/docencia\/como-insertarnos-al-mundo-laboral\/\">\u00bfC\u00f3mo insertarnos al mundo laboral?<\/a><div class=\"wp-block-latest-posts__post-excerpt\">&#8220;Las t\u00e9cnicas de inserci\u00f3n laboral&#8221;, fue el tema de la conferencia impartida por el MSc. Nelson Cortez, Especialista en reclutamiento&hellip; <\/div><\/li>\n<li><div class=\"wp-block-latest-posts__featured-image\"><img loading=\"lazy\" decoding=\"async\" width=\"150\" height=\"150\" src=\"https:\/\/www.ucc.edu.ni\/boletininformativo\/php_assets\/uploads\/2023\/12\/Jornada-Veterinaria-150x150.jpeg\" class=\"attachment-thumbnail size-thumbnail wp-post-image\" alt=\"\" style=\"\" \/><\/div><a class=\"wp-block-latest-posts__post-title\" href=\"https:\/\/www.ucc.edu.ni\/boletininformativo\/docencia\/estudiantes-demuestran-habilidades-en-jornada-veterinaria-2\/\">Estudiantes demuestran habilidades en Jornada Veterinaria<\/a><div class=\"wp-block-latest-posts__post-excerpt\">Como parte del fortalecimiento de aprendizaje, estudiantes de primer a\u00f1o de la carrera de Medicina Veterinaria y Zootecnia, de la&hellip; <\/div><\/li>\n<li><div class=\"wp-block-latest-posts__featured-image\"><img loading=\"lazy\" decoding=\"async\" width=\"150\" height=\"150\" src=\"https:\/\/www.ucc.edu.ni\/boletininformativo\/php_assets\/uploads\/2023\/12\/Conferencia-150x150.jpeg\" class=\"attachment-thumbnail size-thumbnail wp-post-image\" alt=\"\" style=\"\" \/><\/div><a class=\"wp-block-latest-posts__post-title\" href=\"https:\/\/www.ucc.edu.ni\/boletininformativo\/docencia\/futuros-ingenieros-reciben-conferencia\/\">Futuros Ingenieros reciben Conferencia<\/a><div class=\"wp-block-latest-posts__post-excerpt\">\u201cConstrucciones seguras\u201d, fue el tema de la conferencia ofrecida este s\u00e1bado por el Catedr\u00e1tico Richard Zamora, a estudiantes del turno&hellip; <\/div><\/li>\n<li><div class=\"wp-block-latest-posts__featured-image\"><img loading=\"lazy\" decoding=\"async\" width=\"150\" height=\"150\" src=\"https:\/\/www.ucc.edu.ni\/boletininformativo\/php_assets\/uploads\/2023\/12\/Maestria-EPN-150x150.jpeg\" class=\"attachment-thumbnail size-thumbnail wp-post-image\" alt=\"\" style=\"\" \/><\/div><a class=\"wp-block-latest-posts__post-title\" href=\"https:\/\/www.ucc.edu.ni\/boletininformativo\/proyeccion-social\/ucc-impartira-maestria-a-colaboradores-de-epn\/\">UCC impartir\u00e1 Maestr\u00eda a Colaboradores de EPN<\/a><div class=\"wp-block-latest-posts__post-excerpt\">15 colaboradores de alta gerencia de la Empresa Portuaria Nacional del Puerto de Corinto, participar\u00e1n en la Maestr\u00eda Ejecutiva en&hellip; <\/div><\/li>\n<li><div class=\"wp-block-latest-posts__featured-image\"><img loading=\"lazy\" decoding=\"async\" width=\"150\" height=\"150\" src=\"https:\/\/www.ucc.edu.ni\/boletininformativo\/php_assets\/uploads\/2023\/12\/Defensa-Monografica-150x150.jpeg\" class=\"attachment-thumbnail size-thumbnail wp-post-image\" alt=\"\" style=\"\" \/><\/div><a class=\"wp-block-latest-posts__post-title\" href=\"https:\/\/www.ucc.edu.ni\/boletininformativo\/docencia\/excelente-resultado-en-defensa-monografica\/\">Excelente resultado en Defensa Monogr\u00e1fica<\/a><div class=\"wp-block-latest-posts__post-excerpt\">\u00c1ngela Garc\u00eda y Gilian Rapalo, egresadas de la carrera de Medicina Veterinaria y Zootecnia en la Universidad de Ciencias Comerciales&hellip; <\/div><\/li>\n<li><div class=\"wp-block-latest-posts__featured-image\"><img loading=\"lazy\" decoding=\"async\" width=\"150\" height=\"150\" src=\"https:\/\/www.ucc.edu.ni\/boletininformativo\/php_assets\/uploads\/2023\/12\/Practica-Laboratorio-150x150.jpeg\" class=\"attachment-thumbnail size-thumbnail wp-post-image\" alt=\"\" style=\"\" \/><\/div><a class=\"wp-block-latest-posts__post-title\" href=\"https:\/\/www.ucc.edu.ni\/boletininformativo\/docencia\/futuros-veterinarios-realizan-practicas-de-laboratorio\/\">Futuros Veterinarios realizan Pr\u00e1cticas de Laboratorio<\/a><div class=\"wp-block-latest-posts__post-excerpt\">Con el objetivo de identificar, diagnosticar y prevenir enfermedades microbianas relevantes, estudiantes de segundo a\u00f1o de la carrera de Medicina&hellip; <\/div><\/li>\n<li><div class=\"wp-block-latest-posts__featured-image\"><img loading=\"lazy\" decoding=\"async\" width=\"150\" height=\"150\" src=\"https:\/\/www.ucc.edu.ni\/boletininformativo\/php_assets\/uploads\/2023\/12\/Capacitacion-EPN-150x150.jpeg\" class=\"attachment-thumbnail size-thumbnail wp-post-image\" alt=\"\" style=\"\" \/><\/div><a class=\"wp-block-latest-posts__post-title\" href=\"https:\/\/www.ucc.edu.ni\/boletininformativo\/proyeccion-social\/ucc-brinda-capacitacion-en-epn\/\">UCC brinda Capacitaci\u00f3n en EPN<\/a><div class=\"wp-block-latest-posts__post-excerpt\">16 colaboradores de alta gerencia, de la Empresa Portuaria Nacional del Puerto del Puerto de Corinto, participaron en el segundo&hellip; <\/div><\/li>\n<li><div class=\"wp-block-latest-posts__featured-image\"><img loading=\"lazy\" decoding=\"async\" width=\"150\" height=\"150\" src=\"https:\/\/www.ucc.edu.ni\/boletininformativo\/php_assets\/uploads\/2023\/12\/Taller-de-Investigacion-150x150.jpeg\" class=\"attachment-thumbnail size-thumbnail wp-post-image\" alt=\"\" style=\"\" \/><\/div><a class=\"wp-block-latest-posts__post-title\" href=\"https:\/\/www.ucc.edu.ni\/boletininformativo\/docencia\/seminario-taller-de-investigacion-en-la-ucc\/\">Seminario Taller de Investigaci\u00f3n en la UCC<\/a><div class=\"wp-block-latest-posts__post-excerpt\">Partiendo del reto de desarrollar investigaciones para generar conocimientos y mantener la excelencia acad\u00e9mica, Autoridades Acad\u00e9micas, directores y coordinadores de&hellip; <\/div><\/li>\n<li><div class=\"wp-block-latest-posts__featured-image\"><img loading=\"lazy\" decoding=\"async\" width=\"150\" height=\"150\" src=\"https:\/\/www.ucc.edu.ni\/boletininformativo\/php_assets\/uploads\/2023\/12\/Taller-Aduana-150x150.jpeg\" class=\"attachment-thumbnail size-thumbnail wp-post-image\" alt=\"\" style=\"\" \/><\/div><a class=\"wp-block-latest-posts__post-title\" href=\"https:\/\/www.ucc.edu.ni\/boletininformativo\/proyeccion-social\/colaboradores-de-comasa-participan-en-seminario-de-ucc\/\">Colaboradores de COMASA participan en Seminario de UCC<\/a><div class=\"wp-block-latest-posts__post-excerpt\">A trav\u00e9s del \u00e1rea de Postgrado y Educaci\u00f3n Continua, de la Universidad de Ciencias Comerciales UCC, Campus Le\u00f3n, se desarroll\u00f3&hellip; <\/div><\/li>\n<li><div class=\"wp-block-latest-posts__featured-image\"><img loading=\"lazy\" decoding=\"async\" width=\"150\" height=\"150\" src=\"https:\/\/www.ucc.edu.ni\/boletininformativo\/php_assets\/uploads\/2023\/12\/ASAMBLEA-150x150.jpg\" class=\"attachment-thumbnail size-thumbnail wp-post-image\" alt=\"\" style=\"\" \/><\/div><a class=\"wp-block-latest-posts__post-title\" href=\"https:\/\/www.ucc.edu.ni\/boletininformativo\/docencia\/estudiantes-del-campus-leon-visitaron-la-asamblea-nacional\/\">Estudiantes del Campus Le\u00f3n visitaron la Asamblea Nacional<\/a><div class=\"wp-block-latest-posts__post-excerpt\">Los estudiantes de las carreras de Administraci\u00f3n de Empresas, Contadur\u00eda P\u00fablica y Finanzas y Derecho con \u00e9nfasis en Gerencia Empresarial&hellip; <\/div><\/li>\n<li><div class=\"wp-block-latest-posts__featured-image\"><img loading=\"lazy\" decoding=\"async\" width=\"150\" height=\"150\" src=\"https:\/\/www.ucc.edu.ni\/boletininformativo\/php_assets\/uploads\/2023\/12\/MISS-UCC-150x150.jpg\" class=\"attachment-thumbnail size-thumbnail wp-post-image\" alt=\"\" style=\"\" \/><\/div><a class=\"wp-block-latest-posts__post-title\" href=\"https:\/\/www.ucc.edu.ni\/boletininformativo\/gestion-institucional\/eligen-a-miss-ucc-2023\/\">Eligen a Miss UCC 2023<\/a><div class=\"wp-block-latest-posts__post-excerpt\">Faviana Acosta, estudiante de la carrera de Marketing y Publicidad de la Sede Central Managua, es la nueva Miss UCC&hellip; <\/div><\/li>\n<li><div class=\"wp-block-latest-posts__featured-image\"><img loading=\"lazy\" decoding=\"async\" width=\"150\" height=\"150\" src=\"https:\/\/www.ucc.edu.ni\/boletininformativo\/php_assets\/uploads\/2023\/12\/Taller-Congreso-150x150.jpeg\" class=\"attachment-thumbnail size-thumbnail wp-post-image\" alt=\"\" style=\"\" \/><\/div><a class=\"wp-block-latest-posts__post-title\" href=\"https:\/\/www.ucc.edu.ni\/boletininformativo\/docencia\/taller-del-congreso-promueve-afectividad-creatividad-y-trabajo-en-equipo\/\">Taller del Congreso promueve Afectividad, Creatividad y Trabajo en Equipo<\/a><div class=\"wp-block-latest-posts__post-excerpt\">\u00a8Estrategias y pr\u00e1cticas afectivas en la formaci\u00f3n de equipos de trabajo para la excelencia\u00a8, fue el taller que desarroll\u00f3 la&hellip; <\/div><\/li>\n<li><div class=\"wp-block-latest-posts__featured-image\"><img loading=\"lazy\" decoding=\"async\" width=\"150\" height=\"150\" src=\"https:\/\/www.ucc.edu.ni\/boletininformativo\/php_assets\/uploads\/2023\/12\/JIRE-2023-150x150.jpeg\" class=\"attachment-thumbnail size-thumbnail wp-post-image\" alt=\"\" style=\"\" \/><\/div><a class=\"wp-block-latest-posts__post-title\" href=\"https:\/\/www.ucc.edu.ni\/boletininformativo\/destacadas\/jornada-de-investigacion-relevantes-jire-2023\/\">Jornada de Investigaci\u00f3n Relevantes JIRE 2023<\/a><div class=\"wp-block-latest-posts__post-excerpt\">Las investigaciones mejoran la calidad educativa porque fortalecen conocimientos, capacidades, habilidades y destrezas en docentes y estudiantes. Es por ello,&hellip; <\/div><\/li>\n<li><div class=\"wp-block-latest-posts__featured-image\"><img loading=\"lazy\" decoding=\"async\" width=\"150\" height=\"150\" src=\"https:\/\/www.ucc.edu.ni\/boletininformativo\/php_assets\/uploads\/2023\/12\/UCC-Creciente-Agricola-150x150.jpeg\" class=\"attachment-thumbnail size-thumbnail wp-post-image\" alt=\"\" style=\"\" \/><\/div><a class=\"wp-block-latest-posts__post-title\" href=\"https:\/\/www.ucc.edu.ni\/boletininformativo\/gestion-institucional\/ucc-y-creciente-agricola-s-a-firman-carta-de-alianza\/\">UCC y Creciente Agr\u00edcola S.A firman Carta de Alianza<\/a><div class=\"wp-block-latest-posts__post-excerpt\">Establecer las l\u00edneas de cooperaci\u00f3n mutua, fue el objetivo de la firma de Carta de Alianza Estrat\u00e9gica firmada entre la&hellip; <\/div><\/li>\n<li><div class=\"wp-block-latest-posts__featured-image\"><img loading=\"lazy\" decoding=\"async\" width=\"150\" height=\"150\" src=\"https:\/\/www.ucc.edu.ni\/boletininformativo\/php_assets\/uploads\/2023\/12\/Defensas-Sede-Managua-150x150.jpg\" class=\"attachment-thumbnail size-thumbnail wp-post-image\" alt=\"\" style=\"\" \/><\/div><a class=\"wp-block-latest-posts__post-title\" href=\"https:\/\/www.ucc.edu.ni\/boletininformativo\/destacadas\/buenos-resultados-en-defensas-de-sede-central-managua\/\">Buenos resultados en Defensas de Sede Central Managua<\/a><div class=\"wp-block-latest-posts__post-excerpt\">\u201cEstoy muy satisfecha y agradecida con la universidad, por la ense\u00f1anza de calidad que recib\u00ed en mis a\u00f1os de estudios\u201d.&hellip; <\/div><\/li>\n<li><div class=\"wp-block-latest-posts__featured-image\"><img loading=\"lazy\" decoding=\"async\" width=\"150\" height=\"150\" src=\"https:\/\/www.ucc.edu.ni\/boletininformativo\/php_assets\/uploads\/2023\/12\/Congreso-2023-150x150.jpeg\" class=\"attachment-thumbnail size-thumbnail wp-post-image\" alt=\"\" style=\"\" \/><\/div><a class=\"wp-block-latest-posts__post-title\" href=\"https:\/\/www.ucc.edu.ni\/boletininformativo\/noviembre-2023\/congreso-universitario-aborda-la-inteligencia-artificial\/\">Congreso Universitario aborda la Inteligencia Artificial<\/a><div class=\"wp-block-latest-posts__post-excerpt\">La Universidad de Ciencias Comerciales UCC, desarroll\u00f3 de forma exitosa, el Congreso Nacional Universitario 2023, \u201cConectando con la Inteligencia Artificial,&hellip; <\/div><\/li>\n<li><div class=\"wp-block-latest-posts__featured-image\"><img loading=\"lazy\" decoding=\"async\" width=\"150\" height=\"150\" src=\"https:\/\/www.ucc.edu.ni\/boletininformativo\/php_assets\/uploads\/2023\/12\/AGRIS-FAO-150x150.jpeg\" class=\"attachment-thumbnail size-thumbnail wp-post-image\" alt=\"\" style=\"\" \/><\/div><a class=\"wp-block-latest-posts__post-title\" href=\"https:\/\/www.ucc.edu.ni\/boletininformativo\/noviembre-2023\/ucc-se-integra-al-sistema-internacional-agris-fao\/\">UCC se integra al Sistema Internacional AGRIS FAO<\/a><div class=\"wp-block-latest-posts__post-excerpt\">UCC es a partir de hoy, la segunda universidad de Nicaragua que se integra al Sistema Internacional para la Ciencia&hellip; <\/div><\/li>\n<\/ul>","protected":false},"excerpt":{"rendered":"","protected":false},"author":1,"featured_media":0,"parent":0,"menu_order":0,"comment_status":"closed","ping_status":"closed","template":"","meta":{"footnotes":""},"class_list":["post-818","page","type-page","status-publish","hentry"],"_links":{"self":[{"href":"https:\/\/www.ucc.edu.ni\/boletininformativo\/wp-json\/wp\/v2\/pages\/818","targetHints":{"allow":["GET"]}}],"collection":[{"href":"https:\/\/www.ucc.edu.ni\/boletininformativo\/wp-json\/wp\/v2\/pages"}],"about":[{"href":"https:\/\/www.ucc.edu.ni\/boletininformativo\/wp-json\/wp\/v2\/types\/page"}],"author":[{"embeddable":true,"href":"https:\/\/www.ucc.edu.ni\/boletininformativo\/wp-json\/wp\/v2\/users\/1"}],"replies":[{"embeddable":true,"href":"https:\/\/www.ucc.edu.ni\/boletininformativo\/wp-json\/wp\/v2\/comments?post=818"}],"version-history":[{"count":1,"href":"https:\/\/www.ucc.edu.ni\/boletininformativo\/wp-json\/wp\/v2\/pages\/818\/revisions"}],"predecessor-version":[{"id":819,"href":"https:\/\/www.ucc.edu.ni\/boletininformativo\/wp-json\/wp\/v2\/pages\/818\/revisions\/819"}],"wp:attachment":[{"href":"https:\/\/www.ucc.edu.ni\/boletininformativo\/wp-json\/wp\/v2\/media?parent=818"}],"curies":[{"name":"wp","href":"https:\/\/api.w.org\/{rel}","templated":true}]}}