{"id":677,"date":"2023-10-30T02:03:02","date_gmt":"2023-10-30T08:03:02","guid":{"rendered":"https:\/\/www.ucc.edu.ni\/boletininformativo\/?page_id=677"},"modified":"2023-10-30T02:03:03","modified_gmt":"2023-10-30T08:03:03","slug":"septiembre-2023-2","status":"publish","type":"page","link":"https:\/\/www.ucc.edu.ni\/boletininformativo\/septiembre-2023-2\/","title":{"rendered":"SEPTIEMBRE 2023"},"content":{"rendered":"<ul class=\"wp-block-latest-posts__list is-grid columns-3 wp-block-latest-posts\"><li><div class=\"wp-block-latest-posts__featured-image\"><img loading=\"lazy\" decoding=\"async\" width=\"150\" height=\"150\" src=\"https:\/\/www.ucc.edu.ni\/boletininformativo\/php_assets\/uploads\/2023\/10\/Simulacro-Multiamenazas-150x150.jpeg\" class=\"attachment-thumbnail size-thumbnail wp-post-image\" alt=\"\" style=\"\" \/><\/div><a class=\"wp-block-latest-posts__post-title\" href=\"https:\/\/www.ucc.edu.ni\/boletininformativo\/proyeccion-social\/comunidad-educativa-participa-en-iii-simulacro-multiamenazas\/\">Comunidad Educativa participa en III Simulacro Multiamenazas<\/a><div class=\"wp-block-latest-posts__post-excerpt\">Estudiantes, docentes, personal acad\u00e9mico y administrativo, de la Universidad de Ciencias Comerciales UCC, Sede Central Managua, se sumaron al Tercer&hellip; <\/div><\/li>\n<li><div class=\"wp-block-latest-posts__featured-image\"><img loading=\"lazy\" decoding=\"async\" width=\"150\" height=\"150\" src=\"https:\/\/www.ucc.edu.ni\/boletininformativo\/php_assets\/uploads\/2023\/10\/Concluye-Curso-Atencion-al-Cliente-150x150.jpg\" class=\"attachment-thumbnail size-thumbnail wp-post-image\" alt=\"\" style=\"\" \/><\/div><a class=\"wp-block-latest-posts__post-title\" href=\"https:\/\/www.ucc.edu.ni\/boletininformativo\/proyeccion-social\/concluye-curso-sobre-atencion-al-cliente\/\">Concluye curso sobre Atenci\u00f3n al Cliente<\/a><div class=\"wp-block-latest-posts__post-excerpt\">15 colaboradores del \u00e1rea de Supervisi\u00f3n del Restaurante Pan e Vino, finalizaron el curso de Competencias Blandas para la Atenci\u00f3n&hellip; <\/div><\/li>\n<li><div class=\"wp-block-latest-posts__featured-image\"><img loading=\"lazy\" decoding=\"async\" width=\"150\" height=\"150\" src=\"https:\/\/www.ucc.edu.ni\/boletininformativo\/php_assets\/uploads\/2023\/10\/Campus-Matagalpa-en-Feria-150x150.jpeg\" class=\"attachment-thumbnail size-thumbnail wp-post-image\" alt=\"\" style=\"\" \/><\/div><a class=\"wp-block-latest-posts__post-title\" href=\"https:\/\/www.ucc.edu.ni\/boletininformativo\/proyeccion-social\/ucc-campus-matagalpa-participa-en-feria\/\">UCC Campus Matagalpa participa en Feria<\/a><div class=\"wp-block-latest-posts__post-excerpt\">La Universidad de Ciencias Comerciales, UCC Campus Matagalpa, particip\u00f3 en la feria \u201cMi Matagalpa Emprende\u201d con el fin de promover&hellip; <\/div><\/li>\n<li><div class=\"wp-block-latest-posts__featured-image\"><img loading=\"lazy\" decoding=\"async\" width=\"150\" height=\"150\" src=\"https:\/\/www.ucc.edu.ni\/boletininformativo\/php_assets\/uploads\/2023\/10\/Clausura-Jornada-de-Reforestacion-2023-150x150.jpeg\" class=\"attachment-thumbnail size-thumbnail wp-post-image\" alt=\"\" style=\"\" \/><\/div><a class=\"wp-block-latest-posts__post-title\" href=\"https:\/\/www.ucc.edu.ni\/boletininformativo\/proyeccion-social\/clausura-de-la-jornada-de-reforestacion-2023\/\">Clausura de la Jornada de Reforestaci\u00f3n 2023<\/a><div class=\"wp-block-latest-posts__post-excerpt\">Con la participaci\u00f3n de Autoridades Acad\u00e9micas, se realiz\u00f3 la clausura de la Jornada de Reforestaci\u00f3n 2023, de la Universidad de&hellip; <\/div><\/li>\n<li><div class=\"wp-block-latest-posts__featured-image\"><img loading=\"lazy\" decoding=\"async\" width=\"150\" height=\"150\" src=\"https:\/\/www.ucc.edu.ni\/boletininformativo\/php_assets\/uploads\/2023\/10\/Donacion-de-Libros-150x150.jpeg\" class=\"attachment-thumbnail size-thumbnail wp-post-image\" alt=\"\" style=\"\" \/><\/div><a class=\"wp-block-latest-posts__post-title\" href=\"https:\/\/www.ucc.edu.ni\/boletininformativo\/gestion-institucional\/ucc-recibe-donacion-de-libros\/\">UCC recibe donaci\u00f3n de Libros<\/a><div class=\"wp-block-latest-posts__post-excerpt\">La Universidad de Ciencias Comerciales UCC, Sede Central Managua, recibi\u00f3 un donativo de tres libros, \u201cLa organizaci\u00f3n Clientoc\u00e9ntrica\u201d, que fueron&hellip; <\/div><\/li>\n<li><div class=\"wp-block-latest-posts__featured-image\"><img loading=\"lazy\" decoding=\"async\" width=\"150\" height=\"150\" src=\"https:\/\/www.ucc.edu.ni\/boletininformativo\/php_assets\/uploads\/2023\/10\/Conversatorio-Estudiantes-de-Ingenieria-150x150.jpeg\" class=\"attachment-thumbnail size-thumbnail wp-post-image\" alt=\"\" style=\"\" \/><\/div><a class=\"wp-block-latest-posts__post-title\" href=\"https:\/\/www.ucc.edu.ni\/boletininformativo\/docencia\/conversatorio-con-estudiantes-de-ingenieria\/\">Conversatorio con Estudiantes de Ingenier\u00eda<\/a><div class=\"wp-block-latest-posts__post-excerpt\">Este viernes 29 de septiembre la Coordinaci\u00f3n de Ingenier\u00edas de la Universidad de Ciencias Comerciales UCC, Campus Le\u00f3n, desarroll\u00f3 el&hellip; <\/div><\/li>\n<li><div class=\"wp-block-latest-posts__featured-image\"><img loading=\"lazy\" decoding=\"async\" width=\"150\" height=\"150\" src=\"https:\/\/www.ucc.edu.ni\/boletininformativo\/php_assets\/uploads\/2023\/10\/Feria-Valores-UCC-150x150.jpeg\" class=\"attachment-thumbnail size-thumbnail wp-post-image\" alt=\"\" style=\"\" \/><\/div><a class=\"wp-block-latest-posts__post-title\" href=\"https:\/\/www.ucc.edu.ni\/boletininformativo\/docencia\/feria-de-los-valores-ucc\/\">Feria de los Valores UCC<\/a><div class=\"wp-block-latest-posts__post-excerpt\">Recientemente, se desarroll\u00f3 la IV edici\u00f3n de la Feria de los Valores con el lema, &#8220;Expresando nuestra creatividad&#8221;, de la&hellip; <\/div><\/li>\n<li><div class=\"wp-block-latest-posts__featured-image\"><img loading=\"lazy\" decoding=\"async\" width=\"150\" height=\"150\" src=\"https:\/\/www.ucc.edu.ni\/boletininformativo\/php_assets\/uploads\/2023\/10\/Concluye-Diplomado-de-Fibra-Optica-150x150.jpg\" class=\"attachment-thumbnail size-thumbnail wp-post-image\" alt=\"\" style=\"\" \/><\/div><a class=\"wp-block-latest-posts__post-title\" href=\"https:\/\/www.ucc.edu.ni\/boletininformativo\/proyeccion-social\/concluye-con-exito-diplomado-de-redes-de-fibra-optica\/\">Concluye con \u00e9xito Diplomado de Redes de Fibra \u00d3ptica<\/a><div class=\"wp-block-latest-posts__post-excerpt\">Con mucho \u00e9xito se desarroll\u00f3 el proceso de Defensa de la IV Edici\u00f3n del Diplomado de Dise\u00f1o e Instalaci\u00f3n de&hellip; <\/div><\/li>\n<li><div class=\"wp-block-latest-posts__featured-image\"><img loading=\"lazy\" decoding=\"async\" width=\"150\" height=\"150\" src=\"https:\/\/www.ucc.edu.ni\/boletininformativo\/php_assets\/uploads\/2023\/10\/Campana-publicitaria-150x150.jpg\" class=\"attachment-thumbnail size-thumbnail wp-post-image\" alt=\"\" style=\"\" \/><\/div><a class=\"wp-block-latest-posts__post-title\" href=\"https:\/\/www.ucc.edu.ni\/boletininformativo\/docencia\/campana-publicitaria-con-conciencia-social\/\">Campa\u00f1a publicitaria con Conciencia Social<\/a><div class=\"wp-block-latest-posts__post-excerpt\">Estudiantes de la carrera de Marketing y Publicidad, del Turno Dominical, de la Universidad de Ciencias Comerciales UCC, Sede Central&hellip; <\/div><\/li>\n<li><div class=\"wp-block-latest-posts__featured-image\"><img loading=\"lazy\" decoding=\"async\" width=\"150\" height=\"150\" src=\"https:\/\/www.ucc.edu.ni\/boletininformativo\/php_assets\/uploads\/2023\/10\/Sesion-con-gerentes-de-RRHH-150x150.jpeg\" class=\"attachment-thumbnail size-thumbnail wp-post-image\" alt=\"\" style=\"\" \/><\/div><a class=\"wp-block-latest-posts__post-title\" href=\"https:\/\/www.ucc.edu.ni\/boletininformativo\/proyeccion-social\/sesion-informativa-con-gerentes-de-recursos-humanos\/\">Sesi\u00f3n informativa con Gerentes de Recursos Humanos<\/a><div class=\"wp-block-latest-posts__post-excerpt\">Se desarroll\u00f3 la sesi\u00f3n informativa de la Feria del Empleo 2023, de la Universidad de Ciencias Comerciales UCC, que cont\u00f3&hellip; <\/div><\/li>\n<li><div class=\"wp-block-latest-posts__featured-image\"><img loading=\"lazy\" decoding=\"async\" width=\"150\" height=\"150\" src=\"https:\/\/www.ucc.edu.ni\/boletininformativo\/php_assets\/uploads\/2023\/10\/Desayuno-de-trabajo-150x150.jpeg\" class=\"attachment-thumbnail size-thumbnail wp-post-image\" alt=\"\" style=\"\" \/><\/div><a class=\"wp-block-latest-posts__post-title\" href=\"https:\/\/www.ucc.edu.ni\/boletininformativo\/docencia\/desayuno-de-trabajo-sobre-actividades-academicas\/\">Desayuno de trabajo sobre actividades Acad\u00e9micas<\/a><div class=\"wp-block-latest-posts__post-excerpt\">Autoridades Superiores, Coordinadores de carreras, Bienestar Estudiantil, Biblioteca y Secretar\u00edas Acad\u00e9micas, de la Universidad de Ciencias Comerciales UCC, Sede Central&hellip; <\/div><\/li>\n<li><div class=\"wp-block-latest-posts__featured-image\"><img loading=\"lazy\" decoding=\"async\" width=\"150\" height=\"150\" src=\"https:\/\/www.ucc.edu.ni\/boletininformativo\/php_assets\/uploads\/2023\/10\/Compendio-Normativo-del-CNU-150x150.jpeg\" class=\"attachment-thumbnail size-thumbnail wp-post-image\" alt=\"\" style=\"\" \/><\/div><a class=\"wp-block-latest-posts__post-title\" href=\"https:\/\/www.ucc.edu.ni\/boletininformativo\/gestion-institucional\/presentan-a-universidades-compendio-normativo-del-cnu\/\">Presentan a Universidades Compendio Normativo del CNU<\/a><div class=\"wp-block-latest-posts__post-excerpt\">Equipo acad\u00e9mico y administrativo, de la Universidad de Ciencias Comerciales UCC, asisti\u00f3 a la Presentaci\u00f3n del Compendio Normativo del Consejo&hellip; <\/div><\/li>\n<li><div class=\"wp-block-latest-posts__featured-image\"><img loading=\"lazy\" decoding=\"async\" width=\"150\" height=\"150\" src=\"https:\/\/www.ucc.edu.ni\/boletininformativo\/php_assets\/uploads\/2023\/10\/Club-de-Lectura-150x150.jpg\" class=\"attachment-thumbnail size-thumbnail wp-post-image\" alt=\"\" style=\"\" \/><\/div><a class=\"wp-block-latest-posts__post-title\" href=\"https:\/\/www.ucc.edu.ni\/boletininformativo\/docencia\/club-de-lectura-para-estudiantes-de-arquitectura\/\">Club de Lectura para estudiantes de Arquitectura<\/a><div class=\"wp-block-latest-posts__post-excerpt\">La Coordinaci\u00f3n de Arquitectura, Dise\u00f1o Gr\u00e1fico Publicitario e Ingenier\u00eda en Sistemas, de la Universidad de Ciencias Comerciales UCC, Campus Le\u00f3n&hellip; <\/div><\/li>\n<li><div class=\"wp-block-latest-posts__featured-image\"><img loading=\"lazy\" decoding=\"async\" width=\"150\" height=\"150\" src=\"https:\/\/www.ucc.edu.ni\/boletininformativo\/php_assets\/uploads\/2023\/10\/Reunion-Swisscontact-150x150.jpeg\" class=\"attachment-thumbnail size-thumbnail wp-post-image\" alt=\"\" style=\"\" \/><\/div><a class=\"wp-block-latest-posts__post-title\" href=\"https:\/\/www.ucc.edu.ni\/boletininformativo\/proyeccion-social\/fructifera-reunion-con-swisscontact\/\">Fruct\u00edfera reuni\u00f3n con Swisscontact<\/a><div class=\"wp-block-latest-posts__post-excerpt\">A partir del pr\u00f3ximo a\u00f1o 2024, la Universidad de Ciencias Comerciales UCC, tendr\u00e1 las Licencias de apropiaci\u00f3n de las metodolog\u00edas&hellip; <\/div><\/li>\n<li><div class=\"wp-block-latest-posts__featured-image\"><img loading=\"lazy\" decoding=\"async\" width=\"150\" height=\"150\" src=\"https:\/\/www.ucc.edu.ni\/boletininformativo\/php_assets\/uploads\/2023\/10\/Anteproyectos-Arquitectonicos-150x150.jpg\" class=\"attachment-thumbnail size-thumbnail wp-post-image\" alt=\"\" style=\"\" \/><\/div><a class=\"wp-block-latest-posts__post-title\" href=\"https:\/\/www.ucc.edu.ni\/boletininformativo\/docencia\/propuestas-de-anteproyectos-arquitectonicos\/\">Propuestas de Anteproyectos Arquitect\u00f3nicos<\/a><div class=\"wp-block-latest-posts__post-excerpt\">La Universidad de Ciencias Comerciales UCC, Campus Le\u00f3n desarroll\u00f3 la Jornada de Exposici\u00f3n de Propuestas de Anteproyectos Arquitect\u00f3nicos. Como conclusi\u00f3n&hellip; <\/div><\/li>\n<li><div class=\"wp-block-latest-posts__featured-image\"><img loading=\"lazy\" decoding=\"async\" width=\"150\" height=\"150\" src=\"https:\/\/www.ucc.edu.ni\/boletininformativo\/php_assets\/uploads\/2023\/10\/Emprendedores-Leon-150x150.jpeg\" class=\"attachment-thumbnail size-thumbnail wp-post-image\" alt=\"\" style=\"\" \/><\/div><a class=\"wp-block-latest-posts__post-title\" href=\"https:\/\/www.ucc.edu.ni\/boletininformativo\/docencia\/entrega-de-identidad-corporativa-a-emprendedores-de-leon\/\">Entrega de Identidad Corporativa a Emprendedores de Le\u00f3n<\/a><div class=\"wp-block-latest-posts__post-excerpt\">Como parte del fortalecimiento de la Alianza Estrat\u00e9gica establecida entre La Universidad de Ciencias Comerciales UCC, Campus Le\u00f3n y el&hellip; <\/div><\/li>\n<li><div class=\"wp-block-latest-posts__featured-image\"><img loading=\"lazy\" decoding=\"async\" width=\"150\" height=\"150\" src=\"https:\/\/www.ucc.edu.ni\/boletininformativo\/php_assets\/uploads\/2023\/10\/Copa-UCC-2023-150x150.jpeg\" class=\"attachment-thumbnail size-thumbnail wp-post-image\" alt=\"\" style=\"\" \/><\/div><a class=\"wp-block-latest-posts__post-title\" href=\"https:\/\/www.ucc.edu.ni\/boletininformativo\/destacadas\/inicia-xviii-copa-ucc-2023\/\">Inicia XVIII Copa UCC 2023<\/a><div class=\"wp-block-latest-posts__post-excerpt\">En el marco del 60 Aniversario de la Universidad de Ciencias Comerciales UCC, se inaugur\u00f3 la XVIII Copa UCC 2023,&hellip; <\/div><\/li>\n<li><div class=\"wp-block-latest-posts__featured-image\"><img loading=\"lazy\" decoding=\"async\" width=\"150\" height=\"150\" src=\"https:\/\/www.ucc.edu.ni\/boletininformativo\/php_assets\/uploads\/2023\/10\/Conferencia-CONPEHT-150x150.jpeg\" class=\"attachment-thumbnail size-thumbnail wp-post-image\" alt=\"\" style=\"\" \/><\/div><a class=\"wp-block-latest-posts__post-title\" href=\"https:\/\/www.ucc.edu.ni\/boletininformativo\/destacadas\/presidente-de-conpeht-ofrece-importante-conferencia\/\">Presidente de CONPEHT ofrece importante Conferencia<\/a><div class=\"wp-block-latest-posts__post-excerpt\">\u201cLa Internacionalizaci\u00f3n de la Educaci\u00f3n Superior\u201d, fue el tema de la conferencia virtual ofrecida por el Presidente de la Confederaci\u00f3n&hellip; <\/div><\/li>\n<li><div class=\"wp-block-latest-posts__featured-image\"><img loading=\"lazy\" decoding=\"async\" width=\"150\" height=\"150\" src=\"https:\/\/www.ucc.edu.ni\/boletininformativo\/php_assets\/uploads\/2023\/10\/Seminario-Regional-Sur-150x150.jpeg\" class=\"attachment-thumbnail size-thumbnail wp-post-image\" alt=\"\" style=\"\" \/><\/div><a class=\"wp-block-latest-posts__post-title\" href=\"https:\/\/www.ucc.edu.ni\/boletininformativo\/septiembre-2023\/satisfaccion-de-participantes-en-seminario-regional-sur\/\">Satisfacci\u00f3n de participantes en Seminario Regional Sur<\/a><div class=\"wp-block-latest-posts__post-excerpt\">Con la participaci\u00f3n de 65 profesionales y estudiantes, se desarroll\u00f3 en el Gran Hotel Victoria de la ciudad de Rivas,&hellip; <\/div><\/li>\n<li><div class=\"wp-block-latest-posts__featured-image\"><img loading=\"lazy\" decoding=\"async\" width=\"150\" height=\"150\" src=\"https:\/\/www.ucc.edu.ni\/boletininformativo\/php_assets\/uploads\/2023\/10\/Prezentacion-MEDE-2023-150x150.jpeg\" class=\"attachment-thumbnail size-thumbnail wp-post-image\" alt=\"\" style=\"\" \/><\/div><a class=\"wp-block-latest-posts__post-title\" href=\"https:\/\/www.ucc.edu.ni\/boletininformativo\/septiembre-2023\/ucc-abre-maestria-ejecutiva-en-direccion-de-empresas\/\">UCC abre Maestr\u00eda Ejecutiva en Direcci\u00f3n de Empresas<\/a><div class=\"wp-block-latest-posts__post-excerpt\">La Universidad de Ciencias Comerciales UCC, a trav\u00e9s de la Direcci\u00f3n de Posgrado y Educaci\u00f3n Continua, realiz\u00f3 el lanzamiento de&hellip; <\/div><\/li>\n<\/ul>","protected":false},"excerpt":{"rendered":"","protected":false},"author":1,"featured_media":0,"parent":0,"menu_order":0,"comment_status":"closed","ping_status":"closed","template":"","meta":{"footnotes":""},"class_list":["post-677","page","type-page","status-publish","hentry"],"_links":{"self":[{"href":"https:\/\/www.ucc.edu.ni\/boletininformativo\/wp-json\/wp\/v2\/pages\/677","targetHints":{"allow":["GET"]}}],"collection":[{"href":"https:\/\/www.ucc.edu.ni\/boletininformativo\/wp-json\/wp\/v2\/pages"}],"about":[{"href":"https:\/\/www.ucc.edu.ni\/boletininformativo\/wp-json\/wp\/v2\/types\/page"}],"author":[{"embeddable":true,"href":"https:\/\/www.ucc.edu.ni\/boletininformativo\/wp-json\/wp\/v2\/users\/1"}],"replies":[{"embeddable":true,"href":"https:\/\/www.ucc.edu.ni\/boletininformativo\/wp-json\/wp\/v2\/comments?post=677"}],"version-history":[{"count":1,"href":"https:\/\/www.ucc.edu.ni\/boletininformativo\/wp-json\/wp\/v2\/pages\/677\/revisions"}],"predecessor-version":[{"id":678,"href":"https:\/\/www.ucc.edu.ni\/boletininformativo\/wp-json\/wp\/v2\/pages\/677\/revisions\/678"}],"wp:attachment":[{"href":"https:\/\/www.ucc.edu.ni\/boletininformativo\/wp-json\/wp\/v2\/media?parent=677"}],"curies":[{"name":"wp","href":"https:\/\/api.w.org\/{rel}","templated":true}]}}