{"id":612,"date":"2023-10-01T10:52:15","date_gmt":"2023-10-01T16:52:15","guid":{"rendered":"https:\/\/www.ucc.edu.ni\/boletininformativo\/?page_id=612"},"modified":"2023-10-01T10:52:16","modified_gmt":"2023-10-01T16:52:16","slug":"agosto-2023-2","status":"publish","type":"page","link":"https:\/\/www.ucc.edu.ni\/boletininformativo\/agosto-2023-2\/","title":{"rendered":"AGOSTO 2023"},"content":{"rendered":"<ul class=\"wp-block-latest-posts__list is-grid columns-3 wp-block-latest-posts\"><li><div class=\"wp-block-latest-posts__featured-image\"><img loading=\"lazy\" decoding=\"async\" width=\"150\" height=\"150\" src=\"https:\/\/www.ucc.edu.ni\/boletininformativo\/php_assets\/uploads\/2023\/08\/Defensas-de-Especialidades-150x150.jpeg\" class=\"attachment-thumbnail size-thumbnail wp-post-image\" alt=\"\" style=\"\" \/><\/div><a class=\"wp-block-latest-posts__post-title\" href=\"https:\/\/www.ucc.edu.ni\/boletininformativo\/docencia\/defensas-de-programas-de-especialidades\/\">Defensas de Programas de Especialidades<\/a><div class=\"wp-block-latest-posts__post-excerpt\">\u201cLa experiencia ha sido enriquecedora, nuestra ense\u00f1anza fue de mucha calidad, temas actualizados y apegados a la realidad empresarial\u201d. Fueron&hellip; <\/div><\/li>\n<li><div class=\"wp-block-latest-posts__featured-image\"><img loading=\"lazy\" decoding=\"async\" width=\"150\" height=\"150\" src=\"https:\/\/www.ucc.edu.ni\/boletininformativo\/php_assets\/uploads\/2023\/08\/Mipymes-150x150.jpeg\" class=\"attachment-thumbnail size-thumbnail wp-post-image\" alt=\"\" style=\"\" \/><\/div><a class=\"wp-block-latest-posts__post-title\" href=\"https:\/\/www.ucc.edu.ni\/boletininformativo\/docencia\/investigacion-de-mercado-para-mipymes\/\">Investigaci\u00f3n de Mercado para Mipymes<\/a><div class=\"wp-block-latest-posts__post-excerpt\">La Universidad de Ciencias Comerciales UCC, Campus Matagalpa, present\u00f3 diferentes investigaciones de mercado para Mipymes de los departamentos de Matagalpa&hellip; <\/div><\/li>\n<li><div class=\"wp-block-latest-posts__featured-image\"><img loading=\"lazy\" decoding=\"async\" width=\"150\" height=\"150\" src=\"https:\/\/www.ucc.edu.ni\/boletininformativo\/php_assets\/uploads\/2023\/08\/2effb943-e431-492f-bec9-02849f164739-150x150.jpg\" class=\"attachment-thumbnail size-thumbnail wp-post-image\" alt=\"\" style=\"\" \/><\/div><a class=\"wp-block-latest-posts__post-title\" href=\"https:\/\/www.ucc.edu.ni\/boletininformativo\/docencia\/visita-a-la-empresa-flor-de-cana\/\">Visita a la Empresa Flor de Ca\u00f1a<\/a><div class=\"wp-block-latest-posts__post-excerpt\">Estudiantes de IV a\u00f1o de la carrera de Ingenier\u00eda Industrial, de la Universidad de Ciencias Comerciales UCC, del campus Matagalpa,&hellip; <\/div><\/li>\n<li><div class=\"wp-block-latest-posts__featured-image\"><img loading=\"lazy\" decoding=\"async\" width=\"150\" height=\"150\" src=\"https:\/\/www.ucc.edu.ni\/boletininformativo\/php_assets\/uploads\/2023\/08\/Primer-Festival-Intercultural-150x150.jpeg\" class=\"attachment-thumbnail size-thumbnail wp-post-image\" alt=\"\" style=\"\" \/><\/div><a class=\"wp-block-latest-posts__post-title\" href=\"https:\/\/www.ucc.edu.ni\/boletininformativo\/gestion-institucional\/primer-festival-intercultural\/\">Primer Festival Intercultural<\/a><div class=\"wp-block-latest-posts__post-excerpt\">Folklore, marimba, teatro y todo un derroche de cultura y tradiciones, se desarroll\u00f3 en la Universidad de Ciencias Comerciales UCC,&hellip; <\/div><\/li>\n<li><div class=\"wp-block-latest-posts__featured-image\"><img loading=\"lazy\" decoding=\"async\" width=\"150\" height=\"150\" src=\"https:\/\/www.ucc.edu.ni\/boletininformativo\/php_assets\/uploads\/2023\/08\/Visita-Asamblea-Nacional-150x150.jpeg\" class=\"attachment-thumbnail size-thumbnail wp-post-image\" alt=\"\" style=\"\" \/><\/div><a class=\"wp-block-latest-posts__post-title\" href=\"https:\/\/www.ucc.edu.ni\/boletininformativo\/docencia\/estudiantes-visitan-la-asamblea-nacional\/\">Estudiantes visitan la Asamblea Nacional<\/a><div class=\"wp-block-latest-posts__post-excerpt\">Una delegaci\u00f3n de estudiantes y docentes de la carrera de Derecho, de la Universidad de Ciencias Comerciales UCC Campus Matagalpa,&hellip; <\/div><\/li>\n<li><div class=\"wp-block-latest-posts__featured-image\"><img loading=\"lazy\" decoding=\"async\" width=\"150\" height=\"150\" src=\"https:\/\/www.ucc.edu.ni\/boletininformativo\/php_assets\/uploads\/2023\/08\/Diplomado-de-Redes-de-Fibra-Optica-150x150.jpeg\" class=\"attachment-thumbnail size-thumbnail wp-post-image\" alt=\"\" style=\"\" \/><\/div><a class=\"wp-block-latest-posts__post-title\" href=\"https:\/\/www.ucc.edu.ni\/boletininformativo\/docencia\/satisfaccion-de-participantes-en-diplomado-de-redes-de-fibra-optica\/\">Satisfacci\u00f3n de participantes en Diplomado de Redes de Fibra \u00d3ptica<\/a><div class=\"wp-block-latest-posts__post-excerpt\">Ronald Adam, es el jefe de Operaciones de World Trade, empresa de servicios de redes de fibra \u00f3ptica y actualmente&hellip; <\/div><\/li>\n<li><div class=\"wp-block-latest-posts__featured-image\"><img loading=\"lazy\" decoding=\"async\" width=\"150\" height=\"150\" src=\"https:\/\/www.ucc.edu.ni\/boletininformativo\/php_assets\/uploads\/2023\/08\/Actividades-con-PMI-150x150.jpg\" class=\"attachment-thumbnail size-thumbnail wp-post-image\" alt=\"\" style=\"\" \/><\/div><a class=\"wp-block-latest-posts__post-title\" href=\"https:\/\/www.ucc.edu.ni\/boletininformativo\/gestion-institucional\/planifican-actividades-con-pmi\/\">Planifican Actividades con PMI<\/a><div class=\"wp-block-latest-posts__post-excerpt\">Como parte del fortalecimiento de alianzas empresariales, autoridades acad\u00e9micas de la Universidad de Ciencias Comerciales UCC, se reunieron con el&hellip; <\/div><\/li>\n<li><div class=\"wp-block-latest-posts__featured-image\"><img loading=\"lazy\" decoding=\"async\" width=\"150\" height=\"150\" src=\"https:\/\/www.ucc.edu.ni\/boletininformativo\/php_assets\/uploads\/2023\/08\/Taller-de-Sublimacion-150x150.jpg\" class=\"attachment-thumbnail size-thumbnail wp-post-image\" alt=\"\" style=\"\" \/><\/div><a class=\"wp-block-latest-posts__post-title\" href=\"https:\/\/www.ucc.edu.ni\/boletininformativo\/docencia\/taller-de-sublimacion-para-estudiantes\/\">Taller de Sublimaci\u00f3n para Estudiantes<\/a><div class=\"wp-block-latest-posts__post-excerpt\">La Universidad de Ciencias Comerciales UCC, Campus Le\u00f3n, a trav\u00e9s de la Coordinaci\u00f3n de Arquitectura, Dise\u00f1o Gr\u00e1fico y Publicitario e&hellip; <\/div><\/li>\n<li><div class=\"wp-block-latest-posts__featured-image\"><img loading=\"lazy\" decoding=\"async\" width=\"150\" height=\"150\" src=\"https:\/\/www.ucc.edu.ni\/boletininformativo\/php_assets\/uploads\/2023\/08\/Taller-Curricular-150x150.jpeg\" class=\"attachment-thumbnail size-thumbnail wp-post-image\" alt=\"\" style=\"\" \/><\/div><a class=\"wp-block-latest-posts__post-title\" href=\"https:\/\/www.ucc.edu.ni\/boletininformativo\/docencia\/taller-curricular\/\">Taller Curricular<\/a><div class=\"wp-block-latest-posts__post-excerpt\">Con la participaci\u00f3n de Coordinadores de carreras, docentes y equipo de la Direcci\u00f3n de Posgrado y Educaci\u00f3n Continua, de la&hellip; <\/div><\/li>\n<li><div class=\"wp-block-latest-posts__featured-image\"><img loading=\"lazy\" decoding=\"async\" width=\"150\" height=\"150\" src=\"https:\/\/www.ucc.edu.ni\/boletininformativo\/php_assets\/uploads\/2023\/08\/Proyectos-Emprendedores-150x150.jpeg\" class=\"attachment-thumbnail size-thumbnail wp-post-image\" alt=\"\" style=\"\" \/><\/div><a class=\"wp-block-latest-posts__post-title\" href=\"https:\/\/www.ucc.edu.ni\/boletininformativo\/docencia\/premiacion-de-proyectos-emprendedores\/\">Premiaci\u00f3n de Proyectos Emprendedores<\/a><div class=\"wp-block-latest-posts__post-excerpt\">La Direcci\u00f3n Acad\u00e9mica, de la Universidad de Ciencias Comerciales UCC, Sede Central Managua, entreg\u00f3 reconocimientos y premios a los estudiantes,&hellip; <\/div><\/li>\n<li><div class=\"wp-block-latest-posts__featured-image\"><img loading=\"lazy\" decoding=\"async\" width=\"150\" height=\"150\" src=\"https:\/\/www.ucc.edu.ni\/boletininformativo\/php_assets\/uploads\/2023\/08\/Festival-Intercultural-Campus-Leon-150x150.jpeg\" class=\"attachment-thumbnail size-thumbnail wp-post-image\" alt=\"\" style=\"\" \/><\/div><a class=\"wp-block-latest-posts__post-title\" href=\"https:\/\/www.ucc.edu.ni\/boletininformativo\/docencia\/festival-intercultural-campus-leon\/\">Festival Intercultural Campus Le\u00f3n<\/a><div class=\"wp-block-latest-posts__post-excerpt\">La Universidad de Ciencias Comerciales UCC, Campus Le\u00f3n desarroll\u00f3 el Festival Intercultural 2023, &#8220;Presentaci\u00f3n de la Cultura, Mitos y Tradiciones&hellip; <\/div><\/li>\n<li><div class=\"wp-block-latest-posts__featured-image\"><img loading=\"lazy\" decoding=\"async\" width=\"150\" height=\"150\" src=\"https:\/\/www.ucc.edu.ni\/boletininformativo\/php_assets\/uploads\/2023\/08\/GCAETH6-150x150.jpg\" class=\"attachment-thumbnail size-thumbnail wp-post-image\" alt=\"\" style=\"\" \/><\/div><a class=\"wp-block-latest-posts__post-title\" href=\"https:\/\/www.ucc.edu.ni\/boletininformativo\/docencia\/gira-de-campo-a-lugares-turisticos-de-la-ciudad-de-leon\/\">Gira de Campo a lugares Tur\u00edsticos de la Ciudad de Le\u00f3n<\/a><div class=\"wp-block-latest-posts__post-excerpt\">Estudiantes de tercer a\u00f1o, de la la carrera de Administraci\u00f3n de Empresas Tur\u00edsticas y Hoteleras, de la Universidad de Ciencias&hellip; <\/div><\/li>\n<li><div class=\"wp-block-latest-posts__featured-image\"><img loading=\"lazy\" decoding=\"async\" width=\"150\" height=\"150\" src=\"https:\/\/www.ucc.edu.ni\/boletininformativo\/php_assets\/uploads\/2023\/08\/Aarquitectos-Aula-Experimental-150x150.jpg\" class=\"attachment-thumbnail size-thumbnail wp-post-image\" alt=\"\" style=\"\" \/><\/div><a class=\"wp-block-latest-posts__post-title\" href=\"https:\/\/www.ucc.edu.ni\/boletininformativo\/docencia\/futuros-ingenieros-y-arquitectos-participan-en-aula-experimental\/\">Futuros Ingenieros y arquitectos participan en Aula Experimental<\/a><div class=\"wp-block-latest-posts__post-excerpt\">Estudiantes de las carreras de Arquitectura, Ingenier\u00eda Civil, Ingenier\u00eda Industrial e Ingenier\u00eda en Inform\u00e1tica y Telecomunicaciones, de la Universidad de&hellip; <\/div><\/li>\n<li><div class=\"wp-block-latest-posts__featured-image\"><img loading=\"lazy\" decoding=\"async\" width=\"150\" height=\"150\" src=\"https:\/\/www.ucc.edu.ni\/boletininformativo\/php_assets\/uploads\/2023\/08\/Capacitacion-150x150.jpeg\" class=\"attachment-thumbnail size-thumbnail wp-post-image\" alt=\"\" style=\"\" \/><\/div><a class=\"wp-block-latest-posts__post-title\" href=\"https:\/\/www.ucc.edu.ni\/boletininformativo\/gestion-institucional\/consecuencias-del-ruido-en-lugares-de-trabajo\/\">Consecuencias del ruido en lugares de trabajo<\/a><div class=\"wp-block-latest-posts__post-excerpt\">La Comisi\u00f3n Mixta de Higiene y Seguridad, \u00e1rea de Mantenimiento y Conserjer\u00eda, de la Universidad de Ciencias Comerciales UCC, Sede&hellip; <\/div><\/li>\n<li><div class=\"wp-block-latest-posts__featured-image\"><img loading=\"lazy\" decoding=\"async\" width=\"150\" height=\"150\" src=\"https:\/\/www.ucc.edu.ni\/boletininformativo\/php_assets\/uploads\/2023\/08\/Jornada-Veterinaria-150x150.jpeg\" class=\"attachment-thumbnail size-thumbnail wp-post-image\" alt=\"\" style=\"\" \/><\/div><a class=\"wp-block-latest-posts__post-title\" href=\"https:\/\/www.ucc.edu.ni\/boletininformativo\/proyeccion-social\/estudiantes-demuestran-habilidades-en-jornada-veterinaria\/\">Estudiantes demuestran habilidades en Jornada Veterinaria<\/a><div class=\"wp-block-latest-posts__post-excerpt\">La Coordinaci\u00f3n de Medicina Veterinaria y Zootecnia, de la Universidad de Ciencias Comerciales UCC, particip\u00f3 en la Jornada de Atenci\u00f3n&hellip; <\/div><\/li>\n<li><div class=\"wp-block-latest-posts__featured-image\"><img loading=\"lazy\" decoding=\"async\" width=\"150\" height=\"150\" src=\"https:\/\/www.ucc.edu.ni\/boletininformativo\/php_assets\/uploads\/2023\/08\/UPF-150x150.jpg\" class=\"attachment-thumbnail size-thumbnail wp-post-image\" alt=\"\" style=\"\" \/><\/div><a class=\"wp-block-latest-posts__post-title\" href=\"https:\/\/www.ucc.edu.ni\/boletininformativo\/docencia\/conferencia-especializada-a-estudiantes-de-ucc\/\">Conferencia Especializada a Estudiantes de UCC<\/a><div class=\"wp-block-latest-posts__post-excerpt\">La Universidad de Ciencias Comerciales UCC, Campus Le\u00f3n y la Federaci\u00f3n para la Paz Universal UPF, desarrollaron el mi\u00e9rcoles 9&hellip; <\/div><\/li>\n<li><div class=\"wp-block-latest-posts__featured-image\"><img loading=\"lazy\" decoding=\"async\" width=\"150\" height=\"150\" src=\"https:\/\/www.ucc.edu.ni\/boletininformativo\/php_assets\/uploads\/2023\/08\/Feria-Emprendimiento-150x150.jpeg\" class=\"attachment-thumbnail size-thumbnail wp-post-image\" alt=\"\" style=\"\" \/><\/div><a class=\"wp-block-latest-posts__post-title\" href=\"https:\/\/www.ucc.edu.ni\/boletininformativo\/destacadas\/estudiantes-destacan-en-feria-de-emprendimiento\/\">Estudiantes destacan en Feria de Emprendimiento<\/a><div class=\"wp-block-latest-posts__post-excerpt\">Atr\u00e9vete a Crear y Crecer, fue el lema de la Feria de Emprendimiento 2023, que se desarroll\u00f3 en la Universidad&hellip; <\/div><\/li>\n<li><div class=\"wp-block-latest-posts__featured-image\"><img loading=\"lazy\" decoding=\"async\" width=\"150\" height=\"150\" src=\"https:\/\/www.ucc.edu.ni\/boletininformativo\/php_assets\/uploads\/2023\/08\/TIGO-150x150.jpeg\" class=\"attachment-thumbnail size-thumbnail wp-post-image\" alt=\"\" style=\"\" \/><\/div><a class=\"wp-block-latest-posts__post-title\" href=\"https:\/\/www.ucc.edu.ni\/boletininformativo\/destacadas\/inauguran-campana-de-reforestacion-escolar-2023\/\">Inauguran Campa\u00f1a de Reforestaci\u00f3n Escolar 2023<\/a><div class=\"wp-block-latest-posts__post-excerpt\">La Universidad de Ciencias Comerciales UCC, a trav\u00e9s de la Coordinaci\u00f3n de Administraci\u00f3n de Empresas Tur\u00edsticas y Hoteleras, inaugur\u00f3 en&hellip; <\/div><\/li>\n<li><div class=\"wp-block-latest-posts__featured-image\"><img loading=\"lazy\" decoding=\"async\" width=\"150\" height=\"150\" src=\"https:\/\/www.ucc.edu.ni\/boletininformativo\/php_assets\/uploads\/2023\/08\/Graduacion-Matagalpa-2023-150x150.jpg\" class=\"attachment-thumbnail size-thumbnail wp-post-image\" alt=\"\" style=\"\" \/><\/div><a class=\"wp-block-latest-posts__post-title\" href=\"https:\/\/www.ucc.edu.ni\/boletininformativo\/agosto-2023\/ucc-campus-matagalpa-celebra-xii-ceremonia-de-graduacion\/\">UCC Campus Matagalpa celebra XII Ceremonia de Graduaci\u00f3n<\/a><div class=\"wp-block-latest-posts__post-excerpt\">El s\u00e1bado 05 de agosto, la Universidad de Ciencias Comerciales UCC, Campus Matagalpa, se visti\u00f3 de gala para la celebraci\u00f3n&hellip; <\/div><\/li>\n<li><div class=\"wp-block-latest-posts__featured-image\"><img loading=\"lazy\" decoding=\"async\" width=\"150\" height=\"150\" src=\"https:\/\/www.ucc.edu.ni\/boletininformativo\/php_assets\/uploads\/2023\/08\/PORTADA-150x150.jpg\" class=\"attachment-thumbnail size-thumbnail wp-post-image\" alt=\"\" style=\"\" \/><\/div><a class=\"wp-block-latest-posts__post-title\" href=\"https:\/\/www.ucc.edu.ni\/boletininformativo\/agosto-2023\/congreso-de-actualizacion-en-medicina-veterinaria\/\">Congreso de Actualizaci\u00f3n en Medicina Veterinaria<\/a><div class=\"wp-block-latest-posts__post-excerpt\">La Coordinaci\u00f3n de Medicina Veterinaria y Zootecnia, de la Universidad de Ciencias Comerciales UCC, desarroll\u00f3 el viernes 18 y s\u00e1bado&hellip; <\/div><\/li>\n<\/ul>","protected":false},"excerpt":{"rendered":"","protected":false},"author":1,"featured_media":0,"parent":0,"menu_order":0,"comment_status":"closed","ping_status":"closed","template":"","meta":{"footnotes":""},"class_list":["post-612","page","type-page","status-publish","hentry"],"_links":{"self":[{"href":"https:\/\/www.ucc.edu.ni\/boletininformativo\/wp-json\/wp\/v2\/pages\/612","targetHints":{"allow":["GET"]}}],"collection":[{"href":"https:\/\/www.ucc.edu.ni\/boletininformativo\/wp-json\/wp\/v2\/pages"}],"about":[{"href":"https:\/\/www.ucc.edu.ni\/boletininformativo\/wp-json\/wp\/v2\/types\/page"}],"author":[{"embeddable":true,"href":"https:\/\/www.ucc.edu.ni\/boletininformativo\/wp-json\/wp\/v2\/users\/1"}],"replies":[{"embeddable":true,"href":"https:\/\/www.ucc.edu.ni\/boletininformativo\/wp-json\/wp\/v2\/comments?post=612"}],"version-history":[{"count":1,"href":"https:\/\/www.ucc.edu.ni\/boletininformativo\/wp-json\/wp\/v2\/pages\/612\/revisions"}],"predecessor-version":[{"id":613,"href":"https:\/\/www.ucc.edu.ni\/boletininformativo\/wp-json\/wp\/v2\/pages\/612\/revisions\/613"}],"wp:attachment":[{"href":"https:\/\/www.ucc.edu.ni\/boletininformativo\/wp-json\/wp\/v2\/media?parent=612"}],"curies":[{"name":"wp","href":"https:\/\/api.w.org\/{rel}","templated":true}]}}