{"id":537,"date":"2023-08-31T15:49:01","date_gmt":"2023-08-31T21:49:01","guid":{"rendered":"https:\/\/www.ucc.edu.ni\/boletininformativo\/?page_id=537"},"modified":"2023-08-31T15:53:07","modified_gmt":"2023-08-31T21:53:07","slug":"julio-2023-2","status":"publish","type":"page","link":"https:\/\/www.ucc.edu.ni\/boletininformativo\/julio-2023-2\/","title":{"rendered":"JULIO 2023"},"content":{"rendered":"<ul class=\"wp-block-latest-posts__list is-grid columns-3 wp-block-latest-posts\"><li><div class=\"wp-block-latest-posts__featured-image\"><img loading=\"lazy\" decoding=\"async\" width=\"150\" height=\"150\" src=\"https:\/\/www.ucc.edu.ni\/boletininformativo\/php_assets\/uploads\/2023\/08\/UCC-y-MINJUVE-150x150.jpeg\" class=\"attachment-thumbnail size-thumbnail wp-post-image\" alt=\"\" style=\"\" \/><\/div><a class=\"wp-block-latest-posts__post-title\" href=\"https:\/\/www.ucc.edu.ni\/boletininformativo\/proyeccion-social\/ucc-y-minjuve-firman-convenio\/\">UCC y MINJUVE firman Convenio<\/a><div class=\"wp-block-latest-posts__post-excerpt\">La Universidad de Ciencias Comerciales UCC y el Ministerio de la Juventud MINJUVE, firmaron un Convenio de Cooperaci\u00f3n, con el&hellip; <\/div><\/li>\n<li><div class=\"wp-block-latest-posts__featured-image\"><img loading=\"lazy\" decoding=\"async\" width=\"150\" height=\"150\" src=\"https:\/\/www.ucc.edu.ni\/boletininformativo\/php_assets\/uploads\/2023\/08\/Dia-del-Estudiante-150x150.jpeg\" class=\"attachment-thumbnail size-thumbnail wp-post-image\" alt=\"\" style=\"\" \/><\/div><a class=\"wp-block-latest-posts__post-title\" href=\"https:\/\/www.ucc.edu.ni\/boletininformativo\/docencia\/conmemoracion-del-dia-del-estudiante\/\">Conmemoraci\u00f3n del D\u00eda del Estudiante<\/a><div class=\"wp-block-latest-posts__post-excerpt\">La Universidad de Ciencias Comerciales UCC, Sede Central Managua, Campus Le\u00f3n y Matagalpa, conmemoraron este lunes 24 de julio, el&hellip; <\/div><\/li>\n<li><div class=\"wp-block-latest-posts__featured-image\"><img loading=\"lazy\" decoding=\"async\" width=\"150\" height=\"150\" src=\"https:\/\/www.ucc.edu.ni\/boletininformativo\/php_assets\/uploads\/2023\/08\/Cooperacion-con-universidades-Centroamericanas-150x150.jpeg\" class=\"attachment-thumbnail size-thumbnail wp-post-image\" alt=\"\" style=\"\" \/><\/div><a class=\"wp-block-latest-posts__post-title\" href=\"https:\/\/www.ucc.edu.ni\/boletininformativo\/gestion-institucional\/ucc-renueva-convenios-de-cooperacion-con-universidades-centroamericanas\/\">UCC renueva Convenios de Cooperaci\u00f3n con Universidades Centroamericanas<\/a><div class=\"wp-block-latest-posts__post-excerpt\">El Rector de la Universidad de Ciencias Comerciales UCC, MSc. Eddy Baltodano, firm\u00f3 la renovaci\u00f3n de convenios de Cooperaci\u00f3n Interinstitucional&hellip; <\/div><\/li>\n<li><div class=\"wp-block-latest-posts__featured-image\"><img loading=\"lazy\" decoding=\"async\" width=\"150\" height=\"150\" src=\"https:\/\/www.ucc.edu.ni\/boletininformativo\/php_assets\/uploads\/2023\/08\/Encuentro-Academico-Internacional-150x150.jpeg\" class=\"attachment-thumbnail size-thumbnail wp-post-image\" alt=\"\" style=\"\" \/><\/div><a class=\"wp-block-latest-posts__post-title\" href=\"https:\/\/www.ucc.edu.ni\/boletininformativo\/docencia\/ucc-presente-en-encuentro-academico-internacional\/\">UCC presente en Encuentro Acad\u00e9mico Internacional<\/a><div class=\"wp-block-latest-posts__post-excerpt\">Una comitiva, de la Universidad de Ciencias Comerciales UCC, encabezada por el Rector, MSc. Eddy Baltodano; Licenciada Cristina Toledo MVZ,&hellip; <\/div><\/li>\n<li><div class=\"wp-block-latest-posts__featured-image\"><img loading=\"lazy\" decoding=\"async\" width=\"150\" height=\"150\" src=\"https:\/\/www.ucc.edu.ni\/boletininformativo\/php_assets\/uploads\/2023\/08\/UCC-celebra-a-maestro-150x150.jpeg\" class=\"attachment-thumbnail size-thumbnail wp-post-image\" alt=\"\" style=\"\" \/><\/div><a class=\"wp-block-latest-posts__post-title\" href=\"https:\/\/www.ucc.edu.ni\/boletininformativo\/docencia\/ucc-sede-central-managua-celebra-a-maestro\/\">UCC Sede Central Managua celebra a maestro<\/a><div class=\"wp-block-latest-posts__post-excerpt\">Bajo un ambiente de alegr\u00eda, docentes de la Universidad de Ciencias Comerciales UCC, Sede Central Managua, celebraron el D\u00eda Nacional&hellip; <\/div><\/li>\n<li><div class=\"wp-block-latest-posts__featured-image\"><img loading=\"lazy\" decoding=\"async\" width=\"150\" height=\"150\" src=\"https:\/\/www.ucc.edu.ni\/boletininformativo\/php_assets\/uploads\/2023\/08\/Curso-Medicina-del-Dolor-150x150.jpeg\" class=\"attachment-thumbnail size-thumbnail wp-post-image\" alt=\"\" style=\"\" \/><\/div><a class=\"wp-block-latest-posts__post-title\" href=\"https:\/\/www.ucc.edu.ni\/boletininformativo\/docencia\/culmina-exitosamente-curso-medicina-del-dolor\/\">Culmina exitosamente Curso Medicina del dolor<\/a><div class=\"wp-block-latest-posts__post-excerpt\">Estudiantes y M\u00e9dicos Veterinarios de Managua y los departamentos, finalizaron en la Universidad de Ciencias Comerciales UCC, el curso &#8220;Manejo&hellip; <\/div><\/li>\n<li><div class=\"wp-block-latest-posts__featured-image\"><img loading=\"lazy\" decoding=\"async\" width=\"150\" height=\"150\" src=\"https:\/\/www.ucc.edu.ni\/boletininformativo\/php_assets\/uploads\/2023\/08\/Capacitacion-Docente-150x150.jpeg\" class=\"attachment-thumbnail size-thumbnail wp-post-image\" alt=\"\" style=\"\" \/><\/div><a class=\"wp-block-latest-posts__post-title\" href=\"https:\/\/www.ucc.edu.ni\/boletininformativo\/docencia\/capacitacion-docente-iii-trimestre-dominical\/\">Capacitaci\u00f3n Docente III Trimestre Dominical<\/a><div class=\"wp-block-latest-posts__post-excerpt\">Maestros de la Universidad de Ciencias Comerciales UCC, Sede Central Managua, participaron en la capacitaci\u00f3n docente de cara al inicio&hellip; <\/div><\/li>\n<li><div class=\"wp-block-latest-posts__featured-image\"><img loading=\"lazy\" decoding=\"async\" width=\"150\" height=\"150\" src=\"https:\/\/www.ucc.edu.ni\/boletininformativo\/php_assets\/uploads\/2023\/08\/Encuentro-150x150.jpeg\" class=\"attachment-thumbnail size-thumbnail wp-post-image\" alt=\"\" style=\"\" \/><\/div><a class=\"wp-block-latest-posts__post-title\" href=\"https:\/\/www.ucc.edu.ni\/boletininformativo\/docencia\/estudiantes-realizan-encuentro\/\">Estudiantes realizan encuentro<\/a><div class=\"wp-block-latest-posts__post-excerpt\">Estudiantes de la Universidad de Ciencias Comerciales Campus Matagalpa, participan todos los mi\u00e9rcoles en reuniones, para realizar actividades l\u00fadicas enfocadas&hellip; <\/div><\/li>\n<li><div class=\"wp-block-latest-posts__featured-image\"><img loading=\"lazy\" decoding=\"async\" width=\"150\" height=\"150\" src=\"https:\/\/www.ucc.edu.ni\/boletininformativo\/php_assets\/uploads\/2023\/08\/Aula-Experimental-150x150.jpeg\" class=\"attachment-thumbnail size-thumbnail wp-post-image\" alt=\"\" style=\"\" \/><\/div><a class=\"wp-block-latest-posts__post-title\" href=\"https:\/\/www.ucc.edu.ni\/boletininformativo\/docencia\/experiencia-enriquecedora-en-aula-experimental\/\">Experiencia enriquecedora en Aula Experimental<\/a><div class=\"wp-block-latest-posts__post-excerpt\">Estudiantes de las diferentes carreras de Ciencias Econ\u00f3micas Empresariales y de Dise\u00f1o Gr\u00e1fico, de la Universidad de Ciencias Comerciales UCC&hellip; <\/div><\/li>\n<li><div class=\"wp-block-latest-posts__featured-image\"><img loading=\"lazy\" decoding=\"async\" width=\"150\" height=\"150\" src=\"https:\/\/www.ucc.edu.ni\/boletininformativo\/php_assets\/uploads\/2023\/08\/Encuentro-de-Bibliotecarios-150x150.jpeg\" class=\"attachment-thumbnail size-thumbnail wp-post-image\" alt=\"\" style=\"\" \/><\/div><a class=\"wp-block-latest-posts__post-title\" href=\"https:\/\/www.ucc.edu.ni\/boletininformativo\/docencia\/encuentro-de-bibliotecarios\/\">Encuentro de Bibliotecarios<\/a><div class=\"wp-block-latest-posts__post-excerpt\">La Coordinadora de Biblioteca, de la Universidad de Ciencias Comerciales UCC, Sede Central Managua, Vanessa Laguna, particip\u00f3 en el XL&hellip; <\/div><\/li>\n<li><div class=\"wp-block-latest-posts__featured-image\"><img loading=\"lazy\" decoding=\"async\" width=\"150\" height=\"150\" src=\"https:\/\/www.ucc.edu.ni\/boletininformativo\/php_assets\/uploads\/2023\/08\/Consulta-del-BID-150x150.jpg\" class=\"attachment-thumbnail size-thumbnail wp-post-image\" alt=\"\" style=\"\" \/><\/div><a class=\"wp-block-latest-posts__post-title\" href=\"https:\/\/www.ucc.edu.ni\/boletininformativo\/proyeccion-social\/autoridades-participan-en-consulta-del-bid\/\">Autoridades participan en consulta del BID<\/a><div class=\"wp-block-latest-posts__post-excerpt\">Esta ma\u00f1ana, el Vicerrector General de la Universidad de Ciencias Comerciales UCC, Marvin Jim\u00e9nez Ruiz y Giselle V\u00e1squez Rodr\u00edguez, Coordinadora&hellip; <\/div><\/li>\n<li><div class=\"wp-block-latest-posts__featured-image\"><img loading=\"lazy\" decoding=\"async\" width=\"150\" height=\"150\" src=\"https:\/\/www.ucc.edu.ni\/boletininformativo\/php_assets\/uploads\/2023\/08\/Conferencia-UPF-150x150.jpeg\" class=\"attachment-thumbnail size-thumbnail wp-post-image\" alt=\"\" style=\"\" \/><\/div><a class=\"wp-block-latest-posts__post-title\" href=\"https:\/\/www.ucc.edu.ni\/boletininformativo\/docencia\/upf-ofrece-conferencia-en-campus-matagalpa\/\">UPF ofrece conferencia en Campus Matagalpa<\/a><div class=\"wp-block-latest-posts__post-excerpt\">La Universidad de Ciencias Comerciales UCC, Campus Matagalpa y la Federaci\u00f3n para la Paz Universal UPF, desarrollaron el jueves 13&hellip; <\/div><\/li>\n<li><div class=\"wp-block-latest-posts__featured-image\"><img loading=\"lazy\" decoding=\"async\" width=\"150\" height=\"150\" src=\"https:\/\/www.ucc.edu.ni\/boletininformativo\/php_assets\/uploads\/2023\/08\/Feria-de-Emprendimiento-150x150.jpeg\" class=\"attachment-thumbnail size-thumbnail wp-post-image\" alt=\"\" style=\"\" \/><\/div><a class=\"wp-block-latest-posts__post-title\" href=\"https:\/\/www.ucc.edu.ni\/boletininformativo\/docencia\/feria-de-emprendimiento-e-innovacion-ucc-2023\/\">Feria de Emprendimiento e Innovaci\u00f3n UCC 2023<\/a><div class=\"wp-block-latest-posts__post-excerpt\">En la Universidad de Ciencias Comerciales UCC Campus Matagalpa, se desarroll\u00f3 la Feria de Emprendimiento e Innovaci\u00f3n UCC 2023, en&hellip; <\/div><\/li>\n<li><div class=\"wp-block-latest-posts__featured-image\"><img loading=\"lazy\" decoding=\"async\" width=\"150\" height=\"150\" src=\"https:\/\/www.ucc.edu.ni\/boletininformativo\/php_assets\/uploads\/2023\/08\/Curso-Gestion-Financiera-150x150.jpeg\" class=\"attachment-thumbnail size-thumbnail wp-post-image\" alt=\"\" style=\"\" \/><\/div><a class=\"wp-block-latest-posts__post-title\" href=\"https:\/\/www.ucc.edu.ni\/boletininformativo\/proyeccion-social\/finaliza-curso-de-gestion-financiera-para-centros-turisticos\/\">Finaliza curso de Gesti\u00f3n Financiera para Centros Tur\u00edsticos<\/a><div class=\"wp-block-latest-posts__post-excerpt\">27 profesionales de \u00e1reas administrativas y financieras de diferentes centros tur\u00edsticos de Managua y los departamentos, culminaron de forma satisfactoria&hellip; <\/div><\/li>\n<li><div class=\"wp-block-latest-posts__featured-image\"><img loading=\"lazy\" decoding=\"async\" width=\"150\" height=\"150\" src=\"https:\/\/www.ucc.edu.ni\/boletininformativo\/php_assets\/uploads\/2023\/08\/UCC-ENEL-150x150.jpeg\" class=\"attachment-thumbnail size-thumbnail wp-post-image\" alt=\"\" style=\"\" \/><\/div><a class=\"wp-block-latest-posts__post-title\" href=\"https:\/\/www.ucc.edu.ni\/boletininformativo\/proyeccion-social\/ucc-capacita-a-colaboradoras-de-enel\/\">UCC capacita a colaboradoras de ENEL<\/a><div class=\"wp-block-latest-posts__post-excerpt\">Como parte de las alianzas estrat\u00e9gicas con las diversas instituciones, colaboradoras de la Empresa Nicarag\u00fcense de Electricidad ENEL, recibieron el&hellip; <\/div><\/li>\n<li><div class=\"wp-block-latest-posts__featured-image\"><img loading=\"lazy\" decoding=\"async\" width=\"150\" height=\"150\" src=\"https:\/\/www.ucc.edu.ni\/boletininformativo\/php_assets\/uploads\/2023\/08\/Anfibios-y-reptiles-en-Nicaragua-150x150.jpeg\" class=\"attachment-thumbnail size-thumbnail wp-post-image\" alt=\"\" style=\"\" \/><\/div><a class=\"wp-block-latest-posts__post-title\" href=\"https:\/\/www.ucc.edu.ni\/boletininformativo\/proyeccion-social\/herpetologos-realizaran-conteo-de-anfibios-y-reptiles-en-nicaragua\/\">Herpet\u00f3logos realizar\u00e1n conteo de anfibios y reptiles en Nicaragua<\/a><div class=\"wp-block-latest-posts__post-excerpt\">Con el objetivo de brindar informaci\u00f3n sobre la vida de los anfibios y reptiles, se realiz\u00f3 este mi\u00e9rcoles 26 de&hellip; <\/div><\/li>\n<li><div class=\"wp-block-latest-posts__featured-image\"><img loading=\"lazy\" decoding=\"async\" width=\"150\" height=\"150\" src=\"https:\/\/www.ucc.edu.ni\/boletininformativo\/php_assets\/uploads\/2023\/08\/Seminario-FCEE-150x150.jpeg\" class=\"attachment-thumbnail size-thumbnail wp-post-image\" alt=\"\" style=\"\" \/><\/div><a class=\"wp-block-latest-posts__post-title\" href=\"https:\/\/www.ucc.edu.ni\/boletininformativo\/destacadas\/ii-seminario-de-ciencias-economicas\/\">II Seminario de Ciencias Econ\u00f3micas<\/a><div class=\"wp-block-latest-posts__post-excerpt\">Con la participaci\u00f3n de 130 estudiantes, docentes y emprendedores, se realiz\u00f3 con \u00e9xito en el Hotel Hex Managua, el Segundo&hellip; <\/div><\/li>\n<li><div class=\"wp-block-latest-posts__featured-image\"><img loading=\"lazy\" decoding=\"async\" width=\"150\" height=\"150\" src=\"https:\/\/www.ucc.edu.ni\/boletininformativo\/php_assets\/uploads\/2023\/08\/Debate-Intercolegial-150x150.jpg\" class=\"attachment-thumbnail size-thumbnail wp-post-image\" alt=\"\" style=\"\" \/><\/div><a class=\"wp-block-latest-posts__post-title\" href=\"https:\/\/www.ucc.edu.ni\/boletininformativo\/destacadas\/debate-intercolegial-se-desarrollo-con-exito\/\">Debate Intercolegial se desarroll\u00f3 con \u00e9xito<\/a><div class=\"wp-block-latest-posts__post-excerpt\">Con mucha emoci\u00f3n. As\u00ed se vivi\u00f3 el Debate Competitivo Intercolegial, de la Universidad de Ciencias Comerciales UCC y el Programa&hellip; <\/div><\/li>\n<li><div class=\"wp-block-latest-posts__featured-image\"><img loading=\"lazy\" decoding=\"async\" width=\"150\" height=\"150\" src=\"https:\/\/www.ucc.edu.ni\/boletininformativo\/php_assets\/uploads\/2023\/07\/GRADUACION-150x150.jpg\" class=\"attachment-thumbnail size-thumbnail wp-post-image\" alt=\"\" style=\"\" \/><\/div><a class=\"wp-block-latest-posts__post-title\" href=\"https:\/\/www.ucc.edu.ni\/boletininformativo\/julio-2023\/ucc-celebra-lxx-ceremonia-de-graduacion\/\">UCC celebra LXX Ceremonia de Graduaci\u00f3n<\/a><div class=\"wp-block-latest-posts__post-excerpt\">95 nuevos graduados, recibieron el s\u00e1bado 22 de julio, sus t\u00edtulos durante la LXX Ceremonia de Graduaci\u00f3n 2023, de Licenciaturas,&hellip; <\/div><\/li>\n<li><div class=\"wp-block-latest-posts__featured-image\"><img loading=\"lazy\" decoding=\"async\" width=\"150\" height=\"150\" src=\"https:\/\/www.ucc.edu.ni\/boletininformativo\/php_assets\/uploads\/2023\/08\/LECCION-INAUGURAL-150x150.jpg\" class=\"attachment-thumbnail size-thumbnail wp-post-image\" alt=\"\" style=\"\" \/><\/div><a class=\"wp-block-latest-posts__post-title\" href=\"https:\/\/www.ucc.edu.ni\/boletininformativo\/julio-2023\/leccion-inaugural-del-ano-academico-2023\/\">Lecci\u00f3n Inaugural del A\u00f1o Acad\u00e9mico 2023<\/a><div class=\"wp-block-latest-posts__post-excerpt\">\u201cEl impacto de la Inteligencia Artificial en la Educaci\u00f3n Superior\u201d, fue el tema impartido por el Director de Educaci\u00f3n Digital,&hellip; <\/div><\/li>\n<\/ul>","protected":false},"excerpt":{"rendered":"","protected":false},"author":1,"featured_media":0,"parent":0,"menu_order":0,"comment_status":"closed","ping_status":"closed","template":"","meta":{"footnotes":""},"class_list":["post-537","page","type-page","status-publish","hentry"],"_links":{"self":[{"href":"https:\/\/www.ucc.edu.ni\/boletininformativo\/wp-json\/wp\/v2\/pages\/537","targetHints":{"allow":["GET"]}}],"collection":[{"href":"https:\/\/www.ucc.edu.ni\/boletininformativo\/wp-json\/wp\/v2\/pages"}],"about":[{"href":"https:\/\/www.ucc.edu.ni\/boletininformativo\/wp-json\/wp\/v2\/types\/page"}],"author":[{"embeddable":true,"href":"https:\/\/www.ucc.edu.ni\/boletininformativo\/wp-json\/wp\/v2\/users\/1"}],"replies":[{"embeddable":true,"href":"https:\/\/www.ucc.edu.ni\/boletininformativo\/wp-json\/wp\/v2\/comments?post=537"}],"version-history":[{"count":2,"href":"https:\/\/www.ucc.edu.ni\/boletininformativo\/wp-json\/wp\/v2\/pages\/537\/revisions"}],"predecessor-version":[{"id":540,"href":"https:\/\/www.ucc.edu.ni\/boletininformativo\/wp-json\/wp\/v2\/pages\/537\/revisions\/540"}],"wp:attachment":[{"href":"https:\/\/www.ucc.edu.ni\/boletininformativo\/wp-json\/wp\/v2\/media?parent=537"}],"curies":[{"name":"wp","href":"https:\/\/api.w.org\/{rel}","templated":true}]}}