{"id":37,"date":"2023-03-29T11:25:29","date_gmt":"2023-03-29T17:25:29","guid":{"rendered":"https:\/\/www.ucc.edu.ni\/boletininformativo\/?page_id=37"},"modified":"2025-05-29T15:27:24","modified_gmt":"2025-05-29T21:27:24","slug":"equipo-editorial","status":"publish","type":"page","link":"https:\/\/www.ucc.edu.ni\/boletininformativo\/equipo-editorial\/","title":{"rendered":"EQUIPO EDITORIAL"},"content":{"rendered":"\n<div class=\"wp-block-columns is-layout-flex wp-container-core-columns-is-layout-1 wp-block-columns-is-layout-flex\">\n<div class=\"wp-block-column is-layout-flow wp-block-column-is-layout-flow\">\n<figure class=\"wp-block-image size-large\"><img loading=\"lazy\" decoding=\"async\" width=\"1024\" height=\"768\" src=\"https:\/\/www.ucc.edu.ni\/boletininformativo\/php_assets\/uploads\/2023\/04\/Darwin-Galeano-1024x768.jpg\" alt=\"\" class=\"wp-image-206\" srcset=\"https:\/\/www.ucc.edu.ni\/boletininformativo\/php_assets\/uploads\/2023\/04\/Darwin-Galeano-1024x768.jpg 1024w, https:\/\/www.ucc.edu.ni\/boletininformativo\/php_assets\/uploads\/2023\/04\/Darwin-Galeano-300x225.jpg 300w, https:\/\/www.ucc.edu.ni\/boletininformativo\/php_assets\/uploads\/2023\/04\/Darwin-Galeano-768x576.jpg 768w, https:\/\/www.ucc.edu.ni\/boletininformativo\/php_assets\/uploads\/2023\/04\/Darwin-Galeano-1536x1152.jpg 1536w, https:\/\/www.ucc.edu.ni\/boletininformativo\/php_assets\/uploads\/2023\/04\/Darwin-Galeano-2048x1536.jpg 2048w\" sizes=\"auto, (max-width: 1024px) 100vw, 1024px\" \/><figcaption class=\"wp-element-caption\"><strong>Darwin Galeano<\/strong><br>Coordinaci\u00f3n Comunicaci\u00f3n Institucional UCC<\/figcaption><\/figure>\n<\/div>\n\n\n\n<div class=\"wp-block-column is-layout-flow wp-block-column-is-layout-flow\">\n<figure class=\"wp-block-image size-full\"><img loading=\"lazy\" decoding=\"async\" width=\"1024\" height=\"768\" src=\"https:\/\/www.ucc.edu.ni\/boletininformativo\/php_assets\/uploads\/2024\/08\/Allison-Pastora-1024x768-1.jpg\" alt=\"\" class=\"wp-image-1358\" srcset=\"https:\/\/www.ucc.edu.ni\/boletininformativo\/php_assets\/uploads\/2024\/08\/Allison-Pastora-1024x768-1.jpg 1024w, https:\/\/www.ucc.edu.ni\/boletininformativo\/php_assets\/uploads\/2024\/08\/Allison-Pastora-1024x768-1-300x225.jpg 300w, https:\/\/www.ucc.edu.ni\/boletininformativo\/php_assets\/uploads\/2024\/08\/Allison-Pastora-1024x768-1-768x576.jpg 768w\" sizes=\"auto, (max-width: 1024px) 100vw, 1024px\" \/><figcaption class=\"wp-element-caption\"><strong>Allison Pastora<\/strong><br>Coordinaci\u00f3n de Comunicaci\u00f3n<br>Campus Le\u00f3n<\/figcaption><\/figure>\n<\/div>\n\n\n\n<div class=\"wp-block-column is-layout-flow wp-block-column-is-layout-flow\">\n<figure class=\"wp-block-image size-full\"><img loading=\"lazy\" decoding=\"async\" width=\"1024\" height=\"768\" src=\"https:\/\/www.ucc.edu.ni\/boletininformativo\/php_assets\/uploads\/2024\/08\/Alondra-Martinez.jpg\" alt=\"\" class=\"wp-image-1368\" srcset=\"https:\/\/www.ucc.edu.ni\/boletininformativo\/php_assets\/uploads\/2024\/08\/Alondra-Martinez.jpg 1024w, https:\/\/www.ucc.edu.ni\/boletininformativo\/php_assets\/uploads\/2024\/08\/Alondra-Martinez-300x225.jpg 300w, https:\/\/www.ucc.edu.ni\/boletininformativo\/php_assets\/uploads\/2024\/08\/Alondra-Martinez-768x576.jpg 768w\" sizes=\"auto, (max-width: 1024px) 100vw, 1024px\" \/><figcaption class=\"wp-element-caption\"><strong>Alondra Mart\u00ednez<\/strong><br>Coordinaci\u00f3n de Comunicaci\u00f3n<br>Campus Matagalpa<\/figcaption><\/figure>\n<\/div>\n<\/div>\n\n\n\n<div class=\"wp-block-columns is-layout-flex wp-container-core-columns-is-layout-2 wp-block-columns-is-layout-flex\">\n<div class=\"wp-block-column is-layout-flow wp-block-column-is-layout-flow\"><div class=\"wp-block-image\">\n<figure class=\"aligncenter size-large is-resized\"><img loading=\"lazy\" decoding=\"async\" width=\"924\" height=\"1024\" src=\"https:\/\/www.ucc.edu.ni\/boletininformativo\/php_assets\/uploads\/2025\/05\/Lester_Salgado-1-924x1024.png\" alt=\"\" class=\"wp-image-2104\" style=\"width:199px\" srcset=\"https:\/\/www.ucc.edu.ni\/boletininformativo\/php_assets\/uploads\/2025\/05\/Lester_Salgado-1-924x1024.png 924w, https:\/\/www.ucc.edu.ni\/boletininformativo\/php_assets\/uploads\/2025\/05\/Lester_Salgado-1-271x300.png 271w, https:\/\/www.ucc.edu.ni\/boletininformativo\/php_assets\/uploads\/2025\/05\/Lester_Salgado-1-768x851.png 768w, https:\/\/www.ucc.edu.ni\/boletininformativo\/php_assets\/uploads\/2025\/05\/Lester_Salgado-1-1386x1536.png 1386w, https:\/\/www.ucc.edu.ni\/boletininformativo\/php_assets\/uploads\/2025\/05\/Lester_Salgado-1.png 1534w\" sizes=\"auto, (max-width: 924px) 100vw, 924px\" \/><figcaption class=\"wp-element-caption\"><strong>Lester Salgado<\/strong><br>WEBMASTER<\/figcaption><\/figure><\/div><\/div>\n<\/div>\n","protected":false},"excerpt":{"rendered":"","protected":false},"author":1,"featured_media":0,"parent":0,"menu_order":0,"comment_status":"closed","ping_status":"closed","template":"","meta":{"footnotes":""},"class_list":["post-37","page","type-page","status-publish","hentry"],"_links":{"self":[{"href":"https:\/\/www.ucc.edu.ni\/boletininformativo\/wp-json\/wp\/v2\/pages\/37","targetHints":{"allow":["GET"]}}],"collection":[{"href":"https:\/\/www.ucc.edu.ni\/boletininformativo\/wp-json\/wp\/v2\/pages"}],"about":[{"href":"https:\/\/www.ucc.edu.ni\/boletininformativo\/wp-json\/wp\/v2\/types\/page"}],"author":[{"embeddable":true,"href":"https:\/\/www.ucc.edu.ni\/boletininformativo\/wp-json\/wp\/v2\/users\/1"}],"replies":[{"embeddable":true,"href":"https:\/\/www.ucc.edu.ni\/boletininformativo\/wp-json\/wp\/v2\/comments?post=37"}],"version-history":[{"count":28,"href":"https:\/\/www.ucc.edu.ni\/boletininformativo\/wp-json\/wp\/v2\/pages\/37\/revisions"}],"predecessor-version":[{"id":2106,"href":"https:\/\/www.ucc.edu.ni\/boletininformativo\/wp-json\/wp\/v2\/pages\/37\/revisions\/2106"}],"wp:attachment":[{"href":"https:\/\/www.ucc.edu.ni\/boletininformativo\/wp-json\/wp\/v2\/media?parent=37"}],"curies":[{"name":"wp","href":"https:\/\/api.w.org\/{rel}","templated":true}]}}