{"id":2878,"date":"2026-05-03T11:05:49","date_gmt":"2026-05-03T17:05:49","guid":{"rendered":"https:\/\/www.ucc.edu.ni\/boletininformativo\/?page_id=2878"},"modified":"2026-05-03T11:05:49","modified_gmt":"2026-05-03T17:05:49","slug":"marzo-2026-2","status":"publish","type":"page","link":"https:\/\/www.ucc.edu.ni\/boletininformativo\/marzo-2026-2\/","title":{"rendered":"MARZO 2026"},"content":{"rendered":"<ul class=\"wp-block-latest-posts__list is-grid columns-3 wp-block-latest-posts\"><li><div class=\"wp-block-latest-posts__featured-image\"><img loading=\"lazy\" decoding=\"async\" width=\"150\" height=\"150\" src=\"https:\/\/www.ucc.edu.ni\/boletininformativo\/php_assets\/uploads\/2026\/04\/UCC-y-MINJUVE-150x150.jpg\" class=\"attachment-thumbnail size-thumbnail wp-post-image\" alt=\"\" style=\"\" \/><\/div><a class=\"wp-block-latest-posts__post-title\" href=\"https:\/\/www.ucc.edu.ni\/boletininformativo\/docencia\/ucc-y-minjuve-fortalecen-vinculo-con-estudiantes-becados\/\">UCC y MINJUVE fortalecen v\u00ednculo con Estudiantes becados<\/a><div class=\"wp-block-latest-posts__post-excerpt\">Estudiantes de la Universidad de Ciencias Comerciales (UCC), Sede Central Managua, becados por esta alma mater en y el Ministerio de la Juventud (MINJUVE), participaron este martes 24 de marzo&hellip; <\/div><\/li>\n<li><div class=\"wp-block-latest-posts__featured-image\"><img loading=\"lazy\" decoding=\"async\" width=\"150\" height=\"150\" src=\"https:\/\/www.ucc.edu.ni\/boletininformativo\/php_assets\/uploads\/2026\/04\/Formacion-Estetica-Canina-150x150.jpg\" class=\"attachment-thumbnail size-thumbnail wp-post-image\" alt=\"\" style=\"\" \/><\/div><a class=\"wp-block-latest-posts__post-title\" href=\"https:\/\/www.ucc.edu.ni\/boletininformativo\/docencia\/participantes-culminan-formacion-en-estetica-canina\/\">Participantes culminan formaci\u00f3n en Est\u00e9tica Canina<\/a><div class=\"wp-block-latest-posts__post-excerpt\">La est\u00e9tica canina se ha consolidado como un elemento fundamental para garantizar la salud, higiene y bienestar de las mascotas. En este contexto, la Universidad de Ciencias Comerciales UCC, a&hellip; <\/div><\/li>\n<li><div class=\"wp-block-latest-posts__featured-image\"><img loading=\"lazy\" decoding=\"async\" width=\"150\" height=\"150\" src=\"https:\/\/www.ucc.edu.ni\/boletininformativo\/php_assets\/uploads\/2026\/04\/Ponencia-Juridica-150x150.jpeg\" class=\"attachment-thumbnail size-thumbnail wp-post-image\" alt=\"\" style=\"\" \/><\/div><a class=\"wp-block-latest-posts__post-title\" href=\"https:\/\/www.ucc.edu.ni\/boletininformativo\/docencia\/ponencia-juridica-fortalece-formacion-de-futuros-abogados\/\">Ponencia Jur\u00eddica fortalece Formaci\u00f3n de futuros Abogados<\/a><div class=\"wp-block-latest-posts__post-excerpt\">\u201cGeneralidades del Registro del Beneficiario Final de las Sociedades Mercantiles\u201d fue el tema de la conferencia impartida por la MSc. Cristhel Cruz, Abogada Corporativa y funcionaria del Registro P\u00fablico de&hellip; <\/div><\/li>\n<li><div class=\"wp-block-latest-posts__featured-image\"><img loading=\"lazy\" decoding=\"async\" width=\"150\" height=\"150\" src=\"https:\/\/www.ucc.edu.ni\/boletininformativo\/php_assets\/uploads\/2026\/04\/Preparacion-ante-Emergencias-150x150.jpg\" class=\"attachment-thumbnail size-thumbnail wp-post-image\" alt=\"\" style=\"\" \/><\/div><a class=\"wp-block-latest-posts__post-title\" href=\"https:\/\/www.ucc.edu.ni\/boletininformativo\/gestion-institucional\/comunidad-ucc-refuerza-su-preparacion-ante-emergencias-2\/\">Comunidad UCC refuerza su preparaci\u00f3n ante Emergencias<\/a><div class=\"wp-block-latest-posts__post-excerpt\">Con el compromiso de fortalecer la cultura de prevenci\u00f3n y respuesta ante emergencias, la comunidad educativa de la Universidad de Ciencias Comerciales (UCC), Sede Central Managua, particip\u00f3 este jueves 26&hellip; <\/div><\/li>\n<li><div class=\"wp-block-latest-posts__featured-image\"><img loading=\"lazy\" decoding=\"async\" width=\"150\" height=\"150\" src=\"https:\/\/www.ucc.edu.ni\/boletininformativo\/php_assets\/uploads\/2026\/04\/Diplomado-Higiene-y-Seguridad-150x150.jpg\" class=\"attachment-thumbnail size-thumbnail wp-post-image\" alt=\"\" style=\"\" \/><\/div><a class=\"wp-block-latest-posts__post-title\" href=\"https:\/\/www.ucc.edu.ni\/boletininformativo\/docencia\/diplomado-fortalece-capacidades-en-higiene-y-seguridad\/\">Diplomado fortalece Capacidades en Higiene y Seguridad<\/a><div class=\"wp-block-latest-posts__post-excerpt\">Como parte de su compromiso con la formaci\u00f3n continua y el fortalecimiento de competencias profesionales, la Universidad de Ciencias Comerciales UCC, Sede Central Managua, inici\u00f3 el s\u00e1bado 21 de marzo,&hellip; <\/div><\/li>\n<li><div class=\"wp-block-latest-posts__featured-image\"><img loading=\"lazy\" decoding=\"async\" width=\"150\" height=\"150\" src=\"https:\/\/www.ucc.edu.ni\/boletininformativo\/php_assets\/uploads\/2026\/04\/Exposicion-Audiovisual-150x150.jpg\" class=\"attachment-thumbnail size-thumbnail wp-post-image\" alt=\"\" style=\"\" \/><\/div><a class=\"wp-block-latest-posts__post-title\" href=\"https:\/\/www.ucc.edu.ni\/boletininformativo\/docencia\/historia-y-creatividad-se-unen-en-exposicion-audiovisual\/\">Historia y Creatividad se unen en Exposici\u00f3n Audiovisual<\/a><div class=\"wp-block-latest-posts__post-excerpt\">En conmemoraci\u00f3n del 46 aniversario de la Cruzada Nacional de Alfabetizaci\u00f3n, estudiantes del turno diurno, junto a personal acad\u00e9mico y administrativo de la Universidad de Ciencias Comerciales UCC, participaron este&hellip; <\/div><\/li>\n<li><div class=\"wp-block-latest-posts__featured-image\"><img loading=\"lazy\" decoding=\"async\" width=\"150\" height=\"150\" src=\"https:\/\/www.ucc.edu.ni\/boletininformativo\/php_assets\/uploads\/2026\/04\/Capacitacion-2-Documentos-Normativos-150x150.jpg\" class=\"attachment-thumbnail size-thumbnail wp-post-image\" alt=\"\" style=\"\" \/><\/div><a class=\"wp-block-latest-posts__post-title\" href=\"https:\/\/www.ucc.edu.ni\/boletininformativo\/docencia\/segunda-capacitacion-sobre-documentos-normativos\/\">Segunda capacitaci\u00f3n sobre Documentos Normativos<\/a><div class=\"wp-block-latest-posts__post-excerpt\">El equipo acad\u00e9mico de la Universidad de Ciencias Comerciales UCC, Sede Central Managua, Campus Le\u00f3n y Matagalpa, particip\u00f3 este mi\u00e9rcoles 25 de marzo en la segunda capacitaci\u00f3n del ciclo formativo&hellip; <\/div><\/li>\n<li><div class=\"wp-block-latest-posts__featured-image\"><img loading=\"lazy\" decoding=\"async\" width=\"150\" height=\"150\" src=\"https:\/\/www.ucc.edu.ni\/boletininformativo\/php_assets\/uploads\/2026\/04\/Dia-de-la-Mujer-150x150.jpg\" class=\"attachment-thumbnail size-thumbnail wp-post-image\" alt=\"\" style=\"\" \/><\/div><a class=\"wp-block-latest-posts__post-title\" href=\"https:\/\/www.ucc.edu.ni\/boletininformativo\/gestion-institucional\/colaboradoras-de-ucc-conmemoran-el-dia-internacional-de-la-mujer\/\">Colaboradoras de UCC conmemoran el D\u00eda Internacional de la Mujer<\/a><div class=\"wp-block-latest-posts__post-excerpt\">En un ambiente de reconocimiento y gratitud, colaboradoras de la Universidad de Ciencias Comerciales (UCC), Sede Central Managua, participaron en la Conmemoraci\u00f3n del D\u00eda Internacional de la Mujer. La actividad,&hellip; <\/div><\/li>\n<li><div class=\"wp-block-latest-posts__featured-image\"><img loading=\"lazy\" decoding=\"async\" width=\"150\" height=\"150\" src=\"https:\/\/www.ucc.edu.ni\/boletininformativo\/php_assets\/uploads\/2026\/04\/Dia-del-Agua-150x150.jpg\" class=\"attachment-thumbnail size-thumbnail wp-post-image\" alt=\"\" style=\"\" \/><\/div><a class=\"wp-block-latest-posts__post-title\" href=\"https:\/\/www.ucc.edu.ni\/boletininformativo\/docencia\/conmemoracion-del-dia-del-agua-con-enfoque-de-igualdad-de-genero\/\">Conmemoraci\u00f3n del D\u00eda del Agua con enfoque de igualdad de G\u00e9nero<\/a><div class=\"wp-block-latest-posts__post-excerpt\">En el marco de la conmemoraci\u00f3n del D\u00eda Mundial del Agua, los estudiantes de segundo a\u00f1o de la carrera de Derecho del turno diurno, de la Universidad de Ciencias Comerciales&hellip; <\/div><\/li>\n<li><div class=\"wp-block-latest-posts__featured-image\"><img loading=\"lazy\" decoding=\"async\" width=\"150\" height=\"150\" src=\"https:\/\/www.ucc.edu.ni\/boletininformativo\/php_assets\/uploads\/2026\/04\/Gira-Academica-150x150.jpg\" class=\"attachment-thumbnail size-thumbnail wp-post-image\" alt=\"\" style=\"\" \/><\/div><a class=\"wp-block-latest-posts__post-title\" href=\"https:\/\/www.ucc.edu.ni\/boletininformativo\/docencia\/gira-academica-fortalece-identidad-nacional\/\">Gira Acad\u00e9mica fortalece Identidad Nacional<\/a><div class=\"wp-block-latest-posts__post-excerpt\">En el marco de la asignatura de Identidad Nacional y Orgullo Patrio, estudiantes de primer a\u00f1o de la carrera de Marketing del turno diurno de la Universidad de Ciencias Comerciales&hellip; <\/div><\/li>\n<li><div class=\"wp-block-latest-posts__featured-image\"><img loading=\"lazy\" decoding=\"async\" width=\"150\" height=\"150\" src=\"https:\/\/www.ucc.edu.ni\/boletininformativo\/php_assets\/uploads\/2026\/04\/Coordinan-Debate-150x150.jpg\" class=\"attachment-thumbnail size-thumbnail wp-post-image\" alt=\"\" style=\"\" \/><\/div><a class=\"wp-block-latest-posts__post-title\" href=\"https:\/\/www.ucc.edu.ni\/boletininformativo\/docencia\/coordinan-debate-competitivo-2026\/\">Coordinan Debate Competitivo 2026<\/a><div class=\"wp-block-latest-posts__post-excerpt\">Este lunes 23 de marzo, se realiz\u00f3 una reuni\u00f3n virtual para la organizaci\u00f3n y planificaci\u00f3n del programa de Debate Competitivo 2026, de la Universidad de Ciencias Comerciales UCC. La reuni\u00f3n&hellip; <\/div><\/li>\n<li><div class=\"wp-block-latest-posts__featured-image\"><img loading=\"lazy\" decoding=\"async\" width=\"150\" height=\"150\" src=\"https:\/\/www.ucc.edu.ni\/boletininformativo\/php_assets\/uploads\/2026\/04\/Nuestras-raices-150x150.png\" class=\"attachment-thumbnail size-thumbnail wp-post-image\" alt=\"\" style=\"\" \/><\/div><a class=\"wp-block-latest-posts__post-title\" href=\"https:\/\/www.ucc.edu.ni\/boletininformativo\/docencia\/nuestras-raices-y-la-historia-de-nicaragua\/\">Nuestras ra\u00edces y la Historia de Nicaragua<\/a><div class=\"wp-block-latest-posts__post-excerpt\">La Universidad de Ciencias Comerciales (UCC), Campus Le\u00f3n, a trav\u00e9s de las coordinaciones de Ingenier\u00eda Civil, Ingenier\u00eda Industrial y Ciencias Econ\u00f3micas Empresariales, desarroll\u00f3 con \u00e9xito una Feria Cultural, Hist\u00f3rica y&hellip; <\/div><\/li>\n<li><div class=\"wp-block-latest-posts__featured-image\"><img loading=\"lazy\" decoding=\"async\" width=\"150\" height=\"150\" src=\"https:\/\/www.ucc.edu.ni\/boletininformativo\/php_assets\/uploads\/2026\/04\/Gira-de-Campo-150x150.png\" class=\"attachment-thumbnail size-thumbnail wp-post-image\" alt=\"\" style=\"\" \/><\/div><a class=\"wp-block-latest-posts__post-title\" href=\"https:\/\/www.ucc.edu.ni\/boletininformativo\/docencia\/gira-de-campo-fortalece-aprendizaje-de-futuros-agronomos\/\">Gira de Campo fortalece Aprendizaje de futuros Agr\u00f3nomos<\/a><div class=\"wp-block-latest-posts__post-excerpt\">La Universidad de Ciencias Comerciales (UCC), Campus Le\u00f3n, a trav\u00e9s de la Coordinaci\u00f3n de Ingenier\u00eda Agron\u00f3mica con menci\u00f3n en Agroindustria, realiz\u00f3 una gira de campo el jueves 19 de marzo&hellip; <\/div><\/li>\n<li><div class=\"wp-block-latest-posts__featured-image\"><img loading=\"lazy\" decoding=\"async\" width=\"150\" height=\"150\" src=\"https:\/\/www.ucc.edu.ni\/boletininformativo\/php_assets\/uploads\/2026\/04\/Direccion-y-Marketing-150x150.jpg\" class=\"attachment-thumbnail size-thumbnail wp-post-image\" alt=\"\" style=\"\" \/><\/div><a class=\"wp-block-latest-posts__post-title\" href=\"https:\/\/www.ucc.edu.ni\/boletininformativo\/docencia\/profesionales-se-actualizan-en-direccion-y-marketing\/\">Profesionales se actualizan en Direcci\u00f3n y Marketing<\/a><div class=\"wp-block-latest-posts__post-excerpt\">Profesionales de distintas empresas iniciaron el s\u00e1bado 21 de marzo en la Universidad de Ciencias Comerciales UCC, Sede Central Managua, el Diplomado en Direcci\u00f3n Empresarial y Marketing, como parte de&hellip; <\/div><\/li>\n<li><div class=\"wp-block-latest-posts__featured-image\"><img loading=\"lazy\" decoding=\"async\" width=\"150\" height=\"150\" src=\"https:\/\/www.ucc.edu.ni\/boletininformativo\/php_assets\/uploads\/2026\/04\/Formacion-en-Contabilidad-150x150.jpg\" class=\"attachment-thumbnail size-thumbnail wp-post-image\" alt=\"\" style=\"\" \/><\/div><a class=\"wp-block-latest-posts__post-title\" href=\"https:\/\/www.ucc.edu.ni\/boletininformativo\/docencia\/formacion-continua-en-contabilidad\/\">Formaci\u00f3n continua en Contabilidad<\/a><div class=\"wp-block-latest-posts__post-excerpt\">La Universidad de Ciencias Comerciales UCC, Sede Central Managua, a trav\u00e9s de la Direcci\u00f3n de Posgrado y Educaci\u00f3n Continua, dio inicio este domingo 22 de marzo al Diplomado en Gesti\u00f3n&hellip; <\/div><\/li>\n<li><div class=\"wp-block-latest-posts__featured-image\"><img loading=\"lazy\" decoding=\"async\" width=\"150\" height=\"150\" src=\"https:\/\/www.ucc.edu.ni\/boletininformativo\/php_assets\/uploads\/2026\/04\/Fortalecen-la-Escritura-150x150.png\" class=\"attachment-thumbnail size-thumbnail wp-post-image\" alt=\"\" style=\"\" \/><\/div><a class=\"wp-block-latest-posts__post-title\" href=\"https:\/\/www.ucc.edu.ni\/boletininformativo\/docencia\/futuros-ingenieros-fortalecen-la-escritura\/\">Futuros Ingenieros fortalecen la Escritura<\/a><div class=\"wp-block-latest-posts__post-excerpt\">La Universidad de Ciencias Comerciales, UCC Campus Le\u00f3n, a trav\u00e9s de la coordinaci\u00f3n de Ingenier\u00eda Civil, Ingenier\u00eda Industrial y la Coordinaci\u00f3n de Investigaci\u00f3n, desarroll\u00f3 el lunes 23 de marzo un&hellip; <\/div><\/li>\n<li><div class=\"wp-block-latest-posts__featured-image\"><img loading=\"lazy\" decoding=\"async\" width=\"150\" height=\"150\" src=\"https:\/\/www.ucc.edu.ni\/boletininformativo\/php_assets\/uploads\/2026\/04\/Gerentes-de-RRHH-en-Matagalpa-150x150.jpg\" class=\"attachment-thumbnail size-thumbnail wp-post-image\" alt=\"\" style=\"\" \/><\/div><a class=\"wp-block-latest-posts__post-title\" href=\"https:\/\/www.ucc.edu.ni\/boletininformativo\/destacadas\/primer-encuentro-de-gerentes-de-rrhh-en-matagalpa\/\">Primer Encuentro de Gerentes de RRHH en Matagalpa<\/a><div class=\"wp-block-latest-posts__post-excerpt\">La Universidad de Ciencias Comerciales UCC, a trav\u00e9s de las coordinaciones de Proyecci\u00f3n Social de la Sede Central Managua y Campus Matagalpa, llev\u00f3 a cabo el Primer Encuentro de Gerentes&hellip; <\/div><\/li>\n<li><div class=\"wp-block-latest-posts__featured-image\"><img loading=\"lazy\" decoding=\"async\" width=\"150\" height=\"150\" src=\"https:\/\/www.ucc.edu.ni\/boletininformativo\/php_assets\/uploads\/2026\/04\/Cursos-en-UCC-150x150.jpg\" class=\"attachment-thumbnail size-thumbnail wp-post-image\" alt=\"\" style=\"\" \/><\/div><a class=\"wp-block-latest-posts__post-title\" href=\"https:\/\/www.ucc.edu.ni\/boletininformativo\/destacadas\/mas-de-70-participantes-inician-cursos-en-la-ucc\/\">M\u00e1s de 70 participantes inician Cursos en la UCC<\/a><div class=\"wp-block-latest-posts__post-excerpt\">Inici\u00f3 este domingo 15 de marzo en la Universidad de Ciencias Comerciales (UCC), Sede Central Managua, a trav\u00e9s de la Direcci\u00f3n de Posgrado y Educaci\u00f3n Continua, una nueva edici\u00f3n de&hellip; <\/div><\/li>\n<li><div class=\"wp-block-latest-posts__featured-image\"><img loading=\"lazy\" decoding=\"async\" width=\"150\" height=\"150\" src=\"https:\/\/www.ucc.edu.ni\/boletininformativo\/php_assets\/uploads\/2026\/04\/UCC-Certifica-150x150.jpg\" class=\"attachment-thumbnail size-thumbnail wp-post-image\" alt=\"\" style=\"\" \/><\/div><a class=\"wp-block-latest-posts__post-title\" href=\"https:\/\/www.ucc.edu.ni\/boletininformativo\/marzo-2026\/ucc-certifica-a-mas-de-50-profesionales\/\">UCC certifica a m\u00e1s de 50 Profesionales<\/a><div class=\"wp-block-latest-posts__post-excerpt\">M\u00e1s de 50 profesionales recibieron este s\u00e1bado 7 de marzo sus diplomas tras culminar de forma exitosa los diplomados en Gerencia de la Calidad, Gesti\u00f3n Financiera y Control, y Operaciones&hellip; <\/div><\/li>\n<li><div class=\"wp-block-latest-posts__featured-image\"><img loading=\"lazy\" decoding=\"async\" width=\"150\" height=\"150\" src=\"https:\/\/www.ucc.edu.ni\/boletininformativo\/php_assets\/uploads\/2026\/04\/Estudiantes-del-CAU-150x150.jpg\" class=\"attachment-thumbnail size-thumbnail wp-post-image\" alt=\"\" style=\"\" \/><\/div><a class=\"wp-block-latest-posts__post-title\" href=\"https:\/\/www.ucc.edu.ni\/boletininformativo\/marzo-2026\/ucc-entrega-certificados-a-estudiantes-del-cau\/\">UCC entrega Certificados a Estudiantes del CAU<\/a><div class=\"wp-block-latest-posts__post-excerpt\">Emocionados y motivados, as\u00ed se mostraron los estudiantes de primer ingreso de la Universidad de Ciencias Comerciales UCC, Sede Central Managua, al recibir este jueves 12 de marzo de parte&hellip; <\/div><\/li>\n<\/ul>","protected":false},"excerpt":{"rendered":"","protected":false},"author":1,"featured_media":0,"parent":0,"menu_order":0,"comment_status":"closed","ping_status":"closed","template":"","meta":{"footnotes":""},"class_list":["post-2878","page","type-page","status-publish","hentry"],"_links":{"self":[{"href":"https:\/\/www.ucc.edu.ni\/boletininformativo\/wp-json\/wp\/v2\/pages\/2878","targetHints":{"allow":["GET"]}}],"collection":[{"href":"https:\/\/www.ucc.edu.ni\/boletininformativo\/wp-json\/wp\/v2\/pages"}],"about":[{"href":"https:\/\/www.ucc.edu.ni\/boletininformativo\/wp-json\/wp\/v2\/types\/page"}],"author":[{"embeddable":true,"href":"https:\/\/www.ucc.edu.ni\/boletininformativo\/wp-json\/wp\/v2\/users\/1"}],"replies":[{"embeddable":true,"href":"https:\/\/www.ucc.edu.ni\/boletininformativo\/wp-json\/wp\/v2\/comments?post=2878"}],"version-history":[{"count":1,"href":"https:\/\/www.ucc.edu.ni\/boletininformativo\/wp-json\/wp\/v2\/pages\/2878\/revisions"}],"predecessor-version":[{"id":2879,"href":"https:\/\/www.ucc.edu.ni\/boletininformativo\/wp-json\/wp\/v2\/pages\/2878\/revisions\/2879"}],"wp:attachment":[{"href":"https:\/\/www.ucc.edu.ni\/boletininformativo\/wp-json\/wp\/v2\/media?parent=2878"}],"curies":[{"name":"wp","href":"https:\/\/api.w.org\/{rel}","templated":true}]}}