{"id":2809,"date":"2026-04-06T15:14:18","date_gmt":"2026-04-06T21:14:18","guid":{"rendered":"https:\/\/www.ucc.edu.ni\/boletininformativo\/?page_id=2809"},"modified":"2026-04-06T15:14:19","modified_gmt":"2026-04-06T21:14:19","slug":"febrero-2026-2","status":"publish","type":"page","link":"https:\/\/www.ucc.edu.ni\/boletininformativo\/febrero-2026-2\/","title":{"rendered":"FEBRERO 2026"},"content":{"rendered":"<ul class=\"wp-block-latest-posts__list is-grid columns-3 wp-block-latest-posts\"><li><div class=\"wp-block-latest-posts__featured-image\"><img loading=\"lazy\" decoding=\"async\" width=\"150\" height=\"150\" src=\"https:\/\/www.ucc.edu.ni\/boletininformativo\/php_assets\/uploads\/2026\/02\/Curso-de-Comunicacion-150x150.jpg\" class=\"attachment-thumbnail size-thumbnail wp-post-image\" alt=\"\" style=\"\" \/><\/div><a class=\"wp-block-latest-posts__post-title\" href=\"https:\/\/www.ucc.edu.ni\/boletininformativo\/docencia\/inicia-curso-de-comunicacion-estrategica\/\">Inicia Curso de Comunicaci\u00f3n Estrat\u00e9gica<\/a><div class=\"wp-block-latest-posts__post-excerpt\">La comunicaci\u00f3n es una herramienta clave para el posicionamiento, la reputaci\u00f3n y el crecimiento sostenible de las organizaciones. Conscientes de esta realidad, la Universidad de Ciencias Comerciales (UCC), Sede Central&hellip; <\/div><\/li>\n<li><div class=\"wp-block-latest-posts__featured-image\"><img loading=\"lazy\" decoding=\"async\" width=\"150\" height=\"150\" src=\"https:\/\/www.ucc.edu.ni\/boletininformativo\/php_assets\/uploads\/2026\/02\/Jornada-Veterinaria-150x150.jpg\" class=\"attachment-thumbnail size-thumbnail wp-post-image\" alt=\"\" style=\"\" \/><\/div><a class=\"wp-block-latest-posts__post-title\" href=\"https:\/\/www.ucc.edu.ni\/boletininformativo\/docencia\/vocacion-y-servicio-jornada-veterinaria-en-managua\/\">Vocaci\u00f3n y Servicio: Jornada Veterinaria en Managua<\/a><div class=\"wp-block-latest-posts__post-excerpt\">Como parte de su compromiso social con la comunidad, la Universidad de Ciencias Comerciales (UCC), Sede Central Managua, a trav\u00e9s de la Coordinaci\u00f3n de Medicina Veterinaria en conjunto con el&hellip; <\/div><\/li>\n<li><div class=\"wp-block-latest-posts__featured-image\"><img loading=\"lazy\" decoding=\"async\" width=\"150\" height=\"150\" src=\"https:\/\/www.ucc.edu.ni\/boletininformativo\/php_assets\/uploads\/2026\/02\/Donacion-de-Sangre-150x150.jpg\" class=\"attachment-thumbnail size-thumbnail wp-post-image\" alt=\"\" style=\"\" \/><\/div><a class=\"wp-block-latest-posts__post-title\" href=\"https:\/\/www.ucc.edu.ni\/boletininformativo\/gestion-institucional\/primera-jornada-de-donacion-de-sangre-2026\/\">Primera jornada de Donaci\u00f3n de Sangre 2026<\/a><div class=\"wp-block-latest-posts__post-excerpt\">La comunidad educativa del turno Diurno de la Universidad de Ciencias Comerciales (UCC), Sede Central Managua, particip\u00f3 este martes 24 de febrero en la primera jornada de donaci\u00f3n de sangre&hellip; <\/div><\/li>\n<li><div class=\"wp-block-latest-posts__featured-image\"><img loading=\"lazy\" decoding=\"async\" width=\"150\" height=\"150\" src=\"https:\/\/www.ucc.edu.ni\/boletininformativo\/php_assets\/uploads\/2026\/02\/Riqueza-cultural-150x150.jpg\" class=\"attachment-thumbnail size-thumbnail wp-post-image\" alt=\"\" style=\"\" \/><\/div><a class=\"wp-block-latest-posts__post-title\" href=\"https:\/\/www.ucc.edu.ni\/boletininformativo\/docencia\/estudiantes-representan-la-riqueza-cultural-de-nicaragua\/\">Estudiantes representan la Riqueza Cultural de Nicaragua<\/a><div class=\"wp-block-latest-posts__post-excerpt\">Apropiarse de las tradiciones y expresiones culturales que forman parte de la identidad nacional, fue el prop\u00f3sito de una clase pr\u00e1ctica desarrollada en el marco de la asignatura de Identidad&hellip; <\/div><\/li>\n<li><div class=\"wp-block-latest-posts__featured-image\"><img loading=\"lazy\" decoding=\"async\" width=\"150\" height=\"150\" src=\"https:\/\/www.ucc.edu.ni\/boletininformativo\/php_assets\/uploads\/2026\/02\/Culminan-Diplomados-150x150.jpg\" class=\"attachment-thumbnail size-thumbnail wp-post-image\" alt=\"\" style=\"\" \/><\/div><a class=\"wp-block-latest-posts__post-title\" href=\"https:\/\/www.ucc.edu.ni\/boletininformativo\/docencia\/profesionales-culminan-diplomados-especializados-en-la-ucc\/\">Profesionales culminan Diplomados Especializados en la UCC<\/a><div class=\"wp-block-latest-posts__post-excerpt\">42 profesionales participaron este s\u00e1bado 14 de febrero en el acto de clausura de los Diplomados en Derecho Laboral y Gesti\u00f3n Tributaria Empresarial, desarrollados por la Universidad de Ciencias Comerciales&hellip; <\/div><\/li>\n<li><div class=\"wp-block-latest-posts__featured-image\"><img loading=\"lazy\" decoding=\"async\" width=\"150\" height=\"150\" src=\"https:\/\/www.ucc.edu.ni\/boletininformativo\/php_assets\/uploads\/2026\/02\/Dia-del-Amor-y-Amistad-150x150.jpg\" class=\"attachment-thumbnail size-thumbnail wp-post-image\" alt=\"\" style=\"\" \/><\/div><a class=\"wp-block-latest-posts__post-title\" href=\"https:\/\/www.ucc.edu.ni\/boletininformativo\/docencia\/entre-abrazos-y-alegria-estudiantes-celebran-el-dia-del-amor-y-la-amistad\/\">Entre abrazos y alegr\u00eda, Estudiantes celebran el D\u00eda del Amor y la Amistad<\/a><div class=\"wp-block-latest-posts__post-excerpt\">Bajo un ambiente de alegr\u00eda, uni\u00f3n y compa\u00f1erismo, estudiantes del turno diurno de la Universidad de Ciencias Comerciales UCC, Sede Central Managua, participaron este jueves 12 de febrero en la&hellip; <\/div><\/li>\n<li><div class=\"wp-block-latest-posts__featured-image\"><img loading=\"lazy\" decoding=\"async\" width=\"150\" height=\"150\" src=\"https:\/\/www.ucc.edu.ni\/boletininformativo\/php_assets\/uploads\/2026\/02\/Investigacion-Cientifica-150x150.png\" class=\"attachment-thumbnail size-thumbnail wp-post-image\" alt=\"\" style=\"\" \/><\/div><a class=\"wp-block-latest-posts__post-title\" href=\"https:\/\/www.ucc.edu.ni\/boletininformativo\/docencia\/impulsan-la-investigacion-cientifica-e-innovacion-tecnologica\/\">Impulsan la Investigaci\u00f3n Cient\u00edfica e Innovaci\u00f3n Tecnol\u00f3gica<\/a><div class=\"wp-block-latest-posts__post-excerpt\">La Universidad de Ciencias Comerciales UCC, Campus Le\u00f3n, a trav\u00e9s de la Coordinaci\u00f3n de Ingenier\u00edas Civil e Industrial y docentes del \u00e1rea, desarroll\u00f3 el martes 17 de febrero una reuni\u00f3n&hellip; <\/div><\/li>\n<li><div class=\"wp-block-latest-posts__featured-image\"><img loading=\"lazy\" decoding=\"async\" width=\"150\" height=\"150\" src=\"https:\/\/www.ucc.edu.ni\/boletininformativo\/php_assets\/uploads\/2026\/02\/Caminata-150x150.jpg\" class=\"attachment-thumbnail size-thumbnail wp-post-image\" alt=\"\" style=\"\" \/><\/div><a class=\"wp-block-latest-posts__post-title\" href=\"https:\/\/www.ucc.edu.ni\/boletininformativo\/docencia\/caminata-y-jornada-deportiva-fortalecen-el-sentido-patrio\/\">Caminata y Jornada Deportiva fortalecen el sentido Patrio<\/a><div class=\"wp-block-latest-posts__post-excerpt\">En el marco de la conmemoraci\u00f3n del paso a la inmortalidad del General Augusto C. Sandino, la comunidad educativa de la Universidad de Ciencias Comerciales UCC, Sede Central Managua, particip\u00f3&hellip; <\/div><\/li>\n<li><div class=\"wp-block-latest-posts__featured-image\"><img loading=\"lazy\" decoding=\"async\" width=\"150\" height=\"150\" src=\"https:\/\/www.ucc.edu.ni\/boletininformativo\/php_assets\/uploads\/2026\/02\/Sonrisas-y-saludos-150x150.jpg\" class=\"attachment-thumbnail size-thumbnail wp-post-image\" alt=\"\" style=\"\" \/><\/div><a class=\"wp-block-latest-posts__post-title\" href=\"https:\/\/www.ucc.edu.ni\/boletininformativo\/docencia\/sonrisas-y-saludos-marcaron-el-dia-del-amor-y-la-amistad\/\">Sonrisas y saludos marcaron el D\u00eda del Amor y la Amistad<\/a><div class=\"wp-block-latest-posts__post-excerpt\">Sonrisas, saludos y abrazos fueron el toque esencial en la Universidad de Ciencias Comerciales UCC, Sede Central Managua, la ma\u00f1ana de este s\u00e1bado 14 de febrero, en ocasi\u00f3n del D\u00eda&hellip; <\/div><\/li>\n<li><div class=\"wp-block-latest-posts__featured-image\"><img loading=\"lazy\" decoding=\"async\" width=\"150\" height=\"150\" src=\"https:\/\/www.ucc.edu.ni\/boletininformativo\/php_assets\/uploads\/2026\/02\/Prevencion-de-riesgos-150x150.jpg\" class=\"attachment-thumbnail size-thumbnail wp-post-image\" alt=\"\" style=\"\" \/><\/div><a class=\"wp-block-latest-posts__post-title\" href=\"https:\/\/www.ucc.edu.ni\/boletininformativo\/gestion-institucional\/capacitacion-en-prevencion-de-riesgos-quimicos\/\">Capacitaci\u00f3n en prevenci\u00f3n de Riesgos qu\u00edmicos<\/a><div class=\"wp-block-latest-posts__post-excerpt\">Con el objetivo de fortalecer la prevenci\u00f3n y el manejo adecuado de sustancias qu\u00edmicas en el entorno laboral, colaboradores del \u00e1rea de Mantenimiento, Conserjer\u00eda, Protocolo y Soporte Inform\u00e1tico de la&hellip; <\/div><\/li>\n<li><div class=\"wp-block-latest-posts__featured-image\"><img loading=\"lazy\" decoding=\"async\" width=\"150\" height=\"150\" src=\"https:\/\/www.ucc.edu.ni\/boletininformativo\/php_assets\/uploads\/2026\/02\/1-150x150.png\" class=\"attachment-thumbnail size-thumbnail wp-post-image\" alt=\"\" style=\"\" \/><\/div><a class=\"wp-block-latest-posts__post-title\" href=\"https:\/\/www.ucc.edu.ni\/boletininformativo\/docencia\/rotulacion-verde-en-el-campus-leon\/\">Rotulaci\u00f3n verde en el Campus Le\u00f3n<\/a><div class=\"wp-block-latest-posts__post-excerpt\">La Universidad de Ciencias Comerciales UCC, Campus Le\u00f3n, a trav\u00e9s de la Coordinaci\u00f3n de Arquitectura, Dise\u00f1o Gr\u00e1fico e Ingenier\u00eda de Sistemas y la Brigada Ambiental de esta coordinaci\u00f3n, desarroll\u00f3 la&hellip; <\/div><\/li>\n<li><div class=\"wp-block-latest-posts__featured-image\"><img loading=\"lazy\" decoding=\"async\" width=\"150\" height=\"150\" src=\"https:\/\/www.ucc.edu.ni\/boletininformativo\/php_assets\/uploads\/2026\/02\/Agroindustria-150x150.png\" class=\"attachment-thumbnail size-thumbnail wp-post-image\" alt=\"\" style=\"\" \/><\/div><a class=\"wp-block-latest-posts__post-title\" href=\"https:\/\/www.ucc.edu.ni\/boletininformativo\/docencia\/practica-cientifica-en-agroindustria\/\">Pr\u00e1ctica Cient\u00edfica en Agroindustria<\/a><div class=\"wp-block-latest-posts__post-excerpt\">En el marco del componente Bioqu\u00edmica de los Alimentos, estudiantes de segundo a\u00f1o de Ingenier\u00eda Agron\u00f3mica con menci\u00f3n en Agroindustria de la Universidad de Ciencias Comerciales UCC, Campus Le\u00f3n, realizaron&hellip; <\/div><\/li>\n<li><div class=\"wp-block-latest-posts__featured-image\"><img loading=\"lazy\" decoding=\"async\" width=\"150\" height=\"150\" src=\"https:\/\/www.ucc.edu.ni\/boletininformativo\/php_assets\/uploads\/2026\/02\/Mejora-continua-150x150.jpg\" class=\"attachment-thumbnail size-thumbnail wp-post-image\" alt=\"\" style=\"\" \/><\/div><a class=\"wp-block-latest-posts__post-title\" href=\"https:\/\/www.ucc.edu.ni\/boletininformativo\/docencia\/intercambio-academico-promueve-cultura-de-mejora-continua\/\">Intercambio acad\u00e9mico promueve Cultura de Mejora Continua<\/a><div class=\"wp-block-latest-posts__post-excerpt\">Con el objetivo de promover el desarrollo de una cultura de mejora continua desde el \u00e1mbito de la Gesti\u00f3n Educativa, la Universidad de Ciencias Comerciales (UCC), realiz\u00f3 este jueves 19&hellip; <\/div><\/li>\n<li><div class=\"wp-block-latest-posts__featured-image\"><img loading=\"lazy\" decoding=\"async\" width=\"150\" height=\"150\" src=\"https:\/\/www.ucc.edu.ni\/boletininformativo\/php_assets\/uploads\/2026\/02\/Reflexion-Historica-150x150.jpg\" class=\"attachment-thumbnail size-thumbnail wp-post-image\" alt=\"\" style=\"\" \/><\/div><a class=\"wp-block-latest-posts__post-title\" href=\"https:\/\/www.ucc.edu.ni\/boletininformativo\/docencia\/dramatizacion-promueve-la-reflexion-historica-nacional\/\">Dramatizaci\u00f3n promueve la reflexi\u00f3n Hist\u00f3rica Nacional<\/a><div class=\"wp-block-latest-posts__post-excerpt\">En el marco de la asignatura de Identidad Nacional y Orgullo Patrio, estudiantes de primer a\u00f1o de la Universidad de Ciencias Comerciales UCC, Sede Central Managua, realizaron este jueves 12&hellip; <\/div><\/li>\n<li><div class=\"wp-block-latest-posts__featured-image\"><img loading=\"lazy\" decoding=\"async\" width=\"150\" height=\"150\" src=\"https:\/\/www.ucc.edu.ni\/boletininformativo\/php_assets\/uploads\/2026\/02\/Alianza-Academica-150x150.png\" class=\"attachment-thumbnail size-thumbnail wp-post-image\" alt=\"\" style=\"\" \/><\/div><a class=\"wp-block-latest-posts__post-title\" href=\"https:\/\/www.ucc.edu.ni\/boletininformativo\/docencia\/alianza-academica-internacional\/\">Alianza Acad\u00e9mica Internacional<\/a><div class=\"wp-block-latest-posts__post-excerpt\">La Universidad de Ciencias Comerciales UCC, Campus Le\u00f3n, a trav\u00e9s de la Universidad Nacional Aut\u00f3noma de Honduras (UNAH), desarroll\u00f3 una sesi\u00f3n de trabajo virtual ayer lunes 16 de febrero, junto&hellip; <\/div><\/li>\n<li><div class=\"wp-block-latest-posts__featured-image\"><img loading=\"lazy\" decoding=\"async\" width=\"150\" height=\"150\" src=\"https:\/\/www.ucc.edu.ni\/boletininformativo\/php_assets\/uploads\/2026\/02\/Campana-150x150.jpeg\" class=\"attachment-thumbnail size-thumbnail wp-post-image\" alt=\"\" style=\"\" srcset=\"https:\/\/www.ucc.edu.ni\/boletininformativo\/php_assets\/uploads\/2026\/02\/Campana-150x150.jpeg 150w, https:\/\/www.ucc.edu.ni\/boletininformativo\/php_assets\/uploads\/2026\/02\/Campana-300x300.jpeg 300w, https:\/\/www.ucc.edu.ni\/boletininformativo\/php_assets\/uploads\/2026\/02\/Campana-1024x1024.jpeg 1024w, https:\/\/www.ucc.edu.ni\/boletininformativo\/php_assets\/uploads\/2026\/02\/Campana-768x768.jpeg 768w, https:\/\/www.ucc.edu.ni\/boletininformativo\/php_assets\/uploads\/2026\/02\/Campana.jpeg 1080w\" sizes=\"auto, (max-width: 150px) 100vw, 150px\" \/><\/div><a class=\"wp-block-latest-posts__post-title\" href=\"https:\/\/www.ucc.edu.ni\/boletininformativo\/docencia\/estudiantes-de-marketing-impulsan-campana-benefica\/\">Estudiantes de Marketing impulsan Campa\u00f1a Ben\u00e9fica<\/a><div class=\"wp-block-latest-posts__post-excerpt\">Estudiantes de la carrera de Marketing de la Universidad de Ciencias Comerciales (UCC), Sede Central Managua, que cursan la asignatura de Relaciones P\u00fablicas II en el turno dominical, desarrollan una&hellip; <\/div><\/li>\n<li><div class=\"wp-block-latest-posts__featured-image\"><img loading=\"lazy\" decoding=\"async\" width=\"150\" height=\"150\" src=\"https:\/\/www.ucc.edu.ni\/boletininformativo\/php_assets\/uploads\/2026\/02\/Experiencia-Internacional-150x150.jpg\" class=\"attachment-thumbnail size-thumbnail wp-post-image\" alt=\"\" style=\"\" \/><\/div><a class=\"wp-block-latest-posts__post-title\" href=\"https:\/\/www.ucc.edu.ni\/boletininformativo\/destacadas\/estudiantes-viven-experiencia-academica-internacional\/\">Estudiantes viven experiencia Acad\u00e9mica Internacional<\/a><div class=\"wp-block-latest-posts__post-excerpt\">En el marco de su proceso de Internacionalizaci\u00f3n, la Universidad de Ciencias Comerciales UCC, fortalece la formaci\u00f3n acad\u00e9mica de sus estudiantes a trav\u00e9s de experiencias pr\u00e1cticas en el extranjero. Diez&hellip; <\/div><\/li>\n<li><div class=\"wp-block-latest-posts__featured-image\"><img loading=\"lazy\" decoding=\"async\" width=\"150\" height=\"150\" src=\"https:\/\/www.ucc.edu.ni\/boletininformativo\/php_assets\/uploads\/2026\/02\/Encuentro-Docentes-Universitarios-150x150.jpg\" class=\"attachment-thumbnail size-thumbnail wp-post-image\" alt=\"\" style=\"\" \/><\/div><a class=\"wp-block-latest-posts__post-title\" href=\"https:\/\/www.ucc.edu.ni\/boletininformativo\/destacadas\/ucc-fue-sede-del-cuarto-encuentro-de-docentes-universitarios\/\">UCC fue sede del Cuarto Encuentro de Docentes Universitarios<\/a><div class=\"wp-block-latest-posts__post-excerpt\">La Universidad de Ciencias Comerciales (UCC), fue sede del Cuarto y \u00faltimo Encuentro de Intercambio con Docentes Universitarios, \u201cAprendizajes y di\u00e1logos que transforman la pr\u00e1ctica docente viva\u201d, un espacio de&hellip; <\/div><\/li>\n<li><div class=\"wp-block-latest-posts__featured-image\"><img loading=\"lazy\" decoding=\"async\" width=\"150\" height=\"150\" src=\"https:\/\/www.ucc.edu.ni\/boletininformativo\/php_assets\/uploads\/2026\/02\/Estudiantes-Turno-Diurno-150x150.jpg\" class=\"attachment-thumbnail size-thumbnail wp-post-image\" alt=\"\" style=\"\" \/><\/div><a class=\"wp-block-latest-posts__post-title\" href=\"https:\/\/www.ucc.edu.ni\/boletininformativo\/febrero-2026\/ucc-recibe-a-estudiantes-del-turno-diurno\/\">UCC recibe a Estudiantes del Turno Diurno<\/a><div class=\"wp-block-latest-posts__post-excerpt\">M\u00e1s de 220 estudiantes de nuevo ingreso del turno Diurno, de la Universidad de Ciencias Comerciales UCC, Sede Central Managua, asistieron este lunes 9 de febrero, al Curso de Inducci\u00f3n,&hellip; <\/div><\/li>\n<li><div class=\"wp-block-latest-posts__featured-image\"><img loading=\"lazy\" decoding=\"async\" width=\"150\" height=\"150\" src=\"https:\/\/www.ucc.edu.ni\/boletininformativo\/php_assets\/uploads\/2026\/02\/Culminan-CAU-150x150.jpg\" class=\"attachment-thumbnail size-thumbnail wp-post-image\" alt=\"\" style=\"\" \/><\/div><a class=\"wp-block-latest-posts__post-title\" href=\"https:\/\/www.ucc.edu.ni\/boletininformativo\/febrero-2026\/ucc-finaliza-curso-de-ambientacion-universitaria\/\">UCC finaliza Curso de Ambientaci\u00f3n Universitaria<\/a><div class=\"wp-block-latest-posts__post-excerpt\">Con el objetivo de facilitar la adaptaci\u00f3n de los estudiantes de primer ingreso a la vida acad\u00e9mica, culmin\u00f3 este viernes 6 de febrero en la Universidad de Ciencias Comerciales (UCC),&hellip; <\/div><\/li>\n<\/ul>","protected":false},"excerpt":{"rendered":"","protected":false},"author":1,"featured_media":0,"parent":0,"menu_order":0,"comment_status":"closed","ping_status":"closed","template":"","meta":{"footnotes":""},"class_list":["post-2809","page","type-page","status-publish","hentry"],"_links":{"self":[{"href":"https:\/\/www.ucc.edu.ni\/boletininformativo\/wp-json\/wp\/v2\/pages\/2809","targetHints":{"allow":["GET"]}}],"collection":[{"href":"https:\/\/www.ucc.edu.ni\/boletininformativo\/wp-json\/wp\/v2\/pages"}],"about":[{"href":"https:\/\/www.ucc.edu.ni\/boletininformativo\/wp-json\/wp\/v2\/types\/page"}],"author":[{"embeddable":true,"href":"https:\/\/www.ucc.edu.ni\/boletininformativo\/wp-json\/wp\/v2\/users\/1"}],"replies":[{"embeddable":true,"href":"https:\/\/www.ucc.edu.ni\/boletininformativo\/wp-json\/wp\/v2\/comments?post=2809"}],"version-history":[{"count":1,"href":"https:\/\/www.ucc.edu.ni\/boletininformativo\/wp-json\/wp\/v2\/pages\/2809\/revisions"}],"predecessor-version":[{"id":2810,"href":"https:\/\/www.ucc.edu.ni\/boletininformativo\/wp-json\/wp\/v2\/pages\/2809\/revisions\/2810"}],"wp:attachment":[{"href":"https:\/\/www.ucc.edu.ni\/boletininformativo\/wp-json\/wp\/v2\/media?parent=2809"}],"curies":[{"name":"wp","href":"https:\/\/api.w.org\/{rel}","templated":true}]}}