{"id":2669,"date":"2026-01-31T11:06:21","date_gmt":"2026-01-31T17:06:21","guid":{"rendered":"https:\/\/www.ucc.edu.ni\/boletininformativo\/?page_id=2669"},"modified":"2026-01-31T11:06:23","modified_gmt":"2026-01-31T17:06:23","slug":"diciembre-2025-2","status":"publish","type":"page","link":"https:\/\/www.ucc.edu.ni\/boletininformativo\/diciembre-2025-2\/","title":{"rendered":"DICIEMBRE 2025"},"content":{"rendered":"<ul class=\"wp-block-latest-posts__list is-grid columns-3 wp-block-latest-posts\"><li><div class=\"wp-block-latest-posts__featured-image\"><img loading=\"lazy\" decoding=\"async\" width=\"150\" height=\"94\" src=\"https:\/\/www.ucc.edu.ni\/boletininformativo\/php_assets\/uploads\/2026\/01\/Expo-Visionarios-scaled.jpg\" class=\"attachment-thumbnail size-thumbnail wp-post-image\" alt=\"\" style=\"\" srcset=\"https:\/\/www.ucc.edu.ni\/boletininformativo\/php_assets\/uploads\/2026\/01\/Expo-Visionarios-scaled.jpg 2560w, https:\/\/www.ucc.edu.ni\/boletininformativo\/php_assets\/uploads\/2026\/01\/Expo-Visionarios-300x188.jpg 300w\" sizes=\"auto, (max-width: 150px) 100vw, 150px\" \/><\/div><a class=\"wp-block-latest-posts__post-title\" href=\"https:\/\/www.ucc.edu.ni\/boletininformativo\/docencia\/espiritu-navideno-y-fervor-mariano-en-la-expo-visionarios\/\">Esp\u00edritu Navide\u00f1o y fervor Mariano en la Expo Visionarios<\/a><div class=\"wp-block-latest-posts__post-excerpt\">Bajo un ambiente navide\u00f1o y de fervor mariano, se realiz\u00f3 este domingo 21 de diciembre, la Feria Expo Visionarios del turno dominical, de laUniversidad de Ciencias Comerciales (UCC) Sede Central&hellip; <\/div><\/li>\n<li><div class=\"wp-block-latest-posts__featured-image\"><img loading=\"lazy\" decoding=\"async\" width=\"150\" height=\"150\" src=\"https:\/\/www.ucc.edu.ni\/boletininformativo\/php_assets\/uploads\/2026\/01\/Feria-de-Becas-2026-150x150.jpg\" class=\"attachment-thumbnail size-thumbnail wp-post-image\" alt=\"\" style=\"\" \/><\/div><a class=\"wp-block-latest-posts__post-title\" href=\"https:\/\/www.ucc.edu.ni\/boletininformativo\/docencia\/ucc-presente-en-el-lanzamiento-de-la-feria-de-becas-2026\/\">UCC presente en el lanzamiento de la Feria de Becas 2026<\/a><div class=\"wp-block-latest-posts__post-excerpt\">Este mi\u00e9rcoles 3 de diciembre, la Universidad de Ciencias Comerciales (UCC), particip\u00f3 en el Lanzamiento de la Novena edici\u00f3n de la Feria Nacional de Becas Universitarias 2026 del Ministerio de&hellip; <\/div><\/li>\n<li><div class=\"wp-block-latest-posts__featured-image\"><img loading=\"lazy\" decoding=\"async\" width=\"150\" height=\"150\" src=\"https:\/\/www.ucc.edu.ni\/boletininformativo\/php_assets\/uploads\/2026\/01\/Sonrisas-esta-navidad-150x150.png\" class=\"attachment-thumbnail size-thumbnail wp-post-image\" alt=\"\" style=\"\" \/><\/div><a class=\"wp-block-latest-posts__post-title\" href=\"https:\/\/www.ucc.edu.ni\/boletininformativo\/docencia\/ucc-campus-leon-regala-sonrisas-esta-navidad\/\">UCC Campus Le\u00f3n regala sonrisas esta Navidad<\/a><div class=\"wp-block-latest-posts__post-excerpt\">La Universidad de Ciencias Comerciales (UCC), Campus Le\u00f3n, a trav\u00e9s de la Coordinaci\u00f3n de Proyecci\u00f3n Social, se visti\u00f3 de gala para recibir a m\u00e1s de cuatrocientos ni\u00f1os y ni\u00f1as la&hellip; <\/div><\/li>\n<li><div class=\"wp-block-latest-posts__featured-image\"><img loading=\"lazy\" decoding=\"async\" width=\"1\" height=\"1\" src=\"https:\/\/www.ucc.edu.ni\/boletininformativo\/php_assets\/uploads\/2026\/01\/Copa-UCC-2025.jpg\" class=\"attachment-thumbnail size-thumbnail wp-post-image\" alt=\"\" style=\"\" \/><\/div><a class=\"wp-block-latest-posts__post-title\" href=\"https:\/\/www.ucc.edu.ni\/boletininformativo\/gestion-institucional\/finaliza-la-copa-ucc-2025\/\">Finaliza la Copa UCC 2025<\/a><div class=\"wp-block-latest-posts__post-excerpt\">Finaliz\u00f3 este mi\u00e9rcoles 3 de diciembre, la Copa UCC 2025, organizada por el \u00e1rea de Deporte, a trav\u00e9s de la Coordinaci\u00f3n de Bienestar Estudiantil, de la Universidad de Ciencias Comerciales&hellip; <\/div><\/li>\n<li><div class=\"wp-block-latest-posts__featured-image\"><img loading=\"lazy\" decoding=\"async\" width=\"150\" height=\"150\" src=\"https:\/\/www.ucc.edu.ni\/boletininformativo\/php_assets\/uploads\/2026\/01\/Consejo-Ampliado-2025-150x150.jpg\" class=\"attachment-thumbnail size-thumbnail wp-post-image\" alt=\"\" style=\"\" \/><\/div><a class=\"wp-block-latest-posts__post-title\" href=\"https:\/\/www.ucc.edu.ni\/boletininformativo\/docencia\/reunion-de-consejo-ampliado-2025\/\">Reuni\u00f3n de Consejo Ampliado 2025<\/a><div class=\"wp-block-latest-posts__post-excerpt\">Con la participaci\u00f3n de las Autoridades Superiores, as\u00ed como del equipo acad\u00e9mico y administrativo, la Universidad de Ciencias Comerciales (UCC), llev\u00f3 a cabo el jueves 18 de diciembre, en la&hellip; <\/div><\/li>\n<li><div class=\"wp-block-latest-posts__featured-image\"><img loading=\"lazy\" decoding=\"async\" width=\"150\" height=\"113\" src=\"https:\/\/www.ucc.edu.ni\/boletininformativo\/php_assets\/uploads\/2026\/01\/UCC\u2013Lincas-Construcciones.png\" class=\"attachment-thumbnail size-thumbnail wp-post-image\" alt=\"\" style=\"\" \/><\/div><a class=\"wp-block-latest-posts__post-title\" href=\"https:\/\/www.ucc.edu.ni\/boletininformativo\/gestion-institucional\/firma-de-convenio-ucc-lincas-construcciones\/\">Firma de Convenio UCC\u2013Lincas Construcciones<\/a><div class=\"wp-block-latest-posts__post-excerpt\">La Universidad de Ciencias Comerciales UCC, Campus Le\u00f3n, formaliz\u00f3 este 10 de diciembre un convenio de colaboraci\u00f3n con Lincas Construcciones, en un acto acad\u00e9mico que reuni\u00f3 a autoridades acad\u00e9micas; coordinadores&hellip; <\/div><\/li>\n<li><div class=\"wp-block-latest-posts__featured-image\"><img loading=\"lazy\" decoding=\"async\" width=\"150\" height=\"150\" src=\"https:\/\/www.ucc.edu.ni\/boletininformativo\/php_assets\/uploads\/2026\/01\/Olimpiadas-Universitarias-150x150.jpg\" class=\"attachment-thumbnail size-thumbnail wp-post-image\" alt=\"\" style=\"\" \/><\/div><a class=\"wp-block-latest-posts__post-title\" href=\"https:\/\/www.ucc.edu.ni\/boletininformativo\/docencia\/ucc-impulsa-soluciones-reales-en-olimpiadas-universitarias\/\">UCC impulsa soluciones reales en Olimpiadas Universitarias<\/a><div class=\"wp-block-latest-posts__post-excerpt\">Con el fin de promover la innovaci\u00f3n, la creatividad aplicada y el fortalecimiento de las competencias investigativas en la comunidad estudiantil, la Universidad de Ciencias Comerciales (UCC), particip\u00f3 este s\u00e1bado&hellip; <\/div><\/li>\n<li><div class=\"wp-block-latest-posts__featured-image\"><img loading=\"lazy\" decoding=\"async\" width=\"150\" height=\"150\" src=\"https:\/\/www.ucc.edu.ni\/boletininformativo\/php_assets\/uploads\/2026\/01\/Formacion-Talento-Humano-150x150.jpg\" class=\"attachment-thumbnail size-thumbnail wp-post-image\" alt=\"\" style=\"\" \/><\/div><a class=\"wp-block-latest-posts__post-title\" href=\"https:\/\/www.ucc.edu.ni\/boletininformativo\/docencia\/profesionales-concluyen-formacion-en-talento-humano\/\">Profesionales concluyen formaci\u00f3n en Talento Humano<\/a><div class=\"wp-block-latest-posts__post-excerpt\">Este s\u00e1bado 29 de noviembre, la Universidad de Ciencias Comerciales (UCC), Sede Central Managua, realiz\u00f3 la clausura del Diplomado en Gesti\u00f3n del Talento Humano, un programa acad\u00e9mico que permitir\u00e1 a&hellip; <\/div><\/li>\n<li><div class=\"wp-block-latest-posts__featured-image\"><img loading=\"lazy\" decoding=\"async\" width=\"150\" height=\"150\" src=\"https:\/\/www.ucc.edu.ni\/boletininformativo\/php_assets\/uploads\/2026\/01\/Derecho-de-Familia-150x150.jpg\" class=\"attachment-thumbnail size-thumbnail wp-post-image\" alt=\"\" style=\"\" \/><\/div><a class=\"wp-block-latest-posts__post-title\" href=\"https:\/\/www.ucc.edu.ni\/boletininformativo\/docencia\/expertos-abordan-los-desafios-actuales-del-derecho-de-familia\/\">Expertos abordan los desaf\u00edos actuales del Derecho de Familia<\/a><div class=\"wp-block-latest-posts__post-excerpt\">Se realiz\u00f3 recientemente en la Universidad de Ciencias Comerciales (UCC), Sede Central Managua, el Conversatorio \u201cDerecho Familiar desde la Perspectiva Infantoc\u00e9ntrica\u201d, organizado por la carrera de Derecho con el prop\u00f3sito&hellip; <\/div><\/li>\n<li><div class=\"wp-block-latest-posts__featured-image\"><img loading=\"lazy\" decoding=\"async\" width=\"150\" height=\"103\" src=\"https:\/\/www.ucc.edu.ni\/boletininformativo\/php_assets\/uploads\/2026\/01\/Profesionales-scaled.jpg\" class=\"attachment-thumbnail size-thumbnail wp-post-image\" alt=\"\" style=\"\" srcset=\"https:\/\/www.ucc.edu.ni\/boletininformativo\/php_assets\/uploads\/2026\/01\/Profesionales-scaled.jpg 2560w, https:\/\/www.ucc.edu.ni\/boletininformativo\/php_assets\/uploads\/2026\/01\/Profesionales-300x205.jpg 300w\" sizes=\"auto, (max-width: 150px) 100vw, 150px\" \/><\/div><a class=\"wp-block-latest-posts__post-title\" href=\"https:\/\/www.ucc.edu.ni\/boletininformativo\/docencia\/profesionales-reciben-diplomas-en-la-ucc\/\">Profesionales reciben diplomas en la UCC<\/a><div class=\"wp-block-latest-posts__post-excerpt\">M\u00e1s de 60 profesionales recibieron este s\u00e1bado 13 de diciembre sus diplomas tras culminar con \u00e9xito los Diplomados en Seguridad y Salud Laboral, Direcci\u00f3n Empresarial y Marketing, y Gesti\u00f3n Financiera&hellip; <\/div><\/li>\n<li><div class=\"wp-block-latest-posts__featured-image\"><img loading=\"lazy\" decoding=\"async\" width=\"150\" height=\"113\" src=\"https:\/\/www.ucc.edu.ni\/boletininformativo\/php_assets\/uploads\/2026\/01\/Grandes-huellas.jpg\" class=\"attachment-thumbnail size-thumbnail wp-post-image\" alt=\"\" style=\"\" \/><\/div><a class=\"wp-block-latest-posts__post-title\" href=\"https:\/\/www.ucc.edu.ni\/boletininformativo\/docencia\/pequenos-detalles-que-dejan-grandes-huellas\/\">Peque\u00f1os detalles que dejan grandes Huellas<\/a><div class=\"wp-block-latest-posts__post-excerpt\">Con un profundo esp\u00edritu de amor, solidaridad y compromiso social, el personal acad\u00e9mico y administrativo de la Universidad de Ciencias Comerciales (UCC), Campus Matagalpa, realiz\u00f3 una emotiva entrega de obsequios&hellip; <\/div><\/li>\n<li><div class=\"wp-block-latest-posts__featured-image\"><img loading=\"lazy\" decoding=\"async\" width=\"150\" height=\"150\" src=\"https:\/\/www.ucc.edu.ni\/boletininformativo\/php_assets\/uploads\/2026\/01\/Emprendedor-en-Matagalpa-150x150.jpg\" class=\"attachment-thumbnail size-thumbnail wp-post-image\" alt=\"\" style=\"\" \/><\/div><a class=\"wp-block-latest-posts__post-title\" href=\"https:\/\/www.ucc.edu.ni\/boletininformativo\/docencia\/feria-impulsa-el-espiritu-emprendedor-en-matagalpa\/\">Feria impulsa el Esp\u00edritu Emprendedor en Matagalpa<\/a><div class=\"wp-block-latest-posts__post-excerpt\">Con el objetivo de celebrar la creatividad, la innovaci\u00f3n y el esp\u00edritu emprendedor, la Universidad de Ciencias Comerciales (UCC) Campus Matagalpa realiz\u00f3 el s\u00e1bado 13 de diciembre la primera edici\u00f3n&hellip; <\/div><\/li>\n<li><div class=\"wp-block-latest-posts__featured-image\"><img loading=\"lazy\" decoding=\"async\" width=\"1\" height=\"1\" src=\"https:\/\/www.ucc.edu.ni\/boletininformativo\/php_assets\/uploads\/2026\/01\/clausura-de-Diplomados.jpg\" class=\"attachment-thumbnail size-thumbnail wp-post-image\" alt=\"\" style=\"\" \/><\/div><a class=\"wp-block-latest-posts__post-title\" href=\"https:\/\/www.ucc.edu.ni\/boletininformativo\/docencia\/ucc-celebra-clausura-de-cuatro-diplomados\/\">UCC celebra clausura de cuatro Diplomados<\/a><div class=\"wp-block-latest-posts__post-excerpt\">Un total de 70 profesionales participaron este s\u00e1bado 6 de diciembre en el acto de clausura de los Diplomados en Presupuesto, Flujo de Caja y Proyecciones Financieras; Contabilidad y Finanzas&hellip; <\/div><\/li>\n<li><div class=\"wp-block-latest-posts__featured-image\"><img loading=\"lazy\" decoding=\"async\" width=\"150\" height=\"150\" src=\"https:\/\/www.ucc.edu.ni\/boletininformativo\/php_assets\/uploads\/2026\/01\/Responsabilidad-Social-150x150.jpg\" class=\"attachment-thumbnail size-thumbnail wp-post-image\" alt=\"\" style=\"\" \/><\/div><a class=\"wp-block-latest-posts__post-title\" href=\"https:\/\/www.ucc.edu.ni\/boletininformativo\/docencia\/campana-social-promueve-valores-y-responsabilidad-social\/\">Campa\u00f1a Social promueve Valores y Responsabilidad Social<\/a><div class=\"wp-block-latest-posts__post-excerpt\">Como una manera de reconocer la valiosa labor del personal de Conserjer\u00eda y Mantenimiento de la Universidad de Ciencias Comerciales UCC, Sede Central Managua, estudiantes de tercer a\u00f1o de las&hellip; <\/div><\/li>\n<li><div class=\"wp-block-latest-posts__featured-image\"><img loading=\"lazy\" decoding=\"async\" width=\"150\" height=\"113\" src=\"https:\/\/www.ucc.edu.ni\/boletininformativo\/php_assets\/uploads\/2026\/01\/Torneo.jpg\" class=\"attachment-thumbnail size-thumbnail wp-post-image\" alt=\"\" style=\"\" srcset=\"https:\/\/www.ucc.edu.ni\/boletininformativo\/php_assets\/uploads\/2026\/01\/Torneo.jpg 1280w, https:\/\/www.ucc.edu.ni\/boletininformativo\/php_assets\/uploads\/2026\/01\/Torneo-300x225.jpg 300w\" sizes=\"auto, (max-width: 150px) 100vw, 150px\" \/><\/div><a class=\"wp-block-latest-posts__post-title\" href=\"https:\/\/www.ucc.edu.ni\/boletininformativo\/proyeccion-social\/un-torneo-con-proposito\/\">Un Torneo con prop\u00f3sito<\/a><div class=\"wp-block-latest-posts__post-excerpt\">La Universidad de Ciencias Comerciales (UCC) Campus Matagalpa, a trav\u00e9s de la Coordinaci\u00f3n de Bienestar Estudiantil y con la organizaci\u00f3n del Equipo de Danza del campus, llev\u00f3 a cabo el&hellip; <\/div><\/li>\n<li><div class=\"wp-block-latest-posts__featured-image\"><img loading=\"lazy\" decoding=\"async\" width=\"150\" height=\"150\" src=\"https:\/\/www.ucc.edu.ni\/boletininformativo\/php_assets\/uploads\/2026\/01\/Innovacion-y-conocimiento-150x150.png\" class=\"attachment-thumbnail size-thumbnail wp-post-image\" alt=\"\" style=\"\" \/><\/div><a class=\"wp-block-latest-posts__post-title\" href=\"https:\/\/www.ucc.edu.ni\/boletininformativo\/docencia\/innovacion-y-conocimiento\/\">Innovaci\u00f3n y Conocimiento<\/a><div class=\"wp-block-latest-posts__post-excerpt\">La Universidad de Ciencias Comerciales UCC, Campus Le\u00f3n, a trav\u00e9s de la Coordinaci\u00f3n de Investigaci\u00f3n, desarroll\u00f3 el jueves 11 de diciembre la Jornada Universitaria de Desarrollo Estudiantil e Investigaci\u00f3n, JUDI,&hellip; <\/div><\/li>\n<li><div class=\"wp-block-latest-posts__featured-image\"><img loading=\"lazy\" decoding=\"async\" width=\"150\" height=\"150\" src=\"https:\/\/www.ucc.edu.ni\/boletininformativo\/php_assets\/uploads\/2026\/01\/Navidad-en-Sonrisas-150x150.jpg\" class=\"attachment-thumbnail size-thumbnail wp-post-image\" alt=\"\" style=\"\" \/><\/div><a class=\"wp-block-latest-posts__post-title\" href=\"https:\/\/www.ucc.edu.ni\/boletininformativo\/destacadas\/ucc-transforma-la-navidad-en-sonrisas\/\">UCC transforma la Navidad en Sonrisas<\/a><div class=\"wp-block-latest-posts__post-excerpt\">Una tarde llena de alegr\u00eda, sonrisas y esp\u00edritu navide\u00f1o se vivi\u00f3 en la Universidad de Ciencias Comerciales (UCC), Sede Central Managua, este mi\u00e9rcoles 17 de diciembre, durante una actividad organizada&hellip; <\/div><\/li>\n<li><div class=\"wp-block-latest-posts__featured-image\"><img loading=\"lazy\" decoding=\"async\" width=\"150\" height=\"150\" src=\"https:\/\/www.ucc.edu.ni\/boletininformativo\/php_assets\/uploads\/2026\/01\/JUDI-MAT-2025-150x150.jpg\" class=\"attachment-thumbnail size-thumbnail wp-post-image\" alt=\"\" style=\"\" \/><\/div><a class=\"wp-block-latest-posts__post-title\" href=\"https:\/\/www.ucc.edu.ni\/boletininformativo\/destacadas\/judi-2025-en-campus-matagalpa\/\">JUDI 2025 en Campus Matagalpa<\/a><div class=\"wp-block-latest-posts__post-excerpt\">La Universidad de Ciencias Comerciales (UCC) Campus Matagalpa, desarroll\u00f3 con \u00e9xito la IX Jornada Universitaria de Desarrollo Estudiantil e Investigaci\u00f3n (JUDI) 2025, el pasado lunes 15 de diciembre, organizada por&hellip; <\/div><\/li>\n<li><div class=\"wp-block-latest-posts__featured-image\"><img loading=\"lazy\" decoding=\"async\" width=\"150\" height=\"150\" src=\"https:\/\/www.ucc.edu.ni\/boletininformativo\/php_assets\/uploads\/2026\/01\/MEDE-2025-150x150.jpg\" class=\"attachment-thumbnail size-thumbnail wp-post-image\" alt=\"\" style=\"\" \/><\/div><a class=\"wp-block-latest-posts__post-title\" href=\"https:\/\/www.ucc.edu.ni\/boletininformativo\/diciembre-2025\/ucc-celebra-xi-graduacion-de-maestrias-2025\/\">UCC celebra XI Graduaci\u00f3n de Maestr\u00edas 2025<\/a><div class=\"wp-block-latest-posts__post-excerpt\">Fue una ma\u00f1ana llena de orgullo y emoci\u00f3n la que se vivi\u00f3 durante la D\u00e9cima Primera Ceremonia de Graduaci\u00f3n 2025 de los Programas de Maestr\u00eda de la Universidad de Ciencias&hellip; <\/div><\/li>\n<li><div class=\"wp-block-latest-posts__featured-image\"><img loading=\"lazy\" decoding=\"async\" width=\"150\" height=\"97\" src=\"https:\/\/www.ucc.edu.ni\/boletininformativo\/php_assets\/uploads\/2026\/01\/Grad-UccLeon-2025.png\" class=\"attachment-thumbnail size-thumbnail wp-post-image\" alt=\"\" style=\"\" \/><\/div><a class=\"wp-block-latest-posts__post-title\" href=\"https:\/\/www.ucc.edu.ni\/boletininformativo\/diciembre-2025\/emocion-y-orgullo-en-la-ceremonia-de-graduacion-de-ucc-campus-leon\/\">Emoci\u00f3n y orgullo en la Ceremonia de Graduaci\u00f3n de UCC Campus Le\u00f3n<\/a><div class=\"wp-block-latest-posts__post-excerpt\">La Universidad de Ciencias Comerciales (UCC) Campus Le\u00f3n se visti\u00f3 de gala el viernes 19 de diciembre durante la XXXVI Ceremonia de Graduaci\u00f3n 2025, un acto solemne en el que&hellip; <\/div><\/li>\n<\/ul>","protected":false},"excerpt":{"rendered":"","protected":false},"author":1,"featured_media":0,"parent":0,"menu_order":0,"comment_status":"closed","ping_status":"closed","template":"","meta":{"footnotes":""},"class_list":["post-2669","page","type-page","status-publish","hentry"],"_links":{"self":[{"href":"https:\/\/www.ucc.edu.ni\/boletininformativo\/wp-json\/wp\/v2\/pages\/2669","targetHints":{"allow":["GET"]}}],"collection":[{"href":"https:\/\/www.ucc.edu.ni\/boletininformativo\/wp-json\/wp\/v2\/pages"}],"about":[{"href":"https:\/\/www.ucc.edu.ni\/boletininformativo\/wp-json\/wp\/v2\/types\/page"}],"author":[{"embeddable":true,"href":"https:\/\/www.ucc.edu.ni\/boletininformativo\/wp-json\/wp\/v2\/users\/1"}],"replies":[{"embeddable":true,"href":"https:\/\/www.ucc.edu.ni\/boletininformativo\/wp-json\/wp\/v2\/comments?post=2669"}],"version-history":[{"count":1,"href":"https:\/\/www.ucc.edu.ni\/boletininformativo\/wp-json\/wp\/v2\/pages\/2669\/revisions"}],"predecessor-version":[{"id":2670,"href":"https:\/\/www.ucc.edu.ni\/boletininformativo\/wp-json\/wp\/v2\/pages\/2669\/revisions\/2670"}],"wp:attachment":[{"href":"https:\/\/www.ucc.edu.ni\/boletininformativo\/wp-json\/wp\/v2\/media?parent=2669"}],"curies":[{"name":"wp","href":"https:\/\/api.w.org\/{rel}","templated":true}]}}