{"id":2458,"date":"2025-10-30T12:11:56","date_gmt":"2025-10-30T18:11:56","guid":{"rendered":"https:\/\/www.ucc.edu.ni\/boletininformativo\/?page_id=2458"},"modified":"2025-10-30T12:11:57","modified_gmt":"2025-10-30T18:11:57","slug":"septiembre-2025-2","status":"publish","type":"page","link":"https:\/\/www.ucc.edu.ni\/boletininformativo\/septiembre-2025-2\/","title":{"rendered":"SEPTIEMBRE 2025"},"content":{"rendered":"<ul class=\"wp-block-latest-posts__list is-grid columns-3 wp-block-latest-posts\"><li><div class=\"wp-block-latest-posts__featured-image\"><img loading=\"lazy\" decoding=\"async\" width=\"150\" height=\"150\" src=\"https:\/\/www.ucc.edu.ni\/boletininformativo\/php_assets\/uploads\/2025\/10\/Identidad-Nacional-150x150.jpg\" class=\"attachment-thumbnail size-thumbnail wp-post-image\" alt=\"\" style=\"\" \/><\/div><a class=\"wp-block-latest-posts__post-title\" href=\"https:\/\/www.ucc.edu.ni\/boletininformativo\/docencia\/creatividad-e-innovacion-con-identidad-nacional\/\">Creatividad e Innovaci\u00f3n con Identidad Nacional<\/a><div class=\"wp-block-latest-posts__post-excerpt\">Con sabor a Nicaragua, as\u00ed se vivi\u00f3 este mi\u00e9rcoles 10 de septiembre la Feria Universitaria Expo Visionarios 2025 en&hellip; <\/div><\/li>\n<li><div class=\"wp-block-latest-posts__featured-image\"><img loading=\"lazy\" decoding=\"async\" width=\"150\" height=\"150\" src=\"https:\/\/www.ucc.edu.ni\/boletininformativo\/php_assets\/uploads\/2025\/10\/Amor-a-Nicaragua-150x150.png\" class=\"attachment-thumbnail size-thumbnail wp-post-image\" alt=\"\" style=\"\" \/><\/div><a class=\"wp-block-latest-posts__post-title\" href=\"https:\/\/www.ucc.edu.ni\/boletininformativo\/docencia\/amor-a-nicaragua-en-las-fiestas-patrias\/\">Amor a Nicaragua en las Fiestas Patrias<\/a><div class=\"wp-block-latest-posts__post-excerpt\">En el marco de las celebraciones de las Fiestas Patrias, la Universidad de Ciencias Comerciales (UCC), Campus Le\u00f3n, a&hellip; <\/div><\/li>\n<li><div class=\"wp-block-latest-posts__featured-image\"><img loading=\"lazy\" decoding=\"async\" width=\"150\" height=\"150\" src=\"https:\/\/www.ucc.edu.ni\/boletininformativo\/php_assets\/uploads\/2025\/10\/Creatividad-e-Innovacion-150x150.jpg\" class=\"attachment-thumbnail size-thumbnail wp-post-image\" alt=\"\" style=\"\" \/><\/div><a class=\"wp-block-latest-posts__post-title\" href=\"https:\/\/www.ucc.edu.ni\/boletininformativo\/docencia\/creatividad-e-innovacion\/\">Creatividad e Innovaci\u00f3n<\/a><div class=\"wp-block-latest-posts__post-excerpt\">En el marco del Eje 1: Educaci\u00f3n para la vida, de la Estrategia Nacional de Educaci\u00f3n y con el&hellip; <\/div><\/li>\n<li><div class=\"wp-block-latest-posts__featured-image\"><img loading=\"lazy\" decoding=\"async\" width=\"150\" height=\"150\" src=\"https:\/\/www.ucc.edu.ni\/boletininformativo\/php_assets\/uploads\/2025\/10\/Diplomados-en-Telecomunicaciones-150x150.jpg\" class=\"attachment-thumbnail size-thumbnail wp-post-image\" alt=\"\" style=\"\" \/><\/div><a class=\"wp-block-latest-posts__post-title\" href=\"https:\/\/www.ucc.edu.ni\/boletininformativo\/docencia\/ucc-clausura-diplomados-en-telecomunicaciones\/\">UCC clausura Diplomados en Telecomunicaciones<\/a><div class=\"wp-block-latest-posts__post-excerpt\">La Universidad de Ciencias Comerciales (UCC), Sede Central Managua, a trav\u00e9s de la Direcci\u00f3n de Tecnolog\u00eda de la Informaci\u00f3n&hellip; <\/div><\/li>\n<li><div class=\"wp-block-latest-posts__featured-image\"><img loading=\"lazy\" decoding=\"async\" width=\"150\" height=\"150\" src=\"https:\/\/www.ucc.edu.ni\/boletininformativo\/php_assets\/uploads\/2025\/10\/Proyectos-Innovadores-150x150.jpg\" class=\"attachment-thumbnail size-thumbnail wp-post-image\" alt=\"\" style=\"\" \/><\/div><a class=\"wp-block-latest-posts__post-title\" href=\"https:\/\/www.ucc.edu.ni\/boletininformativo\/docencia\/investigacion-de-mercado-con-proyectos-innovadores-de-estudiantes\/\">Investigaci\u00f3n de Mercado con Proyectos Innovadores de Estudiantes<\/a><div class=\"wp-block-latest-posts__post-excerpt\">La Universidad de Ciencias Comerciales (UCC), Campus Matagalpa, contin\u00faa fortaleciendo la formaci\u00f3n investigativa de sus futuros profesionales. El pasado&hellip; <\/div><\/li>\n<li><div class=\"wp-block-latest-posts__featured-image\"><img loading=\"lazy\" decoding=\"async\" width=\"150\" height=\"150\" src=\"https:\/\/www.ucc.edu.ni\/boletininformativo\/php_assets\/uploads\/2025\/10\/Unidos-por-la-Naturaleza-150x150.jpg\" class=\"attachment-thumbnail size-thumbnail wp-post-image\" alt=\"\" style=\"\" \/><\/div><a class=\"wp-block-latest-posts__post-title\" href=\"https:\/\/www.ucc.edu.ni\/boletininformativo\/docencia\/estudiantes-y-colaboradores-unidos-por-la-naturaleza\/\">Estudiantes y colaboradores unidos por la naturaleza<\/a><div class=\"wp-block-latest-posts__post-excerpt\">La Universidad de Ciencias Comerciales (UCC), Campus Matagalpa, llev\u00f3 a cabo este 10 de septiembre, el acto de juramentaci\u00f3n&hellip; <\/div><\/li>\n<li><div class=\"wp-block-latest-posts__featured-image\"><img loading=\"lazy\" decoding=\"async\" width=\"150\" height=\"150\" src=\"https:\/\/www.ucc.edu.ni\/boletininformativo\/php_assets\/uploads\/2025\/10\/Entrega-Certificados-150x150.jpg\" class=\"attachment-thumbnail size-thumbnail wp-post-image\" alt=\"\" style=\"\" \/><\/div><a class=\"wp-block-latest-posts__post-title\" href=\"https:\/\/www.ucc.edu.ni\/boletininformativo\/docencia\/ucc-entrega-certificados-a-maestrandos-de-la-mede\/\">UCC entrega Certificados a Maestrandos de la MEDE<\/a><div class=\"wp-block-latest-posts__post-excerpt\">La Universidad de Ciencias Comerciales (UCC), entreg\u00f3 este viernes 12 de septiembre, certificados a colaboradores de la Empresa Portuaria&hellip; <\/div><\/li>\n<li><div class=\"wp-block-latest-posts__featured-image\"><img loading=\"lazy\" decoding=\"async\" width=\"150\" height=\"150\" src=\"https:\/\/www.ucc.edu.ni\/boletininformativo\/php_assets\/uploads\/2025\/10\/Expo-Arquitectura-150x150.png\" class=\"attachment-thumbnail size-thumbnail wp-post-image\" alt=\"\" style=\"\" \/><\/div><a class=\"wp-block-latest-posts__post-title\" href=\"https:\/\/www.ucc.edu.ni\/boletininformativo\/docencia\/expo-arquitectura-2025-innovacion-y-creatividad-estudiantil\/\">Expo Arquitectura 2025 Innovaci\u00f3n y Creatividad Estudiantil<\/a><div class=\"wp-block-latest-posts__post-excerpt\">La Universidad de Ciencias Comerciales (UCC), Campus Le\u00f3n, a trav\u00e9s de la Coordinaci\u00f3n de Arquitectura, Dise\u00f1o Gr\u00e1fico y Publicitario&hellip; <\/div><\/li>\n<li><div class=\"wp-block-latest-posts__featured-image\"><img loading=\"lazy\" decoding=\"async\" width=\"150\" height=\"150\" src=\"https:\/\/www.ucc.edu.ni\/boletininformativo\/php_assets\/uploads\/2025\/10\/Emprendimientos-150x150.jpg\" class=\"attachment-thumbnail size-thumbnail wp-post-image\" alt=\"\" style=\"\" \/><\/div><a class=\"wp-block-latest-posts__post-title\" href=\"https:\/\/www.ucc.edu.ni\/boletininformativo\/docencia\/formacion-en-la-ucc-impulsa-nuevos-emprendimientos\/\">Formaci\u00f3n en la UCC impulsa nuevos Emprendimientos<\/a><div class=\"wp-block-latest-posts__post-excerpt\">El Ingeniero Carlos S\u00e1nchez Castillo, egresado de la primera edici\u00f3n del Diplomado en Dise\u00f1o e Instalaci\u00f3n de Redes de&hellip; <\/div><\/li>\n<li><div class=\"wp-block-latest-posts__featured-image\"><img loading=\"lazy\" decoding=\"async\" width=\"150\" height=\"150\" src=\"https:\/\/www.ucc.edu.ni\/boletininformativo\/php_assets\/uploads\/2025\/10\/Formacion-Continua-150x150.jpg\" class=\"attachment-thumbnail size-thumbnail wp-post-image\" alt=\"\" style=\"\" \/><\/div><a class=\"wp-block-latest-posts__post-title\" href=\"https:\/\/www.ucc.edu.ni\/boletininformativo\/docencia\/mas-de-50-participantes-inician-su-formacion-continua-en-ucc\/\">M\u00e1s de 50 participantes inician su Formaci\u00f3n Continua en UCC<\/a><div class=\"wp-block-latest-posts__post-excerpt\">Con el objetivo de impulsar la actualizaci\u00f3n profesional y brindar herramientas pr\u00e1cticas para responder a las demandas actuales del&hellip; <\/div><\/li>\n<li><div class=\"wp-block-latest-posts__featured-image\"><img loading=\"lazy\" decoding=\"async\" width=\"150\" height=\"150\" src=\"https:\/\/www.ucc.edu.ni\/boletininformativo\/php_assets\/uploads\/2025\/10\/Estrategia-de-Evaluacion-150x150.jpg\" class=\"attachment-thumbnail size-thumbnail wp-post-image\" alt=\"\" style=\"\" \/><\/div><a class=\"wp-block-latest-posts__post-title\" href=\"https:\/\/www.ucc.edu.ni\/boletininformativo\/docencia\/ucc-fortalece-su-estrategia-de-evaluacion\/\">UCC fortalece su Estrategia de Evaluaci\u00f3n<\/a><div class=\"wp-block-latest-posts__post-excerpt\">La Universidad de Ciencias Comerciales (UCC), Campus Matagalpa, desarroll\u00f3 el pasado jueves 18 de septiembre una reuni\u00f3n acad\u00e9mica con&hellip; <\/div><\/li>\n<li><div class=\"wp-block-latest-posts__featured-image\"><img loading=\"lazy\" decoding=\"async\" width=\"150\" height=\"150\" src=\"https:\/\/www.ucc.edu.ni\/boletininformativo\/php_assets\/uploads\/2025\/10\/Internacionalizacion-150x150.png\" class=\"attachment-thumbnail size-thumbnail wp-post-image\" alt=\"\" style=\"\" \/><\/div><a class=\"wp-block-latest-posts__post-title\" href=\"https:\/\/www.ucc.edu.ni\/boletininformativo\/docencia\/ucc-fortalece-la-dimension-de-internacionalizacion\/\">UCC fortalece la dimensi\u00f3n de Internacionalizaci\u00f3n<\/a><div class=\"wp-block-latest-posts__post-excerpt\">La Universidad de Ciencias Comerciales (UCC), a trav\u00e9s de la Coordinaci\u00f3n de Derecho con \u00e9nfasis en Gerencia Empresarial, desarroll\u00f3&hellip; <\/div><\/li>\n<li><div class=\"wp-block-latest-posts__featured-image\"><img loading=\"lazy\" decoding=\"async\" width=\"150\" height=\"150\" src=\"https:\/\/www.ucc.edu.ni\/boletininformativo\/php_assets\/uploads\/2025\/10\/Prevencion-ante-Emergencias-150x150.jpg\" class=\"attachment-thumbnail size-thumbnail wp-post-image\" alt=\"\" style=\"\" \/><\/div><a class=\"wp-block-latest-posts__post-title\" href=\"https:\/\/www.ucc.edu.ni\/boletininformativo\/gestion-institucional\/compromiso-con-la-seguridad-y-la-prevencion-ante-emergencias\/\">Compromiso con la Seguridad y la prevenci\u00f3n ante Emergencias<\/a><div class=\"wp-block-latest-posts__post-excerpt\">Con el objetivo de fortalecer la cultura de prevenci\u00f3n y respuesta ante emergencias, la comunidad educativa de la Universidad&hellip; <\/div><\/li>\n<li><div class=\"wp-block-latest-posts__featured-image\"><img loading=\"lazy\" decoding=\"async\" width=\"150\" height=\"150\" src=\"https:\/\/www.ucc.edu.ni\/boletininformativo\/php_assets\/uploads\/2025\/10\/Compromiso-Ambiental-150x150.jpg\" class=\"attachment-thumbnail size-thumbnail wp-post-image\" alt=\"\" style=\"\" srcset=\"https:\/\/www.ucc.edu.ni\/boletininformativo\/php_assets\/uploads\/2025\/10\/Compromiso-Ambiental-150x150.jpg 150w, https:\/\/www.ucc.edu.ni\/boletininformativo\/php_assets\/uploads\/2025\/10\/Compromiso-Ambiental-300x297.jpg 300w, https:\/\/www.ucc.edu.ni\/boletininformativo\/php_assets\/uploads\/2025\/10\/Compromiso-Ambiental-768x761.jpg 768w, https:\/\/www.ucc.edu.ni\/boletininformativo\/php_assets\/uploads\/2025\/10\/Compromiso-Ambiental.jpg 875w\" sizes=\"auto, (max-width: 150px) 100vw, 150px\" \/><\/div><a class=\"wp-block-latest-posts__post-title\" href=\"https:\/\/www.ucc.edu.ni\/boletininformativo\/docencia\/compromiso-ambiental\/\">Compromiso Ambiental<\/a><div class=\"wp-block-latest-posts__post-excerpt\">En el marco del Programa de Universidades Verdes y como parte del compromiso con la sostenibilidad ambiental, estudiantes de&hellip; <\/div><\/li>\n<li><div class=\"wp-block-latest-posts__featured-image\"><img loading=\"lazy\" decoding=\"async\" width=\"150\" height=\"150\" src=\"https:\/\/www.ucc.edu.ni\/boletininformativo\/php_assets\/uploads\/2025\/10\/Proyectos-Quimicos-150x150.jpg\" class=\"attachment-thumbnail size-thumbnail wp-post-image\" alt=\"\" style=\"\" \/><\/div><a class=\"wp-block-latest-posts__post-title\" href=\"https:\/\/www.ucc.edu.ni\/boletininformativo\/docencia\/proyectos-quimicos-responden-a-retos-ambientales\/\">Proyectos Qu\u00edmicos responden a retos Ambientales<\/a><div class=\"wp-block-latest-posts__post-excerpt\">Con el objetivo de promover la aplicaci\u00f3n de soluciones innovadoras que respondan a problem\u00e1ticas espec\u00edficas de las comunidades locales,&hellip; <\/div><\/li>\n<li><div class=\"wp-block-latest-posts__featured-image\"><img loading=\"lazy\" decoding=\"async\" width=\"150\" height=\"150\" src=\"https:\/\/www.ucc.edu.ni\/boletininformativo\/php_assets\/uploads\/2025\/10\/Seguridad-Ocupacional-150x150.jpg\" class=\"attachment-thumbnail size-thumbnail wp-post-image\" alt=\"\" style=\"\" \/><\/div><a class=\"wp-block-latest-posts__post-title\" href=\"https:\/\/www.ucc.edu.ni\/boletininformativo\/gestion-institucional\/compromiso-institucional-con-la-seguridad-ocupacional\/\">Compromiso Institucional con la Seguridad Ocupacional<\/a><div class=\"wp-block-latest-posts__post-excerpt\">La Universidad de Ciencias Comerciales (UCC), Sede Central Managua, en coordinaci\u00f3n con el Instituto Nicarag\u00fcense de Seguridad Social (INSS),&hellip; <\/div><\/li>\n<li><div class=\"wp-block-latest-posts__featured-image\"><img loading=\"lazy\" decoding=\"async\" width=\"150\" height=\"150\" src=\"https:\/\/www.ucc.edu.ni\/boletininformativo\/php_assets\/uploads\/2025\/10\/Sabor-a-Patria-150x150.jpg\" class=\"attachment-thumbnail size-thumbnail wp-post-image\" alt=\"\" style=\"\" \/><\/div><a class=\"wp-block-latest-posts__post-title\" href=\"https:\/\/www.ucc.edu.ni\/boletininformativo\/destacadas\/una-experiencia-enriquecedora-con-sabor-a-patria\/\">Una experiencia enriquecedora con sabor a patria<\/a><div class=\"wp-block-latest-posts__post-excerpt\">\u00b7 Colaboradores de la UCC visitan la Hacienda San Jacinto En el marco de las Fiestas Patrias y con&hellip; <\/div><\/li>\n<li><div class=\"wp-block-latest-posts__featured-image\"><img loading=\"lazy\" decoding=\"async\" width=\"150\" height=\"150\" src=\"https:\/\/www.ucc.edu.ni\/boletininformativo\/php_assets\/uploads\/2025\/10\/Feria-del-Empleo-Occidente-150x150.png\" class=\"attachment-thumbnail size-thumbnail wp-post-image\" alt=\"\" style=\"\" \/><\/div><a class=\"wp-block-latest-posts__post-title\" href=\"https:\/\/www.ucc.edu.ni\/boletininformativo\/destacadas\/feria-regional-del-empleo-occidente-2025\/\">Feria Regional del Empleo Occidente 2025<\/a><div class=\"wp-block-latest-posts__post-excerpt\">La Universidad de Ciencias Comerciales (UCC) Campus Le\u00f3n, realiz\u00f3 el s\u00e1bado 6 de septiembre con gran \u00e9xito la primera&hellip; <\/div><\/li>\n<\/ul>","protected":false},"excerpt":{"rendered":"","protected":false},"author":1,"featured_media":0,"parent":0,"menu_order":0,"comment_status":"closed","ping_status":"closed","template":"","meta":{"footnotes":""},"class_list":["post-2458","page","type-page","status-publish","hentry"],"_links":{"self":[{"href":"https:\/\/www.ucc.edu.ni\/boletininformativo\/wp-json\/wp\/v2\/pages\/2458","targetHints":{"allow":["GET"]}}],"collection":[{"href":"https:\/\/www.ucc.edu.ni\/boletininformativo\/wp-json\/wp\/v2\/pages"}],"about":[{"href":"https:\/\/www.ucc.edu.ni\/boletininformativo\/wp-json\/wp\/v2\/types\/page"}],"author":[{"embeddable":true,"href":"https:\/\/www.ucc.edu.ni\/boletininformativo\/wp-json\/wp\/v2\/users\/1"}],"replies":[{"embeddable":true,"href":"https:\/\/www.ucc.edu.ni\/boletininformativo\/wp-json\/wp\/v2\/comments?post=2458"}],"version-history":[{"count":1,"href":"https:\/\/www.ucc.edu.ni\/boletininformativo\/wp-json\/wp\/v2\/pages\/2458\/revisions"}],"predecessor-version":[{"id":2459,"href":"https:\/\/www.ucc.edu.ni\/boletininformativo\/wp-json\/wp\/v2\/pages\/2458\/revisions\/2459"}],"wp:attachment":[{"href":"https:\/\/www.ucc.edu.ni\/boletininformativo\/wp-json\/wp\/v2\/media?parent=2458"}],"curies":[{"name":"wp","href":"https:\/\/api.w.org\/{rel}","templated":true}]}}