{"id":2376,"date":"2025-10-02T09:50:41","date_gmt":"2025-10-02T15:50:41","guid":{"rendered":"https:\/\/www.ucc.edu.ni\/boletininformativo\/?page_id=2376"},"modified":"2025-10-02T09:51:47","modified_gmt":"2025-10-02T15:51:47","slug":"julio-2025-2","status":"publish","type":"page","link":"https:\/\/www.ucc.edu.ni\/boletininformativo\/julio-2025-2\/","title":{"rendered":"JULIO 2025"},"content":{"rendered":"<ul class=\"wp-block-latest-posts__list is-grid columns-3 wp-block-latest-posts\"><li><div class=\"wp-block-latest-posts__featured-image\"><img loading=\"lazy\" decoding=\"async\" width=\"150\" height=\"150\" src=\"https:\/\/www.ucc.edu.ni\/boletininformativo\/php_assets\/uploads\/2025\/07\/UCC-TIGO-150x150.jpg\" class=\"attachment-thumbnail size-thumbnail wp-post-image\" alt=\"\" style=\"\" \/><\/div><a class=\"wp-block-latest-posts__post-title\" href=\"https:\/\/www.ucc.edu.ni\/boletininformativo\/gestion-institucional\/ucc-y-tigo-impulsan-el-aprendizaje-digital\/\">UCC y TIGO impulsan el Aprendizaje Digital<\/a><div class=\"wp-block-latest-posts__post-excerpt\">Estudiantes de las diversas carreras de la Universidad de Ciencias Comerciales (UCC), Sede Central Managua, participaron en la conferencia; \u201cDescubr\u00ed el poder del marketing digital con Inteligencia Artificial\u201d, ofrecida por&hellip; <\/div><\/li>\n<li><div class=\"wp-block-latest-posts__featured-image\"><img loading=\"lazy\" decoding=\"async\" width=\"150\" height=\"150\" src=\"https:\/\/www.ucc.edu.ni\/boletininformativo\/php_assets\/uploads\/2025\/07\/Presentan-Investigaciones-150x150.jpg\" class=\"attachment-thumbnail size-thumbnail wp-post-image\" alt=\"\" style=\"\" \/><\/div><a class=\"wp-block-latest-posts__post-title\" href=\"https:\/\/www.ucc.edu.ni\/boletininformativo\/docencia\/presentan-investigaciones-en-el-congreso-de-medicina-veterinaria\/\">Presentan Investigaciones en el Congreso de Medicina Veterinaria<\/a><div class=\"wp-block-latest-posts__post-excerpt\">Con destacada participaci\u00f3n de estudiantes e investigadores de la Universidad de Ciencias Comerciales (UCC), la UNIDES y UCN, se desarroll\u00f3 con \u00e9xito el Panel de Investigaci\u00f3n Veterinaria, en el marco&hellip; <\/div><\/li>\n<li><div class=\"wp-block-latest-posts__featured-image\"><img loading=\"lazy\" decoding=\"async\" width=\"150\" height=\"150\" src=\"https:\/\/www.ucc.edu.ni\/boletininformativo\/php_assets\/uploads\/2025\/07\/Transformacion-Financiera-150x150.jpg\" class=\"attachment-thumbnail size-thumbnail wp-post-image\" alt=\"\" style=\"\" \/><\/div><a class=\"wp-block-latest-posts__post-title\" href=\"https:\/\/www.ucc.edu.ni\/boletininformativo\/docencia\/inicia-curso-para-la-transformacion-financiera-del-sector-turistico\/\">Inicia Curso para la Transformaci\u00f3n Financiera del sector Tur\u00edstico<\/a><div class=\"wp-block-latest-posts__post-excerpt\">Con la participaci\u00f3n de 36 empresarios y emprendedores del sector hotelero y restaurante, la Universidad de Ciencias Comerciales UCC, a trav\u00e9s de la Direcci\u00f3n de Proyecci\u00f3n Social, dio inicio este&hellip; <\/div><\/li>\n<li><div class=\"wp-block-latest-posts__featured-image\"><img loading=\"lazy\" decoding=\"async\" width=\"150\" height=\"150\" src=\"https:\/\/www.ucc.edu.ni\/boletininformativo\/php_assets\/uploads\/2025\/07\/Seminario-de-Patologia-150x150.jpg\" class=\"attachment-thumbnail size-thumbnail wp-post-image\" alt=\"\" style=\"\" \/><\/div><a class=\"wp-block-latest-posts__post-title\" href=\"https:\/\/www.ucc.edu.ni\/boletininformativo\/docencia\/primer-seminario-nicaraguense-de-patologia-veterinaria\/\">Primer Seminario Nicarag\u00fcense de Patolog\u00eda Veterinaria<\/a><div class=\"wp-block-latest-posts__post-excerpt\">Con el objetivo de fortalecer la formaci\u00f3n acad\u00e9mica y cient\u00edfica de los futuros m\u00e9dicos veterinarios mediante un enfoque pr\u00e1ctico, la Universidad de Ciencias Comerciales (UCC), a trav\u00e9s de la carrera&hellip; <\/div><\/li>\n<li><div class=\"wp-block-latest-posts__featured-image\"><img loading=\"lazy\" decoding=\"async\" width=\"150\" height=\"150\" src=\"https:\/\/www.ucc.edu.ni\/boletininformativo\/php_assets\/uploads\/2025\/07\/e6c5211b-9177-4144-bf04-87d66f2e6718-150x150.jpg\" class=\"attachment-thumbnail size-thumbnail wp-post-image\" alt=\"\" style=\"\" \/><\/div><a class=\"wp-block-latest-posts__post-title\" href=\"https:\/\/www.ucc.edu.ni\/boletininformativo\/proyeccion-social\/estudiantes-de-ucc-reciben-reconocimiento\/\">Estudiantes de UCC reciben Reconocimiento<\/a><div class=\"wp-block-latest-posts__post-excerpt\">En el marco de la conmemoraci\u00f3n del D\u00eda Nacional del Estudiante, Angie V\u00edctor, estudiante de la carrera de Marketing y Publicidad, y Gabriela Mercado, de la carrera de Derecho con&hellip; <\/div><\/li>\n<li><div class=\"wp-block-latest-posts__featured-image\"><img loading=\"lazy\" decoding=\"async\" width=\"150\" height=\"150\" src=\"https:\/\/www.ucc.edu.ni\/boletininformativo\/php_assets\/uploads\/2025\/07\/Salud-Ocupacional-150x150.jpg\" class=\"attachment-thumbnail size-thumbnail wp-post-image\" alt=\"\" style=\"\" \/><\/div><a class=\"wp-block-latest-posts__post-title\" href=\"https:\/\/www.ucc.edu.ni\/boletininformativo\/gestion-institucional\/compromiso-con-la-salud-ocupacional\/\">Compromiso con la Salud Ocupacional<\/a><div class=\"wp-block-latest-posts__post-excerpt\">Colaboradores de las diferentes \u00e1reas de la Universidad de Ciencias Comerciales (UCC), Sede Central Managua, participaron el martes 22 de julio en la Charla sobre Ergonom\u00eda de Oficina, impartida por&hellip; <\/div><\/li>\n<li><div class=\"wp-block-latest-posts__featured-image\"><img loading=\"lazy\" decoding=\"async\" width=\"150\" height=\"150\" src=\"https:\/\/www.ucc.edu.ni\/boletininformativo\/php_assets\/uploads\/2025\/07\/Medicina-Animales-Silvestres-150x150.jpg\" class=\"attachment-thumbnail size-thumbnail wp-post-image\" alt=\"\" style=\"\" \/><\/div><a class=\"wp-block-latest-posts__post-title\" href=\"https:\/\/www.ucc.edu.ni\/boletininformativo\/docencia\/finalizo-con-exito-el-curso-de-medicina-en-animales-silvestres\/\">Finaliz\u00f3 con \u00e9xito el Curso de Medicina en Animales Silvestres<\/a><div class=\"wp-block-latest-posts__post-excerpt\">La Universidad de Ciencias Comerciales (UCC), Sede Central Managua, desarroll\u00f3 el curso de Medicina Interna en Animales Silvestres, dirigido a m\u00e9dicos veterinarios y estudiantes de Medicina Veterinaria. El curso desarrollado&hellip; <\/div><\/li>\n<li><div class=\"wp-block-latest-posts__featured-image\"><img loading=\"lazy\" decoding=\"async\" width=\"150\" height=\"150\" src=\"https:\/\/www.ucc.edu.ni\/boletininformativo\/php_assets\/uploads\/2025\/07\/Futbol-Sala-150x150.jpg\" class=\"attachment-thumbnail size-thumbnail wp-post-image\" alt=\"\" style=\"\" \/><\/div><a class=\"wp-block-latest-posts__post-title\" href=\"https:\/\/www.ucc.edu.ni\/boletininformativo\/docencia\/lobos-ucc-dominan-partidos-amistosos-de-futbol-sala\/\">Lobos UCC dominan partidos amistosos de F\u00fatbol Sala<\/a><div class=\"wp-block-latest-posts__post-excerpt\">En una destacada jornada deportiva, el equipo de f\u00fatbol sala de la Universidad de Ciencias Comerciales (UCC), Lobos UCC, demostraron su fortaleza en la cancha al imponerse frente a los&hellip; <\/div><\/li>\n<li><div class=\"wp-block-latest-posts__featured-image\"><img loading=\"lazy\" decoding=\"async\" width=\"150\" height=\"150\" src=\"https:\/\/www.ucc.edu.ni\/boletininformativo\/php_assets\/uploads\/2025\/07\/Identidad-Cultural-150x150.png\" class=\"attachment-thumbnail size-thumbnail wp-post-image\" alt=\"\" style=\"\" \/><\/div><a class=\"wp-block-latest-posts__post-title\" href=\"https:\/\/www.ucc.edu.ni\/boletininformativo\/docencia\/explorando-la-identidad-cultural-y-turistica\/\">Explorando la Identidad Cultural y Tur\u00edstica<\/a><div class=\"wp-block-latest-posts__post-excerpt\">La Universidad de Ciencias Comerciales (UCC), campus Le\u00f3n, a trav\u00e9s de la Coordinaci\u00f3n de Ciencias Econ\u00f3micas Empresariales, realiz\u00f3 una gira de campo acad\u00e9mica con estudiantes de la carrera de Administraci\u00f3n&hellip; <\/div><\/li>\n<li><div class=\"wp-block-latest-posts__featured-image\"><img loading=\"lazy\" decoding=\"async\" width=\"150\" height=\"150\" src=\"https:\/\/www.ucc.edu.ni\/boletininformativo\/php_assets\/uploads\/2025\/07\/Taller-Google-Drive-150x150.jpg\" class=\"attachment-thumbnail size-thumbnail wp-post-image\" alt=\"\" style=\"\" \/><\/div><a class=\"wp-block-latest-posts__post-title\" href=\"https:\/\/www.ucc.edu.ni\/boletininformativo\/docencia\/taller-impulsa-uso-eficiente-de-google-drive\/\">Taller impulsa uso eficiente de Google Drive<\/a><div class=\"wp-block-latest-posts__post-excerpt\">Con el objetivo de optimizar los procesos institucionales y fortalecer las competencias digitales de los colaboradores, la Universidad de Ciencias Comerciales (UCC), Sede Central Managua, desarroll\u00f3 un taller sobre el&hellip; <\/div><\/li>\n<li><div class=\"wp-block-latest-posts__featured-image\"><img loading=\"lazy\" decoding=\"async\" width=\"150\" height=\"150\" src=\"https:\/\/www.ucc.edu.ni\/boletininformativo\/php_assets\/uploads\/2025\/07\/Dia-del-Estudiante-150x150.jpg\" class=\"attachment-thumbnail size-thumbnail wp-post-image\" alt=\"\" style=\"\" \/><\/div><a class=\"wp-block-latest-posts__post-title\" href=\"https:\/\/www.ucc.edu.ni\/boletininformativo\/docencia\/ucc-conmemora-el-dia-nacional-del-estudiante\/\">UCC conmemora el D\u00eda Nacional del Estudiante<\/a><div class=\"wp-block-latest-posts__post-excerpt\">Fue una ma\u00f1ana de entusiasmo, alegr\u00eda y mucha participaci\u00f3n. As\u00ed se vivi\u00f3 la Conmemoraci\u00f3n del D\u00eda Nacional del Estudiante en la Universidad de Ciencias Comerciales (UCC), Sede Central Managua. La&hellip; <\/div><\/li>\n<li><div class=\"wp-block-latest-posts__featured-image\"><img loading=\"lazy\" decoding=\"async\" width=\"150\" height=\"150\" src=\"https:\/\/www.ucc.edu.ni\/boletininformativo\/php_assets\/uploads\/2025\/07\/Vocacion-de-Maestros-150x150.jpg\" class=\"attachment-thumbnail size-thumbnail wp-post-image\" alt=\"\" style=\"\" \/><\/div><a class=\"wp-block-latest-posts__post-title\" href=\"https:\/\/www.ucc.edu.ni\/boletininformativo\/docencia\/ucc-reconoce-la-vocacion-y-entrega-de-sus-maestros\/\">UCC reconoce la Vocaci\u00f3n y entrega de sus Maestros<\/a><div class=\"wp-block-latest-posts__post-excerpt\">En reconocimiento a la entrega y dedicaci\u00f3n de sus docentes, la Universidad de Ciencias Comerciales (UCC), Sede Central Managua, celebr\u00f3 el D\u00eda del Maestro homenajeando a quienes con su vocaci\u00f3n&hellip; <\/div><\/li>\n<li><div class=\"wp-block-latest-posts__featured-image\"><img loading=\"lazy\" decoding=\"async\" width=\"150\" height=\"150\" src=\"https:\/\/www.ucc.edu.ni\/boletininformativo\/php_assets\/uploads\/2025\/07\/Brigada-Ambiental-150x150.png\" class=\"attachment-thumbnail size-thumbnail wp-post-image\" alt=\"\" style=\"\" \/><\/div><a class=\"wp-block-latest-posts__post-title\" href=\"https:\/\/www.ucc.edu.ni\/boletininformativo\/docencia\/brigada-ambiental-promueve-conciencia-ecologica\/\">Brigada Ambiental promueve conciencia Ecol\u00f3gica<\/a><div class=\"wp-block-latest-posts__post-excerpt\">Con el objetivo de fomentar la conciencia sobre el cuidado y manejo del medio ambiente, integrando los conocimientos te\u00f3ricos con acciones pr\u00e1cticas, la Universidad de Ciencias Comerciales UCC, a trav\u00e9s&hellip; <\/div><\/li>\n<li><div class=\"wp-block-latest-posts__featured-image\"><img loading=\"lazy\" decoding=\"async\" width=\"150\" height=\"150\" src=\"https:\/\/www.ucc.edu.ni\/boletininformativo\/php_assets\/uploads\/2025\/07\/Capacitacion-Tecnica-150x150.jpg\" class=\"attachment-thumbnail size-thumbnail wp-post-image\" alt=\"\" style=\"\" \/><\/div><a class=\"wp-block-latest-posts__post-title\" href=\"https:\/\/www.ucc.edu.ni\/boletininformativo\/gestion-institucional\/capacitacion-tecnica-fortalece-seguridad-en-la-ucc\/\">Capacitaci\u00f3n t\u00e9cnica fortalece seguridad en la UCC<\/a><div class=\"wp-block-latest-posts__post-excerpt\">Como parte del Plan de Formaci\u00f3n de la Direcci\u00f3n de Recursos Humanos, la Comisi\u00f3n Mixta de Higiene y Seguridad de la Universidad de Ciencias Comerciales UCC, Sede Central Managua, particip\u00f3&hellip; <\/div><\/li>\n<li><div class=\"wp-block-latest-posts__featured-image\"><img loading=\"lazy\" decoding=\"async\" width=\"150\" height=\"150\" src=\"https:\/\/www.ucc.edu.ni\/boletininformativo\/php_assets\/uploads\/2025\/07\/Proceso-Monitorio-150x150.jpg\" class=\"attachment-thumbnail size-thumbnail wp-post-image\" alt=\"\" style=\"\" \/><\/div><a class=\"wp-block-latest-posts__post-title\" href=\"https:\/\/www.ucc.edu.ni\/boletininformativo\/docencia\/conferencia-sobre-proceso-monitorio\/\">Conferencia sobre Proceso Monitorio<\/a><div class=\"wp-block-latest-posts__post-excerpt\">Como parte de su formaci\u00f3n profesional, los estudiantes de la carrera de Derecho con \u00e9nfasis en Gerencia Empresarial de la Universidad de Ciencias Comerciales (UCC), Sede Central Managua, participaron recientemente&hellip; <\/div><\/li>\n<li><div class=\"wp-block-latest-posts__featured-image\"><img loading=\"lazy\" decoding=\"async\" width=\"150\" height=\"150\" src=\"https:\/\/www.ucc.edu.ni\/boletininformativo\/php_assets\/uploads\/2025\/07\/Brigada-Matagalpa-150x150.jpg\" class=\"attachment-thumbnail size-thumbnail wp-post-image\" alt=\"\" style=\"\" \/><\/div><a class=\"wp-block-latest-posts__post-title\" href=\"https:\/\/www.ucc.edu.ni\/boletininformativo\/gestion-institucional\/ucc-campus-matagalpa-fortalece-su-brigada-de-emergencia\/\">UCC Campus Matagalpa fortalece su brigada de Emergencia<\/a><div class=\"wp-block-latest-posts__post-excerpt\">La Brigada Integral de Emergencia de la Universidad de Ciencias Comerciales (UCC), Campus Matagalpa, particip\u00f3 en una importante capacitaci\u00f3n sobre t\u00e9cnicas de primeros auxilios y seguridad contra incendios, con el&hellip; <\/div><\/li>\n<li><div class=\"wp-block-latest-posts__featured-image\"><img loading=\"lazy\" decoding=\"async\" width=\"150\" height=\"150\" src=\"https:\/\/www.ucc.edu.ni\/boletininformativo\/php_assets\/uploads\/2025\/07\/Seminario-Interdisciplinario-2025-150x150.jpg\" class=\"attachment-thumbnail size-thumbnail wp-post-image\" alt=\"\" style=\"\" \/><\/div><a class=\"wp-block-latest-posts__post-title\" href=\"https:\/\/www.ucc.edu.ni\/boletininformativo\/destacadas\/seminario-interdisciplinario-2025\/\">Seminario Interdisciplinario 2025<\/a><div class=\"wp-block-latest-posts__post-excerpt\">La Universidad de Ciencias Comerciales (UCC), Campus Matagalpa, llev\u00f3 a cabo con \u00e9xito el Seminario Interdisciplinario UCC 2025, Conectando saberes, transformando futuros&#8221;, bajo el lema \u201cCalidad con Liderazgo y Pasi\u00f3n\u201d&hellip; <\/div><\/li>\n<li><div class=\"wp-block-latest-posts__featured-image\"><img loading=\"lazy\" decoding=\"async\" width=\"150\" height=\"150\" src=\"https:\/\/www.ucc.edu.ni\/boletininformativo\/php_assets\/uploads\/2025\/07\/Ciencia-en-Accion-150x150.jpg\" class=\"attachment-thumbnail size-thumbnail wp-post-image\" alt=\"\" style=\"\" \/><\/div><a class=\"wp-block-latest-posts__post-title\" href=\"https:\/\/www.ucc.edu.ni\/boletininformativo\/destacadas\/ciencia-y-conocimiento-en-accion\/\">Ciencia y Conocimiento en Acci\u00f3n<\/a><div class=\"wp-block-latest-posts__post-excerpt\">Con el prop\u00f3sito de promover la divulgaci\u00f3n cient\u00edfica, el pensamiento cr\u00edtico y la aplicaci\u00f3n pr\u00e1ctica del conocimiento, la Universidad de Ciencias Comerciales (UCC), Sede Central Managua, se sum\u00f3 este viernes&hellip; <\/div><\/li>\n<\/ul>","protected":false},"excerpt":{"rendered":"","protected":false},"author":1,"featured_media":0,"parent":0,"menu_order":0,"comment_status":"closed","ping_status":"closed","template":"","meta":{"footnotes":""},"class_list":["post-2376","page","type-page","status-publish","hentry"],"_links":{"self":[{"href":"https:\/\/www.ucc.edu.ni\/boletininformativo\/wp-json\/wp\/v2\/pages\/2376","targetHints":{"allow":["GET"]}}],"collection":[{"href":"https:\/\/www.ucc.edu.ni\/boletininformativo\/wp-json\/wp\/v2\/pages"}],"about":[{"href":"https:\/\/www.ucc.edu.ni\/boletininformativo\/wp-json\/wp\/v2\/types\/page"}],"author":[{"embeddable":true,"href":"https:\/\/www.ucc.edu.ni\/boletininformativo\/wp-json\/wp\/v2\/users\/1"}],"replies":[{"embeddable":true,"href":"https:\/\/www.ucc.edu.ni\/boletininformativo\/wp-json\/wp\/v2\/comments?post=2376"}],"version-history":[{"count":2,"href":"https:\/\/www.ucc.edu.ni\/boletininformativo\/wp-json\/wp\/v2\/pages\/2376\/revisions"}],"predecessor-version":[{"id":2378,"href":"https:\/\/www.ucc.edu.ni\/boletininformativo\/wp-json\/wp\/v2\/pages\/2376\/revisions\/2378"}],"wp:attachment":[{"href":"https:\/\/www.ucc.edu.ni\/boletininformativo\/wp-json\/wp\/v2\/media?parent=2376"}],"curies":[{"name":"wp","href":"https:\/\/api.w.org\/{rel}","templated":true}]}}