{"id":1980,"date":"2025-04-30T09:29:17","date_gmt":"2025-04-30T15:29:17","guid":{"rendered":"https:\/\/www.ucc.edu.ni\/boletininformativo\/?page_id=1980"},"modified":"2025-04-30T09:29:18","modified_gmt":"2025-04-30T15:29:18","slug":"marzo-2025-2","status":"publish","type":"page","link":"https:\/\/www.ucc.edu.ni\/boletininformativo\/marzo-2025-2\/","title":{"rendered":"MARZO 2025"},"content":{"rendered":"<ul class=\"wp-block-latest-posts__list is-grid columns-3 wp-block-latest-posts\"><li><div class=\"wp-block-latest-posts__featured-image\"><img loading=\"lazy\" decoding=\"async\" width=\"150\" height=\"150\" src=\"https:\/\/www.ucc.edu.ni\/boletininformativo\/php_assets\/uploads\/2025\/03\/EPN-UCC-150x150.jpg\" class=\"attachment-thumbnail size-thumbnail wp-post-image\" alt=\"\" style=\"\" \/><\/div><a class=\"wp-block-latest-posts__post-title\" href=\"https:\/\/www.ucc.edu.ni\/boletininformativo\/proyeccion-social\/directivos-de-epn-se-capacitan-con-la-ucc\/\">Directivos de EPN se capacitan con la UCC<\/a><div class=\"wp-block-latest-posts__post-excerpt\">La Universidad de Ciencias Comerciales UCC, desarroll\u00f3 con \u00e9xito el Curso de Etiqueta y Protocolo, dirigido a directivos de la Empresas Portuaria Nacional EPN del Puerto de Corinto. Durante dos&hellip; <\/div><\/li>\n<li><div class=\"wp-block-latest-posts__featured-image\"><img loading=\"lazy\" decoding=\"async\" width=\"150\" height=\"150\" src=\"https:\/\/www.ucc.edu.ni\/boletininformativo\/php_assets\/uploads\/2025\/03\/Preparacion-ante-Emergencias-150x150.jpg\" class=\"attachment-thumbnail size-thumbnail wp-post-image\" alt=\"\" style=\"\" \/><\/div><a class=\"wp-block-latest-posts__post-title\" href=\"https:\/\/www.ucc.edu.ni\/boletininformativo\/gestion-institucional\/comunidad-ucc-refuerza-su-preparacion-ante-emergencias\/\">Comunidad UCC refuerza su preparaci\u00f3n ante Emergencias<\/a><div class=\"wp-block-latest-posts__post-excerpt\">Con el compromiso de fortalecer la cultura de prevenci\u00f3n y respuesta ante emergencias, la comunidad educativa de la Universidad de Ciencias Comerciales (UCC), particip\u00f3 este jueves en el Primer Ejercicio&hellip; <\/div><\/li>\n<li><div class=\"wp-block-latest-posts__featured-image\"><img loading=\"lazy\" decoding=\"async\" width=\"150\" height=\"150\" src=\"https:\/\/www.ucc.edu.ni\/boletininformativo\/php_assets\/uploads\/2025\/03\/Ingenieria-Agronomica-150x150.png\" class=\"attachment-thumbnail size-thumbnail wp-post-image\" alt=\"\" style=\"\" \/><\/div><a class=\"wp-block-latest-posts__post-title\" href=\"https:\/\/www.ucc.edu.ni\/boletininformativo\/docencia\/estudiantes-de-ingenieria-agronomica-fortalecen-su-aprendizaje\/\">Estudiantes de Ingenier\u00eda Agron\u00f3mica fortalecen su aprendizaje<\/a><div class=\"wp-block-latest-posts__post-excerpt\">Como parte de su formaci\u00f3n acad\u00e9mica, estudiantes de primer y segundo a\u00f1o de la carrera de Ingenier\u00eda Agron\u00f3mica con menci\u00f3n en Agroindustria, de la Universidad de Ciencias Comerciales (UCC) Campus&hellip; <\/div><\/li>\n<li><div class=\"wp-block-latest-posts__featured-image\"><img loading=\"lazy\" decoding=\"async\" width=\"150\" height=\"150\" src=\"https:\/\/www.ucc.edu.ni\/boletininformativo\/php_assets\/uploads\/2025\/03\/Planificacion-POA-150x150.jpg\" class=\"attachment-thumbnail size-thumbnail wp-post-image\" alt=\"\" style=\"\" \/><\/div><a class=\"wp-block-latest-posts__post-title\" href=\"https:\/\/www.ucc.edu.ni\/boletininformativo\/docencia\/analizan-avances-y-compromisos-de-la-planificacion-poa\/\">Analizan avances y compromisos de la Planificaci\u00f3n POA<\/a><div class=\"wp-block-latest-posts__post-excerpt\">En el marco de la&nbsp;Estrategia Nacional de Educaci\u00f3n,&nbsp;laPlanificaci\u00f3n Estrat\u00e9gica Institucional (PEI) 2025-2026&nbsp;y su implementaci\u00f3n en la&nbsp;Planificaci\u00f3n Operativa Anual (POA),&nbsp;laUniversidad de Ciencias Comerciales (UCC),&nbsp;llev\u00f3 a cabo un encuentro con sus directivos&hellip; <\/div><\/li>\n<li><div class=\"wp-block-latest-posts__featured-image\"><img loading=\"lazy\" decoding=\"async\" width=\"150\" height=\"150\" src=\"https:\/\/www.ucc.edu.ni\/boletininformativo\/php_assets\/uploads\/2025\/03\/Activacion-Tecnologica-150x150.jpg\" class=\"attachment-thumbnail size-thumbnail wp-post-image\" alt=\"\" style=\"\" \/><\/div><a class=\"wp-block-latest-posts__post-title\" href=\"https:\/\/www.ucc.edu.ni\/boletininformativo\/docencia\/activacion-tecnologica\/\">Activaci\u00f3n Tecnol\u00f3gica<\/a><div class=\"wp-block-latest-posts__post-excerpt\">Como parte de la estrategia institucional para fortalecer la transformaci\u00f3n digital y la innovaci\u00f3n educativa, la Universidad de Ciencias Comerciales (UCC), Campus Le\u00f3n en colaboraci\u00f3n con Master Technologies y con&hellip; <\/div><\/li>\n<li><div class=\"wp-block-latest-posts__featured-image\"><img loading=\"lazy\" decoding=\"async\" width=\"150\" height=\"150\" src=\"https:\/\/www.ucc.edu.ni\/boletininformativo\/php_assets\/uploads\/2025\/03\/3-150x150.png\" class=\"attachment-thumbnail size-thumbnail wp-post-image\" alt=\"\" style=\"\" \/><\/div><a class=\"wp-block-latest-posts__post-title\" href=\"https:\/\/www.ucc.edu.ni\/boletininformativo\/docencia\/estudiantes-exploran-el-arte-y-la-cultura-en-los-pueblos-blancos\/\">Estudiantes exploran el arte y la cultura en los Pueblos Blancos<\/a><div class=\"wp-block-latest-posts__post-excerpt\">Como parte de las estrategias de mediaci\u00f3n pedag\u00f3gica de la asignatura Historia del Arte de Nicaragua, estudiantes de la carrera de Dise\u00f1o Gr\u00e1fico y Publicitario de la Universidad de Ciencias&hellip; <\/div><\/li>\n<li><div class=\"wp-block-latest-posts__featured-image\"><img loading=\"lazy\" decoding=\"async\" width=\"150\" height=\"150\" src=\"https:\/\/www.ucc.edu.ni\/boletininformativo\/php_assets\/uploads\/2025\/03\/Educacion-Intercultural-150x150.jpg\" class=\"attachment-thumbnail size-thumbnail wp-post-image\" alt=\"\" style=\"\" \/><\/div><a class=\"wp-block-latest-posts__post-title\" href=\"https:\/\/www.ucc.edu.ni\/boletininformativo\/docencia\/ucc-participa-en-simposio-sobre-educacion-intercultural-bilingue\/\">UCC participa en Simposio sobre Educaci\u00f3n Intercultural Biling\u00fce<\/a><div class=\"wp-block-latest-posts__post-excerpt\">En el marco de la implementaci\u00f3n de la Estrategia Nacional de Educaci\u00f3n&nbsp;\u201cBendiciones y Victorias\u201d&nbsp;2024-2026, la Universidad de Ciencias Comerciales UCC, particip\u00f3 en el simposio&nbsp;&#8220;Educaci\u00f3n Intercultural Biling\u00fce&#8220;, realizado en la Universidad&hellip; <\/div><\/li>\n<li><div class=\"wp-block-latest-posts__featured-image\"><img loading=\"lazy\" decoding=\"async\" width=\"150\" height=\"150\" src=\"https:\/\/www.ucc.edu.ni\/boletininformativo\/php_assets\/uploads\/2025\/03\/Encuentro-Nacional-150x150.jpg\" class=\"attachment-thumbnail size-thumbnail wp-post-image\" alt=\"\" style=\"\" \/><\/div><a class=\"wp-block-latest-posts__post-title\" href=\"https:\/\/www.ucc.edu.ni\/boletininformativo\/docencia\/ucc-presente-en-el-encuentro-nacional-y-tambien-ensenenles-a-leer\/\">UCC presente en el Encuentro Nacional \u201cY tambi\u00e9n ens\u00e9\u00f1enles a leer\u201d<\/a><div class=\"wp-block-latest-posts__post-excerpt\">La Universidad de Ciencias Comerciales (UCC), Sede Central Managua, Campus Le\u00f3n y Matagalpa, particip\u00f3 este lunes en el Encuentro Nacional &#8220;Y tambi\u00e9n ens\u00e9\u00f1enles a leer&#8221;, realizado en conmemoraci\u00f3n del 45&hellip; <\/div><\/li>\n<li><div class=\"wp-block-latest-posts__featured-image\"><img loading=\"lazy\" decoding=\"async\" width=\"150\" height=\"150\" src=\"https:\/\/www.ucc.edu.ni\/boletininformativo\/php_assets\/uploads\/2025\/03\/Mundo-Marino-150x150.jpg\" class=\"attachment-thumbnail size-thumbnail wp-post-image\" alt=\"\" style=\"\" \/><\/div><a class=\"wp-block-latest-posts__post-title\" href=\"https:\/\/www.ucc.edu.ni\/boletininformativo\/docencia\/explorando-el-mundo-marino\/\">Explorando el Mundo marino<\/a><div class=\"wp-block-latest-posts__post-excerpt\">Como parte de la asignatura de Biolog\u00eda Animal, los estudiantes de primer a\u00f1o de la carrera de Medicina Veterinaria, de la Universidad de Ciencias Comerciales (UCC), llevaron a cabo una&hellip; <\/div><\/li>\n<li><div class=\"wp-block-latest-posts__featured-image\"><img loading=\"lazy\" decoding=\"async\" width=\"150\" height=\"150\" src=\"https:\/\/www.ucc.edu.ni\/boletininformativo\/php_assets\/uploads\/2025\/03\/Cruzada-Alfabetizacion-150x150.png\" class=\"attachment-thumbnail size-thumbnail wp-post-image\" alt=\"\" style=\"\" \/><\/div><a class=\"wp-block-latest-posts__post-title\" href=\"https:\/\/www.ucc.edu.ni\/boletininformativo\/docencia\/estudiantes-conmemoran-la-cruzada-nacional-de-alfabetizacion\/\">Estudiantes conmemoran la Cruzada Nacional de Alfabetizaci\u00f3n<\/a><div class=\"wp-block-latest-posts__post-excerpt\">En un acto lleno de historia, reflexi\u00f3n y arte, la Universidad de Ciencias Comerciales (UCC), Campus Le\u00f3n, conmemor\u00f3 el 45\u00b0 aniversario de la Cruzada Nacional de Alfabetizaci\u00f3n, un movimiento educativo&hellip; <\/div><\/li>\n<li><div class=\"wp-block-latest-posts__featured-image\"><img loading=\"lazy\" decoding=\"async\" width=\"150\" height=\"150\" src=\"https:\/\/www.ucc.edu.ni\/boletininformativo\/php_assets\/uploads\/2025\/03\/Mujeres-MultiPro-150x150.jpg\" class=\"attachment-thumbnail size-thumbnail wp-post-image\" alt=\"\" style=\"\" \/><\/div><a class=\"wp-block-latest-posts__post-title\" href=\"https:\/\/www.ucc.edu.ni\/boletininformativo\/proyeccion-social\/ucc-participa-en-el-i-congreso-de-mujeres-de-multipro\/\">UCC participa en el I Congreso de Mujeres de MultiPro<\/a><div class=\"wp-block-latest-posts__post-excerpt\">La Universidad de Ciencias Comerciales (UCC) Campus Matagalpa fue invitada a participar en el I Congreso de Mujeres por un H\u00e1bitat Digno y Sostenible, bajo el lema \u201cJuntas Cooperando, Emprendiendo&hellip; <\/div><\/li>\n<li><div class=\"wp-block-latest-posts__featured-image\"><img loading=\"lazy\" decoding=\"async\" width=\"150\" height=\"150\" src=\"https:\/\/www.ucc.edu.ni\/boletininformativo\/php_assets\/uploads\/2025\/03\/Solidaridad-150x150.jpg\" class=\"attachment-thumbnail size-thumbnail wp-post-image\" alt=\"\" style=\"\" \/><\/div><a class=\"wp-block-latest-posts__post-title\" href=\"https:\/\/www.ucc.edu.ni\/boletininformativo\/gestion-institucional\/solidaridad-en-accion\/\">Solidaridad en Acci\u00f3n<\/a><div class=\"wp-block-latest-posts__post-excerpt\">La comunidad educativa del Turno Sabatino de la Universidad de Ciencias Comerciales UCC, Sede Central Managua, particip\u00f3 activamente en la jornada de donaci\u00f3n de sangre organizada por el Banco de&hellip; <\/div><\/li>\n<li><div class=\"wp-block-latest-posts__featured-image\"><img loading=\"lazy\" decoding=\"async\" width=\"150\" height=\"150\" src=\"https:\/\/www.ucc.edu.ni\/boletininformativo\/php_assets\/uploads\/2025\/03\/Jornada-Limpieza-150x150.png\" class=\"attachment-thumbnail size-thumbnail wp-post-image\" alt=\"\" style=\"\" \/><\/div><a class=\"wp-block-latest-posts__post-title\" href=\"https:\/\/www.ucc.edu.ni\/boletininformativo\/docencia\/jornada-de-limpieza-en-campus-leon\/\">Jornada de limpieza en Campus Le\u00f3n<\/a><div class=\"wp-block-latest-posts__post-excerpt\">La Universidad de Ciencias Comerciales (UCC), Campus Le\u00f3n, a trav\u00e9s de la Coordinaci\u00f3n de Arquitectura, Dise\u00f1o Gr\u00e1fico y Publicitario e Ingenier\u00eda de Sistemas, llev\u00f3 a cabo la Primera Jornada de&hellip; <\/div><\/li>\n<li><div class=\"wp-block-latest-posts__featured-image\"><img loading=\"lazy\" decoding=\"async\" width=\"150\" height=\"150\" src=\"https:\/\/www.ucc.edu.ni\/boletininformativo\/php_assets\/uploads\/2025\/03\/Grupo-Investigacion-150x150.jpg\" class=\"attachment-thumbnail size-thumbnail wp-post-image\" alt=\"\" style=\"\" \/><\/div><a class=\"wp-block-latest-posts__post-title\" href=\"https:\/\/www.ucc.edu.ni\/boletininformativo\/investigacion\/grupo-de-investigacion-explora-los-mitos-de-nicaragua\/\">Grupo de Investigaci\u00f3n explora los mitos de Nicaragua<\/a><div class=\"wp-block-latest-posts__post-excerpt\">El Grupo de Investigaci\u00f3n de la Universidad de Ciencias Comerciales (UCC), Campus Matagalpa, llev\u00f3 a cabo una sesi\u00f3n de trabajo alineada con la Feria Universitaria &#8220;Identidad Nacional y Orgullo Patrio&#8221;,&hellip; <\/div><\/li>\n<li><div class=\"wp-block-latest-posts__featured-image\"><img loading=\"lazy\" decoding=\"async\" width=\"150\" height=\"150\" src=\"https:\/\/www.ucc.edu.ni\/boletininformativo\/php_assets\/uploads\/2025\/03\/Comunidad-Universitaria-150x150.jpg\" class=\"attachment-thumbnail size-thumbnail wp-post-image\" alt=\"\" style=\"\" \/><\/div><a class=\"wp-block-latest-posts__post-title\" href=\"https:\/\/www.ucc.edu.ni\/boletininformativo\/docencia\/ucc-promueve-la-felicidad-en-su-comunidad-universitaria\/\">UCC promueve la felicidad en su Comunidad Universitaria<\/a><div class=\"wp-block-latest-posts__post-excerpt\">En conmemoraci\u00f3n al D\u00eda Internacional de la Felicidad, la Coordinaci\u00f3n de Bienestar Estudiantil de la Universidad de Ciencias Comerciales (UCC), Campus Matagalpa, llev\u00f3 a cabo una charla especial dirigida a&hellip; <\/div><\/li>\n<li><div class=\"wp-block-latest-posts__featured-image\"><img loading=\"lazy\" decoding=\"async\" width=\"150\" height=\"150\" src=\"https:\/\/www.ucc.edu.ni\/boletininformativo\/php_assets\/uploads\/2025\/03\/Proyecto-EDUARTE-150x150.jpg\" class=\"attachment-thumbnail size-thumbnail wp-post-image\" alt=\"\" style=\"\" \/><\/div><a class=\"wp-block-latest-posts__post-title\" href=\"https:\/\/www.ucc.edu.ni\/boletininformativo\/proyeccion-social\/proyecto-eduarte-en-marcha\/\">Proyecto EDUARTE en marcha<\/a><div class=\"wp-block-latest-posts__post-excerpt\">Como parte de su compromiso con la cultura y el arte, la Universidad de Ciencias Comerciales UCC contin\u00faa fortaleciendo alianzas estrat\u00e9gicas con empresas clave. Este lunes, se llev\u00f3 a cabo&hellip; <\/div><\/li>\n<li><div class=\"wp-block-latest-posts__featured-image\"><img loading=\"lazy\" decoding=\"async\" width=\"150\" height=\"150\" src=\"https:\/\/www.ucc.edu.ni\/boletininformativo\/php_assets\/uploads\/2025\/03\/UCC-y-UA-150x150.jpg\" class=\"attachment-thumbnail size-thumbnail wp-post-image\" alt=\"\" style=\"\" \/><\/div><a class=\"wp-block-latest-posts__post-title\" href=\"https:\/\/www.ucc.edu.ni\/boletininformativo\/destacadas\/ucc-y-ua-firman-convenio-de-colaboracion\/\">UCC y UA firman Convenio de Colaboraci\u00f3n<\/a><div class=\"wp-block-latest-posts__post-excerpt\">La Universidad de Ciencias Comerciales (UCC) y la Universidad Anunciata (UA) firmaron el pasado 21 de marzo, un importante convenio de colaboraci\u00f3n que permitir\u00e1 desarrollar diversas iniciativas conjuntas orientadas al&hellip; <\/div><\/li>\n<li><div class=\"wp-block-latest-posts__featured-image\"><img loading=\"lazy\" decoding=\"async\" width=\"150\" height=\"150\" src=\"https:\/\/www.ucc.edu.ni\/boletininformativo\/php_assets\/uploads\/2025\/03\/Limpieza-Rio-Grande-Matagalpa-150x150.jpg\" class=\"attachment-thumbnail size-thumbnail wp-post-image\" alt=\"\" style=\"\" \/><\/div><a class=\"wp-block-latest-posts__post-title\" href=\"https:\/\/www.ucc.edu.ni\/boletininformativo\/destacadas\/campus-matagalpa-se-une-a-la-limpieza-del-rio-grande-de-matagalpa\/\">Campus Matagalpa se une a la limpieza del R\u00edo Grande de Matagalpa<\/a><div class=\"wp-block-latest-posts__post-excerpt\">Un total de 100 personas, entre estudiantes del turno diurno, docentes y personal acad\u00e9mico de la Universidad de Ciencias Comerciales (UCC), Campus Matagalpa, participaron activamente en la limpieza del R\u00edo&hellip; <\/div><\/li>\n<li><div class=\"wp-block-latest-posts__featured-image\"><img loading=\"lazy\" decoding=\"async\" width=\"150\" height=\"150\" src=\"https:\/\/www.ucc.edu.ni\/boletininformativo\/php_assets\/uploads\/2025\/03\/Feria-Identidad-Nacional-150x150.jpg\" class=\"attachment-thumbnail size-thumbnail wp-post-image\" alt=\"\" style=\"\" \/><\/div><a class=\"wp-block-latest-posts__post-title\" href=\"https:\/\/www.ucc.edu.ni\/boletininformativo\/marzo-2025\/cierra-con-broche-de-oro-la-feria-de-identidad-nacional\/\">Cierra con broche de oro la Feria de Identidad Nacional<\/a><div class=\"wp-block-latest-posts__post-excerpt\">La\u00a0Feria Universitaria de Identidad Nacional y Orgullo Patrio,\u00a0culmin\u00f3 con gran \u00e9xito en el turno dominical, un compromiso de la Universidad de Ciencias Comerciales UCC con la promoci\u00f3n y preservaci\u00f3n de&hellip; <\/div><\/li>\n<li><div class=\"wp-block-latest-posts__featured-image\"><img loading=\"lazy\" decoding=\"async\" width=\"150\" height=\"150\" src=\"https:\/\/www.ucc.edu.ni\/boletininformativo\/php_assets\/uploads\/2025\/03\/Feria-del-Empleo-2025-150x150.jpg\" class=\"attachment-thumbnail size-thumbnail wp-post-image\" alt=\"\" style=\"\" \/><\/div><a class=\"wp-block-latest-posts__post-title\" href=\"https:\/\/www.ucc.edu.ni\/boletininformativo\/marzo-2025\/feria-del-empleo-ucc-2025\/\">Feria del Empleo UCC 2025<\/a><div class=\"wp-block-latest-posts__post-excerpt\">Bajo el lema&nbsp;\u201cImpulsa tu perfil, Desarrolla tu futuro\u201d, la Universidad de Ciencias Comerciales (UCC), llev\u00f3 a cabo con gran \u00e9xito la Novena Feria del Empleo 2025, En esta edici\u00f3n, m\u00e1s&hellip; <\/div><\/li>\n<\/ul>","protected":false},"excerpt":{"rendered":"","protected":false},"author":1,"featured_media":0,"parent":0,"menu_order":0,"comment_status":"closed","ping_status":"closed","template":"","meta":{"footnotes":""},"class_list":["post-1980","page","type-page","status-publish","hentry"],"_links":{"self":[{"href":"https:\/\/www.ucc.edu.ni\/boletininformativo\/wp-json\/wp\/v2\/pages\/1980","targetHints":{"allow":["GET"]}}],"collection":[{"href":"https:\/\/www.ucc.edu.ni\/boletininformativo\/wp-json\/wp\/v2\/pages"}],"about":[{"href":"https:\/\/www.ucc.edu.ni\/boletininformativo\/wp-json\/wp\/v2\/types\/page"}],"author":[{"embeddable":true,"href":"https:\/\/www.ucc.edu.ni\/boletininformativo\/wp-json\/wp\/v2\/users\/1"}],"replies":[{"embeddable":true,"href":"https:\/\/www.ucc.edu.ni\/boletininformativo\/wp-json\/wp\/v2\/comments?post=1980"}],"version-history":[{"count":1,"href":"https:\/\/www.ucc.edu.ni\/boletininformativo\/wp-json\/wp\/v2\/pages\/1980\/revisions"}],"predecessor-version":[{"id":1982,"href":"https:\/\/www.ucc.edu.ni\/boletininformativo\/wp-json\/wp\/v2\/pages\/1980\/revisions\/1982"}],"wp:attachment":[{"href":"https:\/\/www.ucc.edu.ni\/boletininformativo\/wp-json\/wp\/v2\/media?parent=1980"}],"curies":[{"name":"wp","href":"https:\/\/api.w.org\/{rel}","templated":true}]}}