{"id":1872,"date":"2025-02-28T11:59:25","date_gmt":"2025-02-28T17:59:25","guid":{"rendered":"https:\/\/www.ucc.edu.ni\/boletininformativo\/?page_id=1872"},"modified":"2025-02-28T11:59:26","modified_gmt":"2025-02-28T17:59:26","slug":"enero-2025-2","status":"publish","type":"page","link":"https:\/\/www.ucc.edu.ni\/boletininformativo\/enero-2025-2\/","title":{"rendered":"ENERO 2025"},"content":{"rendered":"<ul class=\"wp-block-latest-posts__list is-grid columns-3 wp-block-latest-posts\"><li><div class=\"wp-block-latest-posts__featured-image\"><img loading=\"lazy\" decoding=\"async\" width=\"150\" height=\"150\" src=\"https:\/\/www.ucc.edu.ni\/boletininformativo\/php_assets\/uploads\/2025\/01\/Compromiso-educativo-150x150.jpeg\" class=\"attachment-thumbnail size-thumbnail wp-post-image\" alt=\"\" style=\"\" \/><\/div><a class=\"wp-block-latest-posts__post-title\" href=\"https:\/\/www.ucc.edu.ni\/boletininformativo\/docencia\/compromiso-educativo\/\">Compromiso Educativo<\/a><div class=\"wp-block-latest-posts__post-excerpt\">La Universidad de Ciencias Comerciales (UCC), Sede Central Managua, Campus Le\u00f3n y Campus Matagalpa, particip\u00f3 este mi\u00e9rcoles de manera presencial y virtual en el Lanzamiento del Programa de Formaci\u00f3n permanente&hellip; <\/div><\/li>\n<li><div class=\"wp-block-latest-posts__featured-image\"><img loading=\"lazy\" decoding=\"async\" width=\"150\" height=\"150\" src=\"https:\/\/www.ucc.edu.ni\/boletininformativo\/php_assets\/uploads\/2025\/01\/Herramientas-Tecnologicas-150x150.jpeg\" class=\"attachment-thumbnail size-thumbnail wp-post-image\" alt=\"\" style=\"\" \/><\/div><a class=\"wp-block-latest-posts__post-title\" href=\"https:\/\/www.ucc.edu.ni\/boletininformativo\/docencia\/docentes-se-actualizan-en-herramientas-tecnologicas\/\">Docentes se actualizan en Herramientas Tecnol\u00f3gicas<\/a><div class=\"wp-block-latest-posts__post-excerpt\">Este s\u00e1bado, docentes de la Universidad de Ciencias Comerciales (UCC), Sede Central Managua, participaron en el Taller de Inducci\u00f3n Pedag\u00f3gica y Uso de la plataforma AVA (Ambiente Virtual de Aprendizaje).&hellip; <\/div><\/li>\n<li><div class=\"wp-block-latest-posts__featured-image\"><img loading=\"lazy\" decoding=\"async\" width=\"150\" height=\"150\" src=\"https:\/\/www.ucc.edu.ni\/boletininformativo\/php_assets\/uploads\/2025\/01\/Culminacion-de-modulo-150x150.jpeg\" class=\"attachment-thumbnail size-thumbnail wp-post-image\" alt=\"\" style=\"\" \/><\/div><a class=\"wp-block-latest-posts__post-title\" href=\"https:\/\/www.ucc.edu.ni\/boletininformativo\/proyeccion-social\/maestrantes-de-ucc-reciben-diplomas-por-culminacion-de-modulo\/\">Maestrantes de UCC reciben Diplomas por culminaci\u00f3n de M\u00f3dulo<\/a><div class=\"wp-block-latest-posts__post-excerpt\">15 colaboradores de la alta gerencia, de la Empresa Portuaria Nacional (EPN) del Puerto de Corinto, recibieron sus diplomas de reconocimiento tras culminar con \u00e9xito el M\u00f3dulo, &#8220;Gesti\u00f3n Empresarial&#8221;, correspondiente&hellip; <\/div><\/li>\n<li><div class=\"wp-block-latest-posts__featured-image\"><img loading=\"lazy\" decoding=\"async\" width=\"150\" height=\"150\" src=\"https:\/\/www.ucc.edu.ni\/boletininformativo\/php_assets\/uploads\/2025\/01\/Estudiantes-Sabatinos-150x150.jpeg\" class=\"attachment-thumbnail size-thumbnail wp-post-image\" alt=\"\" style=\"\" \/><\/div><a class=\"wp-block-latest-posts__post-title\" href=\"https:\/\/www.ucc.edu.ni\/boletininformativo\/docencia\/estudiantes-sabatinos-inician-su-vida-universitaria\/\">Estudiantes Sabatinos inician su vida Universitaria<\/a><div class=\"wp-block-latest-posts__post-excerpt\">Estudiantes de nuevo ingreso del turno Sabatino, de la Universidad de Ciencias Comerciales UCC, Sede Central Managua, recibieron de parte de las autoridades acad\u00e9micas y administrativas, la m\u00e1s cordial bienvenida&hellip; <\/div><\/li>\n<li><div class=\"wp-block-latest-posts__featured-image\"><img loading=\"lazy\" decoding=\"async\" width=\"150\" height=\"150\" src=\"https:\/\/www.ucc.edu.ni\/boletininformativo\/php_assets\/uploads\/2025\/01\/Turno-Dominical-150x150.jpeg\" class=\"attachment-thumbnail size-thumbnail wp-post-image\" alt=\"\" style=\"\" \/><\/div><a class=\"wp-block-latest-posts__post-title\" href=\"https:\/\/www.ucc.edu.ni\/boletininformativo\/docencia\/ucc-recibe-a-estudiantes-del-turno-dominical\/\">UCC recibe a Estudiantes del Turno Dominical<\/a><div class=\"wp-block-latest-posts__post-excerpt\">Con mucha satisfacci\u00f3n, la Universidad de Ciencias Comerciales (UCC), Sede Central Managua, recibi\u00f3 este domingo a los estudiantes de nuevo ingreso del turno Dominical, que, como parte de la bienvenida,&hellip; <\/div><\/li>\n<li><div class=\"wp-block-latest-posts__featured-image\"><img loading=\"lazy\" decoding=\"async\" width=\"150\" height=\"150\" src=\"https:\/\/www.ucc.edu.ni\/boletininformativo\/php_assets\/uploads\/2025\/01\/Gira-de-medios-150x150.jpg\" class=\"attachment-thumbnail size-thumbnail wp-post-image\" alt=\"\" style=\"\" \/><\/div><a class=\"wp-block-latest-posts__post-title\" href=\"https:\/\/www.ucc.edu.ni\/boletininformativo\/proyeccion-social\/ucc-promueve-oferta-academica-en-gira-de-medios\/\">UCC promueve oferta Acad\u00e9mica en gira de Medios<\/a><div class=\"wp-block-latest-posts__post-excerpt\">La Universidad de Ciencias Comerciales (UCC), arranc\u00f3 esta semana con gran \u00e9xito su gira de medios de comunicaci\u00f3n, como parte de la estrategia de comunicaci\u00f3n para promocionar la oferta acad\u00e9mica&hellip; <\/div><\/li>\n<li><div class=\"wp-block-latest-posts__featured-image\"><img loading=\"lazy\" decoding=\"async\" width=\"150\" height=\"150\" src=\"https:\/\/www.ucc.edu.ni\/boletininformativo\/php_assets\/uploads\/2025\/01\/Academia-y-sector-Empresarial-150x150.jpeg\" class=\"attachment-thumbnail size-thumbnail wp-post-image\" alt=\"\" style=\"\" \/><\/div><a class=\"wp-block-latest-posts__post-title\" href=\"https:\/\/www.ucc.edu.ni\/boletininformativo\/proyeccion-social\/reunion-estrategica-en-ucc-conecta-academia-y-sector-empresarial\/\">Reuni\u00f3n estrat\u00e9gica en UCC conecta Academia y sector Empresarial<\/a><div class=\"wp-block-latest-posts__post-excerpt\">Gerentes de Recursos Humanos de diversas empresas participaron en una reuni\u00f3n informativa para conocer detalles de la Feria del Empleo 2025, as\u00ed como de oferta acad\u00e9mica de grado y cursos&hellip; <\/div><\/li>\n<li><div class=\"wp-block-latest-posts__featured-image\"><img loading=\"lazy\" decoding=\"async\" width=\"150\" height=\"150\" src=\"https:\/\/www.ucc.edu.ni\/boletininformativo\/php_assets\/uploads\/2025\/01\/Hotel-Hex-150x150.jpeg\" class=\"attachment-thumbnail size-thumbnail wp-post-image\" alt=\"\" style=\"\" \/><\/div><a class=\"wp-block-latest-posts__post-title\" href=\"https:\/\/www.ucc.edu.ni\/boletininformativo\/proyeccion-social\/ucc-capacita-al-personal-del-hotel-hex\/\">UCC capacita al personal del Hotel Hex<\/a><div class=\"wp-block-latest-posts__post-excerpt\">Colaboradores de diversas \u00e1reas del Hotel Hex en Managua, participaron en el Taller de Competencias Blandas para la Atenci\u00f3n al Cliente, desarrollado por la Universidad de Ciencias Comerciales (UCC), a&hellip; <\/div><\/li>\n<li><div class=\"wp-block-latest-posts__featured-image\"><img loading=\"lazy\" decoding=\"async\" width=\"150\" height=\"150\" src=\"https:\/\/www.ucc.edu.ni\/boletininformativo\/php_assets\/uploads\/2025\/01\/Concurso-Nacional-de-Investigacion-150x150.jpg\" class=\"attachment-thumbnail size-thumbnail wp-post-image\" alt=\"\" style=\"\" \/><\/div><a class=\"wp-block-latest-posts__post-title\" href=\"https:\/\/www.ucc.edu.ni\/boletininformativo\/investigacion\/ucc-participa-en-el-lanzamiento-del-concurso-nacional-de-investigacion\/\">UCC participa en el lanzamiento del Concurso Nacional de Investigaci\u00f3n<\/a><div class=\"wp-block-latest-posts__post-excerpt\">Este jueves, la Universidad de Ciencias Comerciales (UCC), a trav\u00e9s de la Direcci\u00f3n de Investigaci\u00f3n, particip\u00f3 en el lanzamiento oficial del concurso nacional del Joven Cient\u00edfico e Investigador, una iniciativa&hellip; <\/div><\/li>\n<li><div class=\"wp-block-latest-posts__featured-image\"><img loading=\"lazy\" decoding=\"async\" width=\"150\" height=\"150\" src=\"https:\/\/www.ucc.edu.ni\/boletininformativo\/php_assets\/uploads\/2025\/01\/Curso-Publicidad-Digital-150x150.png\" class=\"attachment-thumbnail size-thumbnail wp-post-image\" alt=\"\" style=\"\" \/><\/div><a class=\"wp-block-latest-posts__post-title\" href=\"https:\/\/www.ucc.edu.ni\/boletininformativo\/docencia\/curso-de-estrategias-y-tacticas-de-la-publicidad-digital\/\">Curso de Estrategias y t\u00e1cticas de la Publicidad Digital<\/a><div class=\"wp-block-latest-posts__post-excerpt\">La Universidad de Ciencias Comerciales (UCC), Campus Le\u00f3n, a trav\u00e9s de la Coordinaci\u00f3n de Ciencias Econ\u00f3micas y Empresariales con el apoyo de la Coordinaci\u00f3n de Posgrado y Educaci\u00f3n Continua, dio&hellip; <\/div><\/li>\n<li><div class=\"wp-block-latest-posts__featured-image\"><img loading=\"lazy\" decoding=\"async\" width=\"150\" height=\"150\" src=\"https:\/\/www.ucc.edu.ni\/boletininformativo\/php_assets\/uploads\/2025\/01\/Jornada-Pedagogica-150x150.jpg\" class=\"attachment-thumbnail size-thumbnail wp-post-image\" alt=\"\" style=\"\" \/><\/div><a class=\"wp-block-latest-posts__post-title\" href=\"https:\/\/www.ucc.edu.ni\/boletininformativo\/docencia\/ucc-participa-en-jornada-pedagogica\/\">UCC participa en Jornada Pedag\u00f3gica<\/a><div class=\"wp-block-latest-posts__post-excerpt\">En el marco de la segunda fase de implementaci\u00f3n de la Estrategia Nacional de Educaci\u00f3n en todas sus modalidades, &#8220;Bendiciones y Victorias&#8221;, la Universidad de Ciencias Comerciales (UCC), Sede Central&hellip; <\/div><\/li>\n<li><div class=\"wp-block-latest-posts__featured-image\"><img loading=\"lazy\" decoding=\"async\" width=\"150\" height=\"150\" src=\"https:\/\/www.ucc.edu.ni\/boletininformativo\/php_assets\/uploads\/2025\/01\/Colaboracion-Interuniversitaria-150x150.jpg\" class=\"attachment-thumbnail size-thumbnail wp-post-image\" alt=\"\" style=\"\" \/><\/div><a class=\"wp-block-latest-posts__post-title\" href=\"https:\/\/www.ucc.edu.ni\/boletininformativo\/investigacion\/colaboracion-interuniversitaria\/\">Colaboraci\u00f3n Interuniversitaria<\/a><div class=\"wp-block-latest-posts__post-excerpt\">Con el objetivo de fortalecer la gesti\u00f3n de la investigaci\u00f3n en las Instituciones de Educaci\u00f3n Superior (IES), la Universidad de Ciencias Comerciales (UCC), a trav\u00e9s de la Direcci\u00f3n de Investigaci\u00f3n,&hellip; <\/div><\/li>\n<li><div class=\"wp-block-latest-posts__featured-image\"><img loading=\"lazy\" decoding=\"async\" width=\"150\" height=\"150\" src=\"https:\/\/www.ucc.edu.ni\/boletininformativo\/php_assets\/uploads\/2025\/01\/Investigacion-150x150.jpg\" class=\"attachment-thumbnail size-thumbnail wp-post-image\" alt=\"\" style=\"\" \/><\/div><a class=\"wp-block-latest-posts__post-title\" href=\"https:\/\/www.ucc.edu.ni\/boletininformativo\/investigacion\/fortaleciendo-la-investigacion\/\">Fortaleciendo la Investigaci\u00f3n<\/a><div class=\"wp-block-latest-posts__post-excerpt\">El equipo acad\u00e9mico de la Universidad de Ciencias Comerciales (UCC), particip\u00f3 este jueves en un taller de capacitaci\u00f3n sobre Metodolog\u00eda de la Investigaci\u00f3n, dise\u00f1ado para reforzar el enfoque cient\u00edfico en&hellip; <\/div><\/li>\n<li><div class=\"wp-block-latest-posts__featured-image\"><img loading=\"lazy\" decoding=\"async\" width=\"150\" height=\"150\" src=\"https:\/\/www.ucc.edu.ni\/boletininformativo\/php_assets\/uploads\/2025\/01\/Capacitacion-Leon-150x150.png\" class=\"attachment-thumbnail size-thumbnail wp-post-image\" alt=\"\" style=\"\" \/><\/div><a class=\"wp-block-latest-posts__post-title\" href=\"https:\/\/www.ucc.edu.ni\/boletininformativo\/docencia\/primera-capacitacion-docente-en-campus-leon\/\">Primera Capacitaci\u00f3n Docente en Campus Le\u00f3n<\/a><div class=\"wp-block-latest-posts__post-excerpt\">La Direcci\u00f3n Acad\u00e9mica con el apoyo de las Coordinaciones de Carreras, de la Universidad de Ciencias Comerciales (UCC), Campus Le\u00f3n, desarroll\u00f3 la Primera Capacitaci\u00f3n Docente, con el objetivo de fortalecer&hellip; <\/div><\/li>\n<li><div class=\"wp-block-latest-posts__featured-image\"><img loading=\"lazy\" decoding=\"async\" width=\"150\" height=\"150\" src=\"https:\/\/www.ucc.edu.ni\/boletininformativo\/php_assets\/uploads\/2025\/01\/Excel-Basico-Intermedio-150x150.jpeg\" class=\"attachment-thumbnail size-thumbnail wp-post-image\" alt=\"\" style=\"\" \/><\/div><a class=\"wp-block-latest-posts__post-title\" href=\"https:\/\/www.ucc.edu.ni\/boletininformativo\/docencia\/inicia-curso-de-excel-basico-intermedio\/\">Inicia Curso de Excel B\u00e1sico Intermedio<\/a><div class=\"wp-block-latest-posts__post-excerpt\">La Universidad de Ciencias Comerciales (UCC), Sede Central Managua, a trav\u00e9s de la Direcci\u00f3n de Posgrado y Educaci\u00f3n Continua, dio inicio este domingo el curso de Excel B\u00e1sico Intermedio, con&hellip; <\/div><\/li>\n<li><div class=\"wp-block-latest-posts__featured-image\"><img loading=\"lazy\" decoding=\"async\" width=\"150\" height=\"150\" src=\"https:\/\/www.ucc.edu.ni\/boletininformativo\/php_assets\/uploads\/2025\/01\/Comision-Mixta-150x150.jpeg\" class=\"attachment-thumbnail size-thumbnail wp-post-image\" alt=\"\" style=\"\" \/><\/div><a class=\"wp-block-latest-posts__post-title\" href=\"https:\/\/www.ucc.edu.ni\/boletininformativo\/gestion-institucional\/primera-reunion-de-la-comision-mixta-en-campus-leon\/\">Primera Reuni\u00f3n de la Comisi\u00f3n Mixta en Campus Le\u00f3n<\/a><div class=\"wp-block-latest-posts__post-excerpt\">Este martes, se llev\u00f3 a cabo la primera reuni\u00f3n de la Comisi\u00f3n Mixta a cargo del \u00e1rea de Higiene y Seguridad Ocupacional en la Universidad de Ciencias Comerciales (UCC), Campus&hellip; <\/div><\/li>\n<li><div class=\"wp-block-latest-posts__featured-image\"><img loading=\"lazy\" decoding=\"async\" width=\"150\" height=\"150\" src=\"https:\/\/www.ucc.edu.ni\/boletininformativo\/php_assets\/uploads\/2025\/01\/Diplomados-UCC-150x150.jpeg\" class=\"attachment-thumbnail size-thumbnail wp-post-image\" alt=\"\" style=\"\" \/><\/div><a class=\"wp-block-latest-posts__post-title\" href=\"https:\/\/www.ucc.edu.ni\/boletininformativo\/destacadas\/profesionales-culminan-con-exito-diplomados-de-ucc\/\">Profesionales culminan con \u00e9xito Diplomados de UCC<\/a><div class=\"wp-block-latest-posts__post-excerpt\">La Universidad de Ciencias Comerciales (UCC), Sede Central Managua, a trav\u00e9s de la Direcci\u00f3n de Posgrado y Educaci\u00f3n Continua, llev\u00f3 a cabo la ceremonia de entrega de diplomas a los&hellip; <\/div><\/li>\n<li><div class=\"wp-block-latest-posts__featured-image\"><img loading=\"lazy\" decoding=\"async\" width=\"150\" height=\"150\" src=\"https:\/\/www.ucc.edu.ni\/boletininformativo\/php_assets\/uploads\/2025\/01\/Identidad-Nacional-y-Orgullo-150x150.jpg\" class=\"attachment-thumbnail size-thumbnail wp-post-image\" alt=\"\" style=\"\" \/><\/div><a class=\"wp-block-latest-posts__post-title\" href=\"https:\/\/www.ucc.edu.ni\/boletininformativo\/destacadas\/ucc-se-preparan-para-impartir-identidad-nacional-y-orgullo-patrio\/\">UCC se preparan para impartir &#8216;Identidad Nacional y Orgullo Patrio\u201d<\/a><div class=\"wp-block-latest-posts__post-excerpt\">Con la participaci\u00f3n de los miembros del Consejo Superior de Direcci\u00f3n, la Direcci\u00f3n de Desarrollo Curricular y la Direcci\u00f3n de Tecnolog\u00eda de la Informaci\u00f3n y Comunicaci\u00f3n, de la Universidad de&hellip; <\/div><\/li>\n<li><div class=\"wp-block-latest-posts__featured-image\"><img loading=\"lazy\" decoding=\"async\" width=\"150\" height=\"150\" src=\"https:\/\/www.ucc.edu.ni\/boletininformativo\/php_assets\/uploads\/2025\/01\/CAU-150x150.jpg\" class=\"attachment-thumbnail size-thumbnail wp-post-image\" alt=\"\" style=\"\" \/><\/div><a class=\"wp-block-latest-posts__post-title\" href=\"https:\/\/www.ucc.edu.ni\/boletininformativo\/enero-2025\/ucc-inicia-curso-de-ambientacion-universitaria-2\/\">UCC inicia Curso de Ambientaci\u00f3n Universitaria<\/a><div class=\"wp-block-latest-posts__post-excerpt\">Con mucha emoci\u00f3n y compromiso, los estudiantes de nuevo ingreso del turno diurno de la Universidad de Ciencias Comerciales (UCC), Sede Central Managua, dieron inicio al&nbsp;Curso de Ambientaci\u00f3n Universitaria, dise\u00f1ado&hellip; <\/div><\/li>\n<li><div class=\"wp-block-latest-posts__featured-image\"><img loading=\"lazy\" decoding=\"async\" width=\"150\" height=\"150\" src=\"https:\/\/www.ucc.edu.ni\/boletininformativo\/php_assets\/uploads\/2025\/01\/Defensas-Finales-150x150.jpg\" class=\"attachment-thumbnail size-thumbnail wp-post-image\" alt=\"\" style=\"\" \/><\/div><a class=\"wp-block-latest-posts__post-title\" href=\"https:\/\/www.ucc.edu.ni\/boletininformativo\/enero-2025\/futuros-profesionales-destacan-en-sus-defensas-finales\/\">Futuros profesionales destacan en sus defensas finales<\/a><div class=\"wp-block-latest-posts__post-excerpt\">Egresados de la Universidad de Ciencias Comerciales (UCC), Sede Central Managua, realizaron con \u00e9xito sus Defensas de Culminaci\u00f3n de Estudios, como parte de la asignatura de Proyectos de Graduaci\u00f3n, un&hellip; <\/div><\/li>\n<\/ul>","protected":false},"excerpt":{"rendered":"","protected":false},"author":1,"featured_media":0,"parent":0,"menu_order":0,"comment_status":"closed","ping_status":"closed","template":"","meta":{"footnotes":""},"class_list":["post-1872","page","type-page","status-publish","hentry"],"_links":{"self":[{"href":"https:\/\/www.ucc.edu.ni\/boletininformativo\/wp-json\/wp\/v2\/pages\/1872","targetHints":{"allow":["GET"]}}],"collection":[{"href":"https:\/\/www.ucc.edu.ni\/boletininformativo\/wp-json\/wp\/v2\/pages"}],"about":[{"href":"https:\/\/www.ucc.edu.ni\/boletininformativo\/wp-json\/wp\/v2\/types\/page"}],"author":[{"embeddable":true,"href":"https:\/\/www.ucc.edu.ni\/boletininformativo\/wp-json\/wp\/v2\/users\/1"}],"replies":[{"embeddable":true,"href":"https:\/\/www.ucc.edu.ni\/boletininformativo\/wp-json\/wp\/v2\/comments?post=1872"}],"version-history":[{"count":1,"href":"https:\/\/www.ucc.edu.ni\/boletininformativo\/wp-json\/wp\/v2\/pages\/1872\/revisions"}],"predecessor-version":[{"id":1873,"href":"https:\/\/www.ucc.edu.ni\/boletininformativo\/wp-json\/wp\/v2\/pages\/1872\/revisions\/1873"}],"wp:attachment":[{"href":"https:\/\/www.ucc.edu.ni\/boletininformativo\/wp-json\/wp\/v2\/media?parent=1872"}],"curies":[{"name":"wp","href":"https:\/\/api.w.org\/{rel}","templated":true}]}}