{"id":1742,"date":"2025-01-29T16:13:36","date_gmt":"2025-01-29T22:13:36","guid":{"rendered":"https:\/\/www.ucc.edu.ni\/boletininformativo\/?page_id=1742"},"modified":"2025-01-30T10:14:28","modified_gmt":"2025-01-30T16:14:28","slug":"diciembre-2024-2","status":"publish","type":"page","link":"https:\/\/www.ucc.edu.ni\/boletininformativo\/diciembre-2024-2\/","title":{"rendered":"DICIEMBRE 2024"},"content":{"rendered":"<ul class=\"wp-block-latest-posts__list is-grid columns-3 wp-block-latest-posts\"><li><div class=\"wp-block-latest-posts__featured-image\"><img loading=\"lazy\" decoding=\"async\" width=\"150\" height=\"150\" src=\"https:\/\/www.ucc.edu.ni\/boletininformativo\/php_assets\/uploads\/2024\/12\/Regalando-Sonrisas-150x150.jpeg\" class=\"attachment-thumbnail size-thumbnail wp-post-image\" alt=\"\" style=\"\" \/><\/div><a class=\"wp-block-latest-posts__post-title\" href=\"https:\/\/www.ucc.edu.ni\/boletininformativo\/proyeccion-social\/regalando-sonrisas-en-navidad\/\">Regalando Sonrisas en Navidad<\/a><div class=\"wp-block-latest-posts__post-excerpt\">La Universidad de Ciencias Comerciales UCC, a trav\u00e9s de la Coordinaci\u00f3n de Proyecci\u00f3n Social, con la participaci\u00f3n de la comunidad universitaria, llev\u00f3 a cabo el emotivo proyecto, &#8220;Regalando Sonrisas en&hellip; <\/div><\/li>\n<li><div class=\"wp-block-latest-posts__featured-image\"><img loading=\"lazy\" decoding=\"async\" width=\"150\" height=\"150\" src=\"https:\/\/www.ucc.edu.ni\/boletininformativo\/php_assets\/uploads\/2024\/12\/Congreso-Panamericano-150x150.jpeg\" class=\"attachment-thumbnail size-thumbnail wp-post-image\" alt=\"\" style=\"\" \/><\/div><a class=\"wp-block-latest-posts__post-title\" href=\"https:\/\/www.ucc.edu.ni\/boletininformativo\/investigacion\/investigacion-de-la-ucc-brilla-en-congreso-panamericano\/\">Investigaci\u00f3n de la UCC brilla en Congreso Panamericano<\/a><div class=\"wp-block-latest-posts__post-excerpt\">Durante el XXVII Congreso Panamericano en Ciencias Veterinarias, celebrado este a\u00f1o en Uruguay, la maestra e investigadora de la Universidad de Ciencias Comerciales (UCC), Cristina Toledo, junto con Guissella Valle,&hellip; <\/div><\/li>\n<li><div class=\"wp-block-latest-posts__featured-image\"><img loading=\"lazy\" decoding=\"async\" width=\"150\" height=\"150\" src=\"https:\/\/www.ucc.edu.ni\/boletininformativo\/php_assets\/uploads\/2024\/12\/Becas-Universitarias-2025-150x150.jpeg\" class=\"attachment-thumbnail size-thumbnail wp-post-image\" alt=\"\" style=\"\" \/><\/div><a class=\"wp-block-latest-posts__post-title\" href=\"https:\/\/www.ucc.edu.ni\/boletininformativo\/docencia\/ucc-presente-en-el-lanzamiento-de-feria-de-becas-universitarias-2025\/\">UCC presente en el lanzamiento de Feria de Becas Universitarias 2025<\/a><div class=\"wp-block-latest-posts__post-excerpt\">Este lunes, la Universidad de Ciencias Comerciales (UCC), particip\u00f3 en el lanzamiento de la octava edici\u00f3n de la Feria Nacional de Becas Universitarias 2025, un evento organizado por el Ministerio&hellip; <\/div><\/li>\n<li><div class=\"wp-block-latest-posts__featured-image\"><img loading=\"lazy\" decoding=\"async\" width=\"150\" height=\"150\" src=\"https:\/\/www.ucc.edu.ni\/boletininformativo\/php_assets\/uploads\/2024\/12\/Consejo-Ampliado-150x150.jpg\" class=\"attachment-thumbnail size-thumbnail wp-post-image\" alt=\"\" style=\"\" \/><\/div><a class=\"wp-block-latest-posts__post-title\" href=\"https:\/\/www.ucc.edu.ni\/boletininformativo\/gestion-institucional\/reunion-de-consejo-ampliado\/\">Reuni\u00f3n de Consejo Ampliado<\/a><div class=\"wp-block-latest-posts__post-excerpt\">Con la participaci\u00f3n de Autoridades Superiores, Acad\u00e9micas y Administrativas, as\u00ed como coordinadores de diversas \u00e1reas, este jueves se llev\u00f3 a cabo la reuni\u00f3n del Consejo Ampliado de la Universidad de&hellip; <\/div><\/li>\n<li><div class=\"wp-block-latest-posts__featured-image\"><img loading=\"lazy\" decoding=\"async\" width=\"150\" height=\"150\" src=\"https:\/\/www.ucc.edu.ni\/boletininformativo\/php_assets\/uploads\/2024\/12\/Feria-Navidena-Campus-Leon-150x150.png\" class=\"attachment-thumbnail size-thumbnail wp-post-image\" alt=\"\" style=\"\" \/><\/div><a class=\"wp-block-latest-posts__post-title\" href=\"https:\/\/www.ucc.edu.ni\/boletininformativo\/docencia\/feria-navidena-en-campus-leon\/\">Feria Navide\u00f1a en Campus Le\u00f3n<\/a><div class=\"wp-block-latest-posts__post-excerpt\">La Universidad de Ciencias Comerciales (UCC), Campus Le\u00f3n, realiz\u00f3 con \u00e9xito la primera Feria Navide\u00f1a 2024, un evento que reuni\u00f3 a estudiantes y a la comunidad en general para celebrar&hellip; <\/div><\/li>\n<li><div class=\"wp-block-latest-posts__featured-image\"><img loading=\"lazy\" decoding=\"async\" width=\"150\" height=\"150\" src=\"https:\/\/www.ucc.edu.ni\/boletininformativo\/php_assets\/uploads\/2024\/12\/JIRE-2024-150x150.jpg\" class=\"attachment-thumbnail size-thumbnail wp-post-image\" alt=\"\" style=\"\" \/><\/div><a class=\"wp-block-latest-posts__post-title\" href=\"https:\/\/www.ucc.edu.ni\/boletininformativo\/investigacion\/jornada-de-investigacion-relevantes-jire-2024\/\">Jornada de Investigaci\u00f3n Relevantes JIRE 2024<\/a><div class=\"wp-block-latest-posts__post-excerpt\">La Universidad de Ciencias Comerciales (UCC), fortalece su compromiso con la investigaci\u00f3n y la innovaci\u00f3n al desarrollar la Jornada de Investigaciones Relevantes JIRE 2024, organizada por la Direcci\u00f3n de Investigaci\u00f3n&hellip; <\/div><\/li>\n<li><div class=\"wp-block-latest-posts__featured-image\"><img loading=\"lazy\" decoding=\"async\" width=\"150\" height=\"150\" src=\"https:\/\/www.ucc.edu.ni\/boletininformativo\/php_assets\/uploads\/2024\/12\/Solidaridad-Navidena-150x150.jpeg\" class=\"attachment-thumbnail size-thumbnail wp-post-image\" alt=\"\" style=\"\" \/><\/div><a class=\"wp-block-latest-posts__post-title\" href=\"https:\/\/www.ucc.edu.ni\/boletininformativo\/proyeccion-social\/solidaridad-navidena\/\">Solidaridad Navide\u00f1a<\/a><div class=\"wp-block-latest-posts__post-excerpt\">Ni\u00f1os y ni\u00f1as de la Casa San Gabriel Fraternidad Hermanas de SERVIAN, ubicada en San Rafael del Sur, vivieron un d\u00eda lleno de alegr\u00eda y esperanza durante una actividad filantr\u00f3pica&hellip; <\/div><\/li>\n<li><div class=\"wp-block-latest-posts__featured-image\"><img loading=\"lazy\" decoding=\"async\" width=\"150\" height=\"150\" src=\"https:\/\/www.ucc.edu.ni\/boletininformativo\/php_assets\/uploads\/2024\/12\/RRPPen-accion-150x150.jpeg\" class=\"attachment-thumbnail size-thumbnail wp-post-image\" alt=\"\" style=\"\" \/><\/div><a class=\"wp-block-latest-posts__post-title\" href=\"https:\/\/www.ucc.edu.ni\/boletininformativo\/docencia\/relaciones-publicas-en-accion\/\">Relaciones P\u00fablicas en Acci\u00f3n<\/a><div class=\"wp-block-latest-posts__post-excerpt\">Con el objetivo de estar preparados para los retos profesionales, estudiantes de primer a\u00f1o, Turno Diurno, de las carreras de Marketing y Publicidad y Administraci\u00f3n de Empresas de la Universidad&hellip; <\/div><\/li>\n<li><div class=\"wp-block-latest-posts__featured-image\"><img loading=\"lazy\" decoding=\"async\" width=\"150\" height=\"150\" src=\"https:\/\/www.ucc.edu.ni\/boletininformativo\/php_assets\/uploads\/2024\/12\/Investigaciones-en-Campus-Matagalpa-150x150.jpg\" class=\"attachment-thumbnail size-thumbnail wp-post-image\" alt=\"\" style=\"\" \/><\/div><a class=\"wp-block-latest-posts__post-title\" href=\"https:\/\/www.ucc.edu.ni\/boletininformativo\/investigacion\/exitosa-presentacion-de-investigaciones-en-campus-matagalpa\/\">Exitosa presentaci\u00f3n de Investigaciones en Campus Matagalpa<\/a><div class=\"wp-block-latest-posts__post-excerpt\">Estudiantes de cuarto a\u00f1o de las carreras de Administraci\u00f3n de Empresas, Marketing y Publicidad, y Administraci\u00f3n de Empresas Tur\u00edsticas y Hoteleras, de la Universidad de Ciencias Comerciales (UCC) Campus Matagalpa,&hellip; <\/div><\/li>\n<li><div class=\"wp-block-latest-posts__featured-image\"><img loading=\"lazy\" decoding=\"async\" width=\"150\" height=\"150\" src=\"https:\/\/www.ucc.edu.ni\/boletininformativo\/php_assets\/uploads\/2024\/12\/Defiensas-Investigaciones-150x150.jpg\" class=\"attachment-thumbnail size-thumbnail wp-post-image\" alt=\"\" style=\"\" \/><\/div><a class=\"wp-block-latest-posts__post-title\" href=\"https:\/\/www.ucc.edu.ni\/boletininformativo\/investigacion\/estudiantes-de-ingenieria-industrial-defienden-investigaciones\/\">Estudiantes de Ingenier\u00eda Industrial defienden Investigaciones<\/a><div class=\"wp-block-latest-posts__post-excerpt\">Como parte de la asignatura de Higiene y Seguridad Ocupacional impartida por el docente Yamil Uriarte, estudiantes de cuarto a\u00f1o de la carrera de Ingenier\u00eda Industrial, de la Universidad de&hellip; <\/div><\/li>\n<li><div class=\"wp-block-latest-posts__featured-image\"><img loading=\"lazy\" decoding=\"async\" width=\"150\" height=\"150\" src=\"https:\/\/www.ucc.edu.ni\/boletininformativo\/php_assets\/uploads\/2024\/12\/Educacion-Universitaria-150x150.png\" class=\"attachment-thumbnail size-thumbnail wp-post-image\" alt=\"\" style=\"\" \/><\/div><a class=\"wp-block-latest-posts__post-title\" href=\"https:\/\/www.ucc.edu.ni\/boletininformativo\/investigacion\/relevancia-de-la-investigacion-en-la-educacion-universitaria\/\">Relevancia de la Investigaci\u00f3n en la Educaci\u00f3n Universitaria<\/a><div class=\"wp-block-latest-posts__post-excerpt\">En el marco del desarrollo de la Jornada Universitaria de Desarrollo Estudiantil e Investigaci\u00f3n (JUDI), la Universidad de Ciencias Comerciales (UCC), reafirma su compromiso con la excelencia acad\u00e9mica y la&hellip; <\/div><\/li>\n<li><div class=\"wp-block-latest-posts__featured-image\"><img loading=\"lazy\" decoding=\"async\" width=\"150\" height=\"150\" src=\"https:\/\/www.ucc.edu.ni\/boletininformativo\/php_assets\/uploads\/2024\/12\/Estrategias-de-ventas-150x150.jpeg\" class=\"attachment-thumbnail size-thumbnail wp-post-image\" alt=\"\" style=\"\" \/><\/div><a class=\"wp-block-latest-posts__post-title\" href=\"https:\/\/www.ucc.edu.ni\/boletininformativo\/docencia\/futuros-mercadologos-aplican-estrategias-de-ventas\/\">Futuros Mercad\u00f3logos aplican estrategias de Ventas<\/a><div class=\"wp-block-latest-posts__post-excerpt\">Con el objetivo de formar profesionales altamente competentes, estudiantes de primer a\u00f1o de la carrera de Marketing y Publicidad, turno diurno, de la Universidad de Ciencias Comerciales (UCC), Sede Central&hellip; <\/div><\/li>\n<li><div class=\"wp-block-latest-posts__featured-image\"><img loading=\"lazy\" decoding=\"async\" width=\"150\" height=\"150\" src=\"https:\/\/www.ucc.edu.ni\/boletininformativo\/php_assets\/uploads\/2024\/12\/Conversatorio-150x150.jpg\" class=\"attachment-thumbnail size-thumbnail wp-post-image\" alt=\"\" style=\"\" \/><\/div><a class=\"wp-block-latest-posts__post-title\" href=\"https:\/\/www.ucc.edu.ni\/boletininformativo\/docencia\/conversatorio-con-estudiantes-de-diseno-grafico\/\">Conversatorio con Estudiantes de Dise\u00f1o Gr\u00e1fico<\/a><div class=\"wp-block-latest-posts__post-excerpt\">Los estudiantes de primer a\u00f1o de la carrera de Dise\u00f1o Gr\u00e1fico y Publicitario, de la Universidad de Ciencias Comerciales (UCC) Campus Matagalpa, llevaron a cabo un conversatorio titulado, &#8220;Lecciones de&hellip; <\/div><\/li>\n<li><div class=\"wp-block-latest-posts__featured-image\"><img loading=\"lazy\" decoding=\"async\" width=\"150\" height=\"150\" src=\"https:\/\/www.ucc.edu.ni\/boletininformativo\/php_assets\/uploads\/2024\/12\/Creatividad-y-cultura-150x150.jpeg\" class=\"attachment-thumbnail size-thumbnail wp-post-image\" alt=\"\" style=\"\" \/><\/div><a class=\"wp-block-latest-posts__post-title\" href=\"https:\/\/www.ucc.edu.ni\/boletininformativo\/docencia\/creatividad-y-cultura\/\">Creatividad y Cultura<\/a><div class=\"wp-block-latest-posts__post-excerpt\">Bajo un derroche de creatividad y talento, estudiantes de la carrera de Administraci\u00f3n de Empresas Tur\u00edsticas y Hoteleras de la Universidad de Ciencias Comerciales (UCC), Sede Central Managua, del Turno&hellip; <\/div><\/li>\n<li><div class=\"wp-block-latest-posts__featured-image\"><img loading=\"lazy\" decoding=\"async\" width=\"150\" height=\"150\" src=\"https:\/\/www.ucc.edu.ni\/boletininformativo\/php_assets\/uploads\/2024\/12\/Formacion-en-Derecho-150x150.jpeg\" class=\"attachment-thumbnail size-thumbnail wp-post-image\" alt=\"\" style=\"\" \/><\/div><a class=\"wp-block-latest-posts__post-title\" href=\"https:\/\/www.ucc.edu.ni\/boletininformativo\/docencia\/expertos-enriquecen-la-formacion-en-derecho\/\">Expertos enriquecen la formaci\u00f3n en Derecho<\/a><div class=\"wp-block-latest-posts__post-excerpt\">Como parte del compromiso con la formaci\u00f3n integral de los estudiantes, la Universidad de Ciencias Comerciales (UCC), a trav\u00e9s de la Coordinaci\u00f3n de Derecho con \u00e9nfasis en Gerencia Empresarial, organiz\u00f3&hellip; <\/div><\/li>\n<li><div class=\"wp-block-latest-posts__featured-image\"><img loading=\"lazy\" decoding=\"async\" width=\"150\" height=\"150\" src=\"https:\/\/www.ucc.edu.ni\/boletininformativo\/php_assets\/uploads\/2024\/12\/Veneno-de-Vibora-150x150.jpg\" class=\"attachment-thumbnail size-thumbnail wp-post-image\" alt=\"\" style=\"\" \/><\/div><a class=\"wp-block-latest-posts__post-title\" href=\"https:\/\/www.ucc.edu.ni\/boletininformativo\/investigacion\/presentan-estudio-sobre-el-veneno-de-vibora-cascabel\/\">Presentan Estudio sobre el Veneno de V\u00edbora Cascabel<\/a><div class=\"wp-block-latest-posts__post-excerpt\">\u00b7 En Congreso Internacional. En el marco del VI Congreso Internacional de la Red de Investigadores Latinoamericanos (REDILAT) y la Universidad Hispanoamericana de Costa Rica, el Coordinador de la carrera&hellip; <\/div><\/li>\n<li><div class=\"wp-block-latest-posts__featured-image\"><img loading=\"lazy\" decoding=\"async\" width=\"150\" height=\"150\" src=\"https:\/\/www.ucc.edu.ni\/boletininformativo\/php_assets\/uploads\/2024\/12\/Foro-Internacional-150x150.jpeg\" class=\"attachment-thumbnail size-thumbnail wp-post-image\" alt=\"\" style=\"\" \/><\/div><a class=\"wp-block-latest-posts__post-title\" href=\"https:\/\/www.ucc.edu.ni\/boletininformativo\/destacadas\/ucc-representa-a-nicaragua-en-foro-internacional\/\">UCC Representa a Nicaragua en Foro Internacional<\/a><div class=\"wp-block-latest-posts__post-excerpt\">En el marco del fortalecimiento de la internacionalizaci\u00f3n de la Universidad de Ciencias Comerciales (UCC), la maestra e investigadora Cristina Toledo viaj\u00f3 recientemente a Uruguay para participar en la mesa&hellip; <\/div><\/li>\n<li><div class=\"wp-block-latest-posts__featured-image\"><img loading=\"lazy\" decoding=\"async\" width=\"150\" height=\"150\" src=\"https:\/\/www.ucc.edu.ni\/boletininformativo\/php_assets\/uploads\/2024\/12\/Congreso-REDILAT-150x150.jpg\" class=\"attachment-thumbnail size-thumbnail wp-post-image\" alt=\"\" style=\"\" \/><\/div><a class=\"wp-block-latest-posts__post-title\" href=\"https:\/\/www.ucc.edu.ni\/boletininformativo\/destacadas\/ucc-presente-en-congreso-latinoamericano-redilat\/\">UCC presente en Congreso Latinoamericano REDILAT<\/a><div class=\"wp-block-latest-posts__post-excerpt\">La Universidad de Ciencias Comerciales (UCC), particip\u00f3 en el VI Congreso Internacional organizado por la Red de Investigadores Latinoamericanos (REDILAT) y la Universidad Hispanoamericana de Costa Rica. En este importante&hellip; <\/div><\/li>\n<li><div class=\"wp-block-latest-posts__featured-image\"><img loading=\"lazy\" decoding=\"async\" width=\"150\" height=\"150\" src=\"https:\/\/www.ucc.edu.ni\/boletininformativo\/php_assets\/uploads\/2024\/12\/Foro-InterUniversitario-150x150.jpeg\" class=\"attachment-thumbnail size-thumbnail wp-post-image\" alt=\"\" style=\"\" \/><\/div><a class=\"wp-block-latest-posts__post-title\" href=\"https:\/\/www.ucc.edu.ni\/boletininformativo\/diciembre-2024\/estudiantes-y-expertos-analizan-el-impacto-social-en-el-ambito-empresarial\/\">Expertos analizan el impacto Social en el \u00e1mbito Empresarial<\/a><div class=\"wp-block-latest-posts__post-excerpt\">La Universidad de Ciencias Comerciales (UCC), llev\u00f3 a cabo el primer Foro Inter Universitario de Proyecci\u00f3n Social; \u201cLa vinculaci\u00f3n del impacto social en el desarrollo empresarial\u201d, que cont\u00f3 con la&hellip; <\/div><\/li>\n<li><div class=\"wp-block-latest-posts__featured-image\"><img loading=\"lazy\" decoding=\"async\" width=\"150\" height=\"150\" src=\"https:\/\/www.ucc.edu.ni\/boletininformativo\/php_assets\/uploads\/2024\/12\/JUDI-2024-150x150.jpeg\" class=\"attachment-thumbnail size-thumbnail wp-post-image\" alt=\"\" style=\"\" \/><\/div><a class=\"wp-block-latest-posts__post-title\" href=\"https:\/\/www.ucc.edu.ni\/boletininformativo\/diciembre-2024\/ucc-celebra-con-exito-la-judi-2024\/\">UCC celebra con \u00e9xito la JUDI 2024<\/a><div class=\"wp-block-latest-posts__post-excerpt\">La Universidad de Ciencias Comerciales (UCC), Sede Central Managua, llev\u00f3 a cabo con \u00e9xito la Jornada Universitaria de Desarrollo Estudiantil e Investigaci\u00f3n (JUDI) 2024, como parte del compromiso con el&hellip; <\/div><\/li>\n<\/ul>","protected":false},"excerpt":{"rendered":"","protected":false},"author":1,"featured_media":0,"parent":0,"menu_order":0,"comment_status":"closed","ping_status":"closed","template":"","meta":{"footnotes":""},"class_list":["post-1742","page","type-page","status-publish","hentry"],"_links":{"self":[{"href":"https:\/\/www.ucc.edu.ni\/boletininformativo\/wp-json\/wp\/v2\/pages\/1742","targetHints":{"allow":["GET"]}}],"collection":[{"href":"https:\/\/www.ucc.edu.ni\/boletininformativo\/wp-json\/wp\/v2\/pages"}],"about":[{"href":"https:\/\/www.ucc.edu.ni\/boletininformativo\/wp-json\/wp\/v2\/types\/page"}],"author":[{"embeddable":true,"href":"https:\/\/www.ucc.edu.ni\/boletininformativo\/wp-json\/wp\/v2\/users\/1"}],"replies":[{"embeddable":true,"href":"https:\/\/www.ucc.edu.ni\/boletininformativo\/wp-json\/wp\/v2\/comments?post=1742"}],"version-history":[{"count":2,"href":"https:\/\/www.ucc.edu.ni\/boletininformativo\/wp-json\/wp\/v2\/pages\/1742\/revisions"}],"predecessor-version":[{"id":1807,"href":"https:\/\/www.ucc.edu.ni\/boletininformativo\/wp-json\/wp\/v2\/pages\/1742\/revisions\/1807"}],"wp:attachment":[{"href":"https:\/\/www.ucc.edu.ni\/boletininformativo\/wp-json\/wp\/v2\/media?parent=1742"}],"curies":[{"name":"wp","href":"https:\/\/api.w.org\/{rel}","templated":true}]}}