{"id":1738,"date":"2025-01-29T16:10:34","date_gmt":"2025-01-29T22:10:34","guid":{"rendered":"https:\/\/www.ucc.edu.ni\/boletininformativo\/?page_id=1738"},"modified":"2025-01-29T16:10:35","modified_gmt":"2025-01-29T22:10:35","slug":"noviembre-2024-2","status":"publish","type":"page","link":"https:\/\/www.ucc.edu.ni\/boletininformativo\/noviembre-2024-2\/","title":{"rendered":"NOVIEMBRE 2024"},"content":{"rendered":"<ul class=\"wp-block-latest-posts__list is-grid columns-3 wp-block-latest-posts\"><li><div class=\"wp-block-latest-posts__featured-image\"><img loading=\"lazy\" decoding=\"async\" width=\"150\" height=\"150\" src=\"https:\/\/www.ucc.edu.ni\/boletininformativo\/php_assets\/uploads\/2024\/11\/Taller-de-Panificacion-150x150.jpeg\" class=\"attachment-thumbnail size-thumbnail wp-post-image\" alt=\"\" style=\"\" \/><\/div><a class=\"wp-block-latest-posts__post-title\" href=\"https:\/\/www.ucc.edu.ni\/boletininformativo\/proyeccion-social\/taller-de-panificacion-navidena-innovacion-y-calidad\/\">Taller de Panificaci\u00f3n Navide\u00f1a: Innovaci\u00f3n y Calidad<\/a><div class=\"wp-block-latest-posts__post-excerpt\">La Universidad de Ciencias Comerciales (UCC), en colaboraci\u00f3n con empresas distribuidoras de harina, llevaron a cabo el Taller Demostrativo Navide\u00f1o&hellip; <\/div><\/li>\n<li><div class=\"wp-block-latest-posts__featured-image\"><img loading=\"lazy\" decoding=\"async\" width=\"150\" height=\"150\" src=\"https:\/\/www.ucc.edu.ni\/boletininformativo\/php_assets\/uploads\/2024\/11\/Capacitacion-Directores-EPN-150x150.jpeg\" class=\"attachment-thumbnail size-thumbnail wp-post-image\" alt=\"\" style=\"\" \/><\/div><a class=\"wp-block-latest-posts__post-title\" href=\"https:\/\/www.ucc.edu.ni\/boletininformativo\/proyeccion-social\/ucc-capacita-a-directores-de-epn\/\">UCC capacita a Directores de EPN<\/a><div class=\"wp-block-latest-posts__post-excerpt\">Con el prop\u00f3sito de fortalecer las competencias de liderazgo y adaptaci\u00f3n de la alta gerencia en un entorno empresarial digitalizado,&hellip; <\/div><\/li>\n<li><div class=\"wp-block-latest-posts__featured-image\"><img loading=\"lazy\" decoding=\"async\" width=\"150\" height=\"150\" src=\"https:\/\/www.ucc.edu.ni\/boletininformativo\/php_assets\/uploads\/2024\/11\/Gira-de-Campo-150x150.jpeg\" class=\"attachment-thumbnail size-thumbnail wp-post-image\" alt=\"\" style=\"\" \/><\/div><a class=\"wp-block-latest-posts__post-title\" href=\"https:\/\/www.ucc.edu.ni\/boletininformativo\/docencia\/gira-de-campo-impulsa-la-formacion-integral-de-estudiantes\/\">Gira de Campo impulsa la formaci\u00f3n Integral de Estudiantes<\/a><div class=\"wp-block-latest-posts__post-excerpt\">Con el objetivo de conectar el aprendizaje con la pr\u00e1ctica profesional, estudiantes de las carreras de Derecho con \u00c9nfasis en&hellip; <\/div><\/li>\n<li><div class=\"wp-block-latest-posts__featured-image\"><img loading=\"lazy\" decoding=\"async\" width=\"150\" height=\"150\" src=\"https:\/\/www.ucc.edu.ni\/boletininformativo\/php_assets\/uploads\/2024\/11\/Jornada-Veterinaria-150x150.jpeg\" class=\"attachment-thumbnail size-thumbnail wp-post-image\" alt=\"\" style=\"\" \/><\/div><a class=\"wp-block-latest-posts__post-title\" href=\"https:\/\/www.ucc.edu.ni\/boletininformativo\/docencia\/estudiantes-demuestran-habilidades-en-jornada-veterinaria-4\/\">Estudiantes demuestran habilidades en Jornada Veterinaria<\/a><div class=\"wp-block-latest-posts__post-excerpt\">Como parte del compromiso social y vinculaci\u00f3n de la Universidad de Ciencias Comerciales (UCC) con los diversos sectores, estudiantes de&hellip; <\/div><\/li>\n<li><div class=\"wp-block-latest-posts__featured-image\"><img loading=\"lazy\" decoding=\"async\" width=\"150\" height=\"150\" src=\"https:\/\/www.ucc.edu.ni\/boletininformativo\/php_assets\/uploads\/2024\/11\/Curso-Especializado-EPN-150x150.jpeg\" class=\"attachment-thumbnail size-thumbnail wp-post-image\" alt=\"\" style=\"\" \/><\/div><a class=\"wp-block-latest-posts__post-title\" href=\"https:\/\/www.ucc.edu.ni\/boletininformativo\/proyeccion-social\/concluye-curso-especializado-en-epn-puerto-de-corinto\/\">Concluye Curso Especializado en EPN Puerto de Corinto<\/a><div class=\"wp-block-latest-posts__post-excerpt\">La Universidad de Ciencias Comerciales (UCC), ha finalizado el&nbsp;Curso Especializado de Formaci\u00f3n y Certificaci\u00f3n de Auditores Internos ISO 1901, dirigido&hellip; <\/div><\/li>\n<li><div class=\"wp-block-latest-posts__featured-image\"><img loading=\"lazy\" decoding=\"async\" width=\"150\" height=\"150\" src=\"https:\/\/www.ucc.edu.ni\/boletininformativo\/php_assets\/uploads\/2024\/11\/Aprendizaje-Estudiantil-150x150.jpeg\" class=\"attachment-thumbnail size-thumbnail wp-post-image\" alt=\"\" style=\"\" \/><\/div><a class=\"wp-block-latest-posts__post-title\" href=\"https:\/\/www.ucc.edu.ni\/boletininformativo\/docencia\/clase-practica-fortalece-el-aprendizaje-estudiantil\/\">Clase pr\u00e1ctica fortalece el Aprendizaje Estudiantil<\/a><div class=\"wp-block-latest-posts__post-excerpt\">Con el objetivo de poner en pr\u00e1ctica los conocimientos adquiridos en las asignaturas de&nbsp;Protocolo de Comunicaci\u00f3neIdentidad de G\u00e9nero, estudiantes de&hellip; <\/div><\/li>\n<li><div class=\"wp-block-latest-posts__featured-image\"><img loading=\"lazy\" decoding=\"async\" width=\"150\" height=\"150\" src=\"https:\/\/www.ucc.edu.ni\/boletininformativo\/php_assets\/uploads\/2024\/11\/Planificacion-Institucional-150x150.jpg\" class=\"attachment-thumbnail size-thumbnail wp-post-image\" alt=\"\" style=\"\" \/><\/div><a class=\"wp-block-latest-posts__post-title\" href=\"https:\/\/www.ucc.edu.ni\/boletininformativo\/gestion-institucional\/ucc-fortalece-su-planificacion-institucional\/\">UCC fortalece su Planificaci\u00f3n Institucional<\/a><div class=\"wp-block-latest-posts__post-excerpt\">Con la participaci\u00f3n de autoridades superiores, directores de \u00e1reas administrativas y acad\u00e9micas, as\u00ed como coordinadores de carreras, de la Universidad&hellip; <\/div><\/li>\n<li><div class=\"wp-block-latest-posts__featured-image\"><img loading=\"lazy\" decoding=\"async\" width=\"150\" height=\"150\" src=\"https:\/\/www.ucc.edu.ni\/boletininformativo\/php_assets\/uploads\/2024\/11\/Futuro-Sostenible-150x150.png\" class=\"attachment-thumbnail size-thumbnail wp-post-image\" alt=\"\" style=\"\" \/><\/div><a class=\"wp-block-latest-posts__post-title\" href=\"https:\/\/www.ucc.edu.ni\/boletininformativo\/docencia\/semana-del-clima-reflexiones-y-acciones-hacia-un-futuro-sostenible\/\">Semana del Clima: Reflexiones y acciones hacia un Futuro Sostenible<\/a><div class=\"wp-block-latest-posts__post-excerpt\">La Universidad de Ciencias Comerciales (UCC) Campus Le\u00f3n, a trav\u00e9s de la Coordinaci\u00f3n de Ingenier\u00edas, dio inicio a la Semana&hellip; <\/div><\/li>\n<li><div class=\"wp-block-latest-posts__featured-image\"><img loading=\"lazy\" decoding=\"async\" width=\"150\" height=\"150\" src=\"https:\/\/www.ucc.edu.ni\/boletininformativo\/php_assets\/uploads\/2024\/11\/Futuros-Veterinarios-150x150.jpeg\" class=\"attachment-thumbnail size-thumbnail wp-post-image\" alt=\"\" style=\"\" \/><\/div><a class=\"wp-block-latest-posts__post-title\" href=\"https:\/\/www.ucc.edu.ni\/boletininformativo\/docencia\/futuros-veterinarios-de-ucc-se-capacitan\/\">Futuros Veterinarios de UCC se capacitan<\/a><div class=\"wp-block-latest-posts__post-excerpt\">Con el objetivo de prepararse para enfrentar los desaf\u00edos del \u00e1mbito laboral, estudiantes de la carrera de Medicina Veterinaria, de&hellip; <\/div><\/li>\n<li><div class=\"wp-block-latest-posts__featured-image\"><img loading=\"lazy\" decoding=\"async\" width=\"150\" height=\"150\" src=\"https:\/\/www.ucc.edu.ni\/boletininformativo\/php_assets\/uploads\/2024\/11\/Laboratorio-de-Venta-150x150.jpg\" class=\"attachment-thumbnail size-thumbnail wp-post-image\" alt=\"\" style=\"\" \/><\/div><a class=\"wp-block-latest-posts__post-title\" href=\"https:\/\/www.ucc.edu.ni\/boletininformativo\/docencia\/presentacion-de-laboratorio-de-venta\/\">Presentaci\u00f3n de Laboratorio de Venta<\/a><div class=\"wp-block-latest-posts__post-excerpt\">Los estudiantes de segundo a\u00f1o, de la carrera de Marketing y Publicidad,&nbsp;de la Universidad de Ciencias Comerciales (UCC) Campus Matagalpa,&hellip; <\/div><\/li>\n<li><div class=\"wp-block-latest-posts__featured-image\"><img loading=\"lazy\" decoding=\"async\" width=\"150\" height=\"150\" src=\"https:\/\/www.ucc.edu.ni\/boletininformativo\/php_assets\/uploads\/2024\/11\/Sea-Turtle-Miramar-150x150.png\" class=\"attachment-thumbnail size-thumbnail wp-post-image\" alt=\"\" style=\"\" \/><\/div><a class=\"wp-block-latest-posts__post-title\" href=\"https:\/\/www.ucc.edu.ni\/boletininformativo\/docencia\/presentan-proyecto-sea-turtle-miramar\/\">Presentan Proyecto Sea Turtle Miramar<\/a><div class=\"wp-block-latest-posts__post-excerpt\">En la Universidad de Ciencias Comerciales (UCC) Campus Le\u00f3n, se llev\u00f3 a cabo la presentaci\u00f3n del proyecto Sea Turtle Miramar,&hellip; <\/div><\/li>\n<li><div class=\"wp-block-latest-posts__featured-image\"><img loading=\"lazy\" decoding=\"async\" width=\"150\" height=\"150\" src=\"https:\/\/www.ucc.edu.ni\/boletininformativo\/php_assets\/uploads\/2024\/11\/Exposicion-Fotografica-150x150.png\" class=\"attachment-thumbnail size-thumbnail wp-post-image\" alt=\"\" style=\"\" \/><\/div><a class=\"wp-block-latest-posts__post-title\" href=\"https:\/\/www.ucc.edu.ni\/boletininformativo\/docencia\/exposicion-fotografica-en-ucc-campus-leon\/\">Exposici\u00f3n Fotogr\u00e1fica en UCC Campus Le\u00f3n<\/a><div class=\"wp-block-latest-posts__post-excerpt\">La Universidad de Ciencias Comerciales (UCC), Campus Le\u00f3n, se convirti\u00f3 en un espacio de expresi\u00f3n art\u00edstica con la inauguraci\u00f3n de&hellip; <\/div><\/li>\n<li><div class=\"wp-block-latest-posts__featured-image\"><img loading=\"lazy\" decoding=\"async\" width=\"150\" height=\"150\" src=\"https:\/\/www.ucc.edu.ni\/boletininformativo\/php_assets\/uploads\/2024\/11\/Jornada-Investigacion-150x150.png\" class=\"attachment-thumbnail size-thumbnail wp-post-image\" alt=\"\" style=\"\" \/><\/div><a class=\"wp-block-latest-posts__post-title\" href=\"https:\/\/www.ucc.edu.ni\/boletininformativo\/investigacion\/jornada-de-investigaciones-relevantes-en-campus-leon\/\">Jornada de Investigaciones Relevantes en Campus Le\u00f3n<\/a><div class=\"wp-block-latest-posts__post-excerpt\">La Universidad de Ciencias Comerciales (UCC), Campus Le\u00f3n, llev\u00f3 a cabo la Jornada de Investigaciones Relevantes (JIRE), un evento que&hellip; <\/div><\/li>\n<li><div class=\"wp-block-latest-posts__featured-image\"><img loading=\"lazy\" decoding=\"async\" width=\"150\" height=\"150\" src=\"https:\/\/www.ucc.edu.ni\/boletininformativo\/php_assets\/uploads\/2024\/11\/Beneficios-150x150.png\" class=\"attachment-thumbnail size-thumbnail wp-post-image\" alt=\"\" style=\"\" \/><\/div><a class=\"wp-block-latest-posts__post-title\" href=\"https:\/\/www.ucc.edu.ni\/boletininformativo\/proyeccion-social\/ninos-en-situacion-de-vulnerabilidad-reciben-beneficios\/\">Ni\u00f1os en situaci\u00f3n de Vulnerabilidad reciben beneficios<\/a><div class=\"wp-block-latest-posts__post-excerpt\">El compromiso con la educaci\u00f3n y el bienestar de la ni\u00f1ez se materializ\u00f3 a trav\u00e9s del proyecto social, &#8220;No M\u00e1s&hellip; <\/div><\/li>\n<li><div class=\"wp-block-latest-posts__featured-image\"><img loading=\"lazy\" decoding=\"async\" width=\"150\" height=\"150\" src=\"https:\/\/www.ucc.edu.ni\/boletininformativo\/php_assets\/uploads\/2024\/11\/Diplomado-en-Seguridad-150x150.jpeg\" class=\"attachment-thumbnail size-thumbnail wp-post-image\" alt=\"\" style=\"\" \/><\/div><a class=\"wp-block-latest-posts__post-title\" href=\"https:\/\/www.ucc.edu.ni\/boletininformativo\/docencia\/inicia-diplomado-en-seguridad-y-salud-laboral-2\/\">Inicia Diplomado en Seguridad y Salud Laboral<\/a><div class=\"wp-block-latest-posts__post-excerpt\">24 colaboradores de \u00e1reas de higiene y seguridad de diversas empresas e instituciones, iniciaron en la Universidad de Ciencias Comerciales&hellip; <\/div><\/li>\n<li><div class=\"wp-block-latest-posts__featured-image\"><img loading=\"lazy\" decoding=\"async\" width=\"150\" height=\"150\" src=\"https:\/\/www.ucc.edu.ni\/boletininformativo\/php_assets\/uploads\/2024\/11\/CONVENIO-150x150.jpeg\" class=\"attachment-thumbnail size-thumbnail wp-post-image\" alt=\"\" style=\"\" \/><\/div><a class=\"wp-block-latest-posts__post-title\" href=\"https:\/\/www.ucc.edu.ni\/boletininformativo\/proyeccion-social\/ucc-y-libreria-jardin-firman-convenio\/\">UCC y Librer\u00eda Jard\u00edn firman Convenio<\/a><div class=\"wp-block-latest-posts__post-excerpt\">La Universidad de Ciencias Comerciales (UCC) y Librer\u00eda Jard\u00edn establecieron un importante Convenio de Colaboraci\u00f3n que permitir\u00e1 la implementaci\u00f3n de&hellip; <\/div><\/li>\n<li><div class=\"wp-block-latest-posts__featured-image\"><img loading=\"lazy\" decoding=\"async\" width=\"150\" height=\"150\" src=\"https:\/\/www.ucc.edu.ni\/boletininformativo\/php_assets\/uploads\/2024\/11\/COPA-UCC-150x150.jpeg\" class=\"attachment-thumbnail size-thumbnail wp-post-image\" alt=\"\" style=\"\" \/><\/div><a class=\"wp-block-latest-posts__post-title\" href=\"https:\/\/www.ucc.edu.ni\/boletininformativo\/destacadas\/finaliza-con-exito-la-xix-copa-ucc\/\">Finaliza con \u00e9xito la XIX Copa UCC<\/a><div class=\"wp-block-latest-posts__post-excerpt\">Este lunes concluy\u00f3 con gran entusiasmo la XIX Copa UCC 2024, organizada por el \u00e1rea de Deporte de la Universidad&hellip; <\/div><\/li>\n<li><div class=\"wp-block-latest-posts__featured-image\"><img loading=\"lazy\" decoding=\"async\" width=\"150\" height=\"150\" src=\"https:\/\/www.ucc.edu.ni\/boletininformativo\/php_assets\/uploads\/2024\/11\/Creatividad-150x150.jpeg\" class=\"attachment-thumbnail size-thumbnail wp-post-image\" alt=\"\" style=\"\" \/><\/div><a class=\"wp-block-latest-posts__post-title\" href=\"https:\/\/www.ucc.edu.ni\/boletininformativo\/destacadas\/creatividad-en-accion\/\">Creatividad en Acci\u00f3n<\/a><div class=\"wp-block-latest-posts__post-excerpt\">Con el prop\u00f3sito de resaltar el talento y la creatividad de los futuros arquitectos, la Universidad de Ciencias Comerciales (UCC),&hellip; <\/div><\/li>\n<li><div class=\"wp-block-latest-posts__featured-image\"><img loading=\"lazy\" decoding=\"async\" width=\"150\" height=\"150\" src=\"https:\/\/www.ucc.edu.ni\/boletininformativo\/php_assets\/uploads\/2024\/11\/CONGRESO-2024-150x150.jpeg\" class=\"attachment-thumbnail size-thumbnail wp-post-image\" alt=\"\" style=\"\" \/><\/div><a class=\"wp-block-latest-posts__post-title\" href=\"https:\/\/www.ucc.edu.ni\/boletininformativo\/noviembre-2024\/ucc-realiza-con-exito-congreso-universitario-2024\/\">UCC realiza con \u00e9xito Congreso Universitario 2024<\/a><div class=\"wp-block-latest-posts__post-excerpt\">Con la destacada participaci\u00f3n de 260 estudiantes de la Sede Central Managua, Campus Le\u00f3n y Campus Matagalpa, se desarroll\u00f3 de&hellip; <\/div><\/li>\n<li><div class=\"wp-block-latest-posts__featured-image\"><img loading=\"lazy\" decoding=\"async\" width=\"150\" height=\"150\" src=\"https:\/\/www.ucc.edu.ni\/boletininformativo\/php_assets\/uploads\/2024\/11\/Encuentro-Pedagogico-150x150.jpg\" class=\"attachment-thumbnail size-thumbnail wp-post-image\" alt=\"\" style=\"\" \/><\/div><a class=\"wp-block-latest-posts__post-title\" href=\"https:\/\/www.ucc.edu.ni\/boletininformativo\/noviembre-2024\/encuentro-pedagogico-promueve-practicas-innovadoras\/\">Encuentro Pedag\u00f3gico promueve Pr\u00e1cticas Innovadoras<\/a><div class=\"wp-block-latest-posts__post-excerpt\">La Universidad de Ciencias Comerciales (UCC), llev\u00f3 a cabo el Encuentro Pedag\u00f3gico Docente 2024, un espacio acad\u00e9mico organizado por la&hellip; <\/div><\/li>\n<\/ul>","protected":false},"excerpt":{"rendered":"","protected":false},"author":1,"featured_media":0,"parent":0,"menu_order":0,"comment_status":"closed","ping_status":"closed","template":"","meta":{"footnotes":""},"class_list":["post-1738","page","type-page","status-publish","hentry"],"_links":{"self":[{"href":"https:\/\/www.ucc.edu.ni\/boletininformativo\/wp-json\/wp\/v2\/pages\/1738","targetHints":{"allow":["GET"]}}],"collection":[{"href":"https:\/\/www.ucc.edu.ni\/boletininformativo\/wp-json\/wp\/v2\/pages"}],"about":[{"href":"https:\/\/www.ucc.edu.ni\/boletininformativo\/wp-json\/wp\/v2\/types\/page"}],"author":[{"embeddable":true,"href":"https:\/\/www.ucc.edu.ni\/boletininformativo\/wp-json\/wp\/v2\/users\/1"}],"replies":[{"embeddable":true,"href":"https:\/\/www.ucc.edu.ni\/boletininformativo\/wp-json\/wp\/v2\/comments?post=1738"}],"version-history":[{"count":1,"href":"https:\/\/www.ucc.edu.ni\/boletininformativo\/wp-json\/wp\/v2\/pages\/1738\/revisions"}],"predecessor-version":[{"id":1739,"href":"https:\/\/www.ucc.edu.ni\/boletininformativo\/wp-json\/wp\/v2\/pages\/1738\/revisions\/1739"}],"wp:attachment":[{"href":"https:\/\/www.ucc.edu.ni\/boletininformativo\/wp-json\/wp\/v2\/media?parent=1738"}],"curies":[{"name":"wp","href":"https:\/\/api.w.org\/{rel}","templated":true}]}}