{"id":1661,"date":"2024-11-30T16:05:29","date_gmt":"2024-11-30T22:05:29","guid":{"rendered":"https:\/\/www.ucc.edu.ni\/boletininformativo\/?page_id=1661"},"modified":"2024-11-30T16:05:30","modified_gmt":"2024-11-30T22:05:30","slug":"septiembre-2024-2","status":"publish","type":"page","link":"https:\/\/www.ucc.edu.ni\/boletininformativo\/septiembre-2024-2\/","title":{"rendered":"SEPTIEMBRE 2024"},"content":{"rendered":"<ul class=\"wp-block-latest-posts__list is-grid columns-3 wp-block-latest-posts\"><li><div class=\"wp-block-latest-posts__featured-image\"><img loading=\"lazy\" decoding=\"async\" width=\"150\" height=\"150\" src=\"https:\/\/www.ucc.edu.ni\/boletininformativo\/php_assets\/uploads\/2024\/09\/Asamblea-CNU-150x150.jpeg\" class=\"attachment-thumbnail size-thumbnail wp-post-image\" alt=\"\" style=\"\" \/><\/div><a class=\"wp-block-latest-posts__post-title\" href=\"https:\/\/www.ucc.edu.ni\/boletininformativo\/docencia\/ucc-participa-en-asamblea-universitaria-del-cnu\/\">UCC participa en Asamblea Universitaria del CNU<\/a><div class=\"wp-block-latest-posts__post-excerpt\">La comunidad educativa de la Universidad de Ciencias Comerciales (UCC), Sede Central Managua, Campus Le\u00f3n y Campus Matagalpa, particip\u00f3 este&hellip; <\/div><\/li>\n<li><div class=\"wp-block-latest-posts__featured-image\"><img loading=\"lazy\" decoding=\"async\" width=\"150\" height=\"150\" src=\"https:\/\/www.ucc.edu.ni\/boletininformativo\/php_assets\/uploads\/2024\/09\/Campana-de-Reforestacion-150x150.jpeg\" class=\"attachment-thumbnail size-thumbnail wp-post-image\" alt=\"\" style=\"\" \/><\/div><a class=\"wp-block-latest-posts__post-title\" href=\"https:\/\/www.ucc.edu.ni\/boletininformativo\/proyeccion-social\/campana-de-reforestacion-escolar-llega-al-liceo-franciscano\/\">Campa\u00f1a de Reforestaci\u00f3n Escolar llega al Liceo Franciscano<\/a><div class=\"wp-block-latest-posts__post-excerpt\">Con el prop\u00f3sito de promover la sostenibilidad ambiental y fortalecer la conciencia ecol\u00f3gica entre los j\u00f3venes, la Universidad de Ciencias&hellip; <\/div><\/li>\n<li><div class=\"wp-block-latest-posts__featured-image\"><img loading=\"lazy\" decoding=\"async\" width=\"150\" height=\"150\" src=\"https:\/\/www.ucc.edu.ni\/boletininformativo\/php_assets\/uploads\/2024\/09\/Asamblea-Nacional-150x150.jpeg\" class=\"attachment-thumbnail size-thumbnail wp-post-image\" alt=\"\" style=\"\" \/><\/div><a class=\"wp-block-latest-posts__post-title\" href=\"https:\/\/www.ucc.edu.ni\/boletininformativo\/docencia\/visita-a-la-asamblea-nacional-de-nicaragua\/\">Visita a la Asamblea Nacional de Nicaragua<\/a><div class=\"wp-block-latest-posts__post-excerpt\">Estudiantes de primer a\u00f1o de la carrera de Derecho, turnos Diurno y Sabatino, de la Universidad de Ciencias Comerciales UCC,&hellip; <\/div><\/li>\n<li><div class=\"wp-block-latest-posts__featured-image\"><img loading=\"lazy\" decoding=\"async\" width=\"150\" height=\"150\" src=\"https:\/\/www.ucc.edu.ni\/boletininformativo\/php_assets\/uploads\/2024\/09\/Simulacro-Nacional-150x150.png\" class=\"attachment-thumbnail size-thumbnail wp-post-image\" alt=\"\" style=\"\" \/><\/div><a class=\"wp-block-latest-posts__post-title\" href=\"https:\/\/www.ucc.edu.ni\/boletininformativo\/gestion-institucional\/campus-leon-participa-del-simulacro-nacional-multiamenazas\/\">Campus Le\u00f3n participa del Simulacro Nacional Multiamenazas<\/a><div class=\"wp-block-latest-posts__post-excerpt\">En el marco del Simulacro Nacional Multiamenaza de SINAPRED, la Universidad de Ciencias Comerciales (UCC), Campus Le\u00f3n, llev\u00f3 a cabo&hellip; <\/div><\/li>\n<li><div class=\"wp-block-latest-posts__featured-image\"><img loading=\"lazy\" decoding=\"async\" width=\"150\" height=\"150\" src=\"https:\/\/www.ucc.edu.ni\/boletininformativo\/php_assets\/uploads\/2024\/09\/Practica-de-Conocimientos-150x150.jpg\" class=\"attachment-thumbnail size-thumbnail wp-post-image\" alt=\"\" style=\"\" \/><\/div><a class=\"wp-block-latest-posts__post-title\" href=\"https:\/\/www.ucc.edu.ni\/boletininformativo\/docencia\/estudiantes-ponen-en-practica-sus-conocimientos\/\">Estudiantes ponen en pr\u00e1ctica sus Conocimientos<\/a><div class=\"wp-block-latest-posts__post-excerpt\">Los estudiantes de segundo a\u00f1o de la carrera de Marketing y Publicidad, de la Universidad de Ciencias Comerciales UCC, Campus&hellip; <\/div><\/li>\n<li><div class=\"wp-block-latest-posts__featured-image\"><img loading=\"lazy\" decoding=\"async\" width=\"150\" height=\"150\" src=\"https:\/\/www.ucc.edu.ni\/boletininformativo\/php_assets\/uploads\/2024\/09\/Sostenibilidad-en-Certamen-150x150.jpeg\" class=\"attachment-thumbnail size-thumbnail wp-post-image\" alt=\"\" style=\"\" \/><\/div><a class=\"wp-block-latest-posts__post-title\" href=\"https:\/\/www.ucc.edu.ni\/boletininformativo\/proyeccion-social\/ucc-promueve-la-sostenibilidad-en-certamen\/\">UCC Promueve la Sostenibilidad en Certamen<\/a><div class=\"wp-block-latest-posts__post-excerpt\">La Universidad de Ciencias Comerciales (UCC), tuvo una destacada participaci\u00f3n en el Certamen Reina de la Madre Tierra de Universidades&hellip; <\/div><\/li>\n<li><div class=\"wp-block-latest-posts__featured-image\"><img loading=\"lazy\" decoding=\"async\" width=\"150\" height=\"150\" src=\"https:\/\/www.ucc.edu.ni\/boletininformativo\/php_assets\/uploads\/2024\/09\/Marca-Personal-150x150.jpeg\" class=\"attachment-thumbnail size-thumbnail wp-post-image\" alt=\"\" style=\"\" \/><\/div><a class=\"wp-block-latest-posts__post-title\" href=\"https:\/\/www.ucc.edu.ni\/boletininformativo\/docencia\/estudiantes-descubren-el-poder-de-la-marca-personal\/\">Estudiantes descubren el Poder de la Marca Personal<\/a><div class=\"wp-block-latest-posts__post-excerpt\">Con el objetivo de proporcionar a los futuros profesionales herramientas clave para destacar en el \u00e1mbito laboral, estudiantes de diversas&hellip; <\/div><\/li>\n<li><div class=\"wp-block-latest-posts__featured-image\"><img loading=\"lazy\" decoding=\"async\" width=\"150\" height=\"150\" src=\"https:\/\/www.ucc.edu.ni\/boletininformativo\/php_assets\/uploads\/2024\/09\/Estudiantes-fortalecen-formacion-150x150.jpeg\" class=\"attachment-thumbnail size-thumbnail wp-post-image\" alt=\"\" style=\"\" \/><\/div><a class=\"wp-block-latest-posts__post-title\" href=\"https:\/\/www.ucc.edu.ni\/boletininformativo\/docencia\/estudiantes-fortalecen-su-formacion\/\">Estudiantes fortalecen su Formaci\u00f3n<\/a><div class=\"wp-block-latest-posts__post-excerpt\">Con mucho entusiasmo, los estudiantes de la carrera de Derecho con \u00e9nfasis en Gerencia Empresarial, de la Universidad de Ciencias&hellip; <\/div><\/li>\n<li><div class=\"wp-block-latest-posts__featured-image\"><img loading=\"lazy\" decoding=\"async\" width=\"150\" height=\"150\" src=\"https:\/\/www.ucc.edu.ni\/boletininformativo\/php_assets\/uploads\/2024\/09\/Curso-Electricidad-150x150.jpeg\" class=\"attachment-thumbnail size-thumbnail wp-post-image\" alt=\"\" style=\"\" \/><\/div><a class=\"wp-block-latest-posts__post-title\" href=\"https:\/\/www.ucc.edu.ni\/boletininformativo\/docencia\/inicia-curso-especializado-en-electricidad\/\">Inicia Curso Especializado en Electricidad<\/a><div class=\"wp-block-latest-posts__post-excerpt\">La Universidad de Ciencias Comerciales (UCC), Sede Central Managua, a trav\u00e9s de la Coordinaci\u00f3n de Ingenier\u00eda en Inform\u00e1tica y Telecomunicaciones,&hellip; <\/div><\/li>\n<li><div class=\"wp-block-latest-posts__featured-image\"><img loading=\"lazy\" decoding=\"async\" width=\"150\" height=\"150\" src=\"https:\/\/www.ucc.edu.ni\/boletininformativo\/php_assets\/uploads\/2024\/09\/Panel-Profesional-Docente-150x150.jpeg\" class=\"attachment-thumbnail size-thumbnail wp-post-image\" alt=\"\" style=\"\" \/><\/div><a class=\"wp-block-latest-posts__post-title\" href=\"https:\/\/www.ucc.edu.ni\/boletininformativo\/docencia\/ucc-participa-en-panel-sobre-desarrollo-profesional-docente\/\">UCC Participa en Panel sobre Desarrollo Profesional Docente<\/a><div class=\"wp-block-latest-posts__post-excerpt\">La Universidad de Ciencias Comerciales (UCC), Sede Central Managua Campus Le\u00f3n y Matagalpa, particip\u00f3 activamente en el panel \u201cDesarrollo Profesional&hellip; <\/div><\/li>\n<li><div class=\"wp-block-latest-posts__featured-image\"><img loading=\"lazy\" decoding=\"async\" width=\"150\" height=\"150\" src=\"https:\/\/www.ucc.edu.ni\/boletininformativo\/php_assets\/uploads\/2024\/09\/EXPO-ARQ-150x150.png\" class=\"attachment-thumbnail size-thumbnail wp-post-image\" alt=\"\" style=\"\" \/><\/div><a class=\"wp-block-latest-posts__post-title\" href=\"https:\/\/www.ucc.edu.ni\/boletininformativo\/docencia\/desarrollo-de-la-ucc-expo-arq-en-campus-leon\/\">Desarrollo de la UCC EXPO ARQ en Campus Le\u00f3n<\/a><div class=\"wp-block-latest-posts__post-excerpt\">A trav\u00e9s de la Coordinaci\u00f3n de Arquitectura, Dise\u00f1o Gr\u00e1fico y Publicitario e Ingenier\u00eda de Sistemas, de la Universidad de Ciencias&hellip; <\/div><\/li>\n<li><div class=\"wp-block-latest-posts__featured-image\"><img loading=\"lazy\" decoding=\"async\" width=\"150\" height=\"150\" src=\"https:\/\/www.ucc.edu.ni\/boletininformativo\/php_assets\/uploads\/2024\/09\/Etiqueta-Protocolo-150x150.jpeg\" class=\"attachment-thumbnail size-thumbnail wp-post-image\" alt=\"\" style=\"\" \/><\/div><a class=\"wp-block-latest-posts__post-title\" href=\"https:\/\/www.ucc.edu.ni\/boletininformativo\/docencia\/ucc-impulsa-formacion-en-etiqueta-y-protocolo\/\">UCC impulsa formaci\u00f3n en Etiqueta y Protocolo<\/a><div class=\"wp-block-latest-posts__post-excerpt\">Inici\u00f3 en la Universidad de Ciencias Comerciales UCC, Sede Central Managua, el Curso Especializado en Etiqueta y Protocolo, con la&hellip; <\/div><\/li>\n<li><div class=\"wp-block-latest-posts__featured-image\"><img loading=\"lazy\" decoding=\"async\" width=\"150\" height=\"150\" src=\"https:\/\/www.ucc.edu.ni\/boletininformativo\/php_assets\/uploads\/2024\/09\/Rol-Relaciones-Publicas-150x150.jpg\" class=\"attachment-thumbnail size-thumbnail wp-post-image\" alt=\"\" style=\"\" \/><\/div><a class=\"wp-block-latest-posts__post-title\" href=\"https:\/\/www.ucc.edu.ni\/boletininformativo\/docencia\/conferencia-destaca-el-rol-de-las-relaciones-publicas\/\">Conferencia destaca el rol de las Relaciones P\u00fablicas<\/a><div class=\"wp-block-latest-posts__post-excerpt\">&#8220;Historias que conectan emocionalmente con los p\u00fablicos&#8221; fue el tema central de la charla ofrecida esta ma\u00f1ana por Valeria V\u00e1squez,&hellip; <\/div><\/li>\n<li><div class=\"wp-block-latest-posts__featured-image\"><img loading=\"lazy\" decoding=\"async\" width=\"150\" height=\"150\" src=\"https:\/\/www.ucc.edu.ni\/boletininformativo\/php_assets\/uploads\/2024\/09\/Capacitacion-Coordinadores-150x150.jpeg\" class=\"attachment-thumbnail size-thumbnail wp-post-image\" alt=\"\" style=\"\" \/><\/div><a class=\"wp-block-latest-posts__post-title\" href=\"https:\/\/www.ucc.edu.ni\/boletininformativo\/docencia\/coordinadores-de-carreras-fortalecen-habilidades\/\">Coordinadores de Carreras fortalecen Habilidades<\/a><div class=\"wp-block-latest-posts__post-excerpt\">En el marco de la mejora continua y con el prop\u00f3sito de fortalecer las habilidades t\u00e9cnicas, los coordinadores de las&hellip; <\/div><\/li>\n<li><div class=\"wp-block-latest-posts__featured-image\"><img loading=\"lazy\" decoding=\"async\" width=\"150\" height=\"150\" src=\"https:\/\/www.ucc.edu.ni\/boletininformativo\/php_assets\/uploads\/2024\/09\/PANVET-WEB-2024-150x150.png\" class=\"attachment-thumbnail size-thumbnail wp-post-image\" alt=\"\" style=\"\" \/><\/div><a class=\"wp-block-latest-posts__post-title\" href=\"https:\/\/www.ucc.edu.ni\/boletininformativo\/proyeccion-social\/presentaran-investigacion-en-congreso-internacional\/\">Presentar\u00e1n Investigaci\u00f3n en Congreso Internacional<\/a><div class=\"wp-block-latest-posts__post-excerpt\">La prestigiosa Asociaci\u00f3n Panamericana de Ciencias Veterinarias (PANVET), ha aceptado la investigaci\u00f3n titulada, &#8220;Estudio de Malformaciones Cong\u00e9nitas Fenot\u00edpicas en Bovinos&hellip; <\/div><\/li>\n<li><div class=\"wp-block-latest-posts__featured-image\"><img loading=\"lazy\" decoding=\"async\" width=\"150\" height=\"150\" src=\"https:\/\/www.ucc.edu.ni\/boletininformativo\/php_assets\/uploads\/2024\/09\/Aula-Digital-150x150.png\" class=\"attachment-thumbnail size-thumbnail wp-post-image\" alt=\"\" style=\"\" \/><\/div><a class=\"wp-block-latest-posts__post-title\" href=\"https:\/\/www.ucc.edu.ni\/boletininformativo\/docencia\/campus-leon-inaugura-nueva-aula-digital\/\">Campus Le\u00f3n inaugura nueva Aula Digital<\/a><div class=\"wp-block-latest-posts__post-excerpt\">La Coordinaci\u00f3n de Arquitectura, Dise\u00f1o Gr\u00e1fico y Publicitario e Ingenier\u00eda de Sistemas, de la Universidad de Ciencias Comerciales (UCC), Campus&hellip; <\/div><\/li>\n<li><div class=\"wp-block-latest-posts__featured-image\"><img loading=\"lazy\" decoding=\"async\" width=\"150\" height=\"91\" src=\"https:\/\/www.ucc.edu.ni\/boletininformativo\/php_assets\/uploads\/2024\/09\/Feria-Emprendimiento-2024.png\" class=\"attachment-thumbnail size-thumbnail wp-post-image\" alt=\"\" style=\"\" srcset=\"https:\/\/www.ucc.edu.ni\/boletininformativo\/php_assets\/uploads\/2024\/09\/Feria-Emprendimiento-2024.png 2048w, https:\/\/www.ucc.edu.ni\/boletininformativo\/php_assets\/uploads\/2024\/09\/Feria-Emprendimiento-2024-300x181.png 300w\" sizes=\"auto, (max-width: 150px) 100vw, 150px\" \/><\/div><a class=\"wp-block-latest-posts__post-title\" href=\"https:\/\/www.ucc.edu.ni\/boletininformativo\/destacadas\/feria-de-emprendimiento-e-innovacion-2024\/\">Feria de Emprendimiento e Innovaci\u00f3n 2024<\/a><div class=\"wp-block-latest-posts__post-excerpt\">Con la presentaci\u00f3n de proyectos innovadores, la Universidad de Ciencias Comerciales (UCC), Campus Le\u00f3n, a trav\u00e9s de la Coordinaci\u00f3n de&hellip; <\/div><\/li>\n<li><div class=\"wp-block-latest-posts__featured-image\"><img loading=\"lazy\" decoding=\"async\" width=\"150\" height=\"150\" src=\"https:\/\/www.ucc.edu.ni\/boletininformativo\/php_assets\/uploads\/2024\/09\/Concurso-Videojuegos-150x150.jpeg\" class=\"attachment-thumbnail size-thumbnail wp-post-image\" alt=\"\" style=\"\" \/><\/div><a class=\"wp-block-latest-posts__post-title\" href=\"https:\/\/www.ucc.edu.ni\/boletininformativo\/destacadas\/ucc-triunfa-en-concurso-de-videojuegos\/\">UCC triunfa en Concurso de Videojuegos<\/a><div class=\"wp-block-latest-posts__post-excerpt\">Un triunfo destacado. La Universidad de Ciencias Comerciales (UCC), obtuvo el primer lugar en el Concurso Nacional de Desarrollo y&hellip; <\/div><\/li>\n<li><div class=\"wp-block-latest-posts__featured-image\"><img loading=\"lazy\" decoding=\"async\" width=\"150\" height=\"150\" src=\"https:\/\/www.ucc.edu.ni\/boletininformativo\/php_assets\/uploads\/2024\/09\/Graduacion2024-Matagalpa-150x150.jpg\" class=\"attachment-thumbnail size-thumbnail wp-post-image\" alt=\"\" style=\"\" \/><\/div><a class=\"wp-block-latest-posts__post-title\" href=\"https:\/\/www.ucc.edu.ni\/boletininformativo\/septiembre-2024\/campus-matagalpa-celebra-la-xiv-ceremonia-de-graduacion\/\">Campus Matagalpa celebra la XIV Ceremonia de Graduaci\u00f3n<\/a><div class=\"wp-block-latest-posts__post-excerpt\">El s\u00e1bado 31 de agosto en el Hotel Selva Negra, el campus Matagalpa de la Universidad de Ciencias Comerciales (UCC)&hellip; <\/div><\/li>\n<li><div class=\"wp-block-latest-posts__featured-image\"><img loading=\"lazy\" decoding=\"async\" width=\"150\" height=\"150\" src=\"https:\/\/www.ucc.edu.ni\/boletininformativo\/php_assets\/uploads\/2024\/09\/CARNIC-UCC-150x150.jpeg\" class=\"attachment-thumbnail size-thumbnail wp-post-image\" alt=\"\" style=\"\" \/><\/div><a class=\"wp-block-latest-posts__post-title\" href=\"https:\/\/www.ucc.edu.ni\/boletininformativo\/septiembre-2024\/ucc-firma-alianza-con-nuevo-carnic\/\">UCC firma alianza con Nuevo CARNIC<\/a><div class=\"wp-block-latest-posts__post-excerpt\">La Universidad de Ciencias Comerciales (UCC) y Matadero Nuevo CARNIC, firmaron una carta de entendimiento que marca el inicio de&hellip; <\/div><\/li>\n<\/ul>","protected":false},"excerpt":{"rendered":"","protected":false},"author":1,"featured_media":0,"parent":0,"menu_order":0,"comment_status":"closed","ping_status":"closed","template":"","meta":{"footnotes":""},"class_list":["post-1661","page","type-page","status-publish","hentry"],"_links":{"self":[{"href":"https:\/\/www.ucc.edu.ni\/boletininformativo\/wp-json\/wp\/v2\/pages\/1661","targetHints":{"allow":["GET"]}}],"collection":[{"href":"https:\/\/www.ucc.edu.ni\/boletininformativo\/wp-json\/wp\/v2\/pages"}],"about":[{"href":"https:\/\/www.ucc.edu.ni\/boletininformativo\/wp-json\/wp\/v2\/types\/page"}],"author":[{"embeddable":true,"href":"https:\/\/www.ucc.edu.ni\/boletininformativo\/wp-json\/wp\/v2\/users\/1"}],"replies":[{"embeddable":true,"href":"https:\/\/www.ucc.edu.ni\/boletininformativo\/wp-json\/wp\/v2\/comments?post=1661"}],"version-history":[{"count":1,"href":"https:\/\/www.ucc.edu.ni\/boletininformativo\/wp-json\/wp\/v2\/pages\/1661\/revisions"}],"predecessor-version":[{"id":1662,"href":"https:\/\/www.ucc.edu.ni\/boletininformativo\/wp-json\/wp\/v2\/pages\/1661\/revisions\/1662"}],"wp:attachment":[{"href":"https:\/\/www.ucc.edu.ni\/boletininformativo\/wp-json\/wp\/v2\/media?parent=1661"}],"curies":[{"name":"wp","href":"https:\/\/api.w.org\/{rel}","templated":true}]}}