{"id":1524,"date":"2024-10-01T09:03:42","date_gmt":"2024-10-01T15:03:42","guid":{"rendered":"https:\/\/www.ucc.edu.ni\/boletininformativo\/?page_id=1524"},"modified":"2024-10-01T09:03:42","modified_gmt":"2024-10-01T15:03:42","slug":"agosto-2024","status":"publish","type":"page","link":"https:\/\/www.ucc.edu.ni\/boletininformativo\/agosto-2024\/","title":{"rendered":"AGOSTO 2024"},"content":{"rendered":"<ul class=\"wp-block-latest-posts__list is-grid columns-3 wp-block-latest-posts\"><li><div class=\"wp-block-latest-posts__featured-image\"><img loading=\"lazy\" decoding=\"async\" width=\"150\" height=\"150\" src=\"https:\/\/www.ucc.edu.ni\/boletininformativo\/php_assets\/uploads\/2024\/08\/Administrativos-Estrategia-Nacional-de-Educacion-150x150.jpeg\" class=\"attachment-thumbnail size-thumbnail wp-post-image\" alt=\"\" style=\"\" \/><\/div><a class=\"wp-block-latest-posts__post-title\" href=\"https:\/\/www.ucc.edu.ni\/boletininformativo\/gestion-institucional\/administrativos-y-docentes-fijos-se-apropian-de-la-estrategia-nacional-de-educacion\/\">Administrativos y Docentes fijos se apropian de la Estrategia Nacional de Educaci\u00f3n<\/a><div class=\"wp-block-latest-posts__post-excerpt\">El equipo administrativo y docentes fijos de la Universidad de Ciencias Comerciales (UCC), Sede Central Managua, participaron en la presentaci\u00f3n de la Estrategia Nacional de Educaci\u00f3n, con el objetivo de&hellip; <\/div><\/li>\n<li><div class=\"wp-block-latest-posts__featured-image\"><img loading=\"lazy\" decoding=\"async\" width=\"150\" height=\"150\" src=\"https:\/\/www.ucc.edu.ni\/boletininformativo\/php_assets\/uploads\/2024\/08\/Directivos-Estrategia-Nacional-de-Educacion-150x150.jpeg\" class=\"attachment-thumbnail size-thumbnail wp-post-image\" alt=\"\" style=\"\" \/><\/div><a class=\"wp-block-latest-posts__post-title\" href=\"https:\/\/www.ucc.edu.ni\/boletininformativo\/gestion-institucional\/directivos-de-ucc-sede-central-managua-se-apropian-de-la-estrategia-nacional-de-educacion\/\">Directivos de UCC Sede Central Managua se apropian de la Estrategia Nacional de Educaci\u00f3n<\/a><div class=\"wp-block-latest-posts__post-excerpt\">En el marco de la transformaci\u00f3n del sistema educativo del pa\u00eds, se llev\u00f3 a cabo la presentaci\u00f3n de la Estrategia Nacional de Educaci\u00f3n, ante los directivos de la Universidad de&hellip; <\/div><\/li>\n<li><div class=\"wp-block-latest-posts__featured-image\"><img loading=\"lazy\" decoding=\"async\" width=\"150\" height=\"150\" src=\"https:\/\/www.ucc.edu.ni\/boletininformativo\/php_assets\/uploads\/2024\/08\/Docentes-Estrategia-Nacional-de-Educacion-150x150.jpeg\" class=\"attachment-thumbnail size-thumbnail wp-post-image\" alt=\"\" style=\"\" \/><\/div><a class=\"wp-block-latest-posts__post-title\" href=\"https:\/\/www.ucc.edu.ni\/boletininformativo\/gestion-institucional\/docentes-se-capacitan-sobre-nueva-estrategia-nacional-de-educacion\/\">Docentes se capacitan sobre nueva Estrategia Nacional de Educaci\u00f3n<\/a><div class=\"wp-block-latest-posts__post-excerpt\">Docentes se capacitan sobre nueva Estrategia Nacional de Educaci\u00f3n Docentes de los turnos Diurno, Sabatino y Dominical, de la Universidad de Ciencias Comerciales (UCC), Sede Central Managua, participaron activamente en&hellip; <\/div><\/li>\n<li><div class=\"wp-block-latest-posts__featured-image\"><img loading=\"lazy\" decoding=\"async\" width=\"150\" height=\"150\" src=\"https:\/\/www.ucc.edu.ni\/boletininformativo\/php_assets\/uploads\/2024\/08\/Mejores-Estudiantes-150x150.jpeg\" class=\"attachment-thumbnail size-thumbnail wp-post-image\" alt=\"\" style=\"\" srcset=\"https:\/\/www.ucc.edu.ni\/boletininformativo\/php_assets\/uploads\/2024\/08\/Mejores-Estudiantes-150x150.jpeg 150w, https:\/\/www.ucc.edu.ni\/boletininformativo\/php_assets\/uploads\/2024\/08\/Mejores-Estudiantes-300x297.jpeg 300w, https:\/\/www.ucc.edu.ni\/boletininformativo\/php_assets\/uploads\/2024\/08\/Mejores-Estudiantes-768x761.jpeg 768w, https:\/\/www.ucc.edu.ni\/boletininformativo\/php_assets\/uploads\/2024\/08\/Mejores-Estudiantes.jpeg 855w\" sizes=\"auto, (max-width: 150px) 100vw, 150px\" \/><\/div><a class=\"wp-block-latest-posts__post-title\" href=\"https:\/\/www.ucc.edu.ni\/boletininformativo\/docencia\/ucc-destaca-a-sus-mejores-estudiantes-de-medicina-veterinaria\/\">UCC destaca a sus mejores Estudiantes de Medicina Veterinaria<\/a><div class=\"wp-block-latest-posts__post-excerpt\">En el marco de la Conmemoraci\u00f3n del D\u00eda del M\u00e9dico Veterinario Nicarag\u00fcense, cinco estudiantes de la carrera de Medicina Veterinaria y Zootecnia, de la Universidad de Ciencias Comerciales (UCC), Sede&hellip; <\/div><\/li>\n<li><div class=\"wp-block-latest-posts__featured-image\"><img loading=\"lazy\" decoding=\"async\" width=\"150\" height=\"150\" src=\"https:\/\/www.ucc.edu.ni\/boletininformativo\/php_assets\/uploads\/2024\/08\/Capacitacion-para-Docentes-150x150.jpeg\" class=\"attachment-thumbnail size-thumbnail wp-post-image\" alt=\"\" style=\"\" \/><\/div><a class=\"wp-block-latest-posts__post-title\" href=\"https:\/\/www.ucc.edu.ni\/boletininformativo\/docencia\/capacitacion-para-docentes-del-turno-sabatino\/\">Capacitaci\u00f3n para Docentes del turno Sabatino<\/a><div class=\"wp-block-latest-posts__post-excerpt\">En la universidad de Ciencias Comerciales UCC, Campus Matagalpa se realiz\u00f3 la capacitaci\u00f3n docente del turno sabatino, con el objetivo de fortalecer en los maestros, las competencias sobre comprensi\u00f3n de&hellip; <\/div><\/li>\n<li><div class=\"wp-block-latest-posts__featured-image\"><img loading=\"lazy\" decoding=\"async\" width=\"150\" height=\"150\" src=\"https:\/\/www.ucc.edu.ni\/boletininformativo\/php_assets\/uploads\/2024\/08\/Teoria-con-la-practica-150x150.jpeg\" class=\"attachment-thumbnail size-thumbnail wp-post-image\" alt=\"\" style=\"\" \/><\/div><a class=\"wp-block-latest-posts__post-title\" href=\"https:\/\/www.ucc.edu.ni\/boletininformativo\/docencia\/conectando-la-teoria-con-la-practica\/\">Conectando la teor\u00eda con la pr\u00e1ctica<\/a><div class=\"wp-block-latest-posts__post-excerpt\">Estudiantes de las carreras de las carreras de Arquitectura, Ingenier\u00eda Civil e Ingenier\u00eda en Inform\u00e1tica y Telecomunicaciones, del turno diurno, de la Universidad de Ciencias Comerciales (UCC), Sede Central Managua,&hellip; <\/div><\/li>\n<li><div class=\"wp-block-latest-posts__featured-image\"><img loading=\"lazy\" decoding=\"async\" width=\"150\" height=\"150\" src=\"https:\/\/www.ucc.edu.ni\/boletininformativo\/php_assets\/uploads\/2024\/08\/Gestion-del-Talento-Humano-150x150.jpeg\" class=\"attachment-thumbnail size-thumbnail wp-post-image\" alt=\"\" style=\"\" \/><\/div><a class=\"wp-block-latest-posts__post-title\" href=\"https:\/\/www.ucc.edu.ni\/boletininformativo\/docencia\/profesionales-inician-diplomado-en-gestion-del-talento-humano\/\">Profesionales Inician Diplomado en Gesti\u00f3n del Talento Humano<\/a><div class=\"wp-block-latest-posts__post-excerpt\">18 profesionales interesados en fortalecer sus competencias, iniciaron el Diplomado en Gesti\u00f3n del Talento Humano, de la Universidad de Ciencias Comerciales UCC. Este programa, desarrollado por la Direcci\u00f3n de Posgrado&hellip; <\/div><\/li>\n<li><div class=\"wp-block-latest-posts__featured-image\"><img loading=\"lazy\" decoding=\"async\" width=\"150\" height=\"150\" src=\"https:\/\/www.ucc.edu.ni\/boletininformativo\/php_assets\/uploads\/2024\/08\/Torneo-de-Ajedrez-150x150.jpeg\" class=\"attachment-thumbnail size-thumbnail wp-post-image\" alt=\"\" style=\"\" \/><\/div><a class=\"wp-block-latest-posts__post-title\" href=\"https:\/\/www.ucc.edu.ni\/boletininformativo\/gestion-institucional\/torneo-de-ajedrez\/\">Torneo de Ajedrez<\/a><div class=\"wp-block-latest-posts__post-excerpt\">La Universidad de Ciencias Comerciales (UCC), Campus Le\u00f3n, a trav\u00e9s de la Coordinaci\u00f3n de Bienestar Estudiantil,&nbsp;desarroll\u00f3 el Torneo de Ajedrez, \u201cEl \u00e9xito est\u00e1 en tus manos\u201d, con el apoyo de&hellip; <\/div><\/li>\n<li><div class=\"wp-block-latest-posts__featured-image\"><img loading=\"lazy\" decoding=\"async\" width=\"150\" height=\"150\" src=\"https:\/\/www.ucc.edu.ni\/boletininformativo\/php_assets\/uploads\/2024\/08\/Medicina-Interna-150x150.jpeg\" class=\"attachment-thumbnail size-thumbnail wp-post-image\" alt=\"\" style=\"\" \/><\/div><a class=\"wp-block-latest-posts__post-title\" href=\"https:\/\/www.ucc.edu.ni\/boletininformativo\/docencia\/finaliza-taller-de-medicina-interna-en-animales-silvestres\/\">Finaliza Taller de Medicina Interna en Animales Silvestres<\/a><div class=\"wp-block-latest-posts__post-excerpt\">M\u00e9dicos Veterinarios y estudiantes de Medicina Veterinaria y Zootecnia, finalizaron con \u00e9xito en la Universidad de Ciencias Comerciales (UCC), el taller de Medicina Interna en Animales Silvestres, impartido por el&hellip; <\/div><\/li>\n<li><div class=\"wp-block-latest-posts__featured-image\"><img loading=\"lazy\" decoding=\"async\" width=\"150\" height=\"150\" src=\"https:\/\/www.ucc.edu.ni\/boletininformativo\/php_assets\/uploads\/2024\/08\/Expo-Ambiente-2024-150x150.jpeg\" class=\"attachment-thumbnail size-thumbnail wp-post-image\" alt=\"\" style=\"\" \/><\/div><a class=\"wp-block-latest-posts__post-title\" href=\"https:\/\/www.ucc.edu.ni\/boletininformativo\/proyeccion-social\/ucc-destacada-en-expo-ambiente-2024\/\">UCC Destacada en Expo Ambiente 2024<\/a><div class=\"wp-block-latest-posts__post-excerpt\">La Universidad de Ciencias Comerciales (UCC), recibi\u00f3 de parte del Comit\u00e9 Organizador de la Expo Ambiente, un importante reconocimiento por su valiosa contribuci\u00f3n a la educaci\u00f3n ambiental en Nicaragua y&hellip; <\/div><\/li>\n<li><div class=\"wp-block-latest-posts__featured-image\"><img loading=\"lazy\" decoding=\"async\" width=\"150\" height=\"150\" src=\"https:\/\/www.ucc.edu.ni\/boletininformativo\/php_assets\/uploads\/2024\/08\/Manejo-de-Heridas-y-Suturas-150x150.jpeg\" class=\"attachment-thumbnail size-thumbnail wp-post-image\" alt=\"\" style=\"\" \/><\/div><a class=\"wp-block-latest-posts__post-title\" href=\"https:\/\/www.ucc.edu.ni\/boletininformativo\/docencia\/futuros-veterinarios-culminan-con-exito-curso-de-manejo-de-heridas-y-suturas\/\">Futuros Veterinarios Culminan con \u00e9xito Curso de Manejo de Heridas y Suturas<\/a><div class=\"wp-block-latest-posts__post-excerpt\">La Universidad de Ciencias Comerciales UCC, culmin\u00f3 de forma exitosa el curso de Manejo de Heridas y Suturas, con la participaci\u00f3n de 21 estudiantes, principalmente de la carrera de Medicina&hellip; <\/div><\/li>\n<li><div class=\"wp-block-latest-posts__featured-image\"><img loading=\"lazy\" decoding=\"async\" width=\"150\" height=\"150\" src=\"https:\/\/www.ucc.edu.ni\/boletininformativo\/php_assets\/uploads\/2024\/08\/Pre-Competencia-150x150.jpeg\" class=\"attachment-thumbnail size-thumbnail wp-post-image\" alt=\"\" style=\"\" \/><\/div><a class=\"wp-block-latest-posts__post-title\" href=\"https:\/\/www.ucc.edu.ni\/boletininformativo\/gestion-institucional\/continuan-los-triunfos-en-la-pre-competencia-de-la-copa-ucc-2024\/\">Contin\u00faan los triunfos en la Pre Competencia de la Copa UCC 2024<\/a><div class=\"wp-block-latest-posts__post-excerpt\">La Universidad de Ciencias Comerciales (UCC), sigue cosechando victorias en la pre competencia de la Copa UCC 2024. En un emocionante encuentro de voleibol femenino, realizado en el Polideportivo Espa\u00f1a,&hellip; <\/div><\/li>\n<li><div class=\"wp-block-latest-posts__featured-image\"><img loading=\"lazy\" decoding=\"async\" width=\"150\" height=\"150\" src=\"https:\/\/www.ucc.edu.ni\/boletininformativo\/php_assets\/uploads\/2024\/08\/Mundo-mas-Verde-150x150.jpeg\" class=\"attachment-thumbnail size-thumbnail wp-post-image\" alt=\"\" style=\"\" \/><\/div><a class=\"wp-block-latest-posts__post-title\" href=\"https:\/\/www.ucc.edu.ni\/boletininformativo\/docencia\/por-un-mundo-mas-verde\/\">Por un Mundo m\u00e1s Verde<\/a><div class=\"wp-block-latest-posts__post-excerpt\">Estudiantes de Segundo a\u00f1o de la carrera de Ingenier\u00eda Civil, del turno Sabatino, de la Universidad de Ciencias Comerciales UCC, Campus Matagalpa,&nbsp; entregaron Stands enfocados en las Universidades Verdes. Asimismo,&hellip; <\/div><\/li>\n<li><div class=\"wp-block-latest-posts__featured-image\"><img loading=\"lazy\" decoding=\"async\" width=\"150\" height=\"150\" src=\"https:\/\/www.ucc.edu.ni\/boletininformativo\/php_assets\/uploads\/2024\/08\/Feria-de-la-Interculturalidad-150x150.jpeg\" class=\"attachment-thumbnail size-thumbnail wp-post-image\" alt=\"\" style=\"\" \/><\/div><a class=\"wp-block-latest-posts__post-title\" href=\"https:\/\/www.ucc.edu.ni\/boletininformativo\/docencia\/feria-de-la-interculturalidad-internacionalizacion-y-empleo\/\">Feria de la Interculturalidad, Internacionalizaci\u00f3n y Empleo.<\/a><div class=\"wp-block-latest-posts__post-excerpt\">La creatividad, la cultura y el esfuerzo se hicieron presentes en la&nbsp;Primera&nbsp;Feria de la Interculturalidad, Internacionalizaci\u00f3n y Empleo&nbsp;llevada a cabo en la Universidad de Ciencias Comerciales UCC, Campus Matagalpa. Los&hellip; <\/div><\/li>\n<li><div class=\"wp-block-latest-posts__featured-image\"><img loading=\"lazy\" decoding=\"async\" width=\"150\" height=\"150\" src=\"https:\/\/www.ucc.edu.ni\/boletininformativo\/php_assets\/uploads\/2024\/08\/Profesionales-del-Turismo-150x150.jpeg\" class=\"attachment-thumbnail size-thumbnail wp-post-image\" alt=\"\" style=\"\" \/><\/div><a class=\"wp-block-latest-posts__post-title\" href=\"https:\/\/www.ucc.edu.ni\/boletininformativo\/docencia\/futuros-profesionales-del-turismo-realizan-gira-educativa\/\">Futuros Profesionales del Turismo realizan gira Educativa<\/a><div class=\"wp-block-latest-posts__post-excerpt\">Como parte de su formaci\u00f3n acad\u00e9mica, estudiantes de la carrera de Administraci\u00f3n de Empresas Tur\u00edsticas y Hoteleras, del turno Diurno y Sabatino, de la Universidad de Ciencias Comerciales (UCC), Sede&hellip; <\/div><\/li>\n<li><div class=\"wp-block-latest-posts__featured-image\"><img loading=\"lazy\" decoding=\"async\" width=\"150\" height=\"150\" src=\"https:\/\/www.ucc.edu.ni\/boletininformativo\/php_assets\/uploads\/2024\/08\/Futuros-Mercadologos-150x150.jpeg\" class=\"attachment-thumbnail size-thumbnail wp-post-image\" alt=\"\" style=\"\" \/><\/div><a class=\"wp-block-latest-posts__post-title\" href=\"https:\/\/www.ucc.edu.ni\/boletininformativo\/docencia\/futuros-mercadologos-aplican-conocimientos\/\">Futuros Mercad\u00f3logos aplican Conocimientos<\/a><div class=\"wp-block-latest-posts__post-excerpt\">Con el objetivo de vincular la teor\u00eda con la pr\u00e1ctica, estudiantes de la carrera de Marketing y Publicidad del Turno Dominical, de la Universidad de Ciencias Comerciales (UCC), Sede Central&hellip; <\/div><\/li>\n<li><div class=\"wp-block-latest-posts__featured-image\"><img loading=\"lazy\" decoding=\"async\" width=\"150\" height=\"150\" src=\"https:\/\/www.ucc.edu.ni\/boletininformativo\/php_assets\/uploads\/2024\/08\/Comision-Institucional-150x150.jpg\" class=\"attachment-thumbnail size-thumbnail wp-post-image\" alt=\"\" style=\"\" \/><\/div><a class=\"wp-block-latest-posts__post-title\" href=\"https:\/\/www.ucc.edu.ni\/boletininformativo\/destacadas\/ucc-conforma-comision-institucional-para-la-estrategia-nacional-de-educacion\/\">UCC conforma Comisi\u00f3n Institucional para la Estrat\u00e9gia Nacional de Educaci\u00f3n<\/a><div class=\"wp-block-latest-posts__post-excerpt\">Este jueves 15 de agosto, qued\u00f3 instalada oficialmente en la Universidad de Ciencias Comerciales (UCC), la Comisi\u00f3n Institucional para la implementaci\u00f3n de la Estrat\u00e9gia Nacional de Educaci\u00f3n, orientado por el&hellip; <\/div><\/li>\n<li><div class=\"wp-block-latest-posts__featured-image\"><img loading=\"lazy\" decoding=\"async\" width=\"150\" height=\"150\" src=\"https:\/\/www.ucc.edu.ni\/boletininformativo\/php_assets\/uploads\/2024\/08\/Informe-de-Autoevaluacion-Institucional-150x150.jpg\" class=\"attachment-thumbnail size-thumbnail wp-post-image\" alt=\"\" style=\"\" \/><\/div><a class=\"wp-block-latest-posts__post-title\" href=\"https:\/\/www.ucc.edu.ni\/boletininformativo\/destacadas\/ucc-entrega-informe-de-autoevaluacion-institucional\/\">UCC entrega Informe de Autoevaluaci\u00f3n Institucional<\/a><div class=\"wp-block-latest-posts__post-excerpt\">La Universidad de Ciencias Comerciales UCC, entreg\u00f3 al Consejo Nacional de Evaluaci\u00f3n y Acreditaci\u00f3n CNEA, el Informe de Autoevaluaci\u00f3n Institucional, en cumplimiento a lo establecido por la Ley 704, en&hellip; <\/div><\/li>\n<li><div class=\"wp-block-latest-posts__featured-image\"><img loading=\"lazy\" decoding=\"async\" width=\"150\" height=\"150\" src=\"https:\/\/www.ucc.edu.ni\/boletininformativo\/php_assets\/uploads\/2024\/08\/Graduacion-UCC-Leon-2024-150x150.jpg\" class=\"attachment-thumbnail size-thumbnail wp-post-image\" alt=\"\" style=\"\" \/><\/div><a class=\"wp-block-latest-posts__post-title\" href=\"https:\/\/www.ucc.edu.ni\/boletininformativo\/agosto-2024\/xxxv-ceremonia-de-graduacion-en-campus-leon\/\">XXXV Ceremonia de Graduaci\u00f3n en Campus Le\u00f3n<\/a><div class=\"wp-block-latest-posts__post-excerpt\">La Universidad de Ciencias Comerciales UCC, Campus Le\u00f3n, se visti\u00f3 de gala para la XXXV Ceremonia de Graduaci\u00f3n 2024 de Licenciaturas, Ingenier\u00edas y Arquitectura. Eddy Baltodano, Rector de la UCC,&hellip; <\/div><\/li>\n<li><div class=\"wp-block-latest-posts__featured-image\"><img loading=\"lazy\" decoding=\"async\" width=\"150\" height=\"150\" src=\"https:\/\/www.ucc.edu.ni\/boletininformativo\/php_assets\/uploads\/2024\/08\/Congreso-MVZ-2024-150x150.jpeg\" class=\"attachment-thumbnail size-thumbnail wp-post-image\" alt=\"\" style=\"\" \/><\/div><a class=\"wp-block-latest-posts__post-title\" href=\"https:\/\/www.ucc.edu.ni\/boletininformativo\/agosto-2024\/exitoso-congreso-de-ciencias-agropecuarias\/\">Exitoso Congreso de Ciencias Agropecuarias<\/a><div class=\"wp-block-latest-posts__post-excerpt\">La Universidad de Ciencias Comerciales UCC, Sede Central Managua, a trav\u00e9s de la Coordinaci\u00f3n de Medicina Veterinaria y Zootecnia, llev\u00f3 a cabo los d\u00edas 16 y 17 de agosto, en&hellip; <\/div><\/li>\n<\/ul>","protected":false},"excerpt":{"rendered":"","protected":false},"author":1,"featured_media":0,"parent":0,"menu_order":0,"comment_status":"closed","ping_status":"closed","template":"","meta":{"footnotes":""},"class_list":["post-1524","page","type-page","status-publish","hentry"],"_links":{"self":[{"href":"https:\/\/www.ucc.edu.ni\/boletininformativo\/wp-json\/wp\/v2\/pages\/1524","targetHints":{"allow":["GET"]}}],"collection":[{"href":"https:\/\/www.ucc.edu.ni\/boletininformativo\/wp-json\/wp\/v2\/pages"}],"about":[{"href":"https:\/\/www.ucc.edu.ni\/boletininformativo\/wp-json\/wp\/v2\/types\/page"}],"author":[{"embeddable":true,"href":"https:\/\/www.ucc.edu.ni\/boletininformativo\/wp-json\/wp\/v2\/users\/1"}],"replies":[{"embeddable":true,"href":"https:\/\/www.ucc.edu.ni\/boletininformativo\/wp-json\/wp\/v2\/comments?post=1524"}],"version-history":[{"count":1,"href":"https:\/\/www.ucc.edu.ni\/boletininformativo\/wp-json\/wp\/v2\/pages\/1524\/revisions"}],"predecessor-version":[{"id":1525,"href":"https:\/\/www.ucc.edu.ni\/boletininformativo\/wp-json\/wp\/v2\/pages\/1524\/revisions\/1525"}],"wp:attachment":[{"href":"https:\/\/www.ucc.edu.ni\/boletininformativo\/wp-json\/wp\/v2\/media?parent=1524"}],"curies":[{"name":"wp","href":"https:\/\/api.w.org\/{rel}","templated":true}]}}