{"id":1442,"date":"2024-08-30T11:56:45","date_gmt":"2024-08-30T17:56:45","guid":{"rendered":"https:\/\/www.ucc.edu.ni\/boletininformativo\/?page_id=1442"},"modified":"2024-08-30T11:56:46","modified_gmt":"2024-08-30T17:56:46","slug":"julio-2024-2","status":"publish","type":"page","link":"https:\/\/www.ucc.edu.ni\/boletininformativo\/julio-2024-2\/","title":{"rendered":"JULIO 2024"},"content":{"rendered":"<ul class=\"wp-block-latest-posts__list is-grid columns-3 wp-block-latest-posts\"><li><div class=\"wp-block-latest-posts__featured-image\"><img loading=\"lazy\" decoding=\"async\" width=\"150\" height=\"150\" src=\"https:\/\/www.ucc.edu.ni\/boletininformativo\/php_assets\/uploads\/2024\/07\/Dia-del-Estudiante-150x150.jpg\" class=\"attachment-thumbnail size-thumbnail wp-post-image\" alt=\"\" style=\"\" \/><\/div><a class=\"wp-block-latest-posts__post-title\" href=\"https:\/\/www.ucc.edu.ni\/boletininformativo\/docencia\/ucc-campus-matagalpa-celebra-el-dia-nacional-del-estudiante\/\">UCC Campus Matagalpa celebra el D\u00eda Nacional del Estudiante<\/a><div class=\"wp-block-latest-posts__post-excerpt\">La Universidad de Ciencias Comerciales (UCC), Campus Matagalpa celebr\u00f3 con mucha alegr\u00eda el D\u00eda Nacional del Estudiante nicarag\u00fcense. Rodrigo L\u00f3pez, Coordinador de Ciencias Econ\u00f3micas, felicit\u00f3 a los estudiantes, por su&hellip; <\/div><\/li>\n<li><div class=\"wp-block-latest-posts__featured-image\"><img loading=\"lazy\" decoding=\"async\" width=\"150\" height=\"150\" src=\"https:\/\/www.ucc.edu.ni\/boletininformativo\/php_assets\/uploads\/2024\/07\/Curso-Redaccion-Tecnica-150x150.jpeg\" class=\"attachment-thumbnail size-thumbnail wp-post-image\" alt=\"\" style=\"\" \/><\/div><a class=\"wp-block-latest-posts__post-title\" href=\"https:\/\/www.ucc.edu.ni\/boletininformativo\/proyeccion-social\/culmina-curso-de-redaccion-tecnica-en-el-puerto-corinto\/\">Culmina curso de Redacci\u00f3n T\u00e9cnica en el Puerto Corinto<\/a><div class=\"wp-block-latest-posts__post-excerpt\">15 colaboradores de las distintas \u00e1reas de la Empresa Portuaria Nacional EPN del Puerto de Corinto, finalizaron con \u00e9xito el curso de Redacci\u00f3n T\u00e9cnica y Ortograf\u00eda, impartido por la Universidad&hellip; <\/div><\/li>\n<li><div class=\"wp-block-latest-posts__featured-image\"><img loading=\"lazy\" decoding=\"async\" width=\"150\" height=\"150\" src=\"https:\/\/www.ucc.edu.ni\/boletininformativo\/php_assets\/uploads\/2024\/07\/Dia-del-Maestro-150x150.jpeg\" class=\"attachment-thumbnail size-thumbnail wp-post-image\" alt=\"\" style=\"\" \/><\/div><a class=\"wp-block-latest-posts__post-title\" href=\"https:\/\/www.ucc.edu.ni\/boletininformativo\/gestion-institucional\/ucc-celebra-dia-del-maestro\/\">UCC celebra D\u00eda del Maestro<\/a><div class=\"wp-block-latest-posts__post-excerpt\">La Universidad de Ciencias Comerciales UCC, celebr\u00f3 con una emotiva actividad, el D\u00eda del Maestro Nicarag\u00fcense, reconociendo la destacada labor de sus docentes,&nbsp; quienes contribuyen significativamente a la misi\u00f3n y&hellip; <\/div><\/li>\n<li><div class=\"wp-block-latest-posts__featured-image\"><img loading=\"lazy\" decoding=\"async\" width=\"150\" height=\"150\" src=\"https:\/\/www.ucc.edu.ni\/boletininformativo\/php_assets\/uploads\/2024\/07\/Copa-UCC-2024-150x150.jpeg\" class=\"attachment-thumbnail size-thumbnail wp-post-image\" alt=\"\" style=\"\" \/><\/div><a class=\"wp-block-latest-posts__post-title\" href=\"https:\/\/www.ucc.edu.ni\/boletininformativo\/gestion-institucional\/ucc-derrota-a-lau-en-la-pre-competencia-de-la-copa-ucc-2024\/\">UCC Derrota a LAU en la Pre Competencia de la \u201cCopa UCC 2024\u201d<\/a><div class=\"wp-block-latest-posts__post-excerpt\">En un emocionante encuentro, el equipo de F\u00fatbol Sala de la Universidad de Ciencias Comerciales (UCC), logr\u00f3 una contundente victoria sobre la Universidad de las Am\u00e9ricas (LAU), con un marcador&hellip; <\/div><\/li>\n<li><div class=\"wp-block-latest-posts__featured-image\"><img loading=\"lazy\" decoding=\"async\" width=\"150\" height=\"150\" src=\"https:\/\/www.ucc.edu.ni\/boletininformativo\/php_assets\/uploads\/2024\/07\/Diplomado-Profesionalizacion-Aduanera-150x150.jpeg\" class=\"attachment-thumbnail size-thumbnail wp-post-image\" alt=\"\" style=\"\" \/><\/div><a class=\"wp-block-latest-posts__post-title\" href=\"https:\/\/www.ucc.edu.ni\/boletininformativo\/docencia\/ucc-fomenta-la-profesionalizacion-aduanera-con-nuevo-diplomado\/\">UCC fomenta la profesionalizaci\u00f3n Aduanera con nuevo Diplomado<\/a><div class=\"wp-block-latest-posts__post-excerpt\">La Universidad de Ciencias Comerciales (UCC), dio inici\u00f3 el Diplomado en Gerencia de Gesti\u00f3n y Operaciones Aduaneras. El diplomado, que cuenta con quince colaboradores de diferentes empresas, es impartido por&hellip; <\/div><\/li>\n<li><div class=\"wp-block-latest-posts__featured-image\"><img loading=\"lazy\" decoding=\"async\" width=\"150\" height=\"150\" src=\"https:\/\/www.ucc.edu.ni\/boletininformativo\/php_assets\/uploads\/2024\/07\/Brigadas-Ambientales-150x150.jpeg\" class=\"attachment-thumbnail size-thumbnail wp-post-image\" alt=\"\" style=\"\" \/><\/div><a class=\"wp-block-latest-posts__post-title\" href=\"https:\/\/www.ucc.edu.ni\/boletininformativo\/docencia\/brigadas-ambientales-en-accion\/\">Brigadas Ambientales en Acci\u00f3n<\/a><div class=\"wp-block-latest-posts__post-excerpt\">A trav\u00e9s de las Coordinaciones de Carreras, de la Universidad de Ciencias Comerciales (UCC), Campus Le\u00f3n, como muestra del compromiso y responsabilidad ambiental de los estudiantes, se llev\u00f3 a cabo&hellip; <\/div><\/li>\n<li><div class=\"wp-block-latest-posts__featured-image\"><img loading=\"lazy\" decoding=\"async\" width=\"150\" height=\"150\" src=\"https:\/\/www.ucc.edu.ni\/boletininformativo\/php_assets\/uploads\/2024\/07\/Diplomado-en-Inteligencia-Emocional-150x150.jpeg\" class=\"attachment-thumbnail size-thumbnail wp-post-image\" alt=\"\" style=\"\" \/><\/div><a class=\"wp-block-latest-posts__post-title\" href=\"https:\/\/www.ucc.edu.ni\/boletininformativo\/proyeccion-social\/ucc-concluye-diplomado-en-inteligencia-emocional\/\">UCC concluye Diplomado en Inteligencia Emocional<\/a><div class=\"wp-block-latest-posts__post-excerpt\">La Universidad de Ciencias Comerciales UCC, finaliz\u00f3 el Diplomado en Inteligencia Emocional en Recursos Humanos, impartido por el reconocido psic\u00f3logo Adolfo Manzanares. El objetivo del diplomado fue brindar a los&hellip; <\/div><\/li>\n<li><div class=\"wp-block-latest-posts__featured-image\"><img loading=\"lazy\" decoding=\"async\" width=\"150\" height=\"150\" src=\"https:\/\/www.ucc.edu.ni\/boletininformativo\/php_assets\/uploads\/2024\/07\/Jornada-de-Reforestacion-150x150.jpeg\" class=\"attachment-thumbnail size-thumbnail wp-post-image\" alt=\"\" style=\"\" \/><\/div><a class=\"wp-block-latest-posts__post-title\" href=\"https:\/\/www.ucc.edu.ni\/boletininformativo\/proyeccion-social\/estudiantes-impulsan-jornada-de-reforestacion\/\">Estudiantes impulsan Jornada de Reforestaci\u00f3n\u00a0<\/a><div class=\"wp-block-latest-posts__post-excerpt\">La Universidad de Ciencias Comerciales (UCC), llev\u00f3 a cabo una exitosa jornada de reforestaci\u00f3n en diversos puntos del Campus Le\u00f3n, demostrando una vez m\u00e1s su compromiso con el medio ambiente&hellip; <\/div><\/li>\n<li><div class=\"wp-block-latest-posts__featured-image\"><img loading=\"lazy\" decoding=\"async\" width=\"150\" height=\"150\" src=\"https:\/\/www.ucc.edu.ni\/boletininformativo\/php_assets\/uploads\/2024\/07\/Gestion-Aduanera-150x150.jpeg\" class=\"attachment-thumbnail size-thumbnail wp-post-image\" alt=\"\" style=\"\" \/><\/div><a class=\"wp-block-latest-posts__post-title\" href=\"https:\/\/www.ucc.edu.ni\/boletininformativo\/docencia\/aprendiendo-sobre-gestion-aduanera\/\">Aprendiendo sobre Gesti\u00f3n Aduanera<\/a><div class=\"wp-block-latest-posts__post-excerpt\">La Coordinaci\u00f3n de Posgrados y Educaci\u00f3n Continua, de la Universidad de Ciencias Comerciales (UCC), Campus Le\u00f3n dio inicio al Diplomado de Gerencia en Gesti\u00f3n y Operaciones Aduaneras, con la participaci\u00f3n&hellip; <\/div><\/li>\n<li><div class=\"wp-block-latest-posts__featured-image\"><img loading=\"lazy\" decoding=\"async\" width=\"150\" height=\"150\" src=\"https:\/\/www.ucc.edu.ni\/boletininformativo\/php_assets\/uploads\/2024\/07\/Brigada-de-primeros-auxilios-150x150.jpeg\" class=\"attachment-thumbnail size-thumbnail wp-post-image\" alt=\"\" style=\"\" \/><\/div><a class=\"wp-block-latest-posts__post-title\" href=\"https:\/\/www.ucc.edu.ni\/boletininformativo\/gestion-institucional\/brigada-de-primeros-auxilios-refuerza-habilidades\/\">Brigada de primeros auxilios refuerza habilidades<\/a><div class=\"wp-block-latest-posts__post-excerpt\">La Universidad de Ciencias Comerciales (UCC), contin\u00faa su compromiso con la salud y la seguridad de su comunidad, mediante la reciente capacitaci\u00f3n en primeros auxilios impartida por el Capit\u00e1n Eugenio&hellip; <\/div><\/li>\n<li><div class=\"wp-block-latest-posts__featured-image\"><img loading=\"lazy\" decoding=\"async\" width=\"150\" height=\"150\" src=\"https:\/\/www.ucc.edu.ni\/boletininformativo\/php_assets\/uploads\/2024\/07\/Dia-del-Ingeniero-150x150.jpeg\" class=\"attachment-thumbnail size-thumbnail wp-post-image\" alt=\"\" style=\"\" \/><\/div><a class=\"wp-block-latest-posts__post-title\" href=\"https:\/\/www.ucc.edu.ni\/boletininformativo\/docencia\/conmemoracion-del-dia-del-ingeniero-en-campus-leon\/\">Conmemoraci\u00f3n del D\u00eda del Ingeniero en Campus Le\u00f3n<\/a><div class=\"wp-block-latest-posts__post-excerpt\">A trav\u00e9s de la Coordinaci\u00f3n de Ingenier\u00edas, se conmemor\u00f3 el D\u00eda del Ingeniero con estudiantes del turno diurno de la Universidad de Ciencias Comerciales UCC, Campus Le\u00f3n. La celebraci\u00f3n cont\u00f3&hellip; <\/div><\/li>\n<li><div class=\"wp-block-latest-posts__featured-image\"><img loading=\"lazy\" decoding=\"async\" width=\"150\" height=\"150\" src=\"https:\/\/www.ucc.edu.ni\/boletininformativo\/php_assets\/uploads\/2024\/07\/Educacion-y-formacion-integral-150x150.jpeg\" class=\"attachment-thumbnail size-thumbnail wp-post-image\" alt=\"\" style=\"\" \/><\/div><a class=\"wp-block-latest-posts__post-title\" href=\"https:\/\/www.ucc.edu.ni\/boletininformativo\/gestion-institucional\/educacion-y-formacion-integral\/\">Educaci\u00f3n y Formaci\u00f3n Integral<\/a><div class=\"wp-block-latest-posts__post-excerpt\">Concientizar sobre la importancia de la salud en la comunidad universitaria, fue el objetivo de la visita del Centro de Investigaciones y Estudios de la Salud CIES, en la Universidad&hellip; <\/div><\/li>\n<li><div class=\"wp-block-latest-posts__featured-image\"><img loading=\"lazy\" decoding=\"async\" width=\"150\" height=\"150\" src=\"https:\/\/www.ucc.edu.ni\/boletininformativo\/php_assets\/uploads\/2024\/07\/Actividad-de-integracion-150x150.jpeg\" class=\"attachment-thumbnail size-thumbnail wp-post-image\" alt=\"\" style=\"\" \/><\/div><a class=\"wp-block-latest-posts__post-title\" href=\"https:\/\/www.ucc.edu.ni\/boletininformativo\/docencia\/actividad-de-integracion-para-los-estudiantes-del-campus-matagalpa\/\">Actividad de integraci\u00f3n para los Estudiantes del Campus Matagalpa \u00a0<\/a><div class=\"wp-block-latest-posts__post-excerpt\">En la Universidad de Ciencias Comerciales UCC, Campus Matagalpa, se realiz\u00f3 una actividad de integraci\u00f3n dirigida a estudiantes del turno diurno, con el objetivo de&nbsp;crear conexiones s\u00f3lidas entre los estudiantes&hellip; <\/div><\/li>\n<li><div class=\"wp-block-latest-posts__featured-image\"><img loading=\"lazy\" decoding=\"async\" width=\"150\" height=\"150\" src=\"https:\/\/www.ucc.edu.ni\/boletininformativo\/php_assets\/uploads\/2024\/07\/Estudiante-de-Galileo-150x150.jpg\" class=\"attachment-thumbnail size-thumbnail wp-post-image\" alt=\"\" style=\"\" \/><\/div><a class=\"wp-block-latest-posts__post-title\" href=\"https:\/\/www.ucc.edu.ni\/boletininformativo\/docencia\/estudiante-de-la-universidad-galileo-visita-la-ucc\/\">Estudiante de la Universidad Galileo visita la UCC<\/a><div class=\"wp-block-latest-posts__post-excerpt\">La Universidad de Ciencias Comerciales (UCC), tuvo el honor de recibir a Adri\u00e1n \u00c1lvarez, estudiante del T\u00e9cnico en Enfermer\u00eda Veterinaria de la Universidad Galileo de Guatemala, cuya visita se enmarca&hellip; <\/div><\/li>\n<li><div class=\"wp-block-latest-posts__featured-image\"><img loading=\"lazy\" decoding=\"async\" width=\"150\" height=\"150\" src=\"https:\/\/www.ucc.edu.ni\/boletininformativo\/php_assets\/uploads\/2024\/07\/Cine-Foro-150x150.jpeg\" class=\"attachment-thumbnail size-thumbnail wp-post-image\" alt=\"\" style=\"\" \/><\/div><a class=\"wp-block-latest-posts__post-title\" href=\"https:\/\/www.ucc.edu.ni\/boletininformativo\/docencia\/ucc-fomenta-el-analisis-critico-con-cine-foro\/\">UCC fomenta el an\u00e1lisis cr\u00edtico con Cine Foro<\/a><div class=\"wp-block-latest-posts__post-excerpt\">Este jueves, los estudiantes de la carrera de Medicina Veterinaria y Zootecnia, de la Universidad de Ciencias Comerciales (UCC), participaron en el Cine Foro, &#8220;La fuerza del destino&#8221;, un filme&hellip; <\/div><\/li>\n<li><div class=\"wp-block-latest-posts__featured-image\"><img loading=\"lazy\" decoding=\"async\" width=\"150\" height=\"150\" src=\"https:\/\/www.ucc.edu.ni\/boletininformativo\/php_assets\/uploads\/2024\/07\/Taller-de-Sublimacion-150x150.jpeg\" class=\"attachment-thumbnail size-thumbnail wp-post-image\" alt=\"\" style=\"\" \/><\/div><a class=\"wp-block-latest-posts__post-title\" href=\"https:\/\/www.ucc.edu.ni\/boletininformativo\/docencia\/imparten-taller-de-sublimacion-en-campus-leon\/\">Imparten Taller de Sublimaci\u00f3n en Campus Le\u00f3n<\/a><div class=\"wp-block-latest-posts__post-excerpt\">La Universidad de Ciencias Comerciales UCC, Campus Le\u00f3n, a trav\u00e9s de la Coordinaci\u00f3n de Arquitectura, Dise\u00f1o Gr\u00e1fico Publicitario e Ingenier\u00eda en Sistemas, con el apoyo del \u00e1rea de Postgrado y&hellip; <\/div><\/li>\n<li><div class=\"wp-block-latest-posts__featured-image\"><img loading=\"lazy\" decoding=\"async\" width=\"150\" height=\"150\" src=\"https:\/\/www.ucc.edu.ni\/boletininformativo\/php_assets\/uploads\/2024\/07\/Congreso-Nacional-de-Educacion-150x150.jpeg\" class=\"attachment-thumbnail size-thumbnail wp-post-image\" alt=\"\" style=\"\" \/><\/div><a class=\"wp-block-latest-posts__post-title\" href=\"https:\/\/www.ucc.edu.ni\/boletininformativo\/destacadas\/ucc-presente-en-el-congreso-nacional-de-educacion\/\">UCC presente en el Congreso Nacional de Educaci\u00f3n<\/a><div class=\"wp-block-latest-posts__post-excerpt\">La Comunidad Educativa de la Universidad de Ciencias Comerciales (UCC), Sede Central Managua, Campus Le\u00f3n y Matagalpa, particip\u00f3 virtualmente este martes 23 de julio, en el Congreso Nacional de Educaci\u00f3n,&hellip; <\/div><\/li>\n<li><div class=\"wp-block-latest-posts__featured-image\"><img loading=\"lazy\" decoding=\"async\" width=\"150\" height=\"84\" src=\"https:\/\/www.ucc.edu.ni\/boletininformativo\/php_assets\/uploads\/2024\/07\/UCC-y-Nestle.png\" class=\"attachment-thumbnail size-thumbnail wp-post-image\" alt=\"\" style=\"\" srcset=\"https:\/\/www.ucc.edu.ni\/boletininformativo\/php_assets\/uploads\/2024\/07\/UCC-y-Nestle.png 4000w, https:\/\/www.ucc.edu.ni\/boletininformativo\/php_assets\/uploads\/2024\/07\/UCC-y-Nestle-300x169.png 300w\" sizes=\"auto, (max-width: 150px) 100vw, 150px\" \/><\/div><a class=\"wp-block-latest-posts__post-title\" href=\"https:\/\/www.ucc.edu.ni\/boletininformativo\/destacadas\/ucc-y-nestle-fortalecen-bienestar-animal-en-nicaragua\/\">UCC y Nestl\u00e9 fortalecen bienestar Animal en Nicaragua<\/a><div class=\"wp-block-latest-posts__post-excerpt\">Quince casas hogares de protecci\u00f3n a mascotas ubicadas en Managua y Masaya, incluyendo el Zool\u00f3gico Thomas Belt del municipio de Juigalpa, han sido beneficiadas con una significativa entrega de alimento&hellip; <\/div><\/li>\n<li><div class=\"wp-block-latest-posts__featured-image\"><img loading=\"lazy\" decoding=\"async\" width=\"150\" height=\"150\" src=\"https:\/\/www.ucc.edu.ni\/boletininformativo\/php_assets\/uploads\/2024\/07\/Graduacion-LXXII-150x150.jpg\" class=\"attachment-thumbnail size-thumbnail wp-post-image\" alt=\"\" style=\"\" \/><\/div><a class=\"wp-block-latest-posts__post-title\" href=\"https:\/\/www.ucc.edu.ni\/boletininformativo\/julio-2024\/ceremonia-de-graduacion-2024\/\">Emoci\u00f3n y orgullo en la LXXII Ceremonia de Graduaci\u00f3n de la UCC<\/a><div class=\"wp-block-latest-posts__post-excerpt\">La Universidad de Ciencias Comerciales UCC, se visti\u00f3 de gala el domingo 28 de julio, durante la LXXII Ceremonia de Graduaci\u00f3n 2024, de Licenciaturas, Ingenier\u00edas y Arquitectura, IX de Programas&hellip; <\/div><\/li>\n<li><div class=\"wp-block-latest-posts__featured-image\"><img loading=\"lazy\" decoding=\"async\" width=\"150\" height=\"150\" src=\"https:\/\/www.ucc.edu.ni\/boletininformativo\/php_assets\/uploads\/2024\/07\/Debate-Competitivo-2024-150x150.jpeg\" class=\"attachment-thumbnail size-thumbnail wp-post-image\" alt=\"\" style=\"\" \/><\/div><a class=\"wp-block-latest-posts__post-title\" href=\"https:\/\/www.ucc.edu.ni\/boletininformativo\/julio-2024\/debate-competitivo-intercampus-2024\/\">Debate\u00a0Competitivo\u00a0Intercampus\u00a02024<\/a><div class=\"wp-block-latest-posts__post-excerpt\">Con entusiasmo y energ\u00eda se vivi\u00f3 el&nbsp;Debate&nbsp;Competitivo&nbsp;Intercampus 2024, de la Universidad de Ciencias Comerciales (UCC), siendo la sede del evento el Campus de Le\u00f3n. El Vicerrector General, Marvin Jim\u00e9nez, quien&hellip; <\/div><\/li>\n<\/ul>","protected":false},"excerpt":{"rendered":"","protected":false},"author":1,"featured_media":0,"parent":0,"menu_order":0,"comment_status":"closed","ping_status":"closed","template":"","meta":{"footnotes":""},"class_list":["post-1442","page","type-page","status-publish","hentry"],"_links":{"self":[{"href":"https:\/\/www.ucc.edu.ni\/boletininformativo\/wp-json\/wp\/v2\/pages\/1442","targetHints":{"allow":["GET"]}}],"collection":[{"href":"https:\/\/www.ucc.edu.ni\/boletininformativo\/wp-json\/wp\/v2\/pages"}],"about":[{"href":"https:\/\/www.ucc.edu.ni\/boletininformativo\/wp-json\/wp\/v2\/types\/page"}],"author":[{"embeddable":true,"href":"https:\/\/www.ucc.edu.ni\/boletininformativo\/wp-json\/wp\/v2\/users\/1"}],"replies":[{"embeddable":true,"href":"https:\/\/www.ucc.edu.ni\/boletininformativo\/wp-json\/wp\/v2\/comments?post=1442"}],"version-history":[{"count":1,"href":"https:\/\/www.ucc.edu.ni\/boletininformativo\/wp-json\/wp\/v2\/pages\/1442\/revisions"}],"predecessor-version":[{"id":1443,"href":"https:\/\/www.ucc.edu.ni\/boletininformativo\/wp-json\/wp\/v2\/pages\/1442\/revisions\/1443"}],"wp:attachment":[{"href":"https:\/\/www.ucc.edu.ni\/boletininformativo\/wp-json\/wp\/v2\/media?parent=1442"}],"curies":[{"name":"wp","href":"https:\/\/api.w.org\/{rel}","templated":true}]}}