{"id":1348,"date":"2024-07-30T14:43:14","date_gmt":"2024-07-30T20:43:14","guid":{"rendered":"https:\/\/www.ucc.edu.ni\/boletininformativo\/?page_id=1348"},"modified":"2024-07-30T14:43:15","modified_gmt":"2024-07-30T20:43:15","slug":"junio-2024-2","status":"publish","type":"page","link":"https:\/\/www.ucc.edu.ni\/boletininformativo\/junio-2024-2\/","title":{"rendered":"JUNIO 2024"},"content":{"rendered":"<ul class=\"wp-block-latest-posts__list is-grid columns-3 wp-block-latest-posts\"><li><div class=\"wp-block-latest-posts__featured-image\"><img loading=\"lazy\" decoding=\"async\" width=\"150\" height=\"150\" src=\"https:\/\/www.ucc.edu.ni\/boletininformativo\/php_assets\/uploads\/2024\/07\/Seminario-de-UCC-150x150.jpeg\" class=\"attachment-thumbnail size-thumbnail wp-post-image\" alt=\"\" style=\"\" \/><\/div><a class=\"wp-block-latest-posts__post-title\" href=\"https:\/\/www.ucc.edu.ni\/boletininformativo\/docencia\/seminario-de-ucc-impulsa-estrategias-empresariales-y-rse\/\">Seminario de UCC impulsa Estrategias Empresariales y RSE<\/a><div class=\"wp-block-latest-posts__post-excerpt\">En el marco de su 60 Aniversario, la Universidad de Ciencias Comerciales UCC, a trav\u00e9s de la Coordinaci\u00f3n de Ciencias Econ\u00f3micas Empresariales, desarroll\u00f3 el Seminario de Ciencias Econ\u00f3micas 2024, \u201cSinergias&hellip; <\/div><\/li>\n<li><div class=\"wp-block-latest-posts__featured-image\"><img loading=\"lazy\" decoding=\"async\" width=\"150\" height=\"150\" src=\"https:\/\/www.ucc.edu.ni\/boletininformativo\/php_assets\/uploads\/2024\/07\/Foro-Academico-150x150.jpeg\" class=\"attachment-thumbnail size-thumbnail wp-post-image\" alt=\"\" style=\"\" \/><\/div><a class=\"wp-block-latest-posts__post-title\" href=\"https:\/\/www.ucc.edu.ni\/boletininformativo\/docencia\/foro-academico-reune-a-expertos-y-estudiantes\/\">Foro Acad\u00e9mico re\u00fane a expertos y estudiantes<\/a><div class=\"wp-block-latest-posts__post-excerpt\">Como parte del compromiso continuo con la excelencia educativa y el desarrollo profesional, la Universidad de Ciencias Comerciales UCC, desarroll\u00f3 el Foro Acad\u00e9mico, \u201c60 Aniversario\u201d, donde participaron autoridades acad\u00e9micas, estudiantes&hellip; <\/div><\/li>\n<li><div class=\"wp-block-latest-posts__featured-image\"><img loading=\"lazy\" decoding=\"async\" width=\"150\" height=\"150\" src=\"https:\/\/www.ucc.edu.ni\/boletininformativo\/php_assets\/uploads\/2024\/07\/Congreso-Veterinario-Guatemala-150x150.jpeg\" class=\"attachment-thumbnail size-thumbnail wp-post-image\" alt=\"\" style=\"\" \/><\/div><a class=\"wp-block-latest-posts__post-title\" href=\"https:\/\/www.ucc.edu.ni\/boletininformativo\/proyeccion-social\/ucc-destaca-en-congreso-veterinario-desarrollado-en-guatemala\/\">UCC destaca en Congreso Veterinario desarrollado en Guatemala<\/a><div class=\"wp-block-latest-posts__post-excerpt\">La Universidad de Ciencias Comerciales UCC, representada por el Coordinador de la carrera de Medicina Veterinaria y Zootecnia, Jos\u00e9 Lara y la docente e investigadora Cristina Toledo, particip\u00f3 en el&hellip; <\/div><\/li>\n<li><div class=\"wp-block-latest-posts__featured-image\"><img loading=\"lazy\" decoding=\"async\" width=\"150\" height=\"150\" src=\"https:\/\/www.ucc.edu.ni\/boletininformativo\/php_assets\/uploads\/2024\/07\/Optica-Munkel-150x150.jpeg\" class=\"attachment-thumbnail size-thumbnail wp-post-image\" alt=\"\" style=\"\" \/><\/div><a class=\"wp-block-latest-posts__post-title\" href=\"https:\/\/www.ucc.edu.ni\/boletininformativo\/gestion-institucional\/ucc-campus-leon-y-optica-munkel-firman-alianza-estrategica\/\">UCC Campus Le\u00f3n y \u00d3ptica Munkel firman\u00a0Alianza Estrat\u00e9gica<\/a><div class=\"wp-block-latest-posts__post-excerpt\">La Universidad de Ciencias Comerciales UCC, Campus Le\u00f3n y \u00d3pticas M\u00fcnkel, establecieron alianza estrat\u00e9gica, la cual, permitir\u00e1 a los colaboradores fijos de la universidad disfrutar de descuentos especiales en todas&hellip; <\/div><\/li>\n<li><div class=\"wp-block-latest-posts__featured-image\"><img loading=\"lazy\" decoding=\"async\" width=\"150\" height=\"150\" src=\"https:\/\/www.ucc.edu.ni\/boletininformativo\/php_assets\/uploads\/2024\/07\/Bienal-de-Arquitectura-2024-150x150.jpeg\" class=\"attachment-thumbnail size-thumbnail wp-post-image\" alt=\"\" style=\"\" \/><\/div><a class=\"wp-block-latest-posts__post-title\" href=\"https:\/\/www.ucc.edu.ni\/boletininformativo\/docencia\/destacada-participacion-de-ucc-en-bienal-de-arquitectura-2024\/\">Destacada participaci\u00f3n de UCC en Bienal de Arquitectura 2024<\/a><div class=\"wp-block-latest-posts__post-excerpt\">La Universidad de Ciencias Comerciales UCC, Campus Le\u00f3n, particip\u00f3 en la Bienal de Arquitectura 2024, con el tema, Arquitectura Circular. Los estudiantes y docentes de la Coordinaci\u00f3n de Arquitectura, Dise\u00f1o&hellip; <\/div><\/li>\n<li><div class=\"wp-block-latest-posts__featured-image\"><img loading=\"lazy\" decoding=\"async\" width=\"150\" height=\"150\" src=\"https:\/\/www.ucc.edu.ni\/boletininformativo\/php_assets\/uploads\/2024\/07\/Expo-Ambiente-2024-150x150.jpeg\" class=\"attachment-thumbnail size-thumbnail wp-post-image\" alt=\"\" style=\"\" \/><\/div><a class=\"wp-block-latest-posts__post-title\" href=\"https:\/\/www.ucc.edu.ni\/boletininformativo\/gestion-institucional\/ucc-promueve-la-educacion-sostenible-en-la-expo-ambiente-2024\/\">UCC promueve la educaci\u00f3n sostenible en la Expo Ambiente 2024<\/a><div class=\"wp-block-latest-posts__post-excerpt\">La Universidad de Ciencias Comerciales UCC, tuvo una destacada participaci\u00f3n en la Expo Ambiente 2024, que se llev\u00f3 a cabo en el Hotel Intercontinental Metrocentro y donde asistieron estudiantes de&hellip; <\/div><\/li>\n<li><div class=\"wp-block-latest-posts__featured-image\"><img loading=\"lazy\" decoding=\"async\" width=\"150\" height=\"150\" src=\"https:\/\/www.ucc.edu.ni\/boletininformativo\/php_assets\/uploads\/2024\/07\/Simulacro-150x150.jpeg\" class=\"attachment-thumbnail size-thumbnail wp-post-image\" alt=\"\" style=\"\" \/><\/div><a class=\"wp-block-latest-posts__post-title\" href=\"https:\/\/www.ucc.edu.ni\/boletininformativo\/gestion-institucional\/ucc-preparada-ante-una-emergencia\/\">UCC preparada ante una Emergencia<\/a><div class=\"wp-block-latest-posts__post-excerpt\">La Comunidad educativa, de la Universidad de Ciencias Comerciales UCC, Sede Central Managua, Campus Le\u00f3n y Matagalpa, se sum\u00f3 al Primer Ejercicio de Simulacro Nacional para Proteger la Vida ante&hellip; <\/div><\/li>\n<li><div class=\"wp-block-latest-posts__featured-image\"><img loading=\"lazy\" decoding=\"async\" width=\"150\" height=\"150\" src=\"https:\/\/www.ucc.edu.ni\/boletininformativo\/php_assets\/uploads\/2024\/07\/Simposio-150x150.jpeg\" class=\"attachment-thumbnail size-thumbnail wp-post-image\" alt=\"\" style=\"\" \/><\/div><a class=\"wp-block-latest-posts__post-title\" href=\"https:\/\/www.ucc.edu.ni\/boletininformativo\/docencia\/simposio-de-ucc-promueve-la-seguridad-alimentaria-y-salud-publica\/\">Simposio de UCC promueve la seguridad alimentaria y salud p\u00fablica<\/a><div class=\"wp-block-latest-posts__post-excerpt\">La Universidad de Ciencias Comerciales UCC, a trav\u00e9s de la Coordinaci\u00f3n del T\u00e9cnico Superior en Ciencia y Tecnolog\u00eda de los Alimentos, con el apoyo de la Coordinaci\u00f3n de Medicina Veterinaria&hellip; <\/div><\/li>\n<li><div class=\"wp-block-latest-posts__featured-image\"><img loading=\"lazy\" decoding=\"async\" width=\"150\" height=\"150\" src=\"https:\/\/www.ucc.edu.ni\/boletininformativo\/php_assets\/uploads\/2024\/07\/Torneo-3-vs-3-150x150.jpeg\" class=\"attachment-thumbnail size-thumbnail wp-post-image\" alt=\"\" style=\"\" \/><\/div><a class=\"wp-block-latest-posts__post-title\" href=\"https:\/\/www.ucc.edu.ni\/boletininformativo\/gestion-institucional\/ucc-se-impone-a-unicit-y-avanza-en-el-torneo-3-vs-3\/\">UCC se impone a UNICIT y avanza en el Torneo 3 vs 3<\/a><div class=\"wp-block-latest-posts__post-excerpt\">El equipo de baloncesto, de la Universidad de Ciencias Comerciales UCC, logr\u00f3 una victoria sobre UNICIT, con un marcador de 20 a 18 en el Torneo de Baloncesto Masculino &#8220;3&hellip; <\/div><\/li>\n<li><div class=\"wp-block-latest-posts__featured-image\"><img loading=\"lazy\" decoding=\"async\" width=\"150\" height=\"150\" src=\"https:\/\/www.ucc.edu.ni\/boletininformativo\/php_assets\/uploads\/2024\/07\/UCC-y-Hotel-Victoriano-150x150.jpg\" class=\"attachment-thumbnail size-thumbnail wp-post-image\" alt=\"\" style=\"\" \/><\/div><a class=\"wp-block-latest-posts__post-title\" href=\"https:\/\/www.ucc.edu.ni\/boletininformativo\/proyeccion-social\/alianza-estrategica-entre-ucc-y-hotel-victoriano\/\">Alianza estrat\u00e9gica entre UCC y Hotel Victoriano<\/a><div class=\"wp-block-latest-posts__post-excerpt\">Este jueves se celebr\u00f3 la firma de un Convenio Marco de Colaboraci\u00f3n entre la Universidad de Ciencias Comerciales UCC y el Hotel Victoriano, ubicado en el municipio de San Juan&hellip; <\/div><\/li>\n<li><div class=\"wp-block-latest-posts__featured-image\"><img loading=\"lazy\" decoding=\"async\" width=\"150\" height=\"150\" src=\"https:\/\/www.ucc.edu.ni\/boletininformativo\/php_assets\/uploads\/2024\/07\/Diplomado-Seguridad-y-Salud-Laboral-150x150.jpeg\" class=\"attachment-thumbnail size-thumbnail wp-post-image\" alt=\"\" style=\"\" \/><\/div><a class=\"wp-block-latest-posts__post-title\" href=\"https:\/\/www.ucc.edu.ni\/boletininformativo\/docencia\/inicia-diplomado-en-seguridad-y-salud-laboral\/\">Inicia Diplomado en Seguridad y Salud Laboral<\/a><div class=\"wp-block-latest-posts__post-excerpt\">Con la participaci\u00f3n de 20 colaboradores de \u00e1reas de higiene y seguridad de diversas empresas e instituciones, inici\u00f3 en la Universidad de Ciencias Comerciales UCC, el Diplomado en Seguridad y&hellip; <\/div><\/li>\n<li><div class=\"wp-block-latest-posts__featured-image\"><img loading=\"lazy\" decoding=\"async\" width=\"150\" height=\"150\" src=\"https:\/\/www.ucc.edu.ni\/boletininformativo\/php_assets\/uploads\/2024\/07\/Reconocimiento-150x150.jpeg\" class=\"attachment-thumbnail size-thumbnail wp-post-image\" alt=\"\" style=\"\" \/><\/div><a class=\"wp-block-latest-posts__post-title\" href=\"https:\/\/www.ucc.edu.ni\/boletininformativo\/proyeccion-social\/reconocen-a-ucc-por-promover-donacion-de-sangre-entre-los-estudiantes\/\">Reconocen a UCC por promover donaci\u00f3n de sangre entre los Estudiantes<\/a><div class=\"wp-block-latest-posts__post-excerpt\">En el marco del D\u00eda Mundial del Donante Voluntario de Sangre, que se conmemora cada 14 de junio, el Banco de Sangre del Ministerio de Salud MINSA, entreg\u00f3 un reconocimiento&hellip; <\/div><\/li>\n<li><div class=\"wp-block-latest-posts__featured-image\"><img loading=\"lazy\" decoding=\"async\" width=\"150\" height=\"150\" src=\"https:\/\/www.ucc.edu.ni\/boletininformativo\/php_assets\/uploads\/2024\/07\/Banco-Central-de-Nicaragua-150x150.jpeg\" class=\"attachment-thumbnail size-thumbnail wp-post-image\" alt=\"\" style=\"\" \/><\/div><a class=\"wp-block-latest-posts__post-title\" href=\"https:\/\/www.ucc.edu.ni\/boletininformativo\/docencia\/gira-de-campo-en-el-banco-central-de-nicaragua\/\">Gira de campo en el Banco Central de Nicaragua<\/a><div class=\"wp-block-latest-posts__post-excerpt\">En un esfuerzo por vincular la teor\u00eda contable y econ\u00f3mica con la pr\u00e1ctica real, 35 estudiantes de la carrera de Contadur\u00eda P\u00fablica y Finanzas, de la Universidad de Ciencias Comerciales&hellip; <\/div><\/li>\n<li><div class=\"wp-block-latest-posts__featured-image\"><img loading=\"lazy\" decoding=\"async\" width=\"150\" height=\"150\" src=\"https:\/\/www.ucc.edu.ni\/boletininformativo\/php_assets\/uploads\/2024\/07\/Salud-mental-150x150.jpeg\" class=\"attachment-thumbnail size-thumbnail wp-post-image\" alt=\"\" style=\"\" \/><\/div><a class=\"wp-block-latest-posts__post-title\" href=\"https:\/\/www.ucc.edu.ni\/boletininformativo\/gestion-institucional\/ucc-fortalece-la-salud-mental-de-sus-estudiantes\/\">UCC fortalece la Salud mental de sus Estudiantes<\/a><div class=\"wp-block-latest-posts__post-excerpt\">La Universidad de Ciencias Comerciales UCC, recibi\u00f3 la visita de psic\u00f3logos de la Asociaci\u00f3n Nicarag\u00fcense para el Desarrollo de Psicolog\u00eda ANDEPSI, quienes impartieron un taller vivencial sobre el autocuidado dirigido&hellip; <\/div><\/li>\n<li><div class=\"wp-block-latest-posts__featured-image\"><img loading=\"lazy\" decoding=\"async\" width=\"150\" height=\"150\" src=\"https:\/\/www.ucc.edu.ni\/boletininformativo\/php_assets\/uploads\/2024\/07\/Universidades-Verdes-150x150.jpeg\" class=\"attachment-thumbnail size-thumbnail wp-post-image\" alt=\"\" style=\"\" \/><\/div><a class=\"wp-block-latest-posts__post-title\" href=\"https:\/\/www.ucc.edu.ni\/boletininformativo\/gestion-institucional\/universidades-verdes-realizan-sesion-de-trabajo\/\">Universidades verdes realizan Sesi\u00f3n de Trabajo<\/a><div class=\"wp-block-latest-posts__post-excerpt\">En el marco de&nbsp;las Universidades Verdes, la Universidad de Ciencias Comerciales UCC, Campus Matagalpa, fue sede de sesi\u00f3n de trabajo con el objetivo de planificar actividades ambientales e intercambios de&hellip; <\/div><\/li>\n<li><div class=\"wp-block-latest-posts__featured-image\"><img loading=\"lazy\" decoding=\"async\" width=\"150\" height=\"150\" src=\"https:\/\/www.ucc.edu.ni\/boletininformativo\/php_assets\/uploads\/2024\/07\/Equipo-de-Investigacion-150x150.jpg\" class=\"attachment-thumbnail size-thumbnail wp-post-image\" alt=\"\" style=\"\" \/><\/div><a class=\"wp-block-latest-posts__post-title\" href=\"https:\/\/www.ucc.edu.ni\/boletininformativo\/investigacion\/equipo-de-investigacion-en-acompanamiento-a-maestrantes\/\">Equipo de Investigaci\u00f3n en\u00a0acompa\u00f1amiento a Maestrantes<\/a><div class=\"wp-block-latest-posts__post-excerpt\">El equipo de Investigaci\u00f3n de la Universidad de Ciencias Comerciales UCC, dio acompa\u00f1amiento a participantes de la Maestr\u00eda Ejecutiva en Direcci\u00f3n Empresarial (MEDE), en EPN Puerto Corinto y a participantes&hellip; <\/div><\/li>\n<li><div class=\"wp-block-latest-posts__featured-image\"><img loading=\"lazy\" decoding=\"async\" width=\"150\" height=\"150\" src=\"https:\/\/www.ucc.edu.ni\/boletininformativo\/php_assets\/uploads\/2024\/07\/Encuentro-de-Gerentes-de-RRHH-150x150.jpeg\" class=\"attachment-thumbnail size-thumbnail wp-post-image\" alt=\"\" style=\"\" \/><\/div><a class=\"wp-block-latest-posts__post-title\" href=\"https:\/\/www.ucc.edu.ni\/boletininformativo\/destacadas\/exitoso-encuentro-de-gerentes-de-rrhh-2\/\">Exitoso Encuentro de Gerentes de RRHH<\/a><div class=\"wp-block-latest-posts__post-excerpt\">La Universidad de Ciencias Comerciales UCC, celebr\u00f3 con \u00e9xito el VII Encuentro de Gerentes de Recursos Humanos, que cont\u00f3 con la participaci\u00f3n de 55 empresas e instituciones. El evento fue&hellip; <\/div><\/li>\n<li><div class=\"wp-block-latest-posts__featured-image\"><img loading=\"lazy\" decoding=\"async\" width=\"150\" height=\"150\" src=\"https:\/\/www.ucc.edu.ni\/boletininformativo\/php_assets\/uploads\/2024\/07\/Debate-Competitivo-Intercolegial-2024-150x150.jpeg\" class=\"attachment-thumbnail size-thumbnail wp-post-image\" alt=\"\" style=\"\" \/><\/div><a class=\"wp-block-latest-posts__post-title\" href=\"https:\/\/www.ucc.edu.ni\/boletininformativo\/destacadas\/debate-competitivo-intercolegial-2024\/\">Debate Competitivo Intercolegial 2024<\/a><div class=\"wp-block-latest-posts__post-excerpt\">Con mucha emoci\u00f3n. As\u00ed se vivi\u00f3 el Debate Competitivo Intercolegial, de la Universidad de Ciencias Comerciales UCC y el Programa Ponete las pilas, desarrollado en el Hotel Double Tree by&hellip; <\/div><\/li>\n<li><div class=\"wp-block-latest-posts__featured-image\"><img loading=\"lazy\" decoding=\"async\" width=\"150\" height=\"150\" src=\"https:\/\/www.ucc.edu.ni\/boletininformativo\/php_assets\/uploads\/2024\/07\/Estrategia-Nacional-de-Educacion-2024-2026-150x150.jpeg\" class=\"attachment-thumbnail size-thumbnail wp-post-image\" alt=\"\" style=\"\" \/><\/div><a class=\"wp-block-latest-posts__post-title\" href=\"https:\/\/www.ucc.edu.ni\/boletininformativo\/junio-2024\/ucc-participa-en-consulta-nacional-sobre-estrategia-nacional-de-educacion-2024-2026\/\">UCC participa en Consulta Nacional sobre Estrategia Nacional de Educaci\u00f3n 2024-2026<\/a><div class=\"wp-block-latest-posts__post-excerpt\">El personal acad\u00e9mico y administrativo de la Universidad de Ciencias Comerciales UCC, Sede Central Managua, Campus Le\u00f3n y Campus Matagalpa, particip\u00f3 en una Asamblea Nacional dirigida por las autoridades superiores&hellip; <\/div><\/li>\n<li><div class=\"wp-block-latest-posts__featured-image\"><img loading=\"lazy\" decoding=\"async\" width=\"150\" height=\"150\" src=\"https:\/\/www.ucc.edu.ni\/boletininformativo\/php_assets\/uploads\/2024\/07\/Defensas-Culminacion-Estudios-150x150.jpg\" class=\"attachment-thumbnail size-thumbnail wp-post-image\" alt=\"\" style=\"\" \/><\/div><a class=\"wp-block-latest-posts__post-title\" href=\"https:\/\/www.ucc.edu.ni\/boletininformativo\/junio-2024\/exito-en-las-defensas-del-curso-de-culminacion-de-estudios\/\">\u00c9xito en las Defensas del Curso de Culminaci\u00f3n de Estudios<\/a><div class=\"wp-block-latest-posts__post-excerpt\">Con resultados altamente satisfactorios, finaliz\u00f3 el proceso de Defensas del Curso de Culminaci\u00f3n de Estudios, Proyecto de Graduaci\u00f3n y Monograf\u00eda, de la Universidad de Ciencias Comerciales UCC. En esta jornada,&hellip; <\/div><\/li>\n<\/ul>","protected":false},"excerpt":{"rendered":"","protected":false},"author":1,"featured_media":0,"parent":0,"menu_order":0,"comment_status":"closed","ping_status":"closed","template":"","meta":{"footnotes":""},"class_list":["post-1348","page","type-page","status-publish","hentry"],"_links":{"self":[{"href":"https:\/\/www.ucc.edu.ni\/boletininformativo\/wp-json\/wp\/v2\/pages\/1348","targetHints":{"allow":["GET"]}}],"collection":[{"href":"https:\/\/www.ucc.edu.ni\/boletininformativo\/wp-json\/wp\/v2\/pages"}],"about":[{"href":"https:\/\/www.ucc.edu.ni\/boletininformativo\/wp-json\/wp\/v2\/types\/page"}],"author":[{"embeddable":true,"href":"https:\/\/www.ucc.edu.ni\/boletininformativo\/wp-json\/wp\/v2\/users\/1"}],"replies":[{"embeddable":true,"href":"https:\/\/www.ucc.edu.ni\/boletininformativo\/wp-json\/wp\/v2\/comments?post=1348"}],"version-history":[{"count":1,"href":"https:\/\/www.ucc.edu.ni\/boletininformativo\/wp-json\/wp\/v2\/pages\/1348\/revisions"}],"predecessor-version":[{"id":1349,"href":"https:\/\/www.ucc.edu.ni\/boletininformativo\/wp-json\/wp\/v2\/pages\/1348\/revisions\/1349"}],"wp:attachment":[{"href":"https:\/\/www.ucc.edu.ni\/boletininformativo\/wp-json\/wp\/v2\/media?parent=1348"}],"curies":[{"name":"wp","href":"https:\/\/api.w.org\/{rel}","templated":true}]}}