{"id":1272,"date":"2024-07-02T16:30:37","date_gmt":"2024-07-02T22:30:37","guid":{"rendered":"https:\/\/www.ucc.edu.ni\/boletininformativo\/?page_id=1272"},"modified":"2024-07-02T16:30:37","modified_gmt":"2024-07-02T22:30:37","slug":"mayo-2024-2","status":"publish","type":"page","link":"https:\/\/www.ucc.edu.ni\/boletininformativo\/mayo-2024-2\/","title":{"rendered":"MAYO 2024"},"content":{"rendered":"<ul class=\"wp-block-latest-posts__list is-grid columns-3 wp-block-latest-posts\"><li><div class=\"wp-block-latest-posts__featured-image\"><img loading=\"lazy\" decoding=\"async\" width=\"150\" height=\"150\" src=\"https:\/\/www.ucc.edu.ni\/boletininformativo\/php_assets\/uploads\/2024\/05\/Dia-de-las-Madres-UCC-150x150.jpeg\" class=\"attachment-thumbnail size-thumbnail wp-post-image\" alt=\"\" style=\"\" \/><\/div><a class=\"wp-block-latest-posts__post-title\" href=\"https:\/\/www.ucc.edu.ni\/boletininformativo\/gestion-institucional\/celebracion-del-dia-de-las-madres-en-ucc\/\">Celebraci\u00f3n del D\u00eda de las Madres en UCC<\/a><div class=\"wp-block-latest-posts__post-excerpt\">En un ambiente ameno y de reconocimiento, la Universidad de Ciencias Comerciales UCC, celebr\u00f3 el D\u00eda de las Madres en honor a sus colaboradoras. Durante el evento organizado por la&hellip; <\/div><\/li>\n<li><div class=\"wp-block-latest-posts__featured-image\"><img loading=\"lazy\" decoding=\"async\" width=\"150\" height=\"150\" src=\"https:\/\/www.ucc.edu.ni\/boletininformativo\/php_assets\/uploads\/2024\/05\/Debate-Intercolegial-150x150.jpg\" class=\"attachment-thumbnail size-thumbnail wp-post-image\" alt=\"\" style=\"\" \/><\/div><a class=\"wp-block-latest-posts__post-title\" href=\"https:\/\/www.ucc.edu.ni\/boletininformativo\/gestion-institucional\/inicia-capacitacion-para-el-debate-intercolegial\/\">Inicia capacitaci\u00f3n para el Debate Intercolegial<\/a><div class=\"wp-block-latest-posts__post-excerpt\">Con la participaci\u00f3n de estudiantes de quinto a\u00f1o de ocho centros educativos de secundaria, iniciaron las capacitaciones del Torneo de Debate Competitivo Intercolegial organizado por la Universidad de Ciencias Comerciales&hellip; <\/div><\/li>\n<li><div class=\"wp-block-latest-posts__featured-image\"><img loading=\"lazy\" decoding=\"async\" width=\"150\" height=\"150\" src=\"https:\/\/www.ucc.edu.ni\/boletininformativo\/php_assets\/uploads\/2024\/05\/Aula-Experimental-150x150.jpeg\" class=\"attachment-thumbnail size-thumbnail wp-post-image\" alt=\"\" style=\"\" \/><\/div><a class=\"wp-block-latest-posts__post-title\" href=\"https:\/\/www.ucc.edu.ni\/boletininformativo\/docencia\/aula-experimental-para-fortalecer-formacion-integral\/\">Aula Experimental para fortalecer Formaci\u00f3n Integral<\/a><div class=\"wp-block-latest-posts__post-excerpt\">Estudiantes de las diversas carreras de Ciencias Econ\u00f3micas Empresariales y Marketing y Publicidad, de la Universidad de Ciencias Comerciales UCC, Sede Central Managua, participaron en la primera Aula Experimental, en&hellip; <\/div><\/li>\n<li><div class=\"wp-block-latest-posts__featured-image\"><img loading=\"lazy\" decoding=\"async\" width=\"150\" height=\"150\" src=\"https:\/\/www.ucc.edu.ni\/boletininformativo\/php_assets\/uploads\/2024\/05\/Marketing-Challenge-150x150.jpeg\" class=\"attachment-thumbnail size-thumbnail wp-post-image\" alt=\"\" style=\"\" \/><\/div><a class=\"wp-block-latest-posts__post-title\" href=\"https:\/\/www.ucc.edu.ni\/boletininformativo\/docencia\/futuros-mercadologos-destacan-en-marketing-challenge-2024\/\">Futuros Mercad\u00f3logos destacan en Marketing Challenge 2024<\/a><div class=\"wp-block-latest-posts__post-excerpt\">La Coordinaci\u00f3n de Marketing, Dise\u00f1o y Comunicaci\u00f3n, de la Universidad de Ciencias Comerciales UCC, en conjunto con la marca Club Max y Agricorp, organiz\u00f3 el Marketing Challenge 2024, que cont\u00f3&hellip; <\/div><\/li>\n<li><div class=\"wp-block-latest-posts__featured-image\"><img loading=\"lazy\" decoding=\"async\" width=\"150\" height=\"150\" src=\"https:\/\/www.ucc.edu.ni\/boletininformativo\/php_assets\/uploads\/2024\/05\/Conferencia-CANVAS-150x150.jpeg\" class=\"attachment-thumbnail size-thumbnail wp-post-image\" alt=\"\" style=\"\" \/><\/div><a class=\"wp-block-latest-posts__post-title\" href=\"https:\/\/www.ucc.edu.ni\/boletininformativo\/docencia\/conferencia-sobre-modelo-de-negocios-canvas\/\">Conferencia sobre Modelo de Negocios CANVAS<\/a><div class=\"wp-block-latest-posts__post-excerpt\">Este s\u00e1bado, la Universidad de Ciencias Comerciales UCC, recibi\u00f3 al MSc. Santos Rodr\u00edguez, representantes de Negocios Inteligentes, quien ofreci\u00f3 la conferencia, \u201cModelo de negocios CANVAS\u201d, una plataforma dise\u00f1ada para apoyar&hellip; <\/div><\/li>\n<li><div class=\"wp-block-latest-posts__featured-image\"><img loading=\"lazy\" decoding=\"async\" width=\"150\" height=\"150\" src=\"https:\/\/www.ucc.edu.ni\/boletininformativo\/php_assets\/uploads\/2024\/05\/Conferencia-sobre-Finanzas-150x150.jpeg\" class=\"attachment-thumbnail size-thumbnail wp-post-image\" alt=\"\" style=\"\" \/><\/div><a class=\"wp-block-latest-posts__post-title\" href=\"https:\/\/www.ucc.edu.ni\/boletininformativo\/docencia\/estudiantes-del-turno-dominical-participan-en-conferencia-sobre-finanzas\/\">Estudiantes del turno Dominical participan en Conferencia sobre Finanzas<\/a><div class=\"wp-block-latest-posts__post-excerpt\">Con el objetivo de conocer herramientas para la buena administraci\u00f3n de las finanzas, estudiantes de las diferentes carreras del Turno Dominical, de la Universidad de Ciencias Comerciales UCC, participaron en&hellip; <\/div><\/li>\n<li><div class=\"wp-block-latest-posts__featured-image\"><img loading=\"lazy\" decoding=\"async\" width=\"150\" height=\"150\" src=\"https:\/\/www.ucc.edu.ni\/boletininformativo\/php_assets\/uploads\/2024\/05\/Egresados-Campus-Leon-150x150.jpeg\" class=\"attachment-thumbnail size-thumbnail wp-post-image\" alt=\"\" style=\"\" \/><\/div><a class=\"wp-block-latest-posts__post-title\" href=\"https:\/\/www.ucc.edu.ni\/boletininformativo\/docencia\/sesion-informativa-a-egresados-del-campus-leon\/\">Sesi\u00f3n Informativa a Egresados del Campus Le\u00f3n<\/a><div class=\"wp-block-latest-posts__post-excerpt\">A trav\u00e9s de las \u00e1reas de Direcci\u00f3n Acad\u00e9mica, Investigaci\u00f3n, Protocolo, Cartera y Cobro y Registro Acad\u00e9mico, de la Universidad de Ciencias Comerciales UCC, Campus Le\u00f3n, se realiz\u00f3 una Asamblea Informativa&hellip; <\/div><\/li>\n<li><div class=\"wp-block-latest-posts__featured-image\"><img loading=\"lazy\" decoding=\"async\" width=\"150\" height=\"150\" src=\"https:\/\/www.ucc.edu.ni\/boletininformativo\/php_assets\/uploads\/2024\/05\/Expo-Feria-de-Mamiferos-2024-150x150.jpeg\" class=\"attachment-thumbnail size-thumbnail wp-post-image\" alt=\"\" style=\"\" \/><\/div><a class=\"wp-block-latest-posts__post-title\" href=\"https:\/\/www.ucc.edu.ni\/boletininformativo\/docencia\/creatividad-y-conocimientos-en-expo-feria-de-mamiferos-2024\/\">Creatividad y conocimientos en Expo Feria de Mam\u00edferos 2024<\/a><div class=\"wp-block-latest-posts__post-excerpt\">Como parte de la asignatura de Biolog\u00eda Animal, estudiantes de primer a\u00f1o de la carrera de Medicina Veterinaria y Zootecnia, de la Universidad de Ciencias Comerciales UCC, realizaron este viernes,&hellip; <\/div><\/li>\n<li><div class=\"wp-block-latest-posts__featured-image\"><img loading=\"lazy\" decoding=\"async\" width=\"150\" height=\"150\" src=\"https:\/\/www.ucc.edu.ni\/boletininformativo\/php_assets\/uploads\/2024\/05\/Feria-Valores-UCC-150x150.jpeg\" class=\"attachment-thumbnail size-thumbnail wp-post-image\" alt=\"\" style=\"\" \/><\/div><a class=\"wp-block-latest-posts__post-title\" href=\"https:\/\/www.ucc.edu.ni\/boletininformativo\/docencia\/feria-de-los-valores-2024-ucc\/\">Feria de los Valores 2024 UCC<\/a><div class=\"wp-block-latest-posts__post-excerpt\">Estudiantes de primer a\u00f1o, de la Coordinaci\u00f3n de Ciencias Econ\u00f3micas y Empresariales, de la Universidad de Ciencias Comerciales UCC, Campus Le\u00f3n, presentaron proyectos en la Feria de Valores UCC 2024.&hellip; <\/div><\/li>\n<li><div class=\"wp-block-latest-posts__featured-image\"><img loading=\"lazy\" decoding=\"async\" width=\"150\" height=\"150\" src=\"https:\/\/www.ucc.edu.ni\/boletininformativo\/php_assets\/uploads\/2024\/05\/Desafios-Financieros-en-la-era-digital-150x150.jpg\" class=\"attachment-thumbnail size-thumbnail wp-post-image\" alt=\"\" style=\"\" \/><\/div><a class=\"wp-block-latest-posts__post-title\" href=\"https:\/\/www.ucc.edu.ni\/boletininformativo\/gestion-institucional\/conferencia-aborda-desafios-financieros-en-la-era-digital\/\">Conferencia aborda desaf\u00edos financieros en la era Digital<\/a><div class=\"wp-block-latest-posts__post-excerpt\">La Universidad de Ciencias Comerciales UCC, como parte del compromiso con la excelencia acad\u00e9mica, desarroll\u00f3 la conferencia, \u201cLa gesti\u00f3n financiera en la era digital\u201d, en el marco de la jornada&hellip; <\/div><\/li>\n<li><div class=\"wp-block-latest-posts__featured-image\"><img loading=\"lazy\" decoding=\"async\" width=\"150\" height=\"150\" src=\"https:\/\/www.ucc.edu.ni\/boletininformativo\/php_assets\/uploads\/2024\/05\/Desafios-de-la-Ingenieria-Civil-150x150.jpeg\" class=\"attachment-thumbnail size-thumbnail wp-post-image\" alt=\"\" style=\"\" \/><\/div><a class=\"wp-block-latest-posts__post-title\" href=\"https:\/\/www.ucc.edu.ni\/boletininformativo\/docencia\/expertos-discuten-sobre-retos-y-desafios-de-la-ingenieria-civil\/\">Expertos discuten sobre retos y desaf\u00edos de la Ingenier\u00eda Civil<\/a><div class=\"wp-block-latest-posts__post-excerpt\">Este s\u00e1bado, se desarroll\u00f3 el conversatorio, \u201cRetos y desaf\u00edos de la Ingenier\u00eda Civil en Nicaragua\u201d, donde participaron los estudiantes de la carrera de Ingenier\u00eda Civil y Arquitectura, de la Universidad&hellip; <\/div><\/li>\n<li><div class=\"wp-block-latest-posts__featured-image\"><img loading=\"lazy\" decoding=\"async\" width=\"150\" height=\"150\" src=\"https:\/\/www.ucc.edu.ni\/boletininformativo\/php_assets\/uploads\/2024\/05\/Literatura-con-dramatizaciones-150x150.jpeg\" class=\"attachment-thumbnail size-thumbnail wp-post-image\" alt=\"\" style=\"\" \/><\/div><a class=\"wp-block-latest-posts__post-title\" href=\"https:\/\/www.ucc.edu.ni\/boletininformativo\/docencia\/estudiantes-dan-vida-a-la-literatura-con-dramatizaciones\/\">Estudiantes dan vida a la Literatura con dramatizaciones<\/a><div class=\"wp-block-latest-posts__post-excerpt\">Combinar la lectura y el an\u00e1lisis de textos literarios con la expresi\u00f3n oral y dramatizaci\u00f3n, fue el prop\u00f3sito de la actividad acad\u00e9mica, \u201cLiteratura en movimiento\u201d, desarrollada por estudiantes de primer&hellip; <\/div><\/li>\n<li><div class=\"wp-block-latest-posts__featured-image\"><img loading=\"lazy\" decoding=\"async\" width=\"150\" height=\"150\" src=\"https:\/\/www.ucc.edu.ni\/boletininformativo\/php_assets\/uploads\/2024\/05\/Dia-del-Agronomo-150x150.jpeg\" class=\"attachment-thumbnail size-thumbnail wp-post-image\" alt=\"\" style=\"\" \/><\/div><a class=\"wp-block-latest-posts__post-title\" href=\"https:\/\/www.ucc.edu.ni\/boletininformativo\/docencia\/conmemoran-dia-nacional-del-agronomo\/\">Conmemoran D\u00eda Nacional del Agr\u00f3nomo<\/a><div class=\"wp-block-latest-posts__post-excerpt\">La Coordinaci\u00f3n de Ingenier\u00edas, de la Universidad de Ciencias Comerciales UCC, Campus Le\u00f3n, conmemor\u00f3 con los estudiantes de la carrera de Ingenier\u00eda Agron\u00f3mica con Menci\u00f3n en Agroindustrias, el D\u00eda del&hellip; <\/div><\/li>\n<li><div class=\"wp-block-latest-posts__featured-image\"><img loading=\"lazy\" decoding=\"async\" width=\"150\" height=\"150\" src=\"https:\/\/www.ucc.edu.ni\/boletininformativo\/php_assets\/uploads\/2024\/05\/Gesto-de-solidaridad-150x150.jpg\" class=\"attachment-thumbnail size-thumbnail wp-post-image\" alt=\"\" style=\"\" \/><\/div><a class=\"wp-block-latest-posts__post-title\" href=\"https:\/\/www.ucc.edu.ni\/boletininformativo\/proyeccion-social\/un-hermoso-gesto-de-solidaridad\/\">Un hermoso gesto de Solidaridad<\/a><div class=\"wp-block-latest-posts__post-excerpt\">Estudiantes de primer a\u00f1o, de la carrera de Derecho, del turno Sabatino de la Universidad de Ciencias Comerciales UCC Campus Matagalpa, en un acto de solidaridad y empat\u00eda, brindaron apoyo&hellip; <\/div><\/li>\n<li><div class=\"wp-block-latest-posts__featured-image\"><img loading=\"lazy\" decoding=\"async\" width=\"150\" height=\"113\" src=\"https:\/\/www.ucc.edu.ni\/boletininformativo\/php_assets\/uploads\/2024\/05\/Visita-Canal-14.jpeg\" class=\"attachment-thumbnail size-thumbnail wp-post-image\" alt=\"\" style=\"\" \/><\/div><a class=\"wp-block-latest-posts__post-title\" href=\"https:\/\/www.ucc.edu.ni\/boletininformativo\/docencia\/estudiantes-fortalecen-aprendizaje-con-visita-a-canal-14\/\">Estudiantes fortalecen aprendizaje con visita a Canal 14<\/a><div class=\"wp-block-latest-posts__post-excerpt\">Con el prop\u00f3sito de fortalecer los conocimientos adquiridos en la asignatura de Medios Audiovisuales, estudiantes de tercer a\u00f1o, de la carrera de Dise\u00f1o Gr\u00e1fico, del turno Diurno, de la Universidad&hellip; <\/div><\/li>\n<li><div class=\"wp-block-latest-posts__featured-image\"><img loading=\"lazy\" decoding=\"async\" width=\"150\" height=\"150\" src=\"https:\/\/www.ucc.edu.ni\/boletininformativo\/php_assets\/uploads\/2024\/05\/Juegos-Amistosos-150x150.jpeg\" class=\"attachment-thumbnail size-thumbnail wp-post-image\" alt=\"\" style=\"\" \/><\/div><a class=\"wp-block-latest-posts__post-title\" href=\"https:\/\/www.ucc.edu.ni\/boletininformativo\/gestion-institucional\/juegos-amistosos-intercampus\/\">Juegos Amistosos Intercampus<\/a><div class=\"wp-block-latest-posts__post-excerpt\">A trav\u00e9s de la Coordinaci\u00f3n de Bienestar Estudiantil de la Universidad de Ciencias Comerciales UCC, Sede Central Managua y Campus Le\u00f3n, se desarrollaron los partidos amistosos en las disciplinas de&hellip; <\/div><\/li>\n<li><div class=\"wp-block-latest-posts__featured-image\"><img loading=\"lazy\" decoding=\"async\" width=\"150\" height=\"150\" src=\"https:\/\/www.ucc.edu.ni\/boletininformativo\/php_assets\/uploads\/2024\/05\/Feria-Anatomica-150x150.jpeg\" class=\"attachment-thumbnail size-thumbnail wp-post-image\" alt=\"\" style=\"\" \/><\/div><a class=\"wp-block-latest-posts__post-title\" href=\"https:\/\/www.ucc.edu.ni\/boletininformativo\/destacadas\/exitosa-feria-anatomica-2024\/\">Exitosa Feria Anat\u00f3mica 2024<\/a><div class=\"wp-block-latest-posts__post-excerpt\">Con el objetivo de evaluar y fortalecer los conocimientos de los estudiantes de Medicina Veterinaria y Zootecnia, de la Universidad de Ciencias Comerciales UCC, se realiz\u00f3 la VI Feria Anat\u00f3mica&hellip; <\/div><\/li>\n<li><div class=\"wp-block-latest-posts__featured-image\"><img loading=\"lazy\" decoding=\"async\" width=\"150\" height=\"150\" src=\"https:\/\/www.ucc.edu.ni\/boletininformativo\/php_assets\/uploads\/2024\/05\/Manual-de-Acreditacion-150x150.jpeg\" class=\"attachment-thumbnail size-thumbnail wp-post-image\" alt=\"\" style=\"\" \/><\/div><a class=\"wp-block-latest-posts__post-title\" href=\"https:\/\/www.ucc.edu.ni\/boletininformativo\/destacadas\/compromiso-con-la-calidad-presentan-manual-de-acreditacion\/\">Compromiso con la calidad: Presentan Manual de Acreditaci\u00f3n<\/a><div class=\"wp-block-latest-posts__post-excerpt\">En el marco del impulso hacia la excelencia acad\u00e9mica, Autoridades Acad\u00e9micas y Administrativas, as\u00ed como direcciones y coordinaciones de las diferentes \u00e1reas de la Universidad de Ciencias Comerciales UCC, Sede&hellip; <\/div><\/li>\n<li><div class=\"wp-block-latest-posts__featured-image\"><img loading=\"lazy\" decoding=\"async\" width=\"150\" height=\"150\" src=\"https:\/\/www.ucc.edu.ni\/boletininformativo\/php_assets\/uploads\/2024\/05\/Debate-Competitivo-150x150.jpeg\" class=\"attachment-thumbnail size-thumbnail wp-post-image\" alt=\"\" style=\"\" \/><\/div><a class=\"wp-block-latest-posts__post-title\" href=\"https:\/\/www.ucc.edu.ni\/boletininformativo\/mayo-2024\/estudiantes-brillan-en-torneo-de-debate-competitivo\/\">Estudiantes brillan en Torneo de Debate Competitivo<\/a><div class=\"wp-block-latest-posts__post-excerpt\">Con la participaci\u00f3n de estudiantes de primer a\u00f1o, de las diferentes carreras, del turno Diurno, de la Universidad de Ciencias Comerciales UCC Sede Central Managua, se desarroll\u00f3 el Torneo de&hellip; <\/div><\/li>\n<li><div class=\"wp-block-latest-posts__featured-image\"><img loading=\"lazy\" decoding=\"async\" width=\"150\" height=\"150\" src=\"https:\/\/www.ucc.edu.ni\/boletininformativo\/php_assets\/uploads\/2024\/05\/Seminario-Turismo-150x150.png\" class=\"attachment-thumbnail size-thumbnail wp-post-image\" alt=\"\" style=\"\" \/><\/div><a class=\"wp-block-latest-posts__post-title\" href=\"https:\/\/www.ucc.edu.ni\/boletininformativo\/mayo-2024\/ucc-y-conpeht-celebran-seminario-sobre-turismo-y-cultura\/\">UCC y CONPEHT celebran Seminario sobre Turismo y Cultura<\/a><div class=\"wp-block-latest-posts__post-excerpt\">Con la participaci\u00f3n de estudiantes y docentes de turismo de Centroam\u00e9rica, Suram\u00e9rica, M\u00e9xico y el Caribe, as\u00ed como profesionales de la industria tur\u00edstica, se realiz\u00f3 con \u00e9xito de forma virtual,&hellip; <\/div><\/li>\n<\/ul>","protected":false},"excerpt":{"rendered":"","protected":false},"author":1,"featured_media":0,"parent":0,"menu_order":0,"comment_status":"closed","ping_status":"closed","template":"","meta":{"footnotes":""},"class_list":["post-1272","page","type-page","status-publish","hentry"],"_links":{"self":[{"href":"https:\/\/www.ucc.edu.ni\/boletininformativo\/wp-json\/wp\/v2\/pages\/1272","targetHints":{"allow":["GET"]}}],"collection":[{"href":"https:\/\/www.ucc.edu.ni\/boletininformativo\/wp-json\/wp\/v2\/pages"}],"about":[{"href":"https:\/\/www.ucc.edu.ni\/boletininformativo\/wp-json\/wp\/v2\/types\/page"}],"author":[{"embeddable":true,"href":"https:\/\/www.ucc.edu.ni\/boletininformativo\/wp-json\/wp\/v2\/users\/1"}],"replies":[{"embeddable":true,"href":"https:\/\/www.ucc.edu.ni\/boletininformativo\/wp-json\/wp\/v2\/comments?post=1272"}],"version-history":[{"count":1,"href":"https:\/\/www.ucc.edu.ni\/boletininformativo\/wp-json\/wp\/v2\/pages\/1272\/revisions"}],"predecessor-version":[{"id":1273,"href":"https:\/\/www.ucc.edu.ni\/boletininformativo\/wp-json\/wp\/v2\/pages\/1272\/revisions\/1273"}],"wp:attachment":[{"href":"https:\/\/www.ucc.edu.ni\/boletininformativo\/wp-json\/wp\/v2\/media?parent=1272"}],"curies":[{"name":"wp","href":"https:\/\/api.w.org\/{rel}","templated":true}]}}