{"id":1203,"date":"2024-05-31T16:40:59","date_gmt":"2024-05-31T22:40:59","guid":{"rendered":"https:\/\/www.ucc.edu.ni\/boletininformativo\/?page_id=1203"},"modified":"2024-05-31T16:40:59","modified_gmt":"2024-05-31T22:40:59","slug":"abril-2024-2","status":"publish","type":"page","link":"https:\/\/www.ucc.edu.ni\/boletininformativo\/abril-2024-2\/","title":{"rendered":"ABRIL 2024"},"content":{"rendered":"<ul class=\"wp-block-latest-posts__list is-grid columns-3 wp-block-latest-posts\"><li><div class=\"wp-block-latest-posts__featured-image\"><img loading=\"lazy\" decoding=\"async\" width=\"150\" height=\"150\" src=\"https:\/\/www.ucc.edu.ni\/boletininformativo\/php_assets\/uploads\/2024\/04\/Primer-Workshop-Campus-Leon-150x150.jpeg\" class=\"attachment-thumbnail size-thumbnail wp-post-image\" alt=\"\" style=\"\" \/><\/div><a class=\"wp-block-latest-posts__post-title\" href=\"https:\/\/www.ucc.edu.ni\/boletininformativo\/gestion-institucional\/primer-workshop-de-ciencias-economicas-en-campus-leon\/\">Primer Workshop de Ciencias Econ\u00f3micas en Campus Le\u00f3n<\/a><div class=\"wp-block-latest-posts__post-excerpt\">La Coordinaci\u00f3n de Ciencias Econ\u00f3micas y Empresariales, de la Universidad de Ciencias Comerciales UCC, Campus Le\u00f3n desarroll\u00f3 recientemente en el hotel El Convento, el WorkShop: Jornada de Desempe\u00f1o Ejecutivo \u201cOptimizando&hellip; <\/div><\/li>\n<li><div class=\"wp-block-latest-posts__featured-image\"><img loading=\"lazy\" decoding=\"async\" width=\"150\" height=\"150\" src=\"https:\/\/www.ucc.edu.ni\/boletininformativo\/php_assets\/uploads\/2024\/04\/Futuros-Ingenieros-150x150.jpg\" class=\"attachment-thumbnail size-thumbnail wp-post-image\" alt=\"\" style=\"\" \/><\/div><a class=\"wp-block-latest-posts__post-title\" href=\"https:\/\/www.ucc.edu.ni\/boletininformativo\/docencia\/futuros-ingenieros-defienden-informes-finales\/\">Futuros Ingenieros defienden Informes Finales<\/a><div class=\"wp-block-latest-posts__post-excerpt\">Estudiantes de quinto a\u00f1o, de la carrera de Ingenier\u00eda Industrial de UCC Campus Matagalpa, defendieron exitosamente sus informes finales de investigaci\u00f3n de la asignatura de Seminario de Tesis. 7 grupos&hellip; <\/div><\/li>\n<li><div class=\"wp-block-latest-posts__featured-image\"><img loading=\"lazy\" decoding=\"async\" width=\"150\" height=\"150\" src=\"https:\/\/www.ucc.edu.ni\/boletininformativo\/php_assets\/uploads\/2024\/04\/UCC-capacita-Colaboradores-EPN-150x150.jpg\" class=\"attachment-thumbnail size-thumbnail wp-post-image\" alt=\"\" style=\"\" \/><\/div><a class=\"wp-block-latest-posts__post-title\" href=\"https:\/\/www.ucc.edu.ni\/boletininformativo\/proyeccion-social\/ucc-capacita-a-colaboradores-de-epn-3\/\">UCC capacita a colaboradores de EPN<\/a><div class=\"wp-block-latest-posts__post-excerpt\">20 colaboradores de la Empresa Portuaria Nacional EPN, del Puerto de Corinto, recibieron el Curso Especializado, \u201cEstrategias exitosas para la fidelizaci\u00f3n de los clientes\u201d, desarrollado por la Universidad de Ciencias&hellip; <\/div><\/li>\n<li><div class=\"wp-block-latest-posts__featured-image\"><img loading=\"lazy\" decoding=\"async\" width=\"150\" height=\"150\" src=\"https:\/\/www.ucc.edu.ni\/boletininformativo\/php_assets\/uploads\/2024\/04\/Lobos-y-Lobas-UCC-150x150.jpeg\" class=\"attachment-thumbnail size-thumbnail wp-post-image\" alt=\"\" style=\"\" \/><\/div><a class=\"wp-block-latest-posts__post-title\" href=\"https:\/\/www.ucc.edu.ni\/boletininformativo\/gestion-institucional\/lobos-y-lobas-ucc-conquistan-la-liga-interna-2024\/\">Lobos y Lobas UCC conquistan la Liga Interna 2024<\/a><div class=\"wp-block-latest-posts__post-excerpt\">La pasi\u00f3n y emoci\u00f3n deportiva, se vivi\u00f3 en el Polideportivo Espa\u00f1a, durante la final de la Liga Interna 2024, de la Universidad de Ciencias Comerciales UCC. De los ocho equipos&hellip; <\/div><\/li>\n<li><div class=\"wp-block-latest-posts__featured-image\"><img loading=\"lazy\" decoding=\"async\" width=\"150\" height=\"150\" src=\"https:\/\/www.ucc.edu.ni\/boletininformativo\/php_assets\/uploads\/2024\/04\/500-Anos-de-Leon-150x150.jpeg\" class=\"attachment-thumbnail size-thumbnail wp-post-image\" alt=\"\" style=\"\" \/><\/div><a class=\"wp-block-latest-posts__post-title\" href=\"https:\/\/www.ucc.edu.ni\/boletininformativo\/docencia\/mesa-redonda-500-anos-de-leon\/\">Mesa Redonda &#8220;500 A\u00f1os de Le\u00f3n&#8221;<\/a><div class=\"wp-block-latest-posts__post-excerpt\">Estudiantes del turno diurno, pertenecientes a las tres Coordinaciones de la Universidad de Ciencias Comerciales UCC, Campus Le\u00f3n, participaron de la Mesa Redonda \u201c500 A\u00f1os de la Fundaci\u00f3n de Le\u00f3n\u201d.&hellip; <\/div><\/li>\n<li><div class=\"wp-block-latest-posts__featured-image\"><img loading=\"lazy\" decoding=\"async\" width=\"150\" height=\"150\" src=\"https:\/\/www.ucc.edu.ni\/boletininformativo\/php_assets\/uploads\/2024\/04\/Curso-Gestion-Financiera-150x150.jpeg\" class=\"attachment-thumbnail size-thumbnail wp-post-image\" alt=\"\" style=\"\" \/><\/div><a class=\"wp-block-latest-posts__post-title\" href=\"https:\/\/www.ucc.edu.ni\/boletininformativo\/proyeccion-social\/emprendedores-inician-curso-de-gestion-financiera\/\">Emprendedores inician Curso de Gesti\u00f3n Financiera<\/a><div class=\"wp-block-latest-posts__post-excerpt\">Con la participaci\u00f3n de emprendedores de Managua y Le\u00f3n, inici\u00f3 este s\u00e1bado, el Curso Especializado en Gesti\u00f3n Financiera para Negocios, de la Universidad de Ciencias Comerciales UCC, a trav\u00e9s de&hellip; <\/div><\/li>\n<li><div class=\"wp-block-latest-posts__featured-image\"><img loading=\"lazy\" decoding=\"async\" width=\"150\" height=\"150\" src=\"https:\/\/www.ucc.edu.ni\/boletininformativo\/php_assets\/uploads\/2024\/04\/Dia-del-Contador-150x150.jpeg\" class=\"attachment-thumbnail size-thumbnail wp-post-image\" alt=\"\" style=\"\" \/><\/div><a class=\"wp-block-latest-posts__post-title\" href=\"https:\/\/www.ucc.edu.ni\/boletininformativo\/docencia\/estudiantes-del-campus-leon-celebran-dia-nacional-del-contador\/\">Estudiantes del Campus Le\u00f3n celebran D\u00eda Nacional del Contador<\/a><div class=\"wp-block-latest-posts__post-excerpt\">La Coordinaci\u00f3n de Ciencias Econ\u00f3micas Empresariales, de la Universidad de Ciencias Comerciales UCC, Campus Le\u00f3n conmemor\u00f3 el D\u00eda Nacional del Contador P\u00fablico, con estudiantes de la carrera de Contadur\u00eda P\u00fablica&hellip; <\/div><\/li>\n<li><div class=\"wp-block-latest-posts__featured-image\"><img loading=\"lazy\" decoding=\"async\" width=\"150\" height=\"150\" src=\"https:\/\/www.ucc.edu.ni\/boletininformativo\/php_assets\/uploads\/2024\/04\/Conferencia-Redes-Sociales-150x150.jpg\" class=\"attachment-thumbnail size-thumbnail wp-post-image\" alt=\"\" style=\"\" \/><\/div><a class=\"wp-block-latest-posts__post-title\" href=\"https:\/\/www.ucc.edu.ni\/boletininformativo\/gestion-institucional\/upf-ofrece-conferencia-sobre-redes-sociales-en-campus-matagalpa\/\">UPF ofrece conferencia sobre redes sociales en Campus Matagalpa<\/a><div class=\"wp-block-latest-posts__post-excerpt\">La Universidad de Ciencias Comerciales UCC, Campus Matagalpa y la Federaci\u00f3n para la Paz Universal UPF, desarrollaron esta ma\u00f1ana, la Conferencia, \u201cClaro\/oscuro de las redes sociales&#8221;, como parte del Programa&hellip; <\/div><\/li>\n<li><div class=\"wp-block-latest-posts__featured-image\"><img loading=\"lazy\" decoding=\"async\" width=\"150\" height=\"150\" src=\"https:\/\/www.ucc.edu.ni\/boletininformativo\/php_assets\/uploads\/2024\/04\/Importancia-de-la-Innovacion-150x150.jpeg\" class=\"attachment-thumbnail size-thumbnail wp-post-image\" alt=\"\" style=\"\" \/><\/div><a class=\"wp-block-latest-posts__post-title\" href=\"https:\/\/www.ucc.edu.ni\/boletininformativo\/gestion-institucional\/estudiantes-conocen-importancia-de-la-innovacion\/\">Estudiantes conocen importancia de la Innovaci\u00f3n<\/a><div class=\"wp-block-latest-posts__post-excerpt\">La Universidad de Ciencias Comerciales UCC, recibi\u00f3 al especialista de emprendimiento e innovaci\u00f3n, MSc. Axel Mart\u00ednez, quien imparti\u00f3 la conferencia \u201cLiderando la Innovaci\u00f3n Estrat\u00e9gica para el \u00c9xito\u201d. Durante la conferencia,&hellip; <\/div><\/li>\n<li><div class=\"wp-block-latest-posts__featured-image\"><img loading=\"lazy\" decoding=\"async\" width=\"150\" height=\"150\" src=\"https:\/\/www.ucc.edu.ni\/boletininformativo\/php_assets\/uploads\/2024\/04\/Salud-Sexual-150x150.jpeg\" class=\"attachment-thumbnail size-thumbnail wp-post-image\" alt=\"\" style=\"\" \/><\/div><a class=\"wp-block-latest-posts__post-title\" href=\"https:\/\/www.ucc.edu.ni\/boletininformativo\/gestion-institucional\/estudiantes-se-unen-en-charla-sobre-salud-sexual\/\">Estudiantes se unen en charla sobre Salud Sexual<\/a><div class=\"wp-block-latest-posts__post-excerpt\">La Universidad de Ciencias Comerciales UCC, Sede Central Managua, recibi\u00f3 este martes a promotores del Centro de Investigaci\u00f3n y Estudio de Salud CIES- UNAN Managua, con el objetivo de promover&hellip; <\/div><\/li>\n<li><div class=\"wp-block-latest-posts__featured-image\"><img loading=\"lazy\" decoding=\"async\" width=\"150\" height=\"150\" src=\"https:\/\/www.ucc.edu.ni\/boletininformativo\/php_assets\/uploads\/2024\/04\/Asilo-de-Ancianos-150x150.jpeg\" class=\"attachment-thumbnail size-thumbnail wp-post-image\" alt=\"\" style=\"\" \/><\/div><a class=\"wp-block-latest-posts__post-title\" href=\"https:\/\/www.ucc.edu.ni\/boletininformativo\/docencia\/estudiantes-visitan-asilo-de-ancianos\/\">Estudiantes visitan Asilo de ancianos<\/a><div class=\"wp-block-latest-posts__post-excerpt\">Como parte del compromiso social de la Universidad de Ciencias Comerciales UCC, estudiantes de Campus Le\u00f3n visitaron el Asilo de Ancianos de la ciudad de Le\u00f3n, este martes 16 de&hellip; <\/div><\/li>\n<li><div class=\"wp-block-latest-posts__featured-image\"><img loading=\"lazy\" decoding=\"async\" width=\"150\" height=\"150\" src=\"https:\/\/www.ucc.edu.ni\/boletininformativo\/php_assets\/uploads\/2024\/04\/Intercambio-Literario-150x150.jpeg\" class=\"attachment-thumbnail size-thumbnail wp-post-image\" alt=\"\" style=\"\" \/><\/div><a class=\"wp-block-latest-posts__post-title\" href=\"https:\/\/www.ucc.edu.ni\/boletininformativo\/gestion-institucional\/intercambio-literario-enriquecedor\/\">Intercambio Literario enriquecedor<\/a><div class=\"wp-block-latest-posts__post-excerpt\">En Conmemoraci\u00f3n del D\u00eda del Libro, los estudiantes del turno Diurno, de la Universidad de Ciencias Comerciales UCC, Sede Central Managua, se reunieron en el Auditorio Mayor para un participar&hellip; <\/div><\/li>\n<li><div class=\"wp-block-latest-posts__featured-image\"><img loading=\"lazy\" decoding=\"async\" width=\"150\" height=\"150\" src=\"https:\/\/www.ucc.edu.ni\/boletininformativo\/php_assets\/uploads\/2024\/04\/Dia-de-la-Tierra-150x150.jpeg\" class=\"attachment-thumbnail size-thumbnail wp-post-image\" alt=\"\" style=\"\" \/><\/div><a class=\"wp-block-latest-posts__post-title\" href=\"https:\/\/www.ucc.edu.ni\/boletininformativo\/docencia\/conmemoran-dia-de-la-tierra-en-campus-leon\/\">Conmemoran D\u00eda de la Tierra en Campus Le\u00f3n<\/a><div class=\"wp-block-latest-posts__post-excerpt\">Estudiantes de la carrera de Ingenier\u00eda Agron\u00f3mica con menci\u00f3n en Agroindustria, de la Universidad de Ciencias Comerciales UCC, Campus Le\u00f3n conmemoraron este 23 de abril el D\u00eda de la Tierra.&hellip; <\/div><\/li>\n<li><div class=\"wp-block-latest-posts__featured-image\"><img loading=\"lazy\" decoding=\"async\" width=\"150\" height=\"150\" src=\"https:\/\/www.ucc.edu.ni\/boletininformativo\/php_assets\/uploads\/2024\/04\/Capacitacion-del-CNEA-150x150.jpeg\" class=\"attachment-thumbnail size-thumbnail wp-post-image\" alt=\"\" style=\"\" \/><\/div><a class=\"wp-block-latest-posts__post-title\" href=\"https:\/\/www.ucc.edu.ni\/boletininformativo\/gestion-institucional\/culmina-capacitacion-del-cnea-a-las-ies\/\">Culmina Capacitaci\u00f3n del CNEA a las IES<\/a><div class=\"wp-block-latest-posts__post-excerpt\">Concluy\u00f3 la Capacitaci\u00f3n dirigida a las Unidades de Gesti\u00f3n de Calidad de las Instituciones de Educaci\u00f3n Superior, impartida por el Consejo Nacional de Evaluaci\u00f3n y Acreditaci\u00f3n CNEA. El objetivo fue&hellip; <\/div><\/li>\n<li><div class=\"wp-block-latest-posts__featured-image\"><img loading=\"lazy\" decoding=\"async\" width=\"150\" height=\"150\" src=\"https:\/\/www.ucc.edu.ni\/boletininformativo\/php_assets\/uploads\/2024\/04\/Diplomado-UCC-150x150.jpeg\" class=\"attachment-thumbnail size-thumbnail wp-post-image\" alt=\"\" style=\"\" \/><\/div><a class=\"wp-block-latest-posts__post-title\" href=\"https:\/\/www.ucc.edu.ni\/boletininformativo\/gestion-institucional\/satisfaccion-de-participantes-en-diplomado-de-la-ucc\/\">Satisfacci\u00f3n de participantes en Diplomado de la UCC<\/a><div class=\"wp-block-latest-posts__post-excerpt\">De forma exitosa, culmin\u00f3 en la Universidad de Ciencias Comerciales UCC, el Diplomado en Gesti\u00f3n de la Cadena de Suministros y Log\u00edstica, desarrollado por la carrera de Ingenier\u00eda Industrial. Durante&hellip; <\/div><\/li>\n<li><div class=\"wp-block-latest-posts__featured-image\"><img loading=\"lazy\" decoding=\"async\" width=\"150\" height=\"150\" src=\"https:\/\/www.ucc.edu.ni\/boletininformativo\/php_assets\/uploads\/2024\/04\/Capacitacion-Diseno-de-Syllabus-150x150.jpeg\" class=\"attachment-thumbnail size-thumbnail wp-post-image\" alt=\"\" style=\"\" \/><\/div><a class=\"wp-block-latest-posts__post-title\" href=\"https:\/\/www.ucc.edu.ni\/boletininformativo\/docencia\/maestros-del-turno-sabatino-se-capacitan-en-diseno-de-syllabus\/\">Maestros del Turno Sabatino se capacitan en Dise\u00f1o de Syllabus<\/a><div class=\"wp-block-latest-posts__post-excerpt\">\u201cEstructura actualizada del Syllabus, seg\u00fan las \u00e1reas de formaci\u00f3n\u201d, fue el tema de la Capacitaci\u00f3n Docente, desarrollado por la Vicerrector\u00eda Acad\u00e9mica y Direcci\u00f3n Acad\u00e9mica, de la Universidad de Ciencias Comerciales&hellip; <\/div><\/li>\n<li><div class=\"wp-block-latest-posts__featured-image\"><img loading=\"lazy\" decoding=\"async\" width=\"150\" height=\"150\" src=\"https:\/\/www.ucc.edu.ni\/boletininformativo\/php_assets\/uploads\/2024\/04\/ODS-2024-150x150.jpeg\" class=\"attachment-thumbnail size-thumbnail wp-post-image\" alt=\"\" style=\"\" \/><\/div><a class=\"wp-block-latest-posts__post-title\" href=\"https:\/\/www.ucc.edu.ni\/boletininformativo\/destacadas\/seminario-ods-2024\/\">Seminario ODS 2024<\/a><div class=\"wp-block-latest-posts__post-excerpt\">La Universidad de Ciencias Comerciales UCC, Campus Le\u00f3n, trav\u00e9s de las Coordinaciones de Ingenier\u00eda y Arquitectura, Dise\u00f1o Gr\u00e1fico Publicitario e Ingenier\u00eda en Sistemas, desarrollaron el IV Seminario de Objetivos de&hellip; <\/div><\/li>\n<li><div class=\"wp-block-latest-posts__featured-image\"><img loading=\"lazy\" decoding=\"async\" width=\"150\" height=\"150\" src=\"https:\/\/www.ucc.edu.ni\/boletininformativo\/php_assets\/uploads\/2024\/04\/Cultura-Literaria-1-150x150.jpeg\" class=\"attachment-thumbnail size-thumbnail wp-post-image\" alt=\"\" style=\"\" \/><\/div><a class=\"wp-block-latest-posts__post-title\" href=\"https:\/\/www.ucc.edu.ni\/boletininformativo\/destacadas\/jornada-de-cultura-literaria-en-la-ucc\/\">Jornada de cultura literaria en la UCC<\/a><div class=\"wp-block-latest-posts__post-excerpt\">La Universidad de Ciencias Comerciales UCC, en colaboraci\u00f3n de la Biblioteca Alemana Nicarag\u00fcense, Conmemor\u00f3 el D\u00eda Internacional del Libro, con una serie de actividades dirigidas a estudiantes del turno Diurno&hellip; <\/div><\/li>\n<li><div class=\"wp-block-latest-posts__featured-image\"><img loading=\"lazy\" decoding=\"async\" width=\"150\" height=\"150\" src=\"https:\/\/www.ucc.edu.ni\/boletininformativo\/php_assets\/uploads\/2024\/04\/Resolucion-de-Acreditacion-150x150.png\" class=\"attachment-thumbnail size-thumbnail wp-post-image\" alt=\"\" style=\"\" \/><\/div><a class=\"wp-block-latest-posts__post-title\" href=\"https:\/\/www.ucc.edu.ni\/boletininformativo\/abril-2024\/ucc-recibe-resolucion-de-acreditacion-de-minimos-de-calidad\/\">UCC recibe Resoluci\u00f3n de Acreditaci\u00f3n de M\u00ednimos de Calidad<\/a><div class=\"wp-block-latest-posts__post-excerpt\">La Universidad de Ciencias Comerciales UCC, recibi\u00f3 de parte del CNEA, la Resoluci\u00f3n de Acreditaci\u00f3n de M\u00ednimos de Calidad, \u201c033-0703-2024\u201d, a trav\u00e9s del cual, se acepta el Informe Final de&hellip; <\/div><\/li>\n<li><div class=\"wp-block-latest-posts__featured-image\"><img loading=\"lazy\" decoding=\"async\" width=\"150\" height=\"150\" src=\"https:\/\/www.ucc.edu.ni\/boletininformativo\/php_assets\/uploads\/2024\/04\/Manual-de-Planificacion-Curricular-150x150.jpeg\" class=\"attachment-thumbnail size-thumbnail wp-post-image\" alt=\"\" style=\"\" \/><\/div><a class=\"wp-block-latest-posts__post-title\" href=\"https:\/\/www.ucc.edu.ni\/boletininformativo\/abril-2024\/cnu-presenta-en-ucc-manual-de-planificacion-curricular\/\">CNU presenta en UCC, Manual de Planificaci\u00f3n Curricular<\/a><div class=\"wp-block-latest-posts__post-excerpt\">Crear un espacio para socializar el Manual para la Planificaci\u00f3n Curricular en Pregrado, Grado y Posgrado, fue el prop\u00f3sito de la visita de Autoridades de la Direcci\u00f3n de Desarrollo Curricular,&hellip; <\/div><\/li>\n<\/ul>","protected":false},"excerpt":{"rendered":"","protected":false},"author":1,"featured_media":0,"parent":0,"menu_order":0,"comment_status":"closed","ping_status":"closed","template":"","meta":{"footnotes":""},"class_list":["post-1203","page","type-page","status-publish","hentry"],"_links":{"self":[{"href":"https:\/\/www.ucc.edu.ni\/boletininformativo\/wp-json\/wp\/v2\/pages\/1203","targetHints":{"allow":["GET"]}}],"collection":[{"href":"https:\/\/www.ucc.edu.ni\/boletininformativo\/wp-json\/wp\/v2\/pages"}],"about":[{"href":"https:\/\/www.ucc.edu.ni\/boletininformativo\/wp-json\/wp\/v2\/types\/page"}],"author":[{"embeddable":true,"href":"https:\/\/www.ucc.edu.ni\/boletininformativo\/wp-json\/wp\/v2\/users\/1"}],"replies":[{"embeddable":true,"href":"https:\/\/www.ucc.edu.ni\/boletininformativo\/wp-json\/wp\/v2\/comments?post=1203"}],"version-history":[{"count":1,"href":"https:\/\/www.ucc.edu.ni\/boletininformativo\/wp-json\/wp\/v2\/pages\/1203\/revisions"}],"predecessor-version":[{"id":1204,"href":"https:\/\/www.ucc.edu.ni\/boletininformativo\/wp-json\/wp\/v2\/pages\/1203\/revisions\/1204"}],"wp:attachment":[{"href":"https:\/\/www.ucc.edu.ni\/boletininformativo\/wp-json\/wp\/v2\/media?parent=1203"}],"curies":[{"name":"wp","href":"https:\/\/api.w.org\/{rel}","templated":true}]}}