{"id":1132,"date":"2024-04-30T16:27:45","date_gmt":"2024-04-30T22:27:45","guid":{"rendered":"https:\/\/www.ucc.edu.ni\/boletininformativo\/?page_id=1132"},"modified":"2024-04-30T16:27:54","modified_gmt":"2024-04-30T22:27:54","slug":"marzo-2024-2","status":"publish","type":"page","link":"https:\/\/www.ucc.edu.ni\/boletininformativo\/marzo-2024-2\/","title":{"rendered":"MARZO 2024"},"content":{"rendered":"<ul class=\"wp-block-latest-posts__list is-grid columns-3 wp-block-latest-posts\"><li><div class=\"wp-block-latest-posts__featured-image\"><img loading=\"lazy\" decoding=\"async\" width=\"150\" height=\"150\" src=\"https:\/\/www.ucc.edu.ni\/boletininformativo\/php_assets\/uploads\/2024\/04\/Summer-Creativo-150x150.jpeg\" class=\"attachment-thumbnail size-thumbnail wp-post-image\" alt=\"\" style=\"\" \/><\/div><a class=\"wp-block-latest-posts__post-title\" href=\"https:\/\/www.ucc.edu.ni\/boletininformativo\/docencia\/estudiantes-destacan-la-creatividad-con-summer-creativo\/\">Estudiantes destacan la creatividad con Summer Creativo<\/a><div class=\"wp-block-latest-posts__post-excerpt\">Estudiantes de la carrera de Marketing y Publicidad, del turno Sabatino, de la Universidad de Ciencias Comerciales UCC, demostraron su creatividad con el evento, \u201cSummer Creativo\u201d, una actividad innovadora donde&hellip; <\/div><\/li>\n<li><div class=\"wp-block-latest-posts__featured-image\"><img loading=\"lazy\" decoding=\"async\" width=\"150\" height=\"150\" src=\"https:\/\/www.ucc.edu.ni\/boletininformativo\/php_assets\/uploads\/2024\/04\/Simulacro-Multiamenazas-150x150.jpeg\" class=\"attachment-thumbnail size-thumbnail wp-post-image\" alt=\"\" style=\"\" \/><\/div><a class=\"wp-block-latest-posts__post-title\" href=\"https:\/\/www.ucc.edu.ni\/boletininformativo\/gestion-institucional\/comunidad-universitaria-participa-en-simulacro-multiamenazas\/\">Comunidad Universitaria participa en Simulacro Multiamenazas<\/a><div class=\"wp-block-latest-posts__post-excerpt\">La Comunidad educativa, de la Universidad de Ciencias Comerciales UCC, se sum\u00f3 este jueves, al Primer Ejercicio de Simulacro Nacional para Proteger la Vida ante Situaciones Multiamenazas, organizado por el&hellip; <\/div><\/li>\n<li><div class=\"wp-block-latest-posts__featured-image\"><img loading=\"lazy\" decoding=\"async\" width=\"150\" height=\"150\" src=\"https:\/\/www.ucc.edu.ni\/boletininformativo\/php_assets\/uploads\/2024\/04\/Dia-del-Periodista-150x150.jpeg\" class=\"attachment-thumbnail size-thumbnail wp-post-image\" alt=\"\" style=\"\" \/><\/div><a class=\"wp-block-latest-posts__post-title\" href=\"https:\/\/www.ucc.edu.ni\/boletininformativo\/gestion-institucional\/conmemoran-dia-nacional-del-periodista\/\">Conmemoran D\u00eda Nacional del Periodista<\/a><div class=\"wp-block-latest-posts__post-excerpt\">En el marco del 60 Aniversario de la Universidad de Ciencias Comerciales UCC y en Conmemoraci\u00f3n del D\u00eda Nacional del Periodista, se desarroll\u00f3 la Conferencia, \u201cRub\u00e9n Dar\u00edo el Periodista Universal\u201d,&hellip; <\/div><\/li>\n<li><div class=\"wp-block-latest-posts__featured-image\"><img loading=\"lazy\" decoding=\"async\" width=\"150\" height=\"150\" src=\"https:\/\/www.ucc.edu.ni\/boletininformativo\/php_assets\/uploads\/2024\/04\/Capacitacion-a-EPN-150x150.jpeg\" class=\"attachment-thumbnail size-thumbnail wp-post-image\" alt=\"\" style=\"\" \/><\/div><a class=\"wp-block-latest-posts__post-title\" href=\"https:\/\/www.ucc.edu.ni\/boletininformativo\/proyeccion-social\/ucc-capacita-a-colaboradores-de-epn-2\/\">UCC capacita a colaboradores de EPN<\/a><div class=\"wp-block-latest-posts__post-excerpt\">20 colaboradores de la Empresa Portuaria del Puerto de Corinto, recibieron la capacitaci\u00f3n, \u201cEstrategias exitosas para la fidelizaci\u00f3n de los clientes\u201d, desarrollada por la Universidad de Ciencias Comerciales UCC, a&hellip; <\/div><\/li>\n<li><div class=\"wp-block-latest-posts__featured-image\"><img loading=\"lazy\" decoding=\"async\" width=\"150\" height=\"150\" src=\"https:\/\/www.ucc.edu.ni\/boletininformativo\/php_assets\/uploads\/2024\/04\/Dia-del-Administrador-de-Empresas-150x150.jpeg\" class=\"attachment-thumbnail size-thumbnail wp-post-image\" alt=\"\" style=\"\" \/><\/div><a class=\"wp-block-latest-posts__post-title\" href=\"https:\/\/www.ucc.edu.ni\/boletininformativo\/docencia\/conferencia-en-celebracion-del-dia-del-administrador-de-empresas\/\">Conferencia en celebraci\u00f3n del D\u00eda del Administrador de Empresas<\/a><div class=\"wp-block-latest-posts__post-excerpt\">Bajo el lema, \u201cDe vos depende\u201d, estudiantes de las carreras de Ciencias Econ\u00f3micas Empresariales y Administraci\u00f3n de Empresas Tur\u00edsticas y Hoteleras, del turno Diurno, de la Universidad de Ciencias Comerciales&hellip; <\/div><\/li>\n<li><div class=\"wp-block-latest-posts__featured-image\"><img loading=\"lazy\" decoding=\"async\" width=\"150\" height=\"150\" src=\"https:\/\/www.ucc.edu.ni\/boletininformativo\/php_assets\/uploads\/2024\/04\/Informe-POA-2023-150x150.jpeg\" class=\"attachment-thumbnail size-thumbnail wp-post-image\" alt=\"\" style=\"\" \/><\/div><a class=\"wp-block-latest-posts__post-title\" href=\"https:\/\/www.ucc.edu.ni\/boletininformativo\/docencia\/presentacion-de-informe-2023\/\">Presentaci\u00f3n de Informe 2023<\/a><div class=\"wp-block-latest-posts__post-excerpt\">Vicerrector\u00eda Acad\u00e9mica, direcciones acad\u00e9micas y administrativas, de la Universidad de Ciencias Comerciales UCC, presentaron el Informe anual de gesti\u00f3n POA 2023. De acuerdo con los resultados, se lograron alcanzar las&hellip; <\/div><\/li>\n<li><div class=\"wp-block-latest-posts__featured-image\"><img loading=\"lazy\" decoding=\"async\" width=\"150\" height=\"150\" src=\"https:\/\/www.ucc.edu.ni\/boletininformativo\/php_assets\/uploads\/2024\/04\/Medios-de-Comunicacion-150x150.jpeg\" class=\"attachment-thumbnail size-thumbnail wp-post-image\" alt=\"\" style=\"\" \/><\/div><a class=\"wp-block-latest-posts__post-title\" href=\"https:\/\/www.ucc.edu.ni\/boletininformativo\/destacadas\/ucc-reconoce-a-medios-de-comunicacion\/\">UCC reconoce a Medios de Comunicaci\u00f3n<\/a><div class=\"wp-block-latest-posts__post-excerpt\">En el marco de la jornada 60 Aniversario de la Universidad de Ciencias Comerciales y en Conmemoraci\u00f3n del D\u00eda Nacional del Periodista, la Universidad de Ciencias Comerciales UCC, entreg\u00f3 placas&hellip; <\/div><\/li>\n<li><div class=\"wp-block-latest-posts__featured-image\"><img loading=\"lazy\" decoding=\"async\" width=\"150\" height=\"150\" src=\"https:\/\/www.ucc.edu.ni\/boletininformativo\/php_assets\/uploads\/2024\/04\/Normas-APA-150x150.jpeg\" class=\"attachment-thumbnail size-thumbnail wp-post-image\" alt=\"\" style=\"\" \/><\/div><a class=\"wp-block-latest-posts__post-title\" href=\"https:\/\/www.ucc.edu.ni\/boletininformativo\/docencia\/taller-de-normas-apa\/\">Taller de Normas APA<\/a><div class=\"wp-block-latest-posts__post-excerpt\">La Coordinaci\u00f3n de Investigaci\u00f3n desarroll\u00f3 el primer Taller de Normas APA, S\u00e9ptima Edici\u00f3n con el apoyo de la Coordinaci\u00f3n de Arquitectura, Dise\u00f1o Gr\u00e1fico Publicitario e Ingenier\u00eda en Sistemas, de la&hellip; <\/div><\/li>\n<li><div class=\"wp-block-latest-posts__featured-image\"><img loading=\"lazy\" decoding=\"async\" width=\"150\" height=\"150\" src=\"https:\/\/www.ucc.edu.ni\/boletininformativo\/php_assets\/uploads\/2024\/04\/Dia-Internacional-de-la-Mujer-150x150.jpeg\" class=\"attachment-thumbnail size-thumbnail wp-post-image\" alt=\"\" style=\"\" \/><\/div><a class=\"wp-block-latest-posts__post-title\" href=\"https:\/\/www.ucc.edu.ni\/boletininformativo\/gestion-institucional\/ucc-conmemora-dia-internacional-de-la-mujer\/\">UCC conmemora D\u00eda Internacional de la Mujer<\/a><div class=\"wp-block-latest-posts__post-excerpt\">En reconocimiento a sus luchas, esfuerzo y dedicaci\u00f3n, colaboradoras de la Universidad de Ciencias Comerciales UCC, Sede Central Managua, participaron en la Conmemoraci\u00f3n del D\u00eda Internacional de la Mujer. \u201cNos&hellip; <\/div><\/li>\n<li><div class=\"wp-block-latest-posts__featured-image\"><img loading=\"lazy\" decoding=\"async\" width=\"150\" height=\"150\" src=\"https:\/\/www.ucc.edu.ni\/boletininformativo\/php_assets\/uploads\/2024\/04\/Campana-VIH-150x150.jpeg\" class=\"attachment-thumbnail size-thumbnail wp-post-image\" alt=\"\" style=\"\" \/><\/div><a class=\"wp-block-latest-posts__post-title\" href=\"https:\/\/www.ucc.edu.ni\/boletininformativo\/gestion-institucional\/ejecutan-campana-de-prevencion-del-vih\/\">Ejecutan Campa\u00f1a de Prevenci\u00f3n del VIH<\/a><div class=\"wp-block-latest-posts__post-excerpt\">Estudiantes de la carrera de Marketing y Publicidad, del Turno Dominical, de la Universidad de Ciencias Comerciales UCC, desarrollaron una Campa\u00f1a de Prevenci\u00f3n del VIH Sida, &#8220;Prueba, Vive y Disfruta&#8221;,&hellip; <\/div><\/li>\n<li><div class=\"wp-block-latest-posts__featured-image\"><img loading=\"lazy\" decoding=\"async\" width=\"150\" height=\"150\" src=\"https:\/\/www.ucc.edu.ni\/boletininformativo\/php_assets\/uploads\/2024\/04\/Primera-Conferencia-UPF-150x150.jpeg\" class=\"attachment-thumbnail size-thumbnail wp-post-image\" alt=\"\" style=\"\" \/><\/div><a class=\"wp-block-latest-posts__post-title\" href=\"https:\/\/www.ucc.edu.ni\/boletininformativo\/docencia\/primera-conferencia-de-ucc-y-upf\/\">Primera conferencia de UCC y UPF<\/a><div class=\"wp-block-latest-posts__post-excerpt\">Estudiantes de las diferentes carreras de la Universidad de Ciencias Comerciales, participaron en la primera conferencia, \u201cC\u00f3mo construir tu vida con prop\u00f3sitos\u201d, en el marco del programa de Educaci\u00f3n del&hellip; <\/div><\/li>\n<li><div class=\"wp-block-latest-posts__featured-image\"><img loading=\"lazy\" decoding=\"async\" width=\"150\" height=\"150\" src=\"https:\/\/www.ucc.edu.ni\/boletininformativo\/php_assets\/uploads\/2024\/04\/Curso-de-Finanzas-150x150.jpeg\" class=\"attachment-thumbnail size-thumbnail wp-post-image\" alt=\"\" style=\"\" \/><\/div><a class=\"wp-block-latest-posts__post-title\" href=\"https:\/\/www.ucc.edu.ni\/boletininformativo\/proyeccion-social\/rumbo-al-exito-emprendedores-culminan-curso-de-finanzas\/\">\u00a1Rumbo al \u00e9xito! Emprendedores culminan Curso de Finanzas<\/a><div class=\"wp-block-latest-posts__post-excerpt\">Emprendedores de Managua, Masaya, Granada y Matagalpa, culminaron de forma satisfactoria el curso de Finanzas para Emprendedores, desarrollado por la Universidad de Ciencias Comerciales UCC, a trav\u00e9s de la carrera&hellip; <\/div><\/li>\n<li><div class=\"wp-block-latest-posts__featured-image\"><img loading=\"lazy\" decoding=\"async\" width=\"150\" height=\"150\" src=\"https:\/\/www.ucc.edu.ni\/boletininformativo\/php_assets\/uploads\/2024\/04\/Investigaciones-150x150.jpg\" class=\"attachment-thumbnail size-thumbnail wp-post-image\" alt=\"\" style=\"\" \/><\/div><a class=\"wp-block-latest-posts__post-title\" href=\"https:\/\/www.ucc.edu.ni\/boletininformativo\/gestion-institucional\/estudiantes-de-derecho-del-campus-matagalpa-presentan-investigaciones\/\">Estudiantes de Derecho del Campus Matagalpa presentan Investigaciones<\/a><div class=\"wp-block-latest-posts__post-excerpt\">Estudiantes de primer a\u00f1o, de la carrera de Derecho con Menci\u00f3n en Gerencia Empresarial, del turno diurno y sabatino, de la universidad de Ciencias Comerciales UCC, Campus Matagalpa, realizaron un&hellip; <\/div><\/li>\n<li><div class=\"wp-block-latest-posts__featured-image\"><img loading=\"lazy\" decoding=\"async\" width=\"150\" height=\"150\" src=\"https:\/\/www.ucc.edu.ni\/boletininformativo\/php_assets\/uploads\/2024\/04\/Diplomado-150x150.jpeg\" class=\"attachment-thumbnail size-thumbnail wp-post-image\" alt=\"\" style=\"\" \/><\/div><a class=\"wp-block-latest-posts__post-title\" href=\"https:\/\/www.ucc.edu.ni\/boletininformativo\/docencia\/diplomado-de-ucc-responde-a-la-demanda-del-mercado-laboral\/\">Diplomado de UCC responde a la demanda del Mercado Laboral<\/a><div class=\"wp-block-latest-posts__post-excerpt\">Con la participaci\u00f3n de 27 estudiantes, inici\u00f3 el Diplomado en Gesti\u00f3n de la Cadena de Suministros y Log\u00edstica, de la Universidad de Ciencias Comerciales, a trav\u00e9s de la Coordinaci\u00f3n de&hellip; <\/div><\/li>\n<li><div class=\"wp-block-latest-posts__featured-image\"><img loading=\"lazy\" decoding=\"async\" width=\"150\" height=\"150\" src=\"https:\/\/www.ucc.edu.ni\/boletininformativo\/php_assets\/uploads\/2024\/04\/Torneo-150x150.jpeg\" class=\"attachment-thumbnail size-thumbnail wp-post-image\" alt=\"\" style=\"\" \/><\/div><a class=\"wp-block-latest-posts__post-title\" href=\"https:\/\/www.ucc.edu.ni\/boletininformativo\/gestion-institucional\/arranca-la-liga-interna-2024\/\">Arranca la Liga Interna 2024<\/a><div class=\"wp-block-latest-posts__post-excerpt\">En el marco del 60 Aniversario y con la participaci\u00f3n de autoridades superiores y acad\u00e9micas, se desarroll\u00f3 en el Polideportivo Espa\u00f1a, el acto inaugural de la Liga Interna 2024, de&hellip; <\/div><\/li>\n<li><div class=\"wp-block-latest-posts__featured-image\"><img loading=\"lazy\" decoding=\"async\" width=\"150\" height=\"150\" src=\"https:\/\/www.ucc.edu.ni\/boletininformativo\/php_assets\/uploads\/2024\/04\/Capacitacion-Veterinaria-150x150.jpeg\" class=\"attachment-thumbnail size-thumbnail wp-post-image\" alt=\"\" style=\"\" \/><\/div><a class=\"wp-block-latest-posts__post-title\" href=\"https:\/\/www.ucc.edu.ni\/boletininformativo\/docencia\/futuros-veterinarios-se-capacitan\/\">Futuros Veterinarios se capacitan<\/a><div class=\"wp-block-latest-posts__post-excerpt\">Estudiantes de segundo y quinto a\u00f1o, de la carrera de Medicina Veterinaria y Zootecnia, de la Universidad de Ciencias Comerciales UCC, recibieron una capacitaci\u00f3n sobre Bienestar Animal enfocado en equinos.&hellip; <\/div><\/li>\n<li><div class=\"wp-block-latest-posts__featured-image\"><img loading=\"lazy\" decoding=\"async\" width=\"150\" height=\"150\" src=\"https:\/\/www.ucc.edu.ni\/boletininformativo\/php_assets\/uploads\/2024\/04\/Concurso-de-Ensayo-150x150.jpg\" class=\"attachment-thumbnail size-thumbnail wp-post-image\" alt=\"\" style=\"\" \/><\/div><a class=\"wp-block-latest-posts__post-title\" href=\"https:\/\/www.ucc.edu.ni\/boletininformativo\/docencia\/destacada-participacion-de-estudiante-ucc-en-concurso-de-ensayo\/\">Destacada participaci\u00f3n de Estudiante UCC en Concurso de Ensayo<\/a><div class=\"wp-block-latest-posts__post-excerpt\">Julissa Cruz Corea, estudiante de primer a\u00f1o, de la carrera de Arquitectura de Interiores, de la Universidad de Ciencias Comerciales UCC, result\u00f3 ganadora del segundo lugar en el Concurso de&hellip; <\/div><\/li>\n<li><div class=\"wp-block-latest-posts__featured-image\"><img loading=\"lazy\" decoding=\"async\" width=\"150\" height=\"150\" src=\"https:\/\/www.ucc.edu.ni\/boletininformativo\/php_assets\/uploads\/2024\/04\/UCC-ELah-150x150.jpeg\" class=\"attachment-thumbnail size-thumbnail wp-post-image\" alt=\"\" style=\"\" \/><\/div><a class=\"wp-block-latest-posts__post-title\" href=\"https:\/\/www.ucc.edu.ni\/boletininformativo\/destacadas\/ucc-y-elah-travel-firman-convenio\/\">UCC y Elah Travel firman Convenio<\/a><div class=\"wp-block-latest-posts__post-excerpt\">Establecer acciones conjuntas para el desarrollo de actividades en beneficio de la comunidad educativa, es el objetivo del Convenio Marco de Colaboraci\u00f3n, firmado entre la Universidad de Ciencias Comerciales UCC&hellip; <\/div><\/li>\n<li><div class=\"wp-block-latest-posts__featured-image\"><img loading=\"lazy\" decoding=\"async\" width=\"150\" height=\"150\" src=\"https:\/\/www.ucc.edu.ni\/boletininformativo\/php_assets\/uploads\/2024\/04\/UCC-TIGO-150x150.jpeg\" class=\"attachment-thumbnail size-thumbnail wp-post-image\" alt=\"\" style=\"\" \/><\/div><a class=\"wp-block-latest-posts__post-title\" href=\"https:\/\/www.ucc.edu.ni\/boletininformativo\/marzo-2024\/ucc-y-tigo-entregan-reconocimientos\/\">UCC y TIGO entregan reconocimientos<\/a><div class=\"wp-block-latest-posts__post-excerpt\">Emocionados, as\u00ed se mostraron los estudiantes de primer ingreso, de la Universidad de Ciencias Comerciales UCC, quienes recibieron de parte de las Autoridades Superiores y Representantes de TIGO, reconocimientos por&hellip; <\/div><\/li>\n<li><div class=\"wp-block-latest-posts__featured-image\"><img loading=\"lazy\" decoding=\"async\" width=\"150\" height=\"150\" src=\"https:\/\/www.ucc.edu.ni\/boletininformativo\/php_assets\/uploads\/2024\/04\/Encuentro-150x150.jpeg\" class=\"attachment-thumbnail size-thumbnail wp-post-image\" alt=\"\" style=\"\" \/><\/div><a class=\"wp-block-latest-posts__post-title\" href=\"https:\/\/www.ucc.edu.ni\/boletininformativo\/marzo-2024\/encuentro-de-estudiantes-ratifica-liderazgo-de-la-ucc\/\">Encuentro de Estudiantes ratifica liderazgo de la UCC<\/a><div class=\"wp-block-latest-posts__post-excerpt\">Con la participaci\u00f3n de 216 delegados de la sede central y campus de la Universidad de Ciencias Comerciales UCC, se desarroll\u00f3 el Encuentro de Estudiantes de Primer Ingreso \u201cAbraz\u00e1 la&hellip; <\/div><\/li>\n<\/ul>","protected":false},"excerpt":{"rendered":"","protected":false},"author":1,"featured_media":0,"parent":0,"menu_order":0,"comment_status":"closed","ping_status":"closed","template":"","meta":{"footnotes":""},"class_list":["post-1132","page","type-page","status-publish","hentry"],"_links":{"self":[{"href":"https:\/\/www.ucc.edu.ni\/boletininformativo\/wp-json\/wp\/v2\/pages\/1132","targetHints":{"allow":["GET"]}}],"collection":[{"href":"https:\/\/www.ucc.edu.ni\/boletininformativo\/wp-json\/wp\/v2\/pages"}],"about":[{"href":"https:\/\/www.ucc.edu.ni\/boletininformativo\/wp-json\/wp\/v2\/types\/page"}],"author":[{"embeddable":true,"href":"https:\/\/www.ucc.edu.ni\/boletininformativo\/wp-json\/wp\/v2\/users\/1"}],"replies":[{"embeddable":true,"href":"https:\/\/www.ucc.edu.ni\/boletininformativo\/wp-json\/wp\/v2\/comments?post=1132"}],"version-history":[{"count":2,"href":"https:\/\/www.ucc.edu.ni\/boletininformativo\/wp-json\/wp\/v2\/pages\/1132\/revisions"}],"predecessor-version":[{"id":1134,"href":"https:\/\/www.ucc.edu.ni\/boletininformativo\/wp-json\/wp\/v2\/pages\/1132\/revisions\/1134"}],"wp:attachment":[{"href":"https:\/\/www.ucc.edu.ni\/boletininformativo\/wp-json\/wp\/v2\/media?parent=1132"}],"curies":[{"name":"wp","href":"https:\/\/api.w.org\/{rel}","templated":true}]}}