{"id":1060,"date":"2024-04-03T16:46:35","date_gmt":"2024-04-03T22:46:35","guid":{"rendered":"https:\/\/www.ucc.edu.ni\/boletininformativo\/?page_id=1060"},"modified":"2024-04-03T16:46:35","modified_gmt":"2024-04-03T22:46:35","slug":"febrero-2024-2","status":"publish","type":"page","link":"https:\/\/www.ucc.edu.ni\/boletininformativo\/febrero-2024-2\/","title":{"rendered":"FEBRERO 2024"},"content":{"rendered":"<ul class=\"wp-block-latest-posts__list is-grid columns-3 wp-block-latest-posts\"><li><div class=\"wp-block-latest-posts__featured-image\"><img loading=\"lazy\" decoding=\"async\" width=\"150\" height=\"150\" src=\"https:\/\/www.ucc.edu.ni\/boletininformativo\/php_assets\/uploads\/2024\/02\/Feria-Labora-150x150.jpeg\" class=\"attachment-thumbnail size-thumbnail wp-post-image\" alt=\"\" style=\"\" \/><\/div><a class=\"wp-block-latest-posts__post-title\" href=\"https:\/\/www.ucc.edu.ni\/boletininformativo\/proyeccion-social\/ucc-y-tecoloco-desarrollan-feria-laboral\/\">UCC y Tecoloco desarrollan Feria Laboral<\/a><div class=\"wp-block-latest-posts__post-excerpt\">Como parte del fortalecimiento de alianza, se desarroll\u00f3 este mi\u00e9rcoles, la primera Feria del Empleo organizado por la Universidad de Ciencias Comerciales UCC, a trav\u00e9s de la Direcci\u00f3n de Proyecci\u00f3n&hellip; <\/div><\/li>\n<li><div class=\"wp-block-latest-posts__featured-image\"><img loading=\"lazy\" decoding=\"async\" width=\"150\" height=\"150\" src=\"https:\/\/www.ucc.edu.ni\/boletininformativo\/php_assets\/uploads\/2024\/02\/Emprendedores-inician-Curso-150x150.jpeg\" class=\"attachment-thumbnail size-thumbnail wp-post-image\" alt=\"\" style=\"\" \/><\/div><a class=\"wp-block-latest-posts__post-title\" href=\"https:\/\/www.ucc.edu.ni\/boletininformativo\/proyeccion-social\/emprendedores-inician-curso-en-ucc\/\">Emprendedores inician Curso en UCC<\/a><div class=\"wp-block-latest-posts__post-excerpt\">La Universidad de Ciencias Comerciales UCC, apertura el curso de Finanzas para Emprendedores, desarrollado por la carrera de Administraci\u00f3n de Empresas Tur\u00edsticas y Hoteleras. El curso cuenta con 30 participantes&hellip; <\/div><\/li>\n<li><div class=\"wp-block-latest-posts__featured-image\"><img loading=\"lazy\" decoding=\"async\" width=\"150\" height=\"150\" src=\"https:\/\/www.ucc.edu.ni\/boletininformativo\/php_assets\/uploads\/2024\/02\/Dia-del-Amor-y-la-Amistad-150x150.jpeg\" class=\"attachment-thumbnail size-thumbnail wp-post-image\" alt=\"\" style=\"\" \/><\/div><a class=\"wp-block-latest-posts__post-title\" href=\"https:\/\/www.ucc.edu.ni\/boletininformativo\/docencia\/ucc-celebra-dia-del-amor-y-la-amistad\/\">UCC celebra D\u00eda del Amor y la Amistad<\/a><div class=\"wp-block-latest-posts__post-excerpt\">En un ambiente de uni\u00f3n y camarader\u00eda, estudiantes del turno Diurno, de la Universidad de Ciencias Comerciales UCC, celebraron este 14 de febrero, el D\u00eda del Amor y la Amistad,&hellip; <\/div><\/li>\n<li><div class=\"wp-block-latest-posts__featured-image\"><img loading=\"lazy\" decoding=\"async\" width=\"150\" height=\"150\" src=\"https:\/\/www.ucc.edu.ni\/boletininformativo\/php_assets\/uploads\/2024\/02\/Capacitacion-Curricular-150x150.jpeg\" class=\"attachment-thumbnail size-thumbnail wp-post-image\" alt=\"\" style=\"\" \/><\/div><a class=\"wp-block-latest-posts__post-title\" href=\"https:\/\/www.ucc.edu.ni\/boletininformativo\/docencia\/capacitacion-curricular\/\">Capacitaci\u00f3n Curricular<\/a><div class=\"wp-block-latest-posts__post-excerpt\">Autoridades Superiores, Directoras Acad\u00e9micas y Coordinadores de carreras, de la Universidad de Ciencias Comerciales UCC, Sede Central Managua, Campus Le\u00f3n y Matagalpa, participaron en la Capacitaci\u00f3n Curricular, \u201cManual de Planificaci\u00f3n&hellip; <\/div><\/li>\n<li><div class=\"wp-block-latest-posts__featured-image\"><img loading=\"lazy\" decoding=\"async\" width=\"150\" height=\"150\" src=\"https:\/\/www.ucc.edu.ni\/boletininformativo\/php_assets\/uploads\/2024\/02\/UCC-y-UPF-150x150.jpeg\" class=\"attachment-thumbnail size-thumbnail wp-post-image\" alt=\"\" style=\"\" \/><\/div><a class=\"wp-block-latest-posts__post-title\" href=\"https:\/\/www.ucc.edu.ni\/boletininformativo\/gestion-institucional\/ucc-y-upf-planifican-conferencias\/\">UCC y UPF planifican Conferencias<\/a><div class=\"wp-block-latest-posts__post-excerpt\">Autoridades de la Universidad de Ciencias Comerciales UCC y de la Federaci\u00f3n para la Paz Universal UPF, sostuvieron una reuni\u00f3n de trabajo para la planificaci\u00f3n de conferencias del programa Educaci\u00f3n&hellip; <\/div><\/li>\n<li><div class=\"wp-block-latest-posts__featured-image\"><img loading=\"lazy\" decoding=\"async\" width=\"150\" height=\"150\" src=\"https:\/\/www.ucc.edu.ni\/boletininformativo\/php_assets\/uploads\/2024\/02\/Culminan-Curso-de-Ambientacion-Universitaria-150x150.jpeg\" class=\"attachment-thumbnail size-thumbnail wp-post-image\" alt=\"\" style=\"\" \/><\/div><a class=\"wp-block-latest-posts__post-title\" href=\"https:\/\/www.ucc.edu.ni\/boletininformativo\/docencia\/estudiantes-culminan-curso-de-ambientacion-universitaria\/\">Estudiantes culminan Curso de Ambientaci\u00f3n Universitaria<\/a><div class=\"wp-block-latest-posts__post-excerpt\">Culmin\u00f3 con mucho \u00e9xito en la Universidad de Ciencias Comerciales UCC, Sede Central Managua, el Curso de Ambientaci\u00f3n a la Vida Universitaria, (Segunda edici\u00f3n 2024). El curso cont\u00f3 con la&hellip; <\/div><\/li>\n<li><div class=\"wp-block-latest-posts__featured-image\"><img loading=\"lazy\" decoding=\"async\" width=\"150\" height=\"150\" src=\"https:\/\/www.ucc.edu.ni\/boletininformativo\/php_assets\/uploads\/2024\/02\/162-Aniversario-Matagalpa-150x150.jpeg\" class=\"attachment-thumbnail size-thumbnail wp-post-image\" alt=\"\" style=\"\" \/><\/div><a class=\"wp-block-latest-posts__post-title\" href=\"https:\/\/www.ucc.edu.ni\/boletininformativo\/docencia\/participacion-de-ucc-en-el-162-aniversario-de-matagalpa\/\">Participaci\u00f3n de UCC en el 162 Aniversario de Matagalpa<\/a><div class=\"wp-block-latest-posts__post-excerpt\">Estudiantes de primer a\u00f1o, de la carrera de Derecho con \u00c9nfasis en Gerencia Empresarial, del turno Sabatino, de la Universidad de Ciencias Comerciales UCC Campus Matagalpa, participaron en el Encuentro&hellip; <\/div><\/li>\n<li><div class=\"wp-block-latest-posts__featured-image\"><img loading=\"lazy\" decoding=\"async\" width=\"150\" height=\"150\" src=\"https:\/\/www.ucc.edu.ni\/boletininformativo\/php_assets\/uploads\/2024\/02\/Docentes-listos-1er-Cuatrimestre-Diurno-150x150.jpeg\" class=\"attachment-thumbnail size-thumbnail wp-post-image\" alt=\"\" style=\"\" \/><\/div><a class=\"wp-block-latest-posts__post-title\" href=\"https:\/\/www.ucc.edu.ni\/boletininformativo\/docencia\/docentes-listos-para-el-primer-cuatrimestre-diurno\/\">Docentes listos para el Primer Cuatrimestre Diurno<\/a><div class=\"wp-block-latest-posts__post-excerpt\">Con la participaci\u00f3n de Autoridades Superiores y Acad\u00e9micas, se realiz\u00f3 la Capacitaci\u00f3n Docente del Primer Cuatrimestre Diurno, de la Universidad de Ciencias Comerciales UCC. \u201cLos felicito por estar aqu\u00ed y&hellip; <\/div><\/li>\n<li><div class=\"wp-block-latest-posts__featured-image\"><img loading=\"lazy\" decoding=\"async\" width=\"150\" height=\"150\" src=\"https:\/\/www.ucc.edu.ni\/boletininformativo\/php_assets\/uploads\/2024\/02\/Induccion-Nuevo-Ingreso-Diurno-150x150.jpeg\" class=\"attachment-thumbnail size-thumbnail wp-post-image\" alt=\"\" style=\"\" \/><\/div><a class=\"wp-block-latest-posts__post-title\" href=\"https:\/\/www.ucc.edu.ni\/boletininformativo\/docencia\/curso-de-induccion-para-estudiantes-de-nuevo-ingreso-diurno\/\">Curso de Inducci\u00f3n para Estudiantes de nuevo ingreso Diurno<\/a><div class=\"wp-block-latest-posts__post-excerpt\">Estudiantes de primer ingreso, del turno Diurno, de la Universidad de Ciencias Comerciales UCC, participaron en el Curso de Inducci\u00f3n 2024, con el objetivo de recibir importante informaci\u00f3n acad\u00e9mica y&hellip; <\/div><\/li>\n<li><div class=\"wp-block-latest-posts__featured-image\"><img loading=\"lazy\" decoding=\"async\" width=\"150\" height=\"150\" src=\"https:\/\/www.ucc.edu.ni\/boletininformativo\/php_assets\/uploads\/2024\/02\/Induccion-Equipo-Academico-150x150.jpeg\" class=\"attachment-thumbnail size-thumbnail wp-post-image\" alt=\"\" style=\"\" \/><\/div><a class=\"wp-block-latest-posts__post-title\" href=\"https:\/\/www.ucc.edu.ni\/boletininformativo\/docencia\/equipo-academico-recibe-induccion\/\">Equipo Acad\u00e9mico recibe Inducci\u00f3n<\/a><div class=\"wp-block-latest-posts__post-excerpt\">El equipo acad\u00e9mico, de la Universidad de Ciencias Comerciales UCC, particip\u00f3 en el proceso de inducci\u00f3n y orientaciones acad\u00e9micas sobre ejecuci\u00f3n e integraci\u00f3n de asignaturas de pr\u00e1cticas de formaci\u00f3n profesional&hellip; <\/div><\/li>\n<li><div class=\"wp-block-latest-posts__featured-image\"><img loading=\"lazy\" decoding=\"async\" width=\"150\" height=\"150\" src=\"https:\/\/www.ucc.edu.ni\/boletininformativo\/php_assets\/uploads\/2024\/02\/Ruta-Metodologica-CNEA-150x150.jpg\" class=\"attachment-thumbnail size-thumbnail wp-post-image\" alt=\"\" style=\"\" \/><\/div><a class=\"wp-block-latest-posts__post-title\" href=\"https:\/\/www.ucc.edu.ni\/boletininformativo\/docencia\/ucc-participa-en-presentacion-de-ruta-metodologica-del-cnea\/\">UCC participa en Presentaci\u00f3n de Ruta Metodol\u00f3gica del CNEA<\/a><div class=\"wp-block-latest-posts__post-excerpt\">Con base a los establecido en la Ley 704, con sus reformas y adiciones contempladas en la Ley n\u00famero 1087, la Universidad de Ciencias Comerciales UCC, particip\u00f3 en la Presentaci\u00f3n&hellip; <\/div><\/li>\n<li><div class=\"wp-block-latest-posts__featured-image\"><img loading=\"lazy\" decoding=\"async\" width=\"150\" height=\"150\" src=\"https:\/\/www.ucc.edu.ni\/boletininformativo\/php_assets\/uploads\/2024\/02\/Capacitacion-Comision-Mixta-150x150.jpeg\" class=\"attachment-thumbnail size-thumbnail wp-post-image\" alt=\"\" style=\"\" \/><\/div><a class=\"wp-block-latest-posts__post-title\" href=\"https:\/\/www.ucc.edu.ni\/boletininformativo\/gestion-institucional\/capacitan-a-miembros-de-comision-mixta\/\">Capacitan a Miembros de Comisi\u00f3n Mixta<\/a><div class=\"wp-block-latest-posts__post-excerpt\">Miembros de la Comisi\u00f3n Mixta, as\u00ed como personal de conserjer\u00eda, de la Universidad de Ciencias Comerciales UCC, Sede Central Managua, participaron en la capacitaci\u00f3n, \u201cConocimientos b\u00e1sicos de Higiene y Seguridad,&hellip; <\/div><\/li>\n<li><div class=\"wp-block-latest-posts__featured-image\"><img loading=\"lazy\" decoding=\"async\" width=\"150\" height=\"150\" src=\"https:\/\/www.ucc.edu.ni\/boletininformativo\/php_assets\/uploads\/2024\/02\/Taller-de-Fotografia-150x150.jpg\" class=\"attachment-thumbnail size-thumbnail wp-post-image\" alt=\"\" style=\"\" \/><\/div><a class=\"wp-block-latest-posts__post-title\" href=\"https:\/\/www.ucc.edu.ni\/boletininformativo\/docencia\/taller-de-fotografia-con-estudiantes-de-diseno-grafico\/\">Taller de Fotograf\u00eda con Estudiantes de Dise\u00f1o Gr\u00e1fico<\/a><div class=\"wp-block-latest-posts__post-excerpt\">La Coordinaci\u00f3n de Arquitectura, Dise\u00f1o Gr\u00e1fico Publicitario e Ingenier\u00eda en Sistemas, de la Universidad de Ciencias Comerciales UCC, Campus Le\u00f3n, desarroll\u00f3 Talleres de Fotograf\u00eda para estudiantes del turno diurno y&hellip; <\/div><\/li>\n<li><div class=\"wp-block-latest-posts__featured-image\"><img loading=\"lazy\" decoding=\"async\" width=\"150\" height=\"150\" src=\"https:\/\/www.ucc.edu.ni\/boletininformativo\/php_assets\/uploads\/2024\/02\/Taller-Redes-Sociales-150x150.jpg\" class=\"attachment-thumbnail size-thumbnail wp-post-image\" alt=\"\" style=\"\" \/><\/div><a class=\"wp-block-latest-posts__post-title\" href=\"https:\/\/www.ucc.edu.ni\/boletininformativo\/docencia\/taller-sobre-gestion-de-las-redes-sociales\/\">Taller sobre Gesti\u00f3n de las Redes Sociales<\/a><div class=\"wp-block-latest-posts__post-excerpt\">Con el fin de realizar una mejor gesti\u00f3n y optimizaci\u00f3n de las redes sociales y producci\u00f3n audiovisual, el equipo de Comunicaci\u00f3n Institucional y Mercadeo de la Universidad de Ciencias Comerciales&hellip; <\/div><\/li>\n<li><div class=\"wp-block-latest-posts__featured-image\"><img loading=\"lazy\" decoding=\"async\" width=\"150\" height=\"150\" src=\"https:\/\/www.ucc.edu.ni\/boletininformativo\/php_assets\/uploads\/2024\/02\/Taller-del-CNU-150x150.jpeg\" class=\"attachment-thumbnail size-thumbnail wp-post-image\" alt=\"\" style=\"\" \/><\/div><a class=\"wp-block-latest-posts__post-title\" href=\"https:\/\/www.ucc.edu.ni\/boletininformativo\/investigacion\/destacan-logros-de-ucc-en-taller-del-cnu\/\">Destacan logros de UCC en Taller del CNU<\/a><div class=\"wp-block-latest-posts__post-excerpt\">La Direcci\u00f3n de Investigaci\u00f3n, de la Universidad de Ciencias Comerciales UCC, particip\u00f3 en el Taller de Sistematizaci\u00f3n de Experiencias, ofrecido por el CNU, como parte del proyecto de capacitaci\u00f3n continua.&hellip; <\/div><\/li>\n<li><div class=\"wp-block-latest-posts__featured-image\"><img loading=\"lazy\" decoding=\"async\" width=\"150\" height=\"150\" src=\"https:\/\/www.ucc.edu.ni\/boletininformativo\/php_assets\/uploads\/2024\/02\/Jornada-Veterinaria-150x150.jpeg\" class=\"attachment-thumbnail size-thumbnail wp-post-image\" alt=\"\" style=\"\" \/><\/div><a class=\"wp-block-latest-posts__post-title\" href=\"https:\/\/www.ucc.edu.ni\/boletininformativo\/docencia\/estudiantes-demuestran-habilidades-en-jornada-veterinaria-3\/\">Estudiantes demuestran habilidades en Jornada Veterinaria<\/a><div class=\"wp-block-latest-posts__post-excerpt\">Como parte del compromiso social y vinculaci\u00f3n de la Universidad de Ciencias Comerciales UCC, con los diversos sectores y la sociedad nicarag\u00fcense, la Coordinaci\u00f3n de Medicina Veterinaria particip\u00f3 recientemente en&hellip; <\/div><\/li>\n<li><div class=\"wp-block-latest-posts__featured-image\"><img loading=\"lazy\" decoding=\"async\" width=\"150\" height=\"150\" src=\"https:\/\/www.ucc.edu.ni\/boletininformativo\/php_assets\/uploads\/2024\/02\/WhatsApp-Image-2024-02-24-at-2.24.45-PM-10-150x150.jpeg\" class=\"attachment-thumbnail size-thumbnail wp-post-image\" alt=\"\" style=\"\" \/><\/div><a class=\"wp-block-latest-posts__post-title\" href=\"https:\/\/www.ucc.edu.ni\/boletininformativo\/destacadas\/presentan-a-estudiantes-jornada-60-aniversario\/\">Presentan a Estudiantes Jornada 60 Aniversario<\/a><div class=\"wp-block-latest-posts__post-excerpt\">Estudiantes del turno Diurno, Sabatino y Dominical, participaron en una sesi\u00f3n informativa, para conocer las actividades de la jornada 60 Aniversario, de la Universidad de Ciencias Comerciales UCC. En la&hellip; <\/div><\/li>\n<li><div class=\"wp-block-latest-posts__featured-image\"><img loading=\"lazy\" decoding=\"async\" width=\"150\" height=\"150\" src=\"https:\/\/www.ucc.edu.ni\/boletininformativo\/php_assets\/uploads\/2024\/02\/Estudio-Fotografico-Campus-Leon-150x150.jpeg\" class=\"attachment-thumbnail size-thumbnail wp-post-image\" alt=\"\" style=\"\" \/><\/div><a class=\"wp-block-latest-posts__post-title\" href=\"https:\/\/www.ucc.edu.ni\/boletininformativo\/destacadas\/inauguran-estudio-fotografico-en-campus-leon\/\">Inauguran Estudio Fotogr\u00e1fico en Campus Le\u00f3n<\/a><div class=\"wp-block-latest-posts__post-excerpt\">Como parte del desarrollo de nuevas unidades acad\u00e9micas, la Coordinaci\u00f3n de Arquitectura, Dise\u00f1o Gr\u00e1fico Publicitario e Ingenier\u00eda en Sistemas, de la Universidad de Ciencias Comerciales UCC Campus Le\u00f3n, inaugur\u00f3 el&hellip; <\/div><\/li>\n<li><div class=\"wp-block-latest-posts__featured-image\"><img loading=\"lazy\" decoding=\"async\" width=\"150\" height=\"150\" src=\"https:\/\/www.ucc.edu.ni\/boletininformativo\/php_assets\/uploads\/2024\/02\/Entrega-Informe-Plan-de-Mejora-CNEA-150x150.jpeg\" class=\"attachment-thumbnail size-thumbnail wp-post-image\" alt=\"\" style=\"\" \/><\/div><a class=\"wp-block-latest-posts__post-title\" href=\"https:\/\/www.ucc.edu.ni\/boletininformativo\/febrero-2024\/ucc-entrega-informe-de-plan-de-mejora-a-cnea\/\">UCC entrega informe de Plan de Mejora a CNEA<\/a><div class=\"wp-block-latest-posts__post-excerpt\">La Universidad de Ciencias Comerciales UCC, present\u00f3 el Informe de Conclusi\u00f3n del Plan de Mejora Institucional, noviembre 2022- octubre 2023, al Consejo Nacional de Evaluaci\u00f3n y Acreditaci\u00f3n CNEA, seg\u00fan lo&hellip; <\/div><\/li>\n<li><div class=\"wp-block-latest-posts__featured-image\"><img loading=\"lazy\" decoding=\"async\" width=\"150\" height=\"150\" src=\"https:\/\/www.ucc.edu.ni\/boletininformativo\/php_assets\/uploads\/2024\/02\/Maestria-UCC-EPN-150x150.jpg\" class=\"attachment-thumbnail size-thumbnail wp-post-image\" alt=\"\" style=\"\" \/><\/div><a class=\"wp-block-latest-posts__post-title\" href=\"https:\/\/www.ucc.edu.ni\/boletininformativo\/febrero-2024\/colaboradores-de-epn-inician-maestria-en-ucc\/\">Colaboradores de EPN inician Maestr\u00eda en UCC<\/a><div class=\"wp-block-latest-posts__post-excerpt\">Con la asistencia de Autoridades Superiores y Acad\u00e9micas de la Universidad de Ciencias Comerciales UCC y Autoridades de la Empresa Portuaria Nacional EPN, dio inicio este s\u00e1bado, la Maestr\u00eda Ejecutiva&hellip; <\/div><\/li>\n<\/ul>","protected":false},"excerpt":{"rendered":"","protected":false},"author":1,"featured_media":0,"parent":0,"menu_order":0,"comment_status":"closed","ping_status":"closed","template":"","meta":{"footnotes":""},"class_list":["post-1060","page","type-page","status-publish","hentry"],"_links":{"self":[{"href":"https:\/\/www.ucc.edu.ni\/boletininformativo\/wp-json\/wp\/v2\/pages\/1060","targetHints":{"allow":["GET"]}}],"collection":[{"href":"https:\/\/www.ucc.edu.ni\/boletininformativo\/wp-json\/wp\/v2\/pages"}],"about":[{"href":"https:\/\/www.ucc.edu.ni\/boletininformativo\/wp-json\/wp\/v2\/types\/page"}],"author":[{"embeddable":true,"href":"https:\/\/www.ucc.edu.ni\/boletininformativo\/wp-json\/wp\/v2\/users\/1"}],"replies":[{"embeddable":true,"href":"https:\/\/www.ucc.edu.ni\/boletininformativo\/wp-json\/wp\/v2\/comments?post=1060"}],"version-history":[{"count":1,"href":"https:\/\/www.ucc.edu.ni\/boletininformativo\/wp-json\/wp\/v2\/pages\/1060\/revisions"}],"predecessor-version":[{"id":1061,"href":"https:\/\/www.ucc.edu.ni\/boletininformativo\/wp-json\/wp\/v2\/pages\/1060\/revisions\/1061"}],"wp:attachment":[{"href":"https:\/\/www.ucc.edu.ni\/boletininformativo\/wp-json\/wp\/v2\/media?parent=1060"}],"curies":[{"name":"wp","href":"https:\/\/api.w.org\/{rel}","templated":true}]}}